{"id":644,"date":"2024-03-15T09:06:25","date_gmt":"2024-03-15T08:06:25","guid":{"rendered":"https:\/\/herbalkincsei.hu\/index.php\/termek\/usa-medical-cbd-olaj-500-mg-30-ml\/"},"modified":"2025-12-07T18:08:38","modified_gmt":"2025-12-07T17:08:38","slug":"usa-medical-cbd-olaj-500-mg-30-ml","status":"publish","type":"product","link":"https:\/\/herbalkincsei.hu\/index.php\/termek\/usa-medical-cbd-olaj-500-mg-30-ml\/","title":{"rendered":"USA medical CBD Olaj 500 mg | 30 ml"},"content":{"rendered":"<p><span style=\"color: #00aae7;\"><strong>Sz\u00e9les spektrum\u00fa CBD olaj 500 mg hat\u00f3anyag tartalommal. THC mentes.<\/strong><\/span><\/p>\n<p><strong>USA medical 500mg CBD olaj Oral Drops<\/strong> k\u00e9sz\u00edtm\u00e9ny\u00fcnket kiz\u00e1r\u00f3lag term\u00e9szetes n\u00f6v\u00e9nyi \u00f6sszetev\u0151k alkotj\u00e1k, 30 ml kiszerel\u00e9s\u0171, mely \u00f6sszesen 500 mg CBD hat\u00f3anyagot tartalmaz. \u00c1llatk\u00eds\u00e9rlet \u00e9s GMO mentes, VEG\u00c1N term\u00e9k, mely tart\u00f3s\u00edt\u00f3szer, sz\u00ednez\u00e9k \u00e9s parab\u00e9n n\u00e9lk\u00fcl k\u00e9sz\u00fcl, THC mentesen.<\/p>\n<p>CPNP rendszerben regisztr\u00e1lt sz\u00e9les spektrum\u00fa CBD olaj, mely laborvizsg\u00e1lati jegyz\u0151k\u00f6nyvvel rendelkezik. Az elemz\u00e9s 81 &#8211; 99,5% -os bakt\u00e9rium \u00e9s gomba\u00f6l\u0151 hat\u00e1st \u00e1llap\u00edtott meg az USA medical CBD olajok eset\u00e9ben laborat\u00f3riumi k\u00f6r\u00fclm\u00e9nyek k\u00f6z\u00f6tt.<\/p>\n<p>K\u00e9sz\u00edtm\u00e9ny\u00fcnkben a CBD kivonat Omega 3 \u00e9s 6 zs\u00edrsavakban gazdag kendermagolaj, E-vitaminban gazdag sz\u0151l\u0151magolaj, valamint a kellemes \u00edz\u00e9rt felel\u0151s, organikus esszenci\u00e1lis narancsolaj harmonikus kever\u00e9k\u00e9ben ker\u00fcl felold\u00e1sra. A kendermagolaj \u00e9s a sz\u0151l\u0151magolaj \u00e9rt\u00e9kes polifenolokat tartalmaz.<\/p>\n<p>A kender alap\u00fa CBD kivonatot amerikai v\u00e1llalat FDA \u00e1ltal regisztr\u00e1lt \u00fczem\u00e9ben, \u201eHelyes Gy\u00e1rt\u00e1si Gyakorlatnak\u201d (GMP) megfelel\u0151en \u00e1ll\u00edtj\u00e1k el\u0151 k\u00edm\u00e9letes CO2 kivon\u00e1si m\u00f3dszerrel, szigor\u00fa min\u0151s\u00e9gellen\u0151rz\u00e9s mellett. Minden CBD olaj k\u00e9sz\u00edtm\u00e9ny\u00fcnk rendelkezik mikrobiol\u00f3giai elemz\u00e9ssel, ezen fel\u00fcl pedig laborvizsg\u00e1lati eredm\u00e9nyek igazolj\u00e1k a CBD hat\u00f3anyagtartalmat, a THC mentess\u00e9get, valamint azt, hogy szennyez\u0151d\u00e9sekt\u0151l, vegyszerekt\u0151l \u00e9s neh\u00e9zf\u00e9mekt\u0151l mentes term\u00e9k ker\u00fcl a v\u00e1s\u00e1rl\u00f3inkhoz.<\/p>\n<p><strong><span style=\"color: #00aae7;\">Mit tartalmaz a CBD olaj?<\/span><br \/>\n<\/strong><strong>INGREDIENTS:\u00a0<\/strong>CANNABIS SATIVA (HEMP) SEED OIL, VITIS VINIFERA (GRAPE) SEED OIL, CITRUS SINENSIS PEEL (ORANGE) OIL EXPRESSED, CANNABIDIOL (CBD), LIMONENE*, LINALOOL* \/ *from natural organic essential oil<\/p>\n<p><strong>\u00d6sszetev\u0151k:\u00a0<\/strong>kendermagolaj, sz\u0151l\u0151magolaj, narancsolaj, cannabidiol (CBD), limonene* \u00e9s linalool* \/ *term\u00e9szetes, organikus esszenci\u00e1lis olajb\u00f3l sz\u00e1rmaz\u00f3 terp\u00e9nek.<\/p>\n<p><strong>Gyerekz\u00e1ras pipetta &#8211; A nyit\u00e1shoz nyomd le a kupakot, mik\u00f6zben eltekered!<\/strong><\/p>\n<p><strong><br \/>\n<\/strong><span style=\"color: #00aae7;\"><strong>H\u00e1ny mg CBD van az USA medical 500 mg CBD olajban?<\/strong><\/span><strong><br \/>\nMinden USA medical CBD olaj k\u00e9sz\u00edtm\u00e9ny\u00fcnk 30 ml-es kiszerel\u00e9sben kaphat\u00f3, <\/strong>1 ml \u0171rtartalm\u00fa m\u00e9rc\u00e9zett \u00fcvegsz\u00e1ras pipett\u00e1val ell\u00e1tva.<\/p>\n<p>Az \u00fcvegsz\u00e1ron jel\u00f6lt 1\/4 ml-es beoszt\u00e1soknak k\u00f6sz\u00f6nhet\u0151en az adagol\u00e1s pontos \u00e9s k\u00e9nyelmes.\u00a0 A pipett\u00e1val, 1 ml jel\u00f6l\u00e9sig felsz\u00edvott olaj k\u00f6r\u00fclbel\u00fcl 30-35 cseppnek felel meg.<\/p>\n<p><strong>USA medical 500 mg CBD olaj 30 ml \u2013 \u201ek\u00f6zepes d\u00f3zis\u201d<\/strong><\/p>\n<p>1\/4 ml (0.25 ml) ~ 4,2 mg CBD<br \/>\n1\/2 ml (0.50 ml) ~ 8,4 mg CBD<br \/>\n3\/4 ml (0.75 ml) ~ 12,6 mg CBD<br \/>\n<strong>1 ml ~ 16,8 mg CBD<\/strong><\/p>\n<p><span style=\"color: #00aae7;\"><strong>Mit\u0151l egyedi \u00e9s k\u00fcl\u00f6nleges az USA medical CBD olaj?<\/strong><\/span><\/p>\n<ul>\n<li><em>Term\u00e9szetes \u00f6sszetev\u0151k alkotj\u00e1k.<\/em><\/li>\n<li><em>THC mentes, ez\u00e9rt nincs pszichoakt\u00edv hat\u00e1sa.<\/em><\/li>\n<li><em>Veg\u00e1n, GMO \u00e9s \u00e1llatk\u00eds\u00e9rlet mentes term\u00e9k.<\/em><\/li>\n<li><em>Kellemes \u00edzvil\u00e1g jellemzi, nincsen er\u0151s kender \u00edze.<\/em><\/li>\n<li><em>\u00c9lelmiszer tisztas\u00e1g\u00fa, \u00e9rt\u00e9kes n\u00f6v\u00e9nyi olajokban ker\u00fcl felold\u00e1sra\u00a0<\/em><em>a CBD kivonat, mint p\u00e9ld\u00e1ul a kendermagolaj, sz\u0151l\u0151magolaj, narancsolaj.<\/em><\/li>\n<li><em>Nem tartalmaz hozz\u00e1adott cukrot, glut\u00e9nt, tart\u00f3s\u00edt\u00f3szert, parab\u00e9nt, sz\u00ednez\u00e9ket, vagy b\u00e1rmilyen m\u00e1s adal\u00e9kanyagot.<\/em><\/li>\n<li><em>Az adagol\u00e1st 1 ml-es m\u00e9rc\u00e9s pipetta seg\u00edti, biztons\u00e1gi z\u00e1rral ell\u00e1tva.<\/em><\/li>\n<li><em>Hat\u00f3anyagtartalma \u00e9s tisztas\u00e1ga laborvizsg\u00e1lati eredm\u00e9nyekkel igazolt.<\/em><\/li>\n<li><em>A CBD kivonatok amerikai \u00f3ri\u00e1s v\u00e1llalat FDA \u00e1ltal regisztr\u00e1lt l\u00e9tes\u00edtm\u00e9ny\u00e9ben k\u00e9sz\u00fclnek, GMP ir\u00e1nyelveket k\u00f6vetve, szigor\u00fa min\u0151s\u00e9gellen\u0151rz\u00e9s mellett.<\/em><\/li>\n<li><em>Szennyez\u0151d\u00e9sekt\u0151l, vegyszerekt\u0151l \u00e9s neh\u00e9zf\u00e9mekt\u0151l mentes.<\/em><\/li>\n<li><em>A CBD kivonatokat k\u00edm\u00e9letes CO2 extrakci\u00f3val \u00e9s t\u00f6bbszint\u0171 tiszt\u00edt\u00e1si elj\u00e1r\u00e1ssal nyerik ki <i>szabad f\u00f6ld\u00f6n\u00a0<\/i>termesztett kenderb\u0151l.<\/em><\/li>\n<li><em>A kivonatokat t\u00f6bbf\u00e9le vizsg\u00e1latnak is al\u00e1vetik, p\u00e9ld\u00e1ul mikrobiol\u00f3giai elemz\u00e9seket v\u00e9geznek, ellen\u0151rzik a cannabinoid \u00e9s terp\u00e9n profilt, a pontos hat\u00f3anyagtartalmat \u00e9s THC mentess\u00e9get, de vizsg\u00e1lj\u00e1k a vegyszer, old\u00f3szer \u00e9s neh\u00e9zf\u00e9m tartalm\u00e1t is.<\/em><\/li>\n<li><em>A CBD olaj k\u00e9sz\u00edtm\u00e9nyeket c\u00e9g\u00fcnk Magyarorsz\u00e1gon is bevizsg\u00e1ltatta\u00a0<\/em><em>(T\u00dcV labor), hogy garant\u00e1ltan tiszta, val\u00f3ban csak kiv\u00e1l\u00f3 min\u0151s\u00e9g\u0171\u00a0<\/em><em>CBD term\u00e9kek ker\u00fclhessenek v\u00e1s\u00e1rl\u00f3inkhoz.<\/em><\/li>\n<\/ul>\n","protected":false},"excerpt":{"rendered":"<div id=\"product_desc\" class=\"elementor-element elementor-element-dca84d2 elementor-widget elementor-widget-woocommerce-product-short-description\" data-id=\"dca84d2\" data-element_type=\"widget\" data-widget_type=\"woocommerce-product-short-description.default\">\n<div class=\"elementor-widget-container\">\n<div class=\"woocommerce-product-details__short-description\">\n<p>K\u00f6zepes d\u00f3zis\u00fa, THC mentes, sz\u00e9les spektrum\u00fa CBD olaj 500 mg CBD tartalommal, organikus narancsolajjal \u00edzes\u00edtve, kendermag \u00e9s sz\u0151l\u0151mag olajban feloldva. Hat\u00f3anyagtartalma megegyezik egy\u00a0<strong>10ml-es 5%-os<\/strong>\u00a0CBD olaj\u00e9val.<\/p>\n<p><strong>CPNP rendszerben regisztr\u00e1lt k\u00e9sz\u00edtm\u00e9ny.<\/strong><\/p>\n<p><strong>Kiszerel\u00e9s:<\/strong>\u00a030 ml (1 ml kb. 30 csepp)<br \/>\n<strong>Hat\u00f3anyag:<\/strong>\u00a0500 mg CBD<br \/>\n<strong>1 csepp kb:\u00a0<\/strong>\u00a00,5 mg CBD<br \/>\n<strong>Pipetta:<\/strong>\u00a01 ml (gyerekz\u00e1rral)<br \/>\n<strong>\u00cdz:<\/strong> enyh\u00e9n narancsos \u00e9s kender \u00edz\u0171<\/p>\n<\/div>\n<\/div>\n<\/div>\n<div class=\"elementor-element elementor-element-9362874 elementor-icon-list--layout-traditional elementor-list-item-link-full_width elementor-widget elementor-widget-icon-list\" data-id=\"9362874\" data-element_type=\"widget\" data-widget_type=\"icon-list.default\">\n<div class=\"elementor-widget-container\">\n<ul class=\"elementor-icon-list-items\">\n<li class=\"elementor-icon-list-item\"><span class=\"elementor-icon-list-text\">Magyar-amerikai fejleszt\u00e9s<\/span><\/li>\n<li class=\"elementor-icon-list-item\"><span class=\"elementor-icon-list-text\">GMP \u00e9s HACCP szabv\u00e1ny szerint gy\u00e1rtva<\/span><\/li>\n<li class=\"elementor-icon-list-item\"><span class=\"elementor-icon-list-text\">Val\u00f3s magyarorsz\u00e1gi rakt\u00e1rk\u00e9szletr\u0151l<\/span><\/li>\n<\/ul>\n<p><img decoding=\"async\" class=\"alignnone size-full wp-image-826\" src=\"https:\/\/herbalkincsei.hu\/wp-content\/uploads\/2024\/03\/hand-holding-heart-solid.svg\" alt=\"\" \/>\u00a0 Term\u00e9keink gondosan v\u00e1logatott alapanyagokb\u00f3l k\u00e9sz\u00fclnek.<\/p>\n<p><img decoding=\"async\" class=\"alignnone size-full wp-image-825\" src=\"https:\/\/herbalkincsei.hu\/wp-content\/uploads\/2024\/03\/star-solid.svg\" alt=\"\" \/>\u00a0 \u00a0A term\u00e9kekre hazai garanci\u00e1t \u00e9s term\u00e9k szolg\u00e1ltat\u00e1st biztos\u00edtunk.<\/p>\n<p><img decoding=\"async\" class=\"alignnone size-full wp-image-823\" src=\"https:\/\/herbalkincsei.hu\/wp-content\/uploads\/2024\/03\/user-lock-solid.svg\" alt=\"\" \/>\u00a0Biztons\u00e1gos v\u00e9dett fizet\u00e9s.<\/p>\n<p><img decoding=\"async\" class=\"alignnone size-full wp-image-824\" src=\"https:\/\/herbalkincsei.hu\/wp-content\/uploads\/2024\/03\/truck-fast-solid.svg\" alt=\"\" \/>\u00a0Gyors kiszolg\u00e1l\u00e1s<\/p>\n<\/div>\n<\/div>\n","protected":false},"featured_media":685,"comment_status":"closed","ping_status":"closed","template":"","meta":[],"product_brand":[223],"product_cat":[174,19,171],"product_tag":[],"class_list":{"0":"post-644","1":"product","2":"type-product","3":"status-publish","4":"has-post-thumbnail","6":"product_brand-usamedical","7":"product_cat-cbd-termekek","8":"product_cat-minden-termek","9":"product_cat-usamedical","10":"product_shipping_class-hu","12":"first","13":"instock","14":"purchasable","15":"product-type-simple","16":"add-to-wishlist-before_image","17":"customify-col","18":"product-has-gallery"},"yoast_head":"<!-- This site is optimized with the Yoast SEO plugin v27.5 - https:\/\/yoast.com\/product\/yoast-seo-wordpress\/ -->\n<title>USA medical CBD Olaj 500 mg | 30 ml - Herb\u00e1lkincsei<\/title>\n<meta name=\"description\" content=\"F\u00e1jdalom csillap\u00edt\u00e1s\" \/>\n<meta name=\"robots\" content=\"index, follow, max-snippet:-1, max-image-preview:large, max-video-preview:-1\" \/>\n<link rel=\"canonical\" href=\"https:\/\/herbalkincsei.hu\/index.php\/termek\/usa-medical-cbd-olaj-500-mg-30-ml\/\" \/>\n<meta property=\"og:locale\" content=\"hu_HU\" \/>\n<meta property=\"og:type\" content=\"article\" \/>\n<meta property=\"og:title\" content=\"USA medical CBD Olaj 500 mg | 30 ml - Herb\u00e1lkincsei\" \/>\n<meta property=\"og:description\" content=\"F\u00e1jdalom csillap\u00edt\u00e1s\" \/>\n<meta property=\"og:url\" content=\"https:\/\/herbalkincsei.hu\/index.php\/termek\/usa-medical-cbd-olaj-500-mg-30-ml\/\" \/>\n<meta property=\"og:site_name\" content=\"Herb\u00e1lkincsei\" \/>\n<meta property=\"article:modified_time\" content=\"2025-12-07T17:08:38+00:00\" \/>\n<meta property=\"og:image\" content=\"https:\/\/herbalkincsei.hu\/wp-content\/uploads\/2024\/03\/usa-medical-oral-drops-500mg-cbd-olej-30-ml-11.jpeg?wsr\" \/>\n\t<meta property=\"og:image:width\" content=\"800\" \/>\n\t<meta property=\"og:image:height\" content=\"960\" \/>\n\t<meta property=\"og:image:type\" content=\"image\/jpeg\" \/>\n<meta name=\"twitter:card\" content=\"summary_large_image\" \/>\n<meta name=\"twitter:label1\" content=\"Becs\u00fclt olvas\u00e1si id\u0151\" \/>\n\t<meta name=\"twitter:data1\" content=\"3 perc\" \/>\n<script type=\"application\/ld+json\" class=\"yoast-schema-graph\">{\"@context\":\"https:\\\/\\\/schema.org\",\"@graph\":[{\"@type\":\"WebPage\",\"@id\":\"https:\\\/\\\/herbalkincsei.hu\\\/index.php\\\/termek\\\/usa-medical-cbd-olaj-500-mg-30-ml\\\/\",\"url\":\"https:\\\/\\\/herbalkincsei.hu\\\/index.php\\\/termek\\\/usa-medical-cbd-olaj-500-mg-30-ml\\\/\",\"name\":\"USA medical CBD Olaj 500 mg | 30 ml - Herb\u00e1lkincsei\",\"isPartOf\":{\"@id\":\"https:\\\/\\\/herbalkincsei.hu\\\/#website\"},\"primaryImageOfPage\":{\"@id\":\"https:\\\/\\\/herbalkincsei.hu\\\/index.php\\\/termek\\\/usa-medical-cbd-olaj-500-mg-30-ml\\\/#primaryimage\"},\"image\":{\"@id\":\"https:\\\/\\\/herbalkincsei.hu\\\/index.php\\\/termek\\\/usa-medical-cbd-olaj-500-mg-30-ml\\\/#primaryimage\"},\"thumbnailUrl\":\"https:\\\/\\\/herbalkincsei.hu\\\/wp-content\\\/uploads\\\/2024\\\/03\\\/usa-medical-oral-drops-500mg-cbd-olej-30-ml-11.jpeg?wsr\",\"datePublished\":\"2024-03-15T08:06:25+00:00\",\"dateModified\":\"2025-12-07T17:08:38+00:00\",\"description\":\"F\u00e1jdalom csillap\u00edt\u00e1s\",\"breadcrumb\":{\"@id\":\"https:\\\/\\\/herbalkincsei.hu\\\/index.php\\\/termek\\\/usa-medical-cbd-olaj-500-mg-30-ml\\\/#breadcrumb\"},\"inLanguage\":\"hu\",\"potentialAction\":[{\"@type\":\"ReadAction\",\"target\":[\"https:\\\/\\\/herbalkincsei.hu\\\/index.php\\\/termek\\\/usa-medical-cbd-olaj-500-mg-30-ml\\\/\"]}]},{\"@type\":\"ImageObject\",\"inLanguage\":\"hu\",\"@id\":\"https:\\\/\\\/herbalkincsei.hu\\\/index.php\\\/termek\\\/usa-medical-cbd-olaj-500-mg-30-ml\\\/#primaryimage\",\"url\":\"https:\\\/\\\/herbalkincsei.hu\\\/wp-content\\\/uploads\\\/2024\\\/03\\\/usa-medical-oral-drops-500mg-cbd-olej-30-ml-11.jpeg?wsr\",\"contentUrl\":\"https:\\\/\\\/herbalkincsei.hu\\\/wp-content\\\/uploads\\\/2024\\\/03\\\/usa-medical-oral-drops-500mg-cbd-olej-30-ml-11.jpeg?wsr\",\"width\":800,\"height\":960},{\"@type\":\"BreadcrumbList\",\"@id\":\"https:\\\/\\\/herbalkincsei.hu\\\/index.php\\\/termek\\\/usa-medical-cbd-olaj-500-mg-30-ml\\\/#breadcrumb\",\"itemListElement\":[{\"@type\":\"ListItem\",\"position\":1,\"name\":\"Kezd\u0151lap\",\"item\":\"https:\\\/\\\/herbalkincsei.hu\\\/\"},{\"@type\":\"ListItem\",\"position\":2,\"name\":\"\u00dczlet\",\"item\":\"https:\\\/\\\/herbalkincsei.hu\\\/index.php\\\/uzlet\\\/\"},{\"@type\":\"ListItem\",\"position\":3,\"name\":\"USA medical CBD Olaj 500 mg | 30 ml\"}]},{\"@type\":\"WebSite\",\"@id\":\"https:\\\/\\\/herbalkincsei.hu\\\/#website\",\"url\":\"https:\\\/\\\/herbalkincsei.hu\\\/\",\"name\":\"herbalkincsei.hu\",\"description\":\"Ahol az eg\u00e9szs\u00e9g a c\u00e9l.\",\"publisher\":{\"@id\":\"https:\\\/\\\/herbalkincsei.hu\\\/#organization\"},\"potentialAction\":[{\"@type\":\"SearchAction\",\"target\":{\"@type\":\"EntryPoint\",\"urlTemplate\":\"https:\\\/\\\/herbalkincsei.hu\\\/?s={search_term_string}\"},\"query-input\":{\"@type\":\"PropertyValueSpecification\",\"valueRequired\":true,\"valueName\":\"search_term_string\"}}],\"inLanguage\":\"hu\"},{\"@type\":\"Organization\",\"@id\":\"https:\\\/\\\/herbalkincsei.hu\\\/#organization\",\"name\":\"Herb\u00e1lkincsei\",\"url\":\"https:\\\/\\\/herbalkincsei.hu\\\/\",\"logo\":{\"@type\":\"ImageObject\",\"inLanguage\":\"hu\",\"@id\":\"https:\\\/\\\/herbalkincsei.hu\\\/#\\\/schema\\\/logo\\\/image\\\/\",\"url\":\"https:\\\/\\\/herbalkincsei.hu\\\/wp-content\\\/uploads\\\/2024\\\/02\\\/cropped-Green-Leaf-Aromatherapy-Logo-400-\u00d7-135-keppont.png?wsr\",\"contentUrl\":\"https:\\\/\\\/herbalkincsei.hu\\\/wp-content\\\/uploads\\\/2024\\\/02\\\/cropped-Green-Leaf-Aromatherapy-Logo-400-\u00d7-135-keppont.png?wsr\",\"width\":400,\"height\":135,\"caption\":\"Herb\u00e1lkincsei\"},\"image\":{\"@id\":\"https:\\\/\\\/herbalkincsei.hu\\\/#\\\/schema\\\/logo\\\/image\\\/\"}}]}<\/script>\n<!-- \/ Yoast SEO plugin. -->","yoast_head_json":{"title":"USA medical CBD Olaj 500 mg | 30 ml - Herb\u00e1lkincsei","description":"F\u00e1jdalom csillap\u00edt\u00e1s","robots":{"index":"index","follow":"follow","max-snippet":"max-snippet:-1","max-image-preview":"max-image-preview:large","max-video-preview":"max-video-preview:-1"},"canonical":"https:\/\/herbalkincsei.hu\/index.php\/termek\/usa-medical-cbd-olaj-500-mg-30-ml\/","og_locale":"hu_HU","og_type":"article","og_title":"USA medical CBD Olaj 500 mg | 30 ml - Herb\u00e1lkincsei","og_description":"F\u00e1jdalom csillap\u00edt\u00e1s","og_url":"https:\/\/herbalkincsei.hu\/index.php\/termek\/usa-medical-cbd-olaj-500-mg-30-ml\/","og_site_name":"Herb\u00e1lkincsei","article_modified_time":"2025-12-07T17:08:38+00:00","og_image":[{"width":800,"height":960,"url":"https:\/\/herbalkincsei.hu\/wp-content\/uploads\/2024\/03\/usa-medical-oral-drops-500mg-cbd-olej-30-ml-11.jpeg?wsr","type":"image\/jpeg"}],"twitter_card":"summary_large_image","twitter_misc":{"Becs\u00fclt olvas\u00e1si id\u0151":"3 perc"},"schema":{"@context":"https:\/\/schema.org","@graph":[{"@type":"WebPage","@id":"https:\/\/herbalkincsei.hu\/index.php\/termek\/usa-medical-cbd-olaj-500-mg-30-ml\/","url":"https:\/\/herbalkincsei.hu\/index.php\/termek\/usa-medical-cbd-olaj-500-mg-30-ml\/","name":"USA medical CBD Olaj 500 mg | 30 ml - Herb\u00e1lkincsei","isPartOf":{"@id":"https:\/\/herbalkincsei.hu\/#website"},"primaryImageOfPage":{"@id":"https:\/\/herbalkincsei.hu\/index.php\/termek\/usa-medical-cbd-olaj-500-mg-30-ml\/#primaryimage"},"image":{"@id":"https:\/\/herbalkincsei.hu\/index.php\/termek\/usa-medical-cbd-olaj-500-mg-30-ml\/#primaryimage"},"thumbnailUrl":"https:\/\/herbalkincsei.hu\/wp-content\/uploads\/2024\/03\/usa-medical-oral-drops-500mg-cbd-olej-30-ml-11.jpeg?wsr","datePublished":"2024-03-15T08:06:25+00:00","dateModified":"2025-12-07T17:08:38+00:00","description":"F\u00e1jdalom csillap\u00edt\u00e1s","breadcrumb":{"@id":"https:\/\/herbalkincsei.hu\/index.php\/termek\/usa-medical-cbd-olaj-500-mg-30-ml\/#breadcrumb"},"inLanguage":"hu","potentialAction":[{"@type":"ReadAction","target":["https:\/\/herbalkincsei.hu\/index.php\/termek\/usa-medical-cbd-olaj-500-mg-30-ml\/"]}]},{"@type":"ImageObject","inLanguage":"hu","@id":"https:\/\/herbalkincsei.hu\/index.php\/termek\/usa-medical-cbd-olaj-500-mg-30-ml\/#primaryimage","url":"https:\/\/herbalkincsei.hu\/wp-content\/uploads\/2024\/03\/usa-medical-oral-drops-500mg-cbd-olej-30-ml-11.jpeg?wsr","contentUrl":"https:\/\/herbalkincsei.hu\/wp-content\/uploads\/2024\/03\/usa-medical-oral-drops-500mg-cbd-olej-30-ml-11.jpeg?wsr","width":800,"height":960},{"@type":"BreadcrumbList","@id":"https:\/\/herbalkincsei.hu\/index.php\/termek\/usa-medical-cbd-olaj-500-mg-30-ml\/#breadcrumb","itemListElement":[{"@type":"ListItem","position":1,"name":"Kezd\u0151lap","item":"https:\/\/herbalkincsei.hu\/"},{"@type":"ListItem","position":2,"name":"\u00dczlet","item":"https:\/\/herbalkincsei.hu\/index.php\/uzlet\/"},{"@type":"ListItem","position":3,"name":"USA medical CBD Olaj 500 mg | 30 ml"}]},{"@type":"WebSite","@id":"https:\/\/herbalkincsei.hu\/#website","url":"https:\/\/herbalkincsei.hu\/","name":"herbalkincsei.hu","description":"Ahol az eg\u00e9szs\u00e9g a c\u00e9l.","publisher":{"@id":"https:\/\/herbalkincsei.hu\/#organization"},"potentialAction":[{"@type":"SearchAction","target":{"@type":"EntryPoint","urlTemplate":"https:\/\/herbalkincsei.hu\/?s={search_term_string}"},"query-input":{"@type":"PropertyValueSpecification","valueRequired":true,"valueName":"search_term_string"}}],"inLanguage":"hu"},{"@type":"Organization","@id":"https:\/\/herbalkincsei.hu\/#organization","name":"Herb\u00e1lkincsei","url":"https:\/\/herbalkincsei.hu\/","logo":{"@type":"ImageObject","inLanguage":"hu","@id":"https:\/\/herbalkincsei.hu\/#\/schema\/logo\/image\/","url":"https:\/\/herbalkincsei.hu\/wp-content\/uploads\/2024\/02\/cropped-Green-Leaf-Aromatherapy-Logo-400-\u00d7-135-keppont.png?wsr","contentUrl":"https:\/\/herbalkincsei.hu\/wp-content\/uploads\/2024\/02\/cropped-Green-Leaf-Aromatherapy-Logo-400-\u00d7-135-keppont.png?wsr","width":400,"height":135,"caption":"Herb\u00e1lkincsei"},"image":{"@id":"https:\/\/herbalkincsei.hu\/#\/schema\/logo\/image\/"}}]}},"_links":{"self":[{"href":"https:\/\/herbalkincsei.hu\/index.php\/wp-json\/wp\/v2\/product\/644","targetHints":{"allow":["GET"]}}],"collection":[{"href":"https:\/\/herbalkincsei.hu\/index.php\/wp-json\/wp\/v2\/product"}],"about":[{"href":"https:\/\/herbalkincsei.hu\/index.php\/wp-json\/wp\/v2\/types\/product"}],"replies":[{"embeddable":true,"href":"https:\/\/herbalkincsei.hu\/index.php\/wp-json\/wp\/v2\/comments?post=644"}],"wp:featuredmedia":[{"embeddable":true,"href":"https:\/\/herbalkincsei.hu\/index.php\/wp-json\/wp\/v2\/media\/685"}],"wp:attachment":[{"href":"https:\/\/herbalkincsei.hu\/index.php\/wp-json\/wp\/v2\/media?parent=644"}],"wp:term":[{"taxonomy":"product_brand","embeddable":true,"href":"https:\/\/herbalkincsei.hu\/index.php\/wp-json\/wp\/v2\/product_brand?post=644"},{"taxonomy":"product_cat","embeddable":true,"href":"https:\/\/herbalkincsei.hu\/index.php\/wp-json\/wp\/v2\/product_cat?post=644"},{"taxonomy":"product_tag","embeddable":true,"href":"https:\/\/herbalkincsei.hu\/index.php\/wp-json\/wp\/v2\/product_tag?post=644"}],"curies":[{"name":"wp","href":"https:\/\/api.w.org\/{rel}","templated":true}]}}