{"id":626,"date":"2024-03-14T12:11:09","date_gmt":"2024-03-14T11:11:09","guid":{"rendered":"https:\/\/herbalkincsei.hu\/?post_type=product&#038;p=626"},"modified":"2025-02-20T17:42:05","modified_gmt":"2025-02-20T16:42:05","slug":"import-placeholder-for-863","status":"publish","type":"product","link":"https:\/\/herbalkincsei.hu\/index.php\/termek\/import-placeholder-for-863\/","title":{"rendered":"USA medical CBD Olaj \u2013 5 ml MINTA term\u00e9k"},"content":{"rendered":"<div class=\"elementor-element elementor-element-de1159b elementor-widget elementor-widget-theme-post-content\" data-id=\"de1159b\" data-element_type=\"widget\" data-widget_type=\"theme-post-content.default\">\n<div class=\"elementor-widget-container\">\n<p><strong>Sz\u00e9les spektrum\u00fa CBD olaj 83 mg hat\u00f3anyag tartalommal. THC mentes.<\/strong><\/p>\n<p><strong>USA medical CBD olaj Oral Drops<\/strong>\u00a0MINTA k\u00e9sz\u00edtm\u00e9ny\u00fcnket kiz\u00e1r\u00f3lag term\u00e9szetes n\u00f6v\u00e9nyi \u00f6sszetev\u0151k alkotj\u00e1k, az 500mg CBD olajb\u00f3l tartalmaz 5 ml-t, mely \u00f6sszesen 83 mg CBD hat\u00f3anyagot tartalmaz. \u00c1llatk\u00eds\u00e9rlet \u00e9s GMO mentes, VEG\u00c1N term\u00e9k, mely tart\u00f3s\u00edt\u00f3szer, sz\u00ednez\u00e9k \u00e9s parab\u00e9n n\u00e9lk\u00fcl k\u00e9sz\u00fcl.<\/p>\n<p>CPNP regisztr\u00e1ci\u00f3val rendelkez\u0151 sz\u00e1j\u00e1pol\u00f3 olaj, mely laborvizsg\u00e1lati jegyz\u0151k\u00f6nyvvel rendelkezik. Az elemz\u00e9s 81 \u2013 99,5% -os bakt\u00e9rium \u00e9s gomba\u00f6l\u0151 hat\u00e1st \u00e1llap\u00edtott meg az USA medical CBD olajok eset\u00e9ben laborat\u00f3riumi k\u00f6r\u00fclm\u00e9nyek k\u00f6z\u00f6tt.<\/p>\n<p>K\u00e9sz\u00edtm\u00e9ny\u00fcnkben a CBD kivonat Omega 3 \u00e9s 6 zs\u00edrsavakban gazdag kendermagolaj, E-vitaminban gazdag sz\u0151l\u0151magolaj, valamint a kellemes \u00edz\u00e9rt felel\u0151s, organikus esszenci\u00e1lis narancsolaj harmonikus kever\u00e9k\u00e9ben ker\u00fcl felold\u00e1sra. A kendermagolaj \u00e9s a sz\u0151l\u0151magolaj \u00e9rt\u00e9kes polifenolokat tartalmaz.<\/p>\n<p>Tudd meg\u00a0<a href=\"https:\/\/usamedical.hu\/mi-az-a-cbd-mire-jo-a-cbd-olaj\/\">mi az a CBD \u00e9s mire j\u00f3<\/a>!<\/p>\n<p><strong>Mit tartalmaz a CBD olaj?<\/strong><strong><br \/>\nINGREDIENTS:\u00a0<\/strong>CANNABIS SATIVA (HEMP) SEED OIL, VITIS VINIFERA (GRAPE) SEED OIL, CITRUS SINENSIS PEEL (ORANGE) OIL EXPRESSED, CANNABIDIOL (CBD), LIMONENE*, LINALOOL* \/ *from natural organic essential oil<\/p>\n<p><strong>\u00d6sszetev\u0151k:\u00a0<\/strong>kendermagolaj, sz\u0151l\u0151magolaj, narancsolaj, cannabidiol (CBD), limonene* \u00e9s linalool* \/ *term\u00e9szetes, organikus esszenci\u00e1lis olajb\u00f3l sz\u00e1rmaz\u00f3 terp\u00e9nek.<\/p>\n<p><strong><br \/>\n<\/strong><strong>H\u00e1ny mg CBD van az USA medical CBD olajban MINTA term\u00e9kben?<\/strong><\/p>\n<p>A minta 5 ml-es kiszerel\u00e9s\u0171, cseppent\u0151bet\u00e9tes kupakkal van ell\u00e1tva \u00e9s az 500mg-os CBD olajb\u00f3l sz\u00e1rmazik, \u00edgy \u00f6sszesen kb. 83 mg CBD-t tartalmaz.<\/p>\n<p>1 ml ~30 csepp ~ 16,7 mg CBD<\/p>\n<p><strong>Mit\u0151l egyedi \u00e9s k\u00fcl\u00f6nleges az USA medical CBD olaj?<\/strong><\/p>\n<ul>\n<li><em><u>Term\u00e9szetes \u00f6sszetev\u0151k alkotj\u00e1k.<\/u><\/em><\/li>\n<li><em><u>THC mentes, ez\u00e9rt nincs pszichoakt\u00edv hat\u00e1sa.<\/u><\/em><\/li>\n<li><em><u>Veg\u00e1n, GMO \u00e9s \u00e1llatk\u00eds\u00e9rlet mentes term\u00e9k.<\/u><\/em><\/li>\n<li><em><u>Kellemes \u00edzvil\u00e1g jellemzi, nincsen er\u0151s kender \u00edze.<\/u><\/em><\/li>\n<li><em><u>\u00c9lelmiszer tisztas\u00e1g\u00fa, \u00e9rt\u00e9kes n\u00f6v\u00e9nyi olajokban ker\u00fcl felold\u00e1sra\u00a0a CBD kivonat, mint p\u00e9ld\u00e1ul a kendermagolaj, sz\u0151l\u0151magolaj, narancsolaj.<\/u><\/em><\/li>\n<li><em><u>Nem tartalmaz hozz\u00e1adott cukrot, glut\u00e9nt, tart\u00f3s\u00edt\u00f3szert, parab\u00e9nt, sz\u00ednez\u00e9ket, vagy b\u00e1rmilyen m\u00e1s adal\u00e9kanyagot.<\/u><\/em><\/li>\n<li><em><u>Az adagol\u00e1st 1 ml-es m\u00e9rc\u00e9s pipetta seg\u00edti, biztons\u00e1gi z\u00e1rral ell\u00e1tva.<\/u><\/em><\/li>\n<li><em><u>Hat\u00f3anyagtartalma \u00e9s tisztas\u00e1ga laborvizsg\u00e1lati eredm\u00e9nyekkel igazolt.<\/u><\/em><\/li>\n<li><em><u>A CBD kivonatok az egyik legnagyobb amerikai \u00f3ri\u00e1s v\u00e1llalat FDA \u00e1ltal regisztr\u00e1lt l\u00e9tes\u00edtm\u00e9ny\u00e9ben k\u00e9sz\u00fclnek, GMP ir\u00e1nyelveket k\u00f6vetve, szigor\u00fa min\u0151s\u00e9gellen\u0151rz\u00e9s mellett.<\/u><\/em><\/li>\n<li><em><u>Szennyez\u0151d\u00e9sekt\u0151l, vegyszerekt\u0151l \u00e9s neh\u00e9zf\u00e9mekt\u0151l mentes.<\/u><\/em><\/li>\n<li><em><u>A CBD kivonatokat k\u00edm\u00e9letes CO2 extrakci\u00f3val \u00e9s t\u00f6bbszint\u0171 tiszt\u00edt\u00e1si elj\u00e1r\u00e1ssal nyerik ki organikusan termesztett kenderb\u0151l.<\/u><\/em><\/li>\n<li><em><u>A kivonatokat t\u00f6bbf\u00e9le vizsg\u00e1latnak is al\u00e1vetik, p\u00e9ld\u00e1ul mikrobiol\u00f3giai elemz\u00e9seket v\u00e9geznek, ellen\u0151rzik a cannabinoid \u00e9s terp\u00e9n profilt, a pontos hat\u00f3anyagtartalmat \u00e9s THC mentess\u00e9get, de vizsg\u00e1lj\u00e1k a vegyszer, old\u00f3szer \u00e9s neh\u00e9zf\u00e9m tartalm\u00e1t is.<\/u><\/em><\/li>\n<li><em><u>A CBD kivonatok gy\u00e1rt\u00f3ja \u201eAkt\u00edv Gy\u00f3gyszer\u00e9szeti \u00d6sszetev\u0151k\u201d (API)\u00a0enged\u00e9llyel is rendelkezik.<\/u><\/em><\/li>\n<li><em><u>A CBD olaj k\u00e9sz\u00edtm\u00e9nyeket c\u00e9g\u00fcnk Magyarorsz\u00e1gon is bevizsg\u00e1ltatta\u00a0(T\u00dcV labor), hogy garant\u00e1ltan tiszta, val\u00f3ban csak kiv\u00e1l\u00f3 min\u0151s\u00e9g\u0171\u00a0CBD term\u00e9kek ker\u00fclhessenek v\u00e1s\u00e1rl\u00f3inkhoz.<\/u><\/em><\/li>\n<\/ul>\n<\/div>\n<\/div>\n","protected":false},"excerpt":{"rendered":"<p>k\u00f6zepes d\u00f3zis ~ 16,8 mg CBD \/ 1 ml<br \/>\nKereskedelmi forgalomba nem hozhat\u00f3 5 ml TERM\u00c9K minta az 500mg sz\u00e9les spektrum\u00fa CBD olajb\u00f3l, organikus narancsolajjal \u00edzes\u00edtve, kendermag \u00e9s sz\u0151l\u0151mag olajban feloldva.<\/p>\n<p>GMO, \u00e1llatk\u00eds\u00e9rlet \u00e9s THC mentes, VEG\u00c1N term\u00e9k, nem tartalmaz hozz\u00e1adott cukrot, sz\u00ednez\u00e9ket vagy tart\u00f3s\u00edt\u00f3szert.<br \/>\nCPNP rendszerben regisztr\u00e1lt k\u00e9sz\u00edtm\u00e9ny.<br \/>\nKiszerel\u00e9s: 5 ml<br \/>\nHat\u00f3anyag: 83 mg CBD<br \/>\n\u00cdz: enyh\u00e9n narancsos \u00e9s kender n\u00f6v\u00e9ny \u00edz\u0171<br \/>\nUSA made CBD<\/p>\n<ul>\n<li class=\"elementor-icon-list-item\"><span class=\"elementor-icon-list-text\">Akkredit\u00e1lt laborat\u00f3riumban tesztelve<\/span><\/li>\n<li class=\"elementor-icon-list-item\"><span class=\"elementor-icon-list-text\">A piac egyik legmodernebb elj\u00e1r\u00e1s\u00e1val k\u00e9sz\u00fclt<\/span><\/li>\n<li class=\"elementor-icon-list-item\"><span class=\"elementor-icon-list-text\">EU-ban regisztr\u00e1lt term\u00e9k<\/span><\/li>\n<\/ul>\n","protected":false},"featured_media":676,"comment_status":"open","ping_status":"closed","template":"","meta":[],"product_brand":[223],"product_cat":[174,19,171],"product_tag":[],"class_list":{"0":"post-626","1":"product","2":"type-product","3":"status-publish","4":"has-post-thumbnail","6":"product_brand-usamedical","7":"product_cat-cbd-termekek","8":"product_cat-minden-termek","9":"product_cat-usamedical","10":"product_shipping_class-hu","12":"first","13":"outofstock","14":"purchasable","15":"product-type-simple","16":"add-to-wishlist-before_image","17":"customify-col"},"yoast_head":"<!-- This site is optimized with the Yoast SEO plugin v27.5 - https:\/\/yoast.com\/product\/yoast-seo-wordpress\/ -->\n<title>USA medical CBD Olaj \u2013 5 ml MINTA term\u00e9k - Herb\u00e1lkincsei<\/title>\n<meta name=\"robots\" content=\"index, follow, max-snippet:-1, max-image-preview:large, max-video-preview:-1\" \/>\n<link rel=\"canonical\" href=\"https:\/\/herbalkincsei.hu\/index.php\/termek\/import-placeholder-for-863\/\" \/>\n<meta property=\"og:locale\" content=\"hu_HU\" \/>\n<meta property=\"og:type\" content=\"article\" \/>\n<meta property=\"og:title\" content=\"USA medical CBD Olaj \u2013 5 ml MINTA term\u00e9k - Herb\u00e1lkincsei\" \/>\n<meta property=\"og:description\" content=\"k\u00f6zepes d\u00f3zis ~ 16,8 mg CBD \/ 1 ml Kereskedelmi forgalomba nem hozhat\u00f3 5 ml TERM\u00c9K minta az 500mg sz\u00e9les spektrum\u00fa CBD olajb\u00f3l, organikus narancsolajjal \u00edzes\u00edtve, kendermag \u00e9s sz\u0151l\u0151mag olajban feloldva.  GMO, \u00e1llatk\u00eds\u00e9rlet \u00e9s THC mentes, VEG\u00c1N term\u00e9k, nem tartalmaz hozz\u00e1adott cukrot, sz\u00ednez\u00e9ket vagy tart\u00f3s\u00edt\u00f3szert. CPNP rendszerben regisztr\u00e1lt k\u00e9sz\u00edtm\u00e9ny. Kiszerel\u00e9s: 5 ml Hat\u00f3anyag: 83 mg CBD \u00cdz: enyh\u00e9n narancsos \u00e9s kender n\u00f6v\u00e9ny \u00edz\u0171 USA made CBD   Akkredit\u00e1lt laborat\u00f3riumban tesztelve  A piac egyik legmodernebb elj\u00e1r\u00e1s\u00e1val k\u00e9sz\u00fclt  EU-ban regisztr\u00e1lt term\u00e9k\" \/>\n<meta property=\"og:url\" content=\"https:\/\/herbalkincsei.hu\/index.php\/termek\/import-placeholder-for-863\/\" \/>\n<meta property=\"og:site_name\" content=\"Herb\u00e1lkincsei\" \/>\n<meta property=\"article:modified_time\" content=\"2025-02-20T16:42:05+00:00\" \/>\n<meta property=\"og:image\" content=\"https:\/\/herbalkincsei.hu\/wp-content\/uploads\/2024\/03\/83mg_CBD_olja_5ml_2022.08.091.jpg?wsr\" \/>\n\t<meta property=\"og:image:width\" content=\"1114\" \/>\n\t<meta property=\"og:image:height\" content=\"743\" \/>\n\t<meta property=\"og:image:type\" content=\"image\/jpeg\" \/>\n<meta name=\"twitter:card\" content=\"summary_large_image\" \/>\n<meta name=\"twitter:label1\" content=\"Becs\u00fclt olvas\u00e1si id\u0151\" \/>\n\t<meta name=\"twitter:data1\" content=\"3 perc\" \/>\n<script type=\"application\/ld+json\" class=\"yoast-schema-graph\">{\"@context\":\"https:\\\/\\\/schema.org\",\"@graph\":[{\"@type\":\"WebPage\",\"@id\":\"https:\\\/\\\/herbalkincsei.hu\\\/index.php\\\/termek\\\/import-placeholder-for-863\\\/\",\"url\":\"https:\\\/\\\/herbalkincsei.hu\\\/index.php\\\/termek\\\/import-placeholder-for-863\\\/\",\"name\":\"USA medical CBD Olaj \u2013 5 ml MINTA term\u00e9k - Herb\u00e1lkincsei\",\"isPartOf\":{\"@id\":\"https:\\\/\\\/herbalkincsei.hu\\\/#website\"},\"primaryImageOfPage\":{\"@id\":\"https:\\\/\\\/herbalkincsei.hu\\\/index.php\\\/termek\\\/import-placeholder-for-863\\\/#primaryimage\"},\"image\":{\"@id\":\"https:\\\/\\\/herbalkincsei.hu\\\/index.php\\\/termek\\\/import-placeholder-for-863\\\/#primaryimage\"},\"thumbnailUrl\":\"https:\\\/\\\/herbalkincsei.hu\\\/wp-content\\\/uploads\\\/2024\\\/03\\\/83mg_CBD_olja_5ml_2022.08.091.jpg?wsr\",\"datePublished\":\"2024-03-14T11:11:09+00:00\",\"dateModified\":\"2025-02-20T16:42:05+00:00\",\"breadcrumb\":{\"@id\":\"https:\\\/\\\/herbalkincsei.hu\\\/index.php\\\/termek\\\/import-placeholder-for-863\\\/#breadcrumb\"},\"inLanguage\":\"hu\",\"potentialAction\":[{\"@type\":\"ReadAction\",\"target\":[\"https:\\\/\\\/herbalkincsei.hu\\\/index.php\\\/termek\\\/import-placeholder-for-863\\\/\"]}]},{\"@type\":\"ImageObject\",\"inLanguage\":\"hu\",\"@id\":\"https:\\\/\\\/herbalkincsei.hu\\\/index.php\\\/termek\\\/import-placeholder-for-863\\\/#primaryimage\",\"url\":\"https:\\\/\\\/herbalkincsei.hu\\\/wp-content\\\/uploads\\\/2024\\\/03\\\/83mg_CBD_olja_5ml_2022.08.091.jpg?wsr\",\"contentUrl\":\"https:\\\/\\\/herbalkincsei.hu\\\/wp-content\\\/uploads\\\/2024\\\/03\\\/83mg_CBD_olja_5ml_2022.08.091.jpg?wsr\",\"width\":1114,\"height\":743},{\"@type\":\"BreadcrumbList\",\"@id\":\"https:\\\/\\\/herbalkincsei.hu\\\/index.php\\\/termek\\\/import-placeholder-for-863\\\/#breadcrumb\",\"itemListElement\":[{\"@type\":\"ListItem\",\"position\":1,\"name\":\"Kezd\u0151lap\",\"item\":\"https:\\\/\\\/herbalkincsei.hu\\\/\"},{\"@type\":\"ListItem\",\"position\":2,\"name\":\"\u00dczlet\",\"item\":\"https:\\\/\\\/herbalkincsei.hu\\\/index.php\\\/uzlet\\\/\"},{\"@type\":\"ListItem\",\"position\":3,\"name\":\"USA medical CBD Olaj \u2013 5 ml MINTA term\u00e9k\"}]},{\"@type\":\"WebSite\",\"@id\":\"https:\\\/\\\/herbalkincsei.hu\\\/#website\",\"url\":\"https:\\\/\\\/herbalkincsei.hu\\\/\",\"name\":\"herbalkincsei.hu\",\"description\":\"Ahol az eg\u00e9szs\u00e9g a c\u00e9l.\",\"publisher\":{\"@id\":\"https:\\\/\\\/herbalkincsei.hu\\\/#organization\"},\"potentialAction\":[{\"@type\":\"SearchAction\",\"target\":{\"@type\":\"EntryPoint\",\"urlTemplate\":\"https:\\\/\\\/herbalkincsei.hu\\\/?s={search_term_string}\"},\"query-input\":{\"@type\":\"PropertyValueSpecification\",\"valueRequired\":true,\"valueName\":\"search_term_string\"}}],\"inLanguage\":\"hu\"},{\"@type\":\"Organization\",\"@id\":\"https:\\\/\\\/herbalkincsei.hu\\\/#organization\",\"name\":\"Herb\u00e1lkincsei\",\"url\":\"https:\\\/\\\/herbalkincsei.hu\\\/\",\"logo\":{\"@type\":\"ImageObject\",\"inLanguage\":\"hu\",\"@id\":\"https:\\\/\\\/herbalkincsei.hu\\\/#\\\/schema\\\/logo\\\/image\\\/\",\"url\":\"https:\\\/\\\/herbalkincsei.hu\\\/wp-content\\\/uploads\\\/2024\\\/02\\\/cropped-Green-Leaf-Aromatherapy-Logo-400-\u00d7-135-keppont.png?wsr\",\"contentUrl\":\"https:\\\/\\\/herbalkincsei.hu\\\/wp-content\\\/uploads\\\/2024\\\/02\\\/cropped-Green-Leaf-Aromatherapy-Logo-400-\u00d7-135-keppont.png?wsr\",\"width\":400,\"height\":135,\"caption\":\"Herb\u00e1lkincsei\"},\"image\":{\"@id\":\"https:\\\/\\\/herbalkincsei.hu\\\/#\\\/schema\\\/logo\\\/image\\\/\"}}]}<\/script>\n<!-- \/ Yoast SEO plugin. -->","yoast_head_json":{"title":"USA medical CBD Olaj \u2013 5 ml MINTA term\u00e9k - Herb\u00e1lkincsei","robots":{"index":"index","follow":"follow","max-snippet":"max-snippet:-1","max-image-preview":"max-image-preview:large","max-video-preview":"max-video-preview:-1"},"canonical":"https:\/\/herbalkincsei.hu\/index.php\/termek\/import-placeholder-for-863\/","og_locale":"hu_HU","og_type":"article","og_title":"USA medical CBD Olaj \u2013 5 ml MINTA term\u00e9k - Herb\u00e1lkincsei","og_description":"k\u00f6zepes d\u00f3zis ~ 16,8 mg CBD \/ 1 ml Kereskedelmi forgalomba nem hozhat\u00f3 5 ml TERM\u00c9K minta az 500mg sz\u00e9les spektrum\u00fa CBD olajb\u00f3l, organikus narancsolajjal \u00edzes\u00edtve, kendermag \u00e9s sz\u0151l\u0151mag olajban feloldva.  GMO, \u00e1llatk\u00eds\u00e9rlet \u00e9s THC mentes, VEG\u00c1N term\u00e9k, nem tartalmaz hozz\u00e1adott cukrot, sz\u00ednez\u00e9ket vagy tart\u00f3s\u00edt\u00f3szert. CPNP rendszerben regisztr\u00e1lt k\u00e9sz\u00edtm\u00e9ny. Kiszerel\u00e9s: 5 ml Hat\u00f3anyag: 83 mg CBD \u00cdz: enyh\u00e9n narancsos \u00e9s kender n\u00f6v\u00e9ny \u00edz\u0171 USA made CBD   Akkredit\u00e1lt laborat\u00f3riumban tesztelve  A piac egyik legmodernebb elj\u00e1r\u00e1s\u00e1val k\u00e9sz\u00fclt  EU-ban regisztr\u00e1lt term\u00e9k","og_url":"https:\/\/herbalkincsei.hu\/index.php\/termek\/import-placeholder-for-863\/","og_site_name":"Herb\u00e1lkincsei","article_modified_time":"2025-02-20T16:42:05+00:00","og_image":[{"width":1114,"height":743,"url":"https:\/\/herbalkincsei.hu\/wp-content\/uploads\/2024\/03\/83mg_CBD_olja_5ml_2022.08.091.jpg?wsr","type":"image\/jpeg"}],"twitter_card":"summary_large_image","twitter_misc":{"Becs\u00fclt olvas\u00e1si id\u0151":"3 perc"},"schema":{"@context":"https:\/\/schema.org","@graph":[{"@type":"WebPage","@id":"https:\/\/herbalkincsei.hu\/index.php\/termek\/import-placeholder-for-863\/","url":"https:\/\/herbalkincsei.hu\/index.php\/termek\/import-placeholder-for-863\/","name":"USA medical CBD Olaj \u2013 5 ml MINTA term\u00e9k - Herb\u00e1lkincsei","isPartOf":{"@id":"https:\/\/herbalkincsei.hu\/#website"},"primaryImageOfPage":{"@id":"https:\/\/herbalkincsei.hu\/index.php\/termek\/import-placeholder-for-863\/#primaryimage"},"image":{"@id":"https:\/\/herbalkincsei.hu\/index.php\/termek\/import-placeholder-for-863\/#primaryimage"},"thumbnailUrl":"https:\/\/herbalkincsei.hu\/wp-content\/uploads\/2024\/03\/83mg_CBD_olja_5ml_2022.08.091.jpg?wsr","datePublished":"2024-03-14T11:11:09+00:00","dateModified":"2025-02-20T16:42:05+00:00","breadcrumb":{"@id":"https:\/\/herbalkincsei.hu\/index.php\/termek\/import-placeholder-for-863\/#breadcrumb"},"inLanguage":"hu","potentialAction":[{"@type":"ReadAction","target":["https:\/\/herbalkincsei.hu\/index.php\/termek\/import-placeholder-for-863\/"]}]},{"@type":"ImageObject","inLanguage":"hu","@id":"https:\/\/herbalkincsei.hu\/index.php\/termek\/import-placeholder-for-863\/#primaryimage","url":"https:\/\/herbalkincsei.hu\/wp-content\/uploads\/2024\/03\/83mg_CBD_olja_5ml_2022.08.091.jpg?wsr","contentUrl":"https:\/\/herbalkincsei.hu\/wp-content\/uploads\/2024\/03\/83mg_CBD_olja_5ml_2022.08.091.jpg?wsr","width":1114,"height":743},{"@type":"BreadcrumbList","@id":"https:\/\/herbalkincsei.hu\/index.php\/termek\/import-placeholder-for-863\/#breadcrumb","itemListElement":[{"@type":"ListItem","position":1,"name":"Kezd\u0151lap","item":"https:\/\/herbalkincsei.hu\/"},{"@type":"ListItem","position":2,"name":"\u00dczlet","item":"https:\/\/herbalkincsei.hu\/index.php\/uzlet\/"},{"@type":"ListItem","position":3,"name":"USA medical CBD Olaj \u2013 5 ml MINTA term\u00e9k"}]},{"@type":"WebSite","@id":"https:\/\/herbalkincsei.hu\/#website","url":"https:\/\/herbalkincsei.hu\/","name":"herbalkincsei.hu","description":"Ahol az eg\u00e9szs\u00e9g a c\u00e9l.","publisher":{"@id":"https:\/\/herbalkincsei.hu\/#organization"},"potentialAction":[{"@type":"SearchAction","target":{"@type":"EntryPoint","urlTemplate":"https:\/\/herbalkincsei.hu\/?s={search_term_string}"},"query-input":{"@type":"PropertyValueSpecification","valueRequired":true,"valueName":"search_term_string"}}],"inLanguage":"hu"},{"@type":"Organization","@id":"https:\/\/herbalkincsei.hu\/#organization","name":"Herb\u00e1lkincsei","url":"https:\/\/herbalkincsei.hu\/","logo":{"@type":"ImageObject","inLanguage":"hu","@id":"https:\/\/herbalkincsei.hu\/#\/schema\/logo\/image\/","url":"https:\/\/herbalkincsei.hu\/wp-content\/uploads\/2024\/02\/cropped-Green-Leaf-Aromatherapy-Logo-400-\u00d7-135-keppont.png?wsr","contentUrl":"https:\/\/herbalkincsei.hu\/wp-content\/uploads\/2024\/02\/cropped-Green-Leaf-Aromatherapy-Logo-400-\u00d7-135-keppont.png?wsr","width":400,"height":135,"caption":"Herb\u00e1lkincsei"},"image":{"@id":"https:\/\/herbalkincsei.hu\/#\/schema\/logo\/image\/"}}]}},"_links":{"self":[{"href":"https:\/\/herbalkincsei.hu\/index.php\/wp-json\/wp\/v2\/product\/626","targetHints":{"allow":["GET"]}}],"collection":[{"href":"https:\/\/herbalkincsei.hu\/index.php\/wp-json\/wp\/v2\/product"}],"about":[{"href":"https:\/\/herbalkincsei.hu\/index.php\/wp-json\/wp\/v2\/types\/product"}],"replies":[{"embeddable":true,"href":"https:\/\/herbalkincsei.hu\/index.php\/wp-json\/wp\/v2\/comments?post=626"}],"wp:featuredmedia":[{"embeddable":true,"href":"https:\/\/herbalkincsei.hu\/index.php\/wp-json\/wp\/v2\/media\/676"}],"wp:attachment":[{"href":"https:\/\/herbalkincsei.hu\/index.php\/wp-json\/wp\/v2\/media?parent=626"}],"wp:term":[{"taxonomy":"product_brand","embeddable":true,"href":"https:\/\/herbalkincsei.hu\/index.php\/wp-json\/wp\/v2\/product_brand?post=626"},{"taxonomy":"product_cat","embeddable":true,"href":"https:\/\/herbalkincsei.hu\/index.php\/wp-json\/wp\/v2\/product_cat?post=626"},{"taxonomy":"product_tag","embeddable":true,"href":"https:\/\/herbalkincsei.hu\/index.php\/wp-json\/wp\/v2\/product_tag?post=626"}],"curies":[{"name":"wp","href":"https:\/\/api.w.org\/{rel}","templated":true}]}}