{"id":618,"date":"2024-03-14T12:11:09","date_gmt":"2024-03-14T11:11:09","guid":{"rendered":"https:\/\/herbalkincsei.hu\/?post_type=product&#038;p=618"},"modified":"2025-12-07T19:26:54","modified_gmt":"2025-12-07T18:26:54","slug":"import-placeholder-for-850","status":"publish","type":"product","link":"https:\/\/herbalkincsei.hu\/index.php\/termek\/import-placeholder-for-850\/","title":{"rendered":"Magn\u00e9zium biszglicin\u00e1t kapszula 60 db"},"content":{"rendered":"<h2><span class=\"bluetxt\">&#8220;Fully reacted&#8221; magn\u00e9zium-biszglicin\u00e1t, a magn\u00e9zium egyik legjobban hasznosul\u00f3 form\u00e1ja!<\/span><\/h2>\n<p>\u00c9trend-kieg\u00e9sz\u00edt\u0151 kapszul\u00e1nk f\u0151 hat\u00f3anyaga az emberi szervezet m\u0171k\u00f6d\u00e9s\u00e9hez n\u00e9lk\u00fcl\u00f6zhetetlen magn\u00e9zium, azon bel\u00fcl is az egyik legjobban hasznosul\u00f3, szerves kel\u00e1tos form\u00e1ja, a <strong style=\"font-size: 16px;\">magn\u00e9zium-glicin\u00e1t, mely kiv\u00e1l\u00f3 felsz\u00edv\u00f3d\u00e1st \u00e9s em\u00e9szt\u0151rendszeri toler\u00e1lhat\u00f3s\u00e1got k\u00edn\u00e1l.<\/strong><span style=\"font-weight: 400; font-size: 16px;\"> Szerves magn\u00e9ziumb\u00f3l \u00e9s glicin aminosavb\u00f3l k\u00e9pz\u0151dik, \u00edgy az egyik legide\u00e1lisabb formak\u00e9nt ismert a magn\u00e9zium k\u00e9sz\u00edtm\u00e9nyek k\u00f6z\u00f6tt. Ez a kombin\u00e1ci\u00f3 <\/span><strong style=\"font-size: 16px;\">k\u00f6nnyen felsz\u00edv\u00f3dik, \u00e9s nincs hashajt\u00f3 hat\u00e1sa, mint a magn\u00e9zium egyes form\u00e1inak.<\/strong><span style=\"font-weight: 400; font-size: 16px;\"> A napi adag (2 kapszula) 1200 mg tiszta &#8220;fully reacted&#8221; (&#8220;teljesen reag\u00e1lt&#8221;) v\u00e1ltozatban tartalmazza a magn\u00e9zium-biszglicin\u00e1tot, teljesen adal\u00e9kanyagmentesen, \u00edgy nincs benne t\u00e9rfogatn\u00f6vel\u0151 vagy csom\u00f3sod\u00e1sg\u00e1tl\u00f3 anyag sem!<\/span><\/p>\n<div>\n<p>A \u201eteljesen reag\u00e1lt\u201d azt jelenti, hogy egy magn\u00e9zium val\u00f3ban k\u00e9t L-glicin molekul\u00e1hoz k\u00f6t\u0151dik. Sok term\u00e9k egy\u00e1ltal\u00e1n NEM tartalmaz magn\u00e9zium-glicin\u00e1tot, csup\u00e1n magn\u00e9zium-oxidot, k\u00fcl\u00f6nf\u00e9le ar\u00e1nyban L-glicinnel keverve.<\/p>\n<h3><b>Mit kell tudnod a magn\u00e9zium-biszglicin\u00e1tr\u00f3l?<\/b><\/h3>\n<p><span style=\"font-weight: 400;\">A magn\u00e9zium-glicin\u00e1tot gyakran nevezik magn\u00e9zium-biszglicin\u00e1tnak, ami a molekula fel\u00e9p\u00edt\u00e9s\u00e9r\u0151l kapta a nev\u00e9t, hiszen k\u00e9t glicin molekula k\u00f6t\u0151dik egy magn\u00e9zium molekul\u00e1hoz. A magn\u00e9zium-glicin\u00e1t, \u00e9s a magn\u00e9zium-biszglicin\u00e1t val\u00f3j\u00e1ban ugyanannak a dolognak az elnevez\u00e9se.<\/span><\/p>\n<p><span style=\"font-weight: 400;\">Ezen k\u00edv\u00fcl gyakran tal\u00e1lkozhatsz a magn\u00e9zium-glicin\u00e1t kel\u00e1t, vagy kel\u00e1tos magn\u00e9zium-glicin\u00e1t nevekkel is, amik szimpl\u00e1n annyit jelentenek, hogy a molekul\u00e1hoz aminosav (ez esetben glicin) k\u00f6t\u0151dik.<\/span><\/p>\n<ul>\n<li><strong>A magn\u00e9zium hozz\u00e1j\u00e1rul az idegrendszer megfelel\u0151 m\u0171k\u00f6d\u00e9s\u00e9hez \u00e9s a norm\u00e1l pszichol\u00f3giai funkci\u00f3 fenntart\u00e1s\u00e1hoz.<\/strong><\/li>\n<li><strong>R\u00e9szt vesz a norm\u00e1l csontozat fenntart\u00e1s\u00e1ban, hozz\u00e1j\u00e1rul a norm\u00e1l izomm\u0171k\u00f6d\u00e9shez, a f\u00e1radts\u00e1g \u00e9s a kif\u00e1rad\u00e1s cs\u00f6kkent\u00e9s\u00e9hez.<\/strong><\/li>\n<\/ul>\n<h3><b>Mi\u00e9rt ez a magn\u00e9zium <\/b><a href=\"https:\/\/aspenjournals.onlinelibrary.wiley.com\/doi\/abs\/10.1177\/0148607194018005430\"><b>legink\u00e1bb hasznosul\u00f3 form\u00e1ja<\/b><\/a><b>?<\/b><\/h3>\n<p><span style=\"font-weight: 400;\">A legt\u00f6bb magn\u00e9zium k\u00e9sz\u00edtm\u00e9nynek csup\u00e1n a 4%-a hasznosul a szervezetben. Elvonj\u00e1k a vizet a v\u00e9konyb\u00e9lb\u0151l, \u00e9s ki\u00fcr\u00fclnek a szervezetb\u0151l. A magn\u00e9zium-glicin\u00e1t fel\u00e9p\u00edt\u00e9s\u00e9nek k\u00f6sz\u00f6nhet\u0151en sokkal kevesebb vizet k\u00f6t meg, hiszen a k\u00e9t glicin molekula m\u00e1r elfoglalja annak a helynek egy r\u00e9sz\u00e9t, amit a v\u00edz be tudna t\u00f6lteni.<\/span><\/p>\n<h4><b>A glicinr\u0151l<\/b><\/h4>\n<p><span style=\"font-weight: 400;\">\u00a0A glicin val\u00f3j\u00e1ban egy feh\u00e9rje alkot\u00f3 aminosav, a kollag\u00e9n 35%-\u00e1t teszi ki. Ezenk\u00edv\u00fcl egyike annak a h\u00e1rom aminosavnak, amelyeket a szervezet a kreatin nev\u0171 vegy\u00fclet el\u0151\u00e1ll\u00edt\u00e1s\u00e1hoz haszn\u00e1l. Tov\u00e1bb\u00e1 a magn\u00e9zium-glicin\u00e1t k\u00edm\u00e9li a gyomrot, \u00e9s az em\u00e9szt\u0151 rendszert. <\/span><span style=\"font-weight: 400;\">T\u00f6bb magn\u00e9zium-glicin\u00e1t felhaszn\u00e1l\u00f3 is azt tapasztalta, hogy ebben a form\u00e1ban ak\u00e1r nagyobb mennyis\u00e9get is el tudnak fogyasztani \u00e9melyg\u00e9s vagy hasmen\u00e9s kialakul\u00e1sa n\u00e9lk\u00fcl.<\/span><\/p>\n<h3><b>Mit kell tudnod a magn\u00e9ziumr\u00f3l ezen k\u00edv\u00fcl?<\/b><\/h3>\n<p><span style=\"font-weight: 400;\">A magn\u00e9zium a negyedik leggyakoribb \u00e1sv\u00e1nyi anyag a testedben. T\u00f6bb, mint 300 anyagcsere-reakci\u00f3ban vesz r\u00e9szt, amelyek n\u00e9lk\u00fcl\u00f6zhetetlenek az emberi eg\u00e9szs\u00e9g szempontj\u00e1b\u00f3l, bele\u00e9rtve az energiatermel\u00e9st, az ideg jel\u00e1tvitelt \u00e9s az izom \u00f6sszeh\u00faz\u00f3d\u00e1st (<\/span><a href=\"https:\/\/pubmed.ncbi.nlm.nih.gov\/29093983\/\" target=\"_blank\" rel=\"noopener\"><span style=\"font-weight: 400;\">Forr\u00e1s<\/span><\/a><span style=\"font-weight: 400;\">).<\/span><\/p>\n<p><span style=\"font-weight: 400;\">Annak ellen\u00e9re, hogy ez az \u00e1sv\u00e1nyi anyag sz\u00e1mos olyan teljes \u00e9telben megtal\u00e1lhat\u00f3, mint a z\u00f6ld leveles z\u00f6lds\u00e9gek, h\u00fcvelyesek, di\u00f3f\u00e9l\u00e9k \u00e9s magvak, sok ember nem tudja megfelel\u0151en kiel\u00e9g\u00edteni magn\u00e9zium ig\u00e9ny\u00e9t (<\/span><a href=\"https:\/\/pubmed.ncbi.nlm.nih.gov\/29093983\/\" target=\"_blank\" rel=\"noopener\"><span style=\"font-weight: 400;\">Forr\u00e1s<\/span><\/a><span style=\"font-weight: 400;\">).<\/span><\/p>\n<p><span style=\"font-weight: 400;\">A bevitel fokoz\u00e1sa \u00e9rdek\u00e9ben sokan fordulnak \u00e9trend-kieg\u00e9sz\u00edt\u0151kh\u00f6z. Mivel azonban a magn\u00e9zium t\u00f6bbf\u00e9le v\u00e1ltozata l\u00e9tezik, \u00e9rdemes k\u00f6r\u00fcltekint\u0151en v\u00e1lasztani \u00e9s figyelembe venni olyan fontos szempontokat, melyekb\u0151l kider\u00fcl, hogy az adott magn\u00e9zium t\u00edpus j\u00f3l toler\u00e1lhat\u00f3-e a szervezet\u00fcnk sz\u00e1m\u00e1ra, nem okoz-e hasmen\u00e9st \u00e9s olyan form\u00e1ban van-e jelen, ami hat\u00e9kony felsz\u00edv\u00f3d\u00e1st eredm\u00e9nyez, mint a kel\u00e1tos k\u00f6t\u00e9s\u0171 magn\u00e9zium-glicin\u00e1t.<\/span><\/p>\n<h4><b>Milyen \u00e9teleket \u00e9rdemes fogyasztani, amelyek magas magn\u00e9zium tartalommal rendelkeznek?\u00a0<\/b><\/h4>\n<ul>\n<li style=\"font-weight: 400;\"><span style=\"font-weight: 400;\">leveles z\u00f6lds\u00e9gek<\/span><\/li>\n<li style=\"font-weight: 400;\"><span style=\"font-weight: 400;\">avok\u00e1d\u00f3<\/span><\/li>\n<li style=\"font-weight: 400;\"><span style=\"font-weight: 400;\">\u00e9tcsokol\u00e1d\u00e9<\/span><\/li>\n<li style=\"font-weight: 400;\"><span style=\"font-weight: 400;\">h\u00fcvelyesek<\/span><\/li>\n<li style=\"font-weight: 400;\"><span style=\"font-weight: 400;\">teljes ki\u0151rl\u00e9s\u0171 gabon\u00e1k<\/span><\/li>\n<li style=\"font-weight: 400;\"><span style=\"font-weight: 400;\">di\u00f3f\u00e9l\u00e9k<\/span><\/li>\n<li style=\"font-weight: 400;\"><span style=\"font-weight: 400;\">Magvak<\/span><\/li>\n<\/ul>\n<h4><b>A magn\u00e9zium-hi\u00e1ny jelei lehetnek:<\/b><\/h4>\n<ul>\n<li style=\"font-weight: 400;\"><span style=\"font-weight: 400;\">Izomg\u00f6rcs\u00f6k<\/span><\/li>\n<li style=\"font-weight: 400;\"><span style=\"font-weight: 400;\">Koncentr\u00e1ci\u00f3s probl\u00e9m\u00e1k<\/span><\/li>\n<li style=\"font-weight: 400;\"><span style=\"font-weight: 400;\">\u00c1lmatlans\u00e1g<\/span><\/li>\n<li style=\"font-weight: 400;\"><span style=\"font-weight: 400;\">Gyakori hangulatv\u00e1ltoz\u00e1sok<\/span><\/li>\n<li style=\"font-weight: 400;\"><span style=\"font-weight: 400;\">Kimer\u00fclts\u00e9g &#8211; f\u00fcggetlen\u00fcl az alv\u00e1s mennyis\u00e9g\u00e9t\u0151l<\/span><\/li>\n<\/ul>\n<h3><b>Mennyi magn\u00e9ziumot kellene naponta fogyasztani?<\/b><\/h3>\n<p><span style=\"font-weight: 400;\">Sajnos erre a k\u00e9rd\u00e9sre nincsen egy\u00e9rtelm\u0171 v\u00e1lasz, hiszen sz\u00e1mos t\u00e9nyez\u0151 befoly\u00e1solja azt, hogy mennyi magn\u00e9ziumra van valakinek sz\u00fcks\u00e9ge. Ilyen p\u00e9ld\u00e1ul a nem, az \u00e9tkez\u00e9s \u00e9s t\u00e1panyagbevitel min\u0151s\u00e9ge, az eg\u00e9szs\u00e9g\u00fcgyi probl\u00e9m\u00e1k megl\u00e9te, vagy a napi fizikai aktivit\u00e1s mennyis\u00e9ge. Feln\u0151ttek sz\u00e1m\u00e1ra aj\u00e1nlott napi vitamin \u00e9s \u00e1sv\u00e1nyi anyag beviteli referencia \u00e9rt\u00e9kek (NRV) alapj\u00e1n napi 375 mg magn\u00e9ziumr\u00f3l sz\u00fcks\u00e9ges gondoskodni.<\/span><\/p>\n<\/div>\n<p>&nbsp;<\/p>\n<p><strong>Fontos megjegyz\u00e9s:<\/strong> Az oldalon tal\u00e1lhat\u00f3 inform\u00e1ci\u00f3k \u00e9s \u00e1ll\u00edt\u00e1sok csup\u00e1n \u00e1ltal\u00e1nos t\u00e1j\u00e9koztat\u00e1sul szolg\u00e1lnak a term\u00e9keink \u00f6sszetev\u0151ivel kapcsolatban. Az USA Medical term\u00e9kei nem min\u0151s\u00fclnek gy\u00f3gyszernek, \u00e9s az inform\u00e1ci\u00f3k nem helyettes\u00edtik az orvosi tan\u00e1csad\u00e1st vagy kezel\u00e9st. A k\u00f6z\u00f6lt \u00e1ll\u00edt\u00e1sok nem a konkr\u00e9t term\u00e9kre vonatkoznak, hanem a tudom\u00e1nyos \u00e9s szakirodalmi forr\u00e1sokban tal\u00e1lhat\u00f3 ismereteket \u00f6sszegzik. Az inform\u00e1ci\u00f3k nem \u00e9rtelmezhet\u0151k szem\u00e9lyre szabott eg\u00e9szs\u00e9g\u00fcgyi javaslatk\u00e9nt, \u00e9s nem szolg\u00e1lnak konkr\u00e9t t\u00fcnetek kezel\u00e9s\u00e9re vonatkoz\u00f3 tan\u00e1csk\u00e9nt. B\u00e1rmilyen eg\u00e9szs\u00e9gi probl\u00e9m\u00e1val kapcsolatban k\u00e9rj\u00fck, forduljon szakorvoshoz vagy gy\u00f3gyszer\u00e9szhez!<\/p>\n","protected":false},"excerpt":{"rendered":"<div id=\"product_desc\" class=\"elementor-element elementor-element-dca84d2 elementor-widget elementor-widget-woocommerce-product-short-description\" data-id=\"dca84d2\" data-element_type=\"widget\" data-widget_type=\"woocommerce-product-short-description.default\">\n<div class=\"elementor-widget-container\">\n<div class=\"woocommerce-product-details__short-description\">\n<div>\n<p>Kiv\u00e1l\u00f3an hasznosul\u00f3 magn\u00e9zium-glicin\u00e1t tartalm\u00fa kapszul\u00e1s k\u00e9sz\u00edtm\u00e9ny, mely kiz\u00e1r\u00f3lag tiszta \u00e9s \u00e9rt\u00e9kes \u201efully reacted\u201d form\u00e1ban tartalmazza a magn\u00e9zium-glicin\u00e1tot, adal\u00e9kanyagmentesen \u00e9s hozz\u00e1adott szervetlen magn\u00e9zium, p\u00e9ld\u00e1ul magn\u00e9zium-oxid n\u00e9lk\u00fcl!\u00a0<strong>Glut\u00e9n mentes!<\/strong><\/p>\n<\/div>\n<div><strong>\u00c9trend-kieg\u00e9sz\u00edt\u0151 kapszula<br \/>\nOGY\u00c9I Notifik\u00e1ci\u00f3s sz\u00e1m \u2013\u00a0<\/strong>37532\/2025<\/div>\n<div><strong>Kiszerel\u00e9s:<\/strong>\u00a0 60 db<\/div>\n<div><strong>Sz\u00e1rmaz\u00e1si orsz\u00e1g:<\/strong> EU<\/div>\n<\/div>\n<\/div>\n<\/div>\n<div class=\"elementor-element elementor-element-9362874 elementor-icon-list--layout-traditional elementor-list-item-link-full_width elementor-widget elementor-widget-icon-list\" data-id=\"9362874\" data-element_type=\"widget\" data-widget_type=\"icon-list.default\">\n<div class=\"elementor-widget-container\">\n<ul class=\"elementor-icon-list-items\">\n<li class=\"elementor-icon-list-item\"><span class=\"elementor-icon-list-text\">Magyar-amerikai fejleszt\u00e9s<\/span><\/li>\n<li class=\"elementor-icon-list-item\"><span class=\"elementor-icon-list-text\">GMP \u00e9s HACCP szabv\u00e1ny szerint gy\u00e1rtva<\/span><\/li>\n<li class=\"elementor-icon-list-item\"><span class=\"elementor-icon-list-text\">Val\u00f3s magyarorsz\u00e1gi rakt\u00e1rk\u00e9szletr\u0151l<\/span><\/li>\n<\/ul>\n<p><img decoding=\"async\" class=\"alignnone size-full wp-image-826\" src=\"https:\/\/herbalkincsei.hu\/wp-content\/uploads\/2024\/03\/hand-holding-heart-solid.svg\" alt=\"\" \/>\u00a0 Term\u00e9keink gondosan v\u00e1logatott alapanyagokb\u00f3l k\u00e9sz\u00fclnek.<\/p>\n<p><img decoding=\"async\" class=\"alignnone size-full wp-image-825\" src=\"https:\/\/herbalkincsei.hu\/wp-content\/uploads\/2024\/03\/star-solid.svg\" alt=\"\" \/>\u00a0 \u00a0A term\u00e9kekre hazai garanci\u00e1t \u00e9s term\u00e9k szolg\u00e1ltat\u00e1st biztos\u00edtunk.<\/p>\n<p><img decoding=\"async\" class=\"alignnone size-full wp-image-823\" src=\"https:\/\/herbalkincsei.hu\/wp-content\/uploads\/2024\/03\/user-lock-solid.svg\" alt=\"\" \/>\u00a0Biztons\u00e1gos v\u00e9dett fizet\u00e9s.<\/p>\n<p><img decoding=\"async\" class=\"alignnone size-full wp-image-824\" src=\"https:\/\/herbalkincsei.hu\/wp-content\/uploads\/2024\/03\/truck-fast-solid.svg\" alt=\"\" \/>\u00a0Gyors kiszolg\u00e1l\u00e1s<\/p>\n<\/div>\n<\/div>\n","protected":false},"featured_media":523,"comment_status":"closed","ping_status":"closed","template":"","meta":[],"product_brand":[223],"product_cat":[181,172,188,19,171,173],"product_tag":[],"class_list":{"0":"post-618","1":"product","2":"type-product","3":"status-publish","4":"has-post-thumbnail","6":"product_brand-usamedical","7":"product_cat-csont-es-porc","8":"product_cat-etrend-kiegeszitok","9":"product_cat-izom-es-eronlet","10":"product_cat-minden-termek","11":"product_cat-usamedical","12":"product_cat-vitaminok-es-asvanyi-anyagok-etrend-kiegeszitok","13":"product_shipping_class-hu","15":"first","16":"instock","17":"purchasable","18":"product-type-simple","19":"add-to-wishlist-before_image","20":"customify-col","21":"product-has-gallery"},"yoast_head":"<!-- This site is optimized with the Yoast SEO plugin v27.4 - https:\/\/yoast.com\/product\/yoast-seo-wordpress\/ -->\n<title>Magn\u00e9zium biszglicin\u00e1t kapszula 60 db - Herb\u00e1lkincsei<\/title>\n<meta name=\"description\" content=\"A magn\u00e9zium hozz\u00e1j\u00e1rul az idegrendszer megfelel\u0151 m\u0171k\u00f6d\u00e9s\u00e9hez \u00e9s a norm\u00e1l pszichol\u00f3giai funkci\u00f3 fenntart\u00e1s\u00e1hoz.R\u00e9szt vesz a norm\u00e1l csontozat fenntart\u00e1s\u00e1ban, hozz\u00e1j\u00e1rul a norm\u00e1l izomm\u0171k\u00f6d\u00e9shez, a f\u00e1radts\u00e1g \u00e9s a kif\u00e1rad\u00e1s cs\u00f6kkent\u00e9s\u00e9hez.\" \/>\n<meta name=\"robots\" content=\"index, follow, max-snippet:-1, max-image-preview:large, max-video-preview:-1\" \/>\n<link rel=\"canonical\" href=\"https:\/\/herbalkincsei.hu\/index.php\/termek\/import-placeholder-for-850\/\" \/>\n<meta property=\"og:locale\" content=\"hu_HU\" \/>\n<meta property=\"og:type\" content=\"article\" \/>\n<meta property=\"og:title\" content=\"Magn\u00e9zium biszglicin\u00e1t kapszula 60 db - Herb\u00e1lkincsei\" \/>\n<meta property=\"og:description\" content=\"A magn\u00e9zium hozz\u00e1j\u00e1rul az idegrendszer megfelel\u0151 m\u0171k\u00f6d\u00e9s\u00e9hez \u00e9s a norm\u00e1l pszichol\u00f3giai funkci\u00f3 fenntart\u00e1s\u00e1hoz.R\u00e9szt vesz a norm\u00e1l csontozat fenntart\u00e1s\u00e1ban, hozz\u00e1j\u00e1rul a norm\u00e1l izomm\u0171k\u00f6d\u00e9shez, a f\u00e1radts\u00e1g \u00e9s a kif\u00e1rad\u00e1s cs\u00f6kkent\u00e9s\u00e9hez.\" \/>\n<meta property=\"og:url\" content=\"https:\/\/herbalkincsei.hu\/index.php\/termek\/import-placeholder-for-850\/\" \/>\n<meta property=\"og:site_name\" content=\"Herb\u00e1lkincsei\" \/>\n<meta property=\"article:modified_time\" content=\"2025-12-07T18:26:54+00:00\" \/>\n<meta property=\"og:image\" content=\"https:\/\/herbalkincsei.hu\/wp-content\/uploads\/2024\/03\/1303202465f1d22b4bad5.png?wsr\" \/>\n\t<meta property=\"og:image:width\" content=\"800\" \/>\n\t<meta property=\"og:image:height\" content=\"960\" \/>\n\t<meta property=\"og:image:type\" content=\"image\/png\" \/>\n<meta name=\"twitter:card\" content=\"summary_large_image\" \/>\n<meta name=\"twitter:label1\" content=\"Becs\u00fclt olvas\u00e1si id\u0151\" \/>\n\t<meta name=\"twitter:data1\" content=\"4 perc\" \/>\n<script type=\"application\/ld+json\" class=\"yoast-schema-graph\">{\"@context\":\"https:\\\/\\\/schema.org\",\"@graph\":[{\"@type\":\"WebPage\",\"@id\":\"https:\\\/\\\/herbalkincsei.hu\\\/index.php\\\/termek\\\/import-placeholder-for-850\\\/\",\"url\":\"https:\\\/\\\/herbalkincsei.hu\\\/index.php\\\/termek\\\/import-placeholder-for-850\\\/\",\"name\":\"Magn\u00e9zium biszglicin\u00e1t kapszula 60 db - Herb\u00e1lkincsei\",\"isPartOf\":{\"@id\":\"https:\\\/\\\/herbalkincsei.hu\\\/#website\"},\"primaryImageOfPage\":{\"@id\":\"https:\\\/\\\/herbalkincsei.hu\\\/index.php\\\/termek\\\/import-placeholder-for-850\\\/#primaryimage\"},\"image\":{\"@id\":\"https:\\\/\\\/herbalkincsei.hu\\\/index.php\\\/termek\\\/import-placeholder-for-850\\\/#primaryimage\"},\"thumbnailUrl\":\"https:\\\/\\\/herbalkincsei.hu\\\/wp-content\\\/uploads\\\/2024\\\/03\\\/1303202465f1d22b4bad5.png?wsr\",\"datePublished\":\"2024-03-14T11:11:09+00:00\",\"dateModified\":\"2025-12-07T18:26:54+00:00\",\"description\":\"A magn\u00e9zium hozz\u00e1j\u00e1rul az idegrendszer megfelel\u0151 m\u0171k\u00f6d\u00e9s\u00e9hez \u00e9s a norm\u00e1l pszichol\u00f3giai funkci\u00f3 fenntart\u00e1s\u00e1hoz.R\u00e9szt vesz a norm\u00e1l csontozat fenntart\u00e1s\u00e1ban, hozz\u00e1j\u00e1rul a norm\u00e1l izomm\u0171k\u00f6d\u00e9shez, a f\u00e1radts\u00e1g \u00e9s a kif\u00e1rad\u00e1s cs\u00f6kkent\u00e9s\u00e9hez.\",\"breadcrumb\":{\"@id\":\"https:\\\/\\\/herbalkincsei.hu\\\/index.php\\\/termek\\\/import-placeholder-for-850\\\/#breadcrumb\"},\"inLanguage\":\"hu\",\"potentialAction\":[{\"@type\":\"ReadAction\",\"target\":[\"https:\\\/\\\/herbalkincsei.hu\\\/index.php\\\/termek\\\/import-placeholder-for-850\\\/\"]}]},{\"@type\":\"ImageObject\",\"inLanguage\":\"hu\",\"@id\":\"https:\\\/\\\/herbalkincsei.hu\\\/index.php\\\/termek\\\/import-placeholder-for-850\\\/#primaryimage\",\"url\":\"https:\\\/\\\/herbalkincsei.hu\\\/wp-content\\\/uploads\\\/2024\\\/03\\\/1303202465f1d22b4bad5.png?wsr\",\"contentUrl\":\"https:\\\/\\\/herbalkincsei.hu\\\/wp-content\\\/uploads\\\/2024\\\/03\\\/1303202465f1d22b4bad5.png?wsr\",\"width\":800,\"height\":960},{\"@type\":\"BreadcrumbList\",\"@id\":\"https:\\\/\\\/herbalkincsei.hu\\\/index.php\\\/termek\\\/import-placeholder-for-850\\\/#breadcrumb\",\"itemListElement\":[{\"@type\":\"ListItem\",\"position\":1,\"name\":\"Kezd\u0151lap\",\"item\":\"https:\\\/\\\/herbalkincsei.hu\\\/\"},{\"@type\":\"ListItem\",\"position\":2,\"name\":\"\u00dczlet\",\"item\":\"https:\\\/\\\/herbalkincsei.hu\\\/index.php\\\/uzlet\\\/\"},{\"@type\":\"ListItem\",\"position\":3,\"name\":\"Magn\u00e9zium biszglicin\u00e1t kapszula 60 db\"}]},{\"@type\":\"WebSite\",\"@id\":\"https:\\\/\\\/herbalkincsei.hu\\\/#website\",\"url\":\"https:\\\/\\\/herbalkincsei.hu\\\/\",\"name\":\"herbalkincsei.hu\",\"description\":\"Ahol az eg\u00e9szs\u00e9g a c\u00e9l.\",\"publisher\":{\"@id\":\"https:\\\/\\\/herbalkincsei.hu\\\/#organization\"},\"potentialAction\":[{\"@type\":\"SearchAction\",\"target\":{\"@type\":\"EntryPoint\",\"urlTemplate\":\"https:\\\/\\\/herbalkincsei.hu\\\/?s={search_term_string}\"},\"query-input\":{\"@type\":\"PropertyValueSpecification\",\"valueRequired\":true,\"valueName\":\"search_term_string\"}}],\"inLanguage\":\"hu\"},{\"@type\":\"Organization\",\"@id\":\"https:\\\/\\\/herbalkincsei.hu\\\/#organization\",\"name\":\"Herb\u00e1lkincsei\",\"url\":\"https:\\\/\\\/herbalkincsei.hu\\\/\",\"logo\":{\"@type\":\"ImageObject\",\"inLanguage\":\"hu\",\"@id\":\"https:\\\/\\\/herbalkincsei.hu\\\/#\\\/schema\\\/logo\\\/image\\\/\",\"url\":\"https:\\\/\\\/herbalkincsei.hu\\\/wp-content\\\/uploads\\\/2024\\\/02\\\/cropped-Green-Leaf-Aromatherapy-Logo-400-\u00d7-135-keppont.png?wsr\",\"contentUrl\":\"https:\\\/\\\/herbalkincsei.hu\\\/wp-content\\\/uploads\\\/2024\\\/02\\\/cropped-Green-Leaf-Aromatherapy-Logo-400-\u00d7-135-keppont.png?wsr\",\"width\":400,\"height\":135,\"caption\":\"Herb\u00e1lkincsei\"},\"image\":{\"@id\":\"https:\\\/\\\/herbalkincsei.hu\\\/#\\\/schema\\\/logo\\\/image\\\/\"}}]}<\/script>\n<!-- \/ Yoast SEO plugin. -->","yoast_head_json":{"title":"Magn\u00e9zium biszglicin\u00e1t kapszula 60 db - Herb\u00e1lkincsei","description":"A magn\u00e9zium hozz\u00e1j\u00e1rul az idegrendszer megfelel\u0151 m\u0171k\u00f6d\u00e9s\u00e9hez \u00e9s a norm\u00e1l pszichol\u00f3giai funkci\u00f3 fenntart\u00e1s\u00e1hoz.R\u00e9szt vesz a norm\u00e1l csontozat fenntart\u00e1s\u00e1ban, hozz\u00e1j\u00e1rul a norm\u00e1l izomm\u0171k\u00f6d\u00e9shez, a f\u00e1radts\u00e1g \u00e9s a kif\u00e1rad\u00e1s cs\u00f6kkent\u00e9s\u00e9hez.","robots":{"index":"index","follow":"follow","max-snippet":"max-snippet:-1","max-image-preview":"max-image-preview:large","max-video-preview":"max-video-preview:-1"},"canonical":"https:\/\/herbalkincsei.hu\/index.php\/termek\/import-placeholder-for-850\/","og_locale":"hu_HU","og_type":"article","og_title":"Magn\u00e9zium biszglicin\u00e1t kapszula 60 db - Herb\u00e1lkincsei","og_description":"A magn\u00e9zium hozz\u00e1j\u00e1rul az idegrendszer megfelel\u0151 m\u0171k\u00f6d\u00e9s\u00e9hez \u00e9s a norm\u00e1l pszichol\u00f3giai funkci\u00f3 fenntart\u00e1s\u00e1hoz.R\u00e9szt vesz a norm\u00e1l csontozat fenntart\u00e1s\u00e1ban, hozz\u00e1j\u00e1rul a norm\u00e1l izomm\u0171k\u00f6d\u00e9shez, a f\u00e1radts\u00e1g \u00e9s a kif\u00e1rad\u00e1s cs\u00f6kkent\u00e9s\u00e9hez.","og_url":"https:\/\/herbalkincsei.hu\/index.php\/termek\/import-placeholder-for-850\/","og_site_name":"Herb\u00e1lkincsei","article_modified_time":"2025-12-07T18:26:54+00:00","og_image":[{"width":800,"height":960,"url":"https:\/\/herbalkincsei.hu\/wp-content\/uploads\/2024\/03\/1303202465f1d22b4bad5.png?wsr","type":"image\/png"}],"twitter_card":"summary_large_image","twitter_misc":{"Becs\u00fclt olvas\u00e1si id\u0151":"4 perc"},"schema":{"@context":"https:\/\/schema.org","@graph":[{"@type":"WebPage","@id":"https:\/\/herbalkincsei.hu\/index.php\/termek\/import-placeholder-for-850\/","url":"https:\/\/herbalkincsei.hu\/index.php\/termek\/import-placeholder-for-850\/","name":"Magn\u00e9zium biszglicin\u00e1t kapszula 60 db - Herb\u00e1lkincsei","isPartOf":{"@id":"https:\/\/herbalkincsei.hu\/#website"},"primaryImageOfPage":{"@id":"https:\/\/herbalkincsei.hu\/index.php\/termek\/import-placeholder-for-850\/#primaryimage"},"image":{"@id":"https:\/\/herbalkincsei.hu\/index.php\/termek\/import-placeholder-for-850\/#primaryimage"},"thumbnailUrl":"https:\/\/herbalkincsei.hu\/wp-content\/uploads\/2024\/03\/1303202465f1d22b4bad5.png?wsr","datePublished":"2024-03-14T11:11:09+00:00","dateModified":"2025-12-07T18:26:54+00:00","description":"A magn\u00e9zium hozz\u00e1j\u00e1rul az idegrendszer megfelel\u0151 m\u0171k\u00f6d\u00e9s\u00e9hez \u00e9s a norm\u00e1l pszichol\u00f3giai funkci\u00f3 fenntart\u00e1s\u00e1hoz.R\u00e9szt vesz a norm\u00e1l csontozat fenntart\u00e1s\u00e1ban, hozz\u00e1j\u00e1rul a norm\u00e1l izomm\u0171k\u00f6d\u00e9shez, a f\u00e1radts\u00e1g \u00e9s a kif\u00e1rad\u00e1s cs\u00f6kkent\u00e9s\u00e9hez.","breadcrumb":{"@id":"https:\/\/herbalkincsei.hu\/index.php\/termek\/import-placeholder-for-850\/#breadcrumb"},"inLanguage":"hu","potentialAction":[{"@type":"ReadAction","target":["https:\/\/herbalkincsei.hu\/index.php\/termek\/import-placeholder-for-850\/"]}]},{"@type":"ImageObject","inLanguage":"hu","@id":"https:\/\/herbalkincsei.hu\/index.php\/termek\/import-placeholder-for-850\/#primaryimage","url":"https:\/\/herbalkincsei.hu\/wp-content\/uploads\/2024\/03\/1303202465f1d22b4bad5.png?wsr","contentUrl":"https:\/\/herbalkincsei.hu\/wp-content\/uploads\/2024\/03\/1303202465f1d22b4bad5.png?wsr","width":800,"height":960},{"@type":"BreadcrumbList","@id":"https:\/\/herbalkincsei.hu\/index.php\/termek\/import-placeholder-for-850\/#breadcrumb","itemListElement":[{"@type":"ListItem","position":1,"name":"Kezd\u0151lap","item":"https:\/\/herbalkincsei.hu\/"},{"@type":"ListItem","position":2,"name":"\u00dczlet","item":"https:\/\/herbalkincsei.hu\/index.php\/uzlet\/"},{"@type":"ListItem","position":3,"name":"Magn\u00e9zium biszglicin\u00e1t kapszula 60 db"}]},{"@type":"WebSite","@id":"https:\/\/herbalkincsei.hu\/#website","url":"https:\/\/herbalkincsei.hu\/","name":"herbalkincsei.hu","description":"Ahol az eg\u00e9szs\u00e9g a c\u00e9l.","publisher":{"@id":"https:\/\/herbalkincsei.hu\/#organization"},"potentialAction":[{"@type":"SearchAction","target":{"@type":"EntryPoint","urlTemplate":"https:\/\/herbalkincsei.hu\/?s={search_term_string}"},"query-input":{"@type":"PropertyValueSpecification","valueRequired":true,"valueName":"search_term_string"}}],"inLanguage":"hu"},{"@type":"Organization","@id":"https:\/\/herbalkincsei.hu\/#organization","name":"Herb\u00e1lkincsei","url":"https:\/\/herbalkincsei.hu\/","logo":{"@type":"ImageObject","inLanguage":"hu","@id":"https:\/\/herbalkincsei.hu\/#\/schema\/logo\/image\/","url":"https:\/\/herbalkincsei.hu\/wp-content\/uploads\/2024\/02\/cropped-Green-Leaf-Aromatherapy-Logo-400-\u00d7-135-keppont.png?wsr","contentUrl":"https:\/\/herbalkincsei.hu\/wp-content\/uploads\/2024\/02\/cropped-Green-Leaf-Aromatherapy-Logo-400-\u00d7-135-keppont.png?wsr","width":400,"height":135,"caption":"Herb\u00e1lkincsei"},"image":{"@id":"https:\/\/herbalkincsei.hu\/#\/schema\/logo\/image\/"}}]}},"_links":{"self":[{"href":"https:\/\/herbalkincsei.hu\/index.php\/wp-json\/wp\/v2\/product\/618","targetHints":{"allow":["GET"]}}],"collection":[{"href":"https:\/\/herbalkincsei.hu\/index.php\/wp-json\/wp\/v2\/product"}],"about":[{"href":"https:\/\/herbalkincsei.hu\/index.php\/wp-json\/wp\/v2\/types\/product"}],"replies":[{"embeddable":true,"href":"https:\/\/herbalkincsei.hu\/index.php\/wp-json\/wp\/v2\/comments?post=618"}],"wp:featuredmedia":[{"embeddable":true,"href":"https:\/\/herbalkincsei.hu\/index.php\/wp-json\/wp\/v2\/media\/523"}],"wp:attachment":[{"href":"https:\/\/herbalkincsei.hu\/index.php\/wp-json\/wp\/v2\/media?parent=618"}],"wp:term":[{"taxonomy":"product_brand","embeddable":true,"href":"https:\/\/herbalkincsei.hu\/index.php\/wp-json\/wp\/v2\/product_brand?post=618"},{"taxonomy":"product_cat","embeddable":true,"href":"https:\/\/herbalkincsei.hu\/index.php\/wp-json\/wp\/v2\/product_cat?post=618"},{"taxonomy":"product_tag","embeddable":true,"href":"https:\/\/herbalkincsei.hu\/index.php\/wp-json\/wp\/v2\/product_tag?post=618"}],"curies":[{"name":"wp","href":"https:\/\/api.w.org\/{rel}","templated":true}]}}