{"id":609,"date":"2024-03-14T12:11:08","date_gmt":"2024-03-14T11:11:08","guid":{"rendered":"https:\/\/herbalkincsei.hu\/?post_type=product&#038;p=609"},"modified":"2025-12-07T19:45:52","modified_gmt":"2025-12-07T18:45:52","slug":"import-placeholder-for-832","status":"publish","type":"product","link":"https:\/\/herbalkincsei.hu\/index.php\/termek\/import-placeholder-for-832\/","title":{"rendered":"Ginkgo Biloba kapszula ginzeng kivonattal 60 db"},"content":{"rendered":"<h2><span class=\"bluetxt\">USA medical Ginkgo biloba kapszula Ginzeng kivonattal<\/span><\/h2>\n<p>Az <strong>USA medical Ginkgo biloba<\/strong> kapszula Ginkgo biloba kivonatot \u00e9s ginkgo lev\u00e9lb\u0151l kinyert flavonokat tartalmaz, melyeket <strong>ginzeng<\/strong> kivonattal eg\u00e9sz\u00edtett\u00fcnk ki a jobb hat\u00e1s el\u00e9r\u00e9se \u00e9rdek\u00e9ben. Az USA medical Ginkgo biloba 60 db kapszul\u00e1t tartalmaz, ami 30 napi adag egy feln\u0151tt sz\u00e1m\u00e1ra.<\/p>\n<h4><b>Mi a Ginkgo biloba \u00e9s mire j\u00f3?<\/b><\/h4>\n<p>A <strong>Ginkgo biloba,<\/strong> m\u00e1s n\u00e9ven p\u00e1fr\u00e1nyfeny\u0151 vagy le\u00e1nyhaj, egy K\u00edn\u00e1ban \u0151shonos fa, amelyet \u00e9vezredek \u00f3ta termesztenek k\u00fcl\u00f6nb\u00f6z\u0151 felhaszn\u00e1l\u00e1si c\u00e9lokra. Mivel ez az egyetlen fennmaradt tagja ennek az \u0151si n\u00f6v\u00e9nyrendnek, n\u00e9ha \u00e9l\u0151 k\u00f6v\u00fcletnek is nevezik. A fa leveleit \u00e9s magvait gyakran haszn\u00e1lj\u00e1k a hagyom\u00e1nyos k\u00ednai orvosl\u00e1sban, a modern kutat\u00e1sok els\u0151sorban a ginkgo-kivonatra \u00f6sszpontos\u00edtanak, amelyet a levelekb\u0151l \u00e1ll\u00edtanak el\u0151.<br \/>\nA leveleket agyi \u00e9s kering\u00e9si probl\u00e9m\u00e1k, valamint l\u00e9gz\u0151szervi panaszok kezel\u00e9s\u00e9re haszn\u00e1lt\u00e1k. A ginkgo-di\u00f3t k\u00f6h\u00f6g\u00e9s, l\u00e1z, hasmen\u00e9s, fogf\u00e1j\u00e1s, s\u0151t gonorrhoea ellen is haszn\u00e1lt\u00e1k. Ma m\u00e1r f\u0151k\u00e9nt <strong>mem\u00f3riat\u00e1mogat\u00e1sra<\/strong> vagy agyi eg\u00e9szs\u00e9gre szolg\u00e1l\u00f3 kieg\u00e9sz\u00edt\u0151k\u00e9nt \u00e1rulj\u00e1k. A ginkgo tabletta, kapszula, kivonat \u00e9s tea form\u00e1j\u00e1ban kaphat\u00f3.<\/p>\n<ul>\n<li style=\"list-style-type: none;\">\n<ul>\n<li><strong>Kiemelked\u0151 antioxid\u00e1ns tartalom<\/strong><\/li>\n<\/ul>\n<\/li>\n<\/ul>\n<p>A gyullad\u00e1scs\u00f6kkent\u0151 \u00e9s v\u00e9r\u00e1raml\u00e1st fokoz\u00f3 k\u00e9pess\u00e9ge mellett a ginkgo er\u0151s antioxid\u00e1ns hat\u00e1sa is felel\u0151s sz\u00e1mos eg\u00e9szs\u00e9g\u00fcgyi el\u0151ny\u00e9\u00e9rt. A Ginkgo bilob\u00e1ban tal\u00e1lhat\u00f3 antioxid\u00e1nsok potenci\u00e1lisan jav\u00edthatj\u00e1k a szorong\u00e1st, valamint v\u00e9delmet ny\u00fajthatnak a neurodegenerat\u00edv betegs\u00e9gekkel szemben. Az antioxid\u00e1nsok \u00fagy m\u0171k\u00f6dnek, hogy semleges\u00edtik a szabad gy\u00f6k\u00f6ket, amelyek a k\u00f6rnyezetb\u0151l vagy a norm\u00e1l anyagcsere-funkci\u00f3k eredm\u00e9nyek\u00e9nt ker\u00fclnek a szervezetbe. A szabad gy\u00f6k\u00f6k \u00e1ltal okozott oxidat\u00edv k\u00e1rosod\u00e1s megel\u0151z\u00e9s\u00e9vel az antioxid\u00e1nsok v\u00e9delmet ny\u00fajtanak a sejt- \u00e9s DNS-k\u00e1rosod\u00e1s ellen, \u00edgy v\u00e9denek a kr\u00f3nikus betegs\u00e9gek ellen is.<\/p>\n<ul>\n<li style=\"list-style-type: none;\">\n<ul>\n<li><strong>Seg\u00edthet a szorong\u00e1s enyh\u00edt\u00e9s\u00e9ben<\/strong><\/li>\n<\/ul>\n<\/li>\n<\/ul>\n<p>Egy 4 hetes vizsg\u00e1latban 107 generaliz\u00e1lt szorong\u00e1sos zavarban szenved\u0151 emberen napi 480 mg Ginkgo biloba jelent\u0151sen jav\u00edtotta a t\u00fcneteket a placeb\u00f3hoz k\u00e9pest. Egy m\u00e1sik tanulm\u00e1ny szerint ezek az eredm\u00e9nyek a ginkgo gamma-aminovajsav (GABA) receptorokat modul\u00e1l\u00f3 k\u00e9pess\u00e9g\u00e9b\u0151l erednek.<\/p>\n<ul>\n<li style=\"list-style-type: none;\">\n<ul>\n<li><strong>T\u00e1mogathatja a sz\u00edv eg\u00e9szs\u00e9g\u00e9t<\/strong><\/li>\n<\/ul>\n<\/li>\n<\/ul>\n<p>A ginkgo sz\u00e1mos el\u0151nye a v\u00e9rkering\u00e9s fokoz\u00e1s\u00e1ra val\u00f3 k\u00e9pess\u00e9g\u00e9b\u0151l ered. A Phytotherapy Research c\u00edm\u0171 szaklapban k\u00f6zz\u00e9tett tanulm\u00e1nyban a Ginkgo bilob\u00e1t kap\u00f3 r\u00e9sztvev\u0151kn\u00e9l azonnal megn\u0151tt a v\u00e9r\u00e1raml\u00e1s \u00e9s 12%-kal n\u0151tt a nitrog\u00e9n-oxid szintje. A nitrog\u00e9n-oxid l\u00e9tfontoss\u00e1g\u00fa a sz\u00edv eg\u00e9szs\u00e9ge szempontj\u00e1b\u00f3l, mivel seg\u00edt az erek t\u00e1g\u00edt\u00e1s\u00e1ban. Egy m\u00e1sik vizsg\u00e1latban eg\u00e9szs\u00e9ges, id\u0151sebb feln\u0151ttekn\u00e9l a Ginkgo biloba hat\u00e1s\u00e1ra megn\u00f6vekedett a v\u00e9r\u00e1raml\u00e1s \u00e9s t\u00e1gultak az erek, ami arra utal, hogy seg\u00edthet cs\u00f6kkenteni a sz\u00edvbetegs\u00e9g kialakul\u00e1s\u00e1nak kock\u00e1zat\u00e1t az id\u0151sekn\u00e9l.<\/p>\n<ul>\n<li style=\"list-style-type: none;\">\n<ul>\n<li><strong>Cs\u00f6kkentheti a premenstru\u00e1ci\u00f3s szindr\u00f3ma (PMS) t\u00fcneteit<\/strong><\/li>\n<\/ul>\n<\/li>\n<\/ul>\n<p>A Ginkgo biloba a vizsg\u00e1latok szerint jav\u00edtja a PMS t\u00fcneteit a n\u0151kn\u00e9l. Egy vizsg\u00e1latban, amelyben 165 n\u0151t vizsg\u00e1ltak h\u00e1rom menstru\u00e1ci\u00f3s cikluson kereszt\u00fcl, a Ginkgo biloba cs\u00f6kkentette a mell \u00e9rz\u00e9kenys\u00e9g\u00e9t \u00e9s f\u00e1jdalm\u00e1t, valamint a neuropszichol\u00f3giai t\u00fcneteket. Egy m\u00e1sik vizsg\u00e1latban, amelyben mind\u00f6ssze k\u00e9t egym\u00e1st k\u00f6vet\u0151 ciklust vizsg\u00e1ltak, azt tal\u00e1lt\u00e1k, hogy 40 mg Ginkgo biloba lev\u00e9lkivonat a placeb\u00f3n\u00e1l jobban jav\u00edtotta a PMS t\u00fcneteit, bele\u00e9rtve a fizikai \u00e9s pszichol\u00f3giai t\u00fcneteket is.<\/p>\n<p>&nbsp;<\/p>\n<h3><b>A ginzeng j\u00f3t\u00e9kony hat\u00e1sai<\/b><\/h3>\n<p>A <strong>ginzeng<\/strong> egy <strong>antioxid\u00e1nsokban gazdag<\/strong> gy\u00f3gyn\u00f6v\u00e9ny a ginkgo bilob\u00e1hoz hasonl\u00f3an. A kutat\u00e1sok szerint t\u00f6bbek k\u00f6z\u00f6tt el\u0151ny\u00f6s lehet az agy eg\u00e9szs\u00e9g\u00e9re, az immunrendszer m\u0171k\u00f6d\u00e9s\u00e9re, a v\u00e9rcukorszint szab\u00e1lyoz\u00e1s\u00e1ra. Ezen tulajdons\u00e1gai miatt m\u00e1r \u00e9vsz\u00e1zadok \u00f3ta haszn\u00e1lj\u00e1k a hagyom\u00e1nyos k\u00ednai orvosl\u00e1sban.<br \/>\nA ginzeng k\u00e9t fontos vegy\u00fcletet tartalmaz: a ginzenozidokat \u00e9s a gintonint. Ezek a vegy\u00fcletek kieg\u00e9sz\u00edtik egym\u00e1st, \u00e9s t\u00f6bbek k\u00f6z\u00f6tt a n\u00f6v\u00e9ny ezeknek a vegy\u00fcleteknek k\u00f6sz\u00f6nheti az eg\u00e9szs\u00e9g\u00fcgyi hat\u00e1sait.<\/p>\n<ul>\n<li style=\"list-style-type: none;\">\n<ul>\n<li><strong>Cs\u00f6kkentheti a gyullad\u00e1st<\/strong><\/li>\n<\/ul>\n<\/li>\n<\/ul>\n<p>Vizsg\u00e1latok kimutatt\u00e1k, hogy a ginzeng-kivonatok \u00e9s a ginzenozid vegy\u00fcletek g\u00e1tolhatj\u00e1k a gyullad\u00e1st \u00e9s cs\u00f6kkenthetik a sejtek oxidat\u00edv k\u00e1rosod\u00e1s\u00e1t, ami hozz\u00e1j\u00e1rulhat a kr\u00f3nikus betegs\u00e9gek kialakul\u00e1s\u00e1hoz. Az oxidat\u00edv stressz hozz\u00e1j\u00e1rul a szervezet \u00f6reged\u00e9s\u00e9hez \u00e9s k\u00e1rosod\u00e1s\u00e1hoz, melyeket a sejtek munk\u00e1j\u00e1b\u00f3l felszabadul\u00f3, a k\u00f6rnyezet\u00fcnkb\u0151l, valamint a rohan\u00f3, stresszes \u00e9letvitel\u00fcnkb\u0151l fakad\u00f3 szabad gy\u00f6k\u00f6k okoznak.<br \/>\nEgy nagyobb, 2014-es vizsg\u00e1latban 71 poszt-menopauz\u00e1ban l\u00e9v\u0151 n\u0151t k\u00f6vettek, akik 12 h\u00e9ten kereszt\u00fcl naponta 3 gramm (g) v\u00f6r\u00f6s ginzenget vagy placeb\u00f3t szedtek. Ezt k\u00f6vet\u0151en megm\u00e9rt\u00e9k az antioxid\u00e1ns aktivit\u00e1st \u00e9s az oxidat\u00edv stressz markereket. Ezek alapj\u00e1n arra a k\u00f6vetkeztet\u00e9sre jutottak, hogy a v\u00f6r\u00f6s ginzeng az antioxid\u00e1ns enzimaktivit\u00e1s n\u00f6vel\u00e9s\u00e9vel seg\u00edthet az oxidat\u00edv stressz cs\u00f6kkent\u00e9s\u00e9ben.<\/p>\n<ul>\n<li style=\"list-style-type: none;\">\n<ul>\n<li><strong>Jav\u00edthatja az agym\u0171k\u00f6d\u00e9st<\/strong><\/li>\n<\/ul>\n<\/li>\n<\/ul>\n<p>B\u00e1r a ginzengnek sz\u00e1mos pozit\u00edv hat\u00e1sa van a szervezet\u00fcnkre, m\u00e9gis legink\u00e1bb az agym\u0171k\u00f6d\u00e9sre tett j\u00f3t\u00e9kony hat\u00e1s\u00e1r\u00f3l h\u00edres\u00fclt el az elm\u00falt \u00e9vekben, amit kutat\u00e1sok is al\u00e1t\u00e1masztottak.<br \/>\nEgy 6422 id\u0151sebb feln\u0151tt bevon\u00e1s\u00e1val v\u00e9gzett vizsg\u00e1lat meg\u00e1llap\u00edtotta, hogy a ginzeng legal\u00e1bb 5 \u00e9ven \u00e1t t\u00f6rt\u00e9n\u0151 rendszeres fogyaszt\u00e1sa \u00f6sszef\u00fcgg\u00e9sbe hozhat\u00f3 a k\u00e9s\u0151bbi kognit\u00edv funkci\u00f3k javul\u00e1s\u00e1val. 7 Ezen k\u00edv\u00fcl egy m\u00e1sik kis vizsg\u00e1lat azt i kimutatta, hogy 200 milligramm (mg) amerikai ginzeng szed\u00e9se 3 \u00f3ra eltelt\u00e9vel jelent\u0151sen jav\u00edtotta a mem\u00f3ri\u00e1t a placeb\u00f3hoz k\u00e9pest.<\/p>\n<ul>\n<li style=\"list-style-type: none;\">\n<ul>\n<li><strong>N\u00f6velheti az energia-szintet \u00e9s cs\u00f6kkentheti a f\u00e1radts\u00e1got<\/strong><\/li>\n<\/ul>\n<\/li>\n<\/ul>\n<p>A maca gy\u00f6k\u00e9rhez hasonl\u00f3an a ginzengnek is vannak ismert, energia-szintet n\u00f6vel\u0151 hat\u00e1sai, melyek n\u00e9pszer\u0171 term\u00e9szetes koffein alternat\u00edv\u00e1v\u00e1 teszik ezt a n\u00f6v\u00e9nyt.<br \/>\nEgy 10 vizsg\u00e1latot tartalmaz\u00f3 \u00e1ttekint\u00e9s arra a k\u00f6vetkeztet\u00e9sre jutott, hogy a ginzeng a placeb\u00f3hoz k\u00e9pest jelent\u0151sen jav\u00edthatja a kr\u00f3nikus f\u00e1radts\u00e1g szindr\u00f3ma t\u00fcneteit, ak\u00e1r m\u00e1r 15 nap ut\u00e1n is.<br \/>\nTov\u00e1bb\u00e1 egy t\u00f6bb mint 155 tanulm\u00e1nyt vizsg\u00e1l\u00f3 \u00e1ttekint\u00e9s azt vonta le, hogy a ginzeng-kieg\u00e9sz\u00edt\u0151k nemcsak a f\u00e1radts\u00e1got cs\u00f6kkenthetik, hanem a fizikai teljes\u00edtm\u00e9nyt is fokozhatj\u00e1k, ami szimpatikus lehet sportol\u00f3knak, \u00e9s azoknak, akik nagyobb fizikai terhel\u00e9snek vannak kit\u00e9ve a mindennapok sor\u00e1n.<\/p>\n<p>Az USA medical Ginkgo biloba 800 mg v\u00f6r\u00f6s Panax Ginzeng kivonatot tartalmaz 1 napi adagban.<\/p>\n<p>Forr\u00e1sok:<\/p>\n<p>https:\/\/link.springer.com\/article\/10.1007\/s13311-019-00767-8<\/p>\n<p>https:\/\/www.sciencedirect.com\/science\/article\/abs\/pii\/S0022395606001026?via%3Dihub<\/p>\n<p>https:\/\/onlinelibrary.wiley.com\/doi\/10.1002\/ptr.2335<\/p>\n<p>https:\/\/pubmed.ncbi.nlm.nih.gov\/8235261\/<\/p>\n<p>https:\/\/doi.org\/10.1089\/acm.2008.0493<\/p>\n<p>https:\/\/pubmed.ncbi.nlm.nih.gov\/24814037\/<\/p>\n<p>https:\/\/www.ncbi.nlm.nih.gov\/pmc\/articles\/PMC5968575\/<\/p>\n<p>https:\/\/pubmed.ncbi.nlm.nih.gov\/25778987\/<\/p>\n<p>https:\/\/www.liebertpub.com\/doi\/10.1089\/acm.2017.0361<\/p>\n<p>https:\/\/pubmed.ncbi.nlm.nih.gov\/27822924\/<\/p>\n<p>&nbsp;<\/p>\n<p><strong>Fontos megjegyz\u00e9s:<\/strong> Az oldalon tal\u00e1lhat\u00f3 inform\u00e1ci\u00f3k \u00e9s \u00e1ll\u00edt\u00e1sok csup\u00e1n \u00e1ltal\u00e1nos t\u00e1j\u00e9koztat\u00e1sul szolg\u00e1lnak a term\u00e9keink \u00f6sszetev\u0151ivel kapcsolatban. Az USA Medical term\u00e9kei nem min\u0151s\u00fclnek gy\u00f3gyszernek, \u00e9s az inform\u00e1ci\u00f3k nem helyettes\u00edtik az orvosi tan\u00e1csad\u00e1st vagy kezel\u00e9st. A k\u00f6z\u00f6lt \u00e1ll\u00edt\u00e1sok nem a konkr\u00e9t term\u00e9kre vonatkoznak, hanem a tudom\u00e1nyos \u00e9s szakirodalmi forr\u00e1sokban tal\u00e1lhat\u00f3 ismereteket \u00f6sszegzik. Az inform\u00e1ci\u00f3k nem \u00e9rtelmezhet\u0151k szem\u00e9lyre szabott eg\u00e9szs\u00e9g\u00fcgyi javaslatk\u00e9nt, \u00e9s nem szolg\u00e1lnak konkr\u00e9t t\u00fcnetek kezel\u00e9s\u00e9re vonatkoz\u00f3 tan\u00e1csk\u00e9nt. B\u00e1rmilyen eg\u00e9szs\u00e9gi probl\u00e9m\u00e1val kapcsolatban k\u00e9rj\u00fck, forduljon szakorvoshoz vagy gy\u00f3gyszer\u00e9szhez!<\/p>\n","protected":false},"excerpt":{"rendered":"<div id=\"product_desc\" class=\"elementor-element elementor-element-dca84d2 elementor-widget elementor-widget-woocommerce-product-short-description\" data-id=\"dca84d2\" data-element_type=\"widget\" data-widget_type=\"woocommerce-product-short-description.default\">\n<div class=\"elementor-widget-container\">\n<div class=\"woocommerce-product-details__short-description\">\n<p>A szellemi frissess\u00e9g \u00e9s a norm\u00e1l kering\u00e9si rendszer t\u00e1mogat\u00e1s\u00e1\u00e9rt! V\u00f6r\u00f6s ginzeng kivonat \u00e9s ginkgo biloba lev\u00e9l kivonat kombin\u00e1ci\u00f3j\u00e1t tartalmaz\u00f3 \u00e9trend-kieg\u00e9sz\u00edt\u0151 kapszula.<\/p>\n<p><strong>\u00c9trend-kieg\u00e9sz\u00edt\u0151 kapszula<\/strong><br \/>\n<strong>OGY\u00c9I Notifik\u00e1ci\u00f3s sz\u00e1m: <\/strong>33139\/2023<br \/>\n<strong>Kiszerel\u00e9s:<\/strong> 60 db<br \/>\n<strong>Sz\u00e1rmaz\u00e1si orsz\u00e1g:<\/strong> EU<br \/>\n<strong>Glut\u00e9n mentes!<\/strong><\/p>\n<\/div>\n<\/div>\n<\/div>\n<ul>\n<li class=\"elementor-icon-list-item\"><strong><span class=\"elementor-icon-list-text\">Magyar-amerikai fejleszt\u00e9s<\/span><\/strong><\/li>\n<li class=\"elementor-icon-list-item\"><strong><span class=\"elementor-icon-list-text\">GMP \u00e9s HACCP szabv\u00e1ny szerint gy\u00e1rtva<\/span><\/strong><\/li>\n<li class=\"elementor-icon-list-item\"><strong><span class=\"elementor-icon-list-text\">Val\u00f3s magyarorsz\u00e1gi rakt\u00e1rk\u00e9szletr\u0151l<\/span><\/strong><\/li>\n<\/ul>\n","protected":false},"featured_media":659,"comment_status":"closed","ping_status":"closed","template":"","meta":[],"product_brand":[223],"product_cat":[172,183,19,186,187,171],"product_tag":[],"class_list":{"0":"post-609","1":"product","2":"type-product","3":"status-publish","4":"has-post-thumbnail","6":"product_brand-usamedical","7":"product_cat-etrend-kiegeszitok","8":"product_cat-idegrendszer","9":"product_cat-minden-termek","10":"product_cat-novenyi-kivonatok","11":"product_cat-sziv-es-errendszer-etrend-kiegeszitok","12":"product_cat-usamedical","13":"product_shipping_class-hu","15":"first","16":"instock","17":"purchasable","18":"product-type-simple","19":"add-to-wishlist-before_image","20":"customify-col","21":"product-has-gallery"},"yoast_head":"<!-- This site is optimized with the Yoast SEO plugin v27.4 - https:\/\/yoast.com\/product\/yoast-seo-wordpress\/ -->\n<title>Ginkgo Biloba kapszula ginzeng kivonattal 60 db - Herb\u00e1lkincsei<\/title>\n<meta name=\"robots\" content=\"index, follow, max-snippet:-1, max-image-preview:large, max-video-preview:-1\" \/>\n<link rel=\"canonical\" href=\"https:\/\/herbalkincsei.hu\/index.php\/termek\/import-placeholder-for-832\/\" \/>\n<meta property=\"og:locale\" content=\"hu_HU\" \/>\n<meta property=\"og:type\" content=\"article\" \/>\n<meta property=\"og:title\" content=\"Ginkgo Biloba kapszula ginzeng kivonattal 60 db - Herb\u00e1lkincsei\" \/>\n<meta property=\"og:description\" content=\"A szellemi frissess\u00e9g \u00e9s a norm\u00e1l kering\u00e9si rendszer t\u00e1mogat\u00e1s\u00e1\u00e9rt! V\u00f6r\u00f6s ginzeng kivonat \u00e9s ginkgo biloba lev\u00e9l kivonat kombin\u00e1ci\u00f3j\u00e1t tartalmaz\u00f3 \u00e9trend-kieg\u00e9sz\u00edt\u0151 kapszula.  \u00c9trend-kieg\u00e9sz\u00edt\u0151 kapszula OGY\u00c9I Notifik\u00e1ci\u00f3s sz\u00e1m: 33139\/2023 Kiszerel\u00e9s: 60 db Sz\u00e1rmaz\u00e1si orsz\u00e1g: EU Glut\u00e9n mentes!       Magyar-amerikai fejleszt\u00e9s  GMP \u00e9s HACCP szabv\u00e1ny szerint gy\u00e1rtva  Val\u00f3s magyarorsz\u00e1gi rakt\u00e1rk\u00e9szletr\u0151l\" \/>\n<meta property=\"og:url\" content=\"https:\/\/herbalkincsei.hu\/index.php\/termek\/import-placeholder-for-832\/\" \/>\n<meta property=\"og:site_name\" content=\"Herb\u00e1lkincsei\" \/>\n<meta property=\"article:modified_time\" content=\"2025-12-07T18:45:52+00:00\" \/>\n<meta property=\"og:image\" content=\"https:\/\/herbalkincsei.hu\/wp-content\/uploads\/2024\/03\/2023_800x960_72_dpi_weboldalra_optimalizalt_ginkgo_biluba_011.png?wsr\" \/>\n\t<meta property=\"og:image:width\" content=\"800\" \/>\n\t<meta property=\"og:image:height\" content=\"960\" \/>\n\t<meta property=\"og:image:type\" content=\"image\/png\" \/>\n<meta name=\"twitter:card\" content=\"summary_large_image\" \/>\n<meta name=\"twitter:label1\" content=\"Becs\u00fclt olvas\u00e1si id\u0151\" \/>\n\t<meta name=\"twitter:data1\" content=\"5 perc\" \/>\n<script type=\"application\/ld+json\" class=\"yoast-schema-graph\">{\"@context\":\"https:\\\/\\\/schema.org\",\"@graph\":[{\"@type\":\"WebPage\",\"@id\":\"https:\\\/\\\/herbalkincsei.hu\\\/index.php\\\/termek\\\/import-placeholder-for-832\\\/\",\"url\":\"https:\\\/\\\/herbalkincsei.hu\\\/index.php\\\/termek\\\/import-placeholder-for-832\\\/\",\"name\":\"Ginkgo Biloba kapszula ginzeng kivonattal 60 db - Herb\u00e1lkincsei\",\"isPartOf\":{\"@id\":\"https:\\\/\\\/herbalkincsei.hu\\\/#website\"},\"primaryImageOfPage\":{\"@id\":\"https:\\\/\\\/herbalkincsei.hu\\\/index.php\\\/termek\\\/import-placeholder-for-832\\\/#primaryimage\"},\"image\":{\"@id\":\"https:\\\/\\\/herbalkincsei.hu\\\/index.php\\\/termek\\\/import-placeholder-for-832\\\/#primaryimage\"},\"thumbnailUrl\":\"https:\\\/\\\/herbalkincsei.hu\\\/wp-content\\\/uploads\\\/2024\\\/03\\\/2023_800x960_72_dpi_weboldalra_optimalizalt_ginkgo_biluba_011.png?wsr\",\"datePublished\":\"2024-03-14T11:11:08+00:00\",\"dateModified\":\"2025-12-07T18:45:52+00:00\",\"breadcrumb\":{\"@id\":\"https:\\\/\\\/herbalkincsei.hu\\\/index.php\\\/termek\\\/import-placeholder-for-832\\\/#breadcrumb\"},\"inLanguage\":\"hu\",\"potentialAction\":[{\"@type\":\"ReadAction\",\"target\":[\"https:\\\/\\\/herbalkincsei.hu\\\/index.php\\\/termek\\\/import-placeholder-for-832\\\/\"]}]},{\"@type\":\"ImageObject\",\"inLanguage\":\"hu\",\"@id\":\"https:\\\/\\\/herbalkincsei.hu\\\/index.php\\\/termek\\\/import-placeholder-for-832\\\/#primaryimage\",\"url\":\"https:\\\/\\\/herbalkincsei.hu\\\/wp-content\\\/uploads\\\/2024\\\/03\\\/2023_800x960_72_dpi_weboldalra_optimalizalt_ginkgo_biluba_011.png?wsr\",\"contentUrl\":\"https:\\\/\\\/herbalkincsei.hu\\\/wp-content\\\/uploads\\\/2024\\\/03\\\/2023_800x960_72_dpi_weboldalra_optimalizalt_ginkgo_biluba_011.png?wsr\",\"width\":800,\"height\":960},{\"@type\":\"BreadcrumbList\",\"@id\":\"https:\\\/\\\/herbalkincsei.hu\\\/index.php\\\/termek\\\/import-placeholder-for-832\\\/#breadcrumb\",\"itemListElement\":[{\"@type\":\"ListItem\",\"position\":1,\"name\":\"Kezd\u0151lap\",\"item\":\"https:\\\/\\\/herbalkincsei.hu\\\/\"},{\"@type\":\"ListItem\",\"position\":2,\"name\":\"\u00dczlet\",\"item\":\"https:\\\/\\\/herbalkincsei.hu\\\/index.php\\\/uzlet\\\/\"},{\"@type\":\"ListItem\",\"position\":3,\"name\":\"Ginkgo Biloba kapszula ginzeng kivonattal 60 db\"}]},{\"@type\":\"WebSite\",\"@id\":\"https:\\\/\\\/herbalkincsei.hu\\\/#website\",\"url\":\"https:\\\/\\\/herbalkincsei.hu\\\/\",\"name\":\"herbalkincsei.hu\",\"description\":\"Ahol az eg\u00e9szs\u00e9g a c\u00e9l.\",\"publisher\":{\"@id\":\"https:\\\/\\\/herbalkincsei.hu\\\/#organization\"},\"potentialAction\":[{\"@type\":\"SearchAction\",\"target\":{\"@type\":\"EntryPoint\",\"urlTemplate\":\"https:\\\/\\\/herbalkincsei.hu\\\/?s={search_term_string}\"},\"query-input\":{\"@type\":\"PropertyValueSpecification\",\"valueRequired\":true,\"valueName\":\"search_term_string\"}}],\"inLanguage\":\"hu\"},{\"@type\":\"Organization\",\"@id\":\"https:\\\/\\\/herbalkincsei.hu\\\/#organization\",\"name\":\"Herb\u00e1lkincsei\",\"url\":\"https:\\\/\\\/herbalkincsei.hu\\\/\",\"logo\":{\"@type\":\"ImageObject\",\"inLanguage\":\"hu\",\"@id\":\"https:\\\/\\\/herbalkincsei.hu\\\/#\\\/schema\\\/logo\\\/image\\\/\",\"url\":\"https:\\\/\\\/herbalkincsei.hu\\\/wp-content\\\/uploads\\\/2024\\\/02\\\/cropped-Green-Leaf-Aromatherapy-Logo-400-\u00d7-135-keppont.png?wsr\",\"contentUrl\":\"https:\\\/\\\/herbalkincsei.hu\\\/wp-content\\\/uploads\\\/2024\\\/02\\\/cropped-Green-Leaf-Aromatherapy-Logo-400-\u00d7-135-keppont.png?wsr\",\"width\":400,\"height\":135,\"caption\":\"Herb\u00e1lkincsei\"},\"image\":{\"@id\":\"https:\\\/\\\/herbalkincsei.hu\\\/#\\\/schema\\\/logo\\\/image\\\/\"}}]}<\/script>\n<!-- \/ Yoast SEO plugin. -->","yoast_head_json":{"title":"Ginkgo Biloba kapszula ginzeng kivonattal 60 db - Herb\u00e1lkincsei","robots":{"index":"index","follow":"follow","max-snippet":"max-snippet:-1","max-image-preview":"max-image-preview:large","max-video-preview":"max-video-preview:-1"},"canonical":"https:\/\/herbalkincsei.hu\/index.php\/termek\/import-placeholder-for-832\/","og_locale":"hu_HU","og_type":"article","og_title":"Ginkgo Biloba kapszula ginzeng kivonattal 60 db - Herb\u00e1lkincsei","og_description":"A szellemi frissess\u00e9g \u00e9s a norm\u00e1l kering\u00e9si rendszer t\u00e1mogat\u00e1s\u00e1\u00e9rt! V\u00f6r\u00f6s ginzeng kivonat \u00e9s ginkgo biloba lev\u00e9l kivonat kombin\u00e1ci\u00f3j\u00e1t tartalmaz\u00f3 \u00e9trend-kieg\u00e9sz\u00edt\u0151 kapszula.  \u00c9trend-kieg\u00e9sz\u00edt\u0151 kapszula OGY\u00c9I Notifik\u00e1ci\u00f3s sz\u00e1m: 33139\/2023 Kiszerel\u00e9s: 60 db Sz\u00e1rmaz\u00e1si orsz\u00e1g: EU Glut\u00e9n mentes!       Magyar-amerikai fejleszt\u00e9s  GMP \u00e9s HACCP szabv\u00e1ny szerint gy\u00e1rtva  Val\u00f3s magyarorsz\u00e1gi rakt\u00e1rk\u00e9szletr\u0151l","og_url":"https:\/\/herbalkincsei.hu\/index.php\/termek\/import-placeholder-for-832\/","og_site_name":"Herb\u00e1lkincsei","article_modified_time":"2025-12-07T18:45:52+00:00","og_image":[{"width":800,"height":960,"url":"https:\/\/herbalkincsei.hu\/wp-content\/uploads\/2024\/03\/2023_800x960_72_dpi_weboldalra_optimalizalt_ginkgo_biluba_011.png?wsr","type":"image\/png"}],"twitter_card":"summary_large_image","twitter_misc":{"Becs\u00fclt olvas\u00e1si id\u0151":"5 perc"},"schema":{"@context":"https:\/\/schema.org","@graph":[{"@type":"WebPage","@id":"https:\/\/herbalkincsei.hu\/index.php\/termek\/import-placeholder-for-832\/","url":"https:\/\/herbalkincsei.hu\/index.php\/termek\/import-placeholder-for-832\/","name":"Ginkgo Biloba kapszula ginzeng kivonattal 60 db - Herb\u00e1lkincsei","isPartOf":{"@id":"https:\/\/herbalkincsei.hu\/#website"},"primaryImageOfPage":{"@id":"https:\/\/herbalkincsei.hu\/index.php\/termek\/import-placeholder-for-832\/#primaryimage"},"image":{"@id":"https:\/\/herbalkincsei.hu\/index.php\/termek\/import-placeholder-for-832\/#primaryimage"},"thumbnailUrl":"https:\/\/herbalkincsei.hu\/wp-content\/uploads\/2024\/03\/2023_800x960_72_dpi_weboldalra_optimalizalt_ginkgo_biluba_011.png?wsr","datePublished":"2024-03-14T11:11:08+00:00","dateModified":"2025-12-07T18:45:52+00:00","breadcrumb":{"@id":"https:\/\/herbalkincsei.hu\/index.php\/termek\/import-placeholder-for-832\/#breadcrumb"},"inLanguage":"hu","potentialAction":[{"@type":"ReadAction","target":["https:\/\/herbalkincsei.hu\/index.php\/termek\/import-placeholder-for-832\/"]}]},{"@type":"ImageObject","inLanguage":"hu","@id":"https:\/\/herbalkincsei.hu\/index.php\/termek\/import-placeholder-for-832\/#primaryimage","url":"https:\/\/herbalkincsei.hu\/wp-content\/uploads\/2024\/03\/2023_800x960_72_dpi_weboldalra_optimalizalt_ginkgo_biluba_011.png?wsr","contentUrl":"https:\/\/herbalkincsei.hu\/wp-content\/uploads\/2024\/03\/2023_800x960_72_dpi_weboldalra_optimalizalt_ginkgo_biluba_011.png?wsr","width":800,"height":960},{"@type":"BreadcrumbList","@id":"https:\/\/herbalkincsei.hu\/index.php\/termek\/import-placeholder-for-832\/#breadcrumb","itemListElement":[{"@type":"ListItem","position":1,"name":"Kezd\u0151lap","item":"https:\/\/herbalkincsei.hu\/"},{"@type":"ListItem","position":2,"name":"\u00dczlet","item":"https:\/\/herbalkincsei.hu\/index.php\/uzlet\/"},{"@type":"ListItem","position":3,"name":"Ginkgo Biloba kapszula ginzeng kivonattal 60 db"}]},{"@type":"WebSite","@id":"https:\/\/herbalkincsei.hu\/#website","url":"https:\/\/herbalkincsei.hu\/","name":"herbalkincsei.hu","description":"Ahol az eg\u00e9szs\u00e9g a c\u00e9l.","publisher":{"@id":"https:\/\/herbalkincsei.hu\/#organization"},"potentialAction":[{"@type":"SearchAction","target":{"@type":"EntryPoint","urlTemplate":"https:\/\/herbalkincsei.hu\/?s={search_term_string}"},"query-input":{"@type":"PropertyValueSpecification","valueRequired":true,"valueName":"search_term_string"}}],"inLanguage":"hu"},{"@type":"Organization","@id":"https:\/\/herbalkincsei.hu\/#organization","name":"Herb\u00e1lkincsei","url":"https:\/\/herbalkincsei.hu\/","logo":{"@type":"ImageObject","inLanguage":"hu","@id":"https:\/\/herbalkincsei.hu\/#\/schema\/logo\/image\/","url":"https:\/\/herbalkincsei.hu\/wp-content\/uploads\/2024\/02\/cropped-Green-Leaf-Aromatherapy-Logo-400-\u00d7-135-keppont.png?wsr","contentUrl":"https:\/\/herbalkincsei.hu\/wp-content\/uploads\/2024\/02\/cropped-Green-Leaf-Aromatherapy-Logo-400-\u00d7-135-keppont.png?wsr","width":400,"height":135,"caption":"Herb\u00e1lkincsei"},"image":{"@id":"https:\/\/herbalkincsei.hu\/#\/schema\/logo\/image\/"}}]}},"_links":{"self":[{"href":"https:\/\/herbalkincsei.hu\/index.php\/wp-json\/wp\/v2\/product\/609","targetHints":{"allow":["GET"]}}],"collection":[{"href":"https:\/\/herbalkincsei.hu\/index.php\/wp-json\/wp\/v2\/product"}],"about":[{"href":"https:\/\/herbalkincsei.hu\/index.php\/wp-json\/wp\/v2\/types\/product"}],"replies":[{"embeddable":true,"href":"https:\/\/herbalkincsei.hu\/index.php\/wp-json\/wp\/v2\/comments?post=609"}],"wp:featuredmedia":[{"embeddable":true,"href":"https:\/\/herbalkincsei.hu\/index.php\/wp-json\/wp\/v2\/media\/659"}],"wp:attachment":[{"href":"https:\/\/herbalkincsei.hu\/index.php\/wp-json\/wp\/v2\/media?parent=609"}],"wp:term":[{"taxonomy":"product_brand","embeddable":true,"href":"https:\/\/herbalkincsei.hu\/index.php\/wp-json\/wp\/v2\/product_brand?post=609"},{"taxonomy":"product_cat","embeddable":true,"href":"https:\/\/herbalkincsei.hu\/index.php\/wp-json\/wp\/v2\/product_cat?post=609"},{"taxonomy":"product_tag","embeddable":true,"href":"https:\/\/herbalkincsei.hu\/index.php\/wp-json\/wp\/v2\/product_tag?post=609"}],"curies":[{"name":"wp","href":"https:\/\/api.w.org\/{rel}","templated":true}]}}