{"id":607,"date":"2024-03-14T12:11:08","date_gmt":"2024-03-14T11:11:08","guid":{"rendered":"https:\/\/herbalkincsei.hu\/?post_type=product&#038;p=607"},"modified":"2025-03-16T20:19:31","modified_gmt":"2025-03-16T19:19:31","slug":"import-placeholder-for-828","status":"publish","type":"product","link":"https:\/\/herbalkincsei.hu\/index.php\/termek\/import-placeholder-for-828\/","title":{"rendered":"USA medical CBD olaj KUTY\u00c1KNAK \u00c9S MACSK\u00c1KNAK 1000 mg CBD \/ 30 ml x 3db"},"content":{"rendered":"<div class=\"elementor-element elementor-element-de1159b elementor-widget elementor-widget-theme-post-content\" data-id=\"de1159b\" data-element_type=\"widget\" data-widget_type=\"theme-post-content.default\">\n<div class=\"elementor-widget-container\">\n<p>Kuty\u00e1d vagy macsk\u00e1d sz\u00e1modra csal\u00e1dtag? Meg\u00e9rtj\u00fck! N\u00e9gyl\u00e1b\u00fa kedvenceink felvid\u00edtanak \u00e9s t\u00e1mogatnak benn\u00fcnket a neh\u00e9z napokon, vel\u00fcnk \u00f6r\u00fclnek a legszebb pillanatokban \u00e9s sz\u00e1m\u00edtanak r\u00e1nk, t\u00f6rt\u00e9nj\u00e9k b\u00e1rmi. \u00c9pp ez\u00e9rt olyan neh\u00e9z szemben\u00e9zni azzal, hogy b\u00e1rmilyen er\u0151sek \u00e9s b\u00e1trak is, s\u00e9r\u00fcl\u00e9kenyek. Nekik is vannak neh\u00e9zs\u00e9geik, \u0151k is lehetnek betegek \u00e9s elesettek, olyankor bizony nek\u00fcnk, k\u00e9tl\u00e1b\u00faaknak kell l\u00e9pn\u00fcnk.<\/p>\n<p>Gondoskodj kedvenced gy\u00f3gyul\u00e1s\u00e1nak t\u00e1mogat\u00e1s\u00e1r\u00f3l \u00e9s szorong\u00e1s\u00e1nak old\u00e1s\u00e1r\u00f3l szeretettel! V\u00e1laszd az 1000 mg hat\u00f3anyag-tartalm\u00fa, kuty\u00e1knak \u00e9s macsk\u00e1knak fejlesztett CBD olajat\u00a0 Te is! <b>Term\u00e9szetes, THC mentes, sz\u00e9les spektrum\u00fa CBD olaj kuty\u00e1knak \u00e9s macsk\u00e1knak<\/b> 1000 mg CBD tartalommal, sz\u0151l\u0151magolajban feloldva. <b>\u00c1llatgy\u00f3gy\u00e1szati gy\u00f3gyhat\u00e1s\u00fa term\u00e9k.\u00a0 <\/b>GMO- \u00e9s\u00a0 \u00e1llatk\u00eds\u00e9rlet mentes term\u00e9k. Nem tartalmaz hozz\u00e1adott cukrot, sz\u00ednez\u00e9ket vagy tart\u00f3s\u00edt\u00f3szert, \u00edgy \u00e1llatok eset\u00e9ben is biztons\u00e1ggal alkalmazhat\u00f3.<\/p>\n<p>Hat\u00f3anyag-tartalma megegyezik egy 10 ml-es 10%-os CBD olaj\u00e9val. <strong>E<\/strong><b>gy csepp olaj kb. 1 mg CBD-t tartalmaz.<\/b><\/p>\n<p>Az 1000 mg CBD olaj \u201ckuty\u00e1knak \u00e9s macsk\u00e1knak\u201d gy\u00f3gyhat\u00e1s\u00fa k\u00e9sz\u00edtm\u00e9ny kiv\u00e1l\u00f3an alkalmas b\u00e1rmilyen fenn\u00e1ll\u00f3 \u00e1llatgy\u00f3gy\u00e1szati kezel\u00e9s t\u00e1mogat\u00e1s\u00e1ra, amennyiben kedvencednek:<\/p>\n<ul>\n<li aria-level=\"1\">f\u00e1jdalommal j\u00e1r\u00f3 (kr\u00f3nikus) \u00edz\u00fcleti vagy m\u00e1s mozg\u00e1sszervi b\u00e1ntalmak k\u00ednozz\u00e1k;<\/li>\n<li aria-level=\"1\">r\u00e1kos megbeteged\u00e9ssel (pl.: Lymphoma) kell megk\u00fczdenie;<\/li>\n<li>robor\u00e1l\u00e1sra van sz\u00fcks\u00e9ge (\u00e9tv\u00e1gytalans\u00e1g ellen vagy legyeng\u00fcl szervezet er\u0151s\u00edt\u00e9s\u00e9re);<\/li>\n<li aria-level=\"1\">a t\u00e1rsas helyzetek, \u00fajdons\u00e1gok, a v\u00e1ltoz\u00e1sok gyakran okoznak szorong\u00e1sos panaszokat;<\/li>\n<li aria-level=\"1\">stresszhelyzetekkel kell szemben\u00e9znie (pl. utaz\u00e1s, idegen emberek, orvosi kezel\u00e9s stb.).<\/li>\n<\/ul>\n<p>T\u00e1mogasd \u0151t az eg\u00e9szs\u00e9gesebb, teljesebb \u00e9s nyugodtabb h\u00e9tk\u00f6znapok el\u00e9r\u00e9s\u00e9ben \u00fagy, ahogy \u0151 \u00e1llt melletted hossz\u00fa \u00e9veken \u00e1t! <b>P\u00e1r csepp CBD-olaj mindent megv\u00e1ltoztathat.<\/b><\/p>\n<p><b>Fontos tudnival\u00f3:<\/b> A term\u00e9k alkalmaz\u00e1sa nem helyettes\u00edti az egyes k\u00f3rk\u00e9pekben javasolt \u00e1llatorvosi gy\u00f3gyszeres kezel\u00e9st. Vemhess\u00e9g \u00e9s lakt\u00e1ci\u00f3 idej\u00e9n a term\u00e9k haszn\u00e1lata el\u0151tt konzult\u00e1lj \u00e1llatorvosoddal, minden esetben k\u00e9rd ki v\u00e9lem\u00e9ny\u00e9t!<\/p>\n<h4><b>Az USA medical kuty\u00e1knak \u00e9s macsk\u00e1knak fejlesztett CBD olaja \u00e1llatgy\u00f3gy\u00e1szati, gy\u00f3gyhat\u00e1s\u00fa term\u00e9kk\u00e9nt regisztr\u00e1lt k\u00e9sz\u00edtm\u00e9ny!<\/b><\/h4>\n<p><b>Mi\u00e9rt \u00e9rdemes az USA medical CBD olaj kuty\u00e1knak \u00e9s macsk\u00e1knak term\u00e9ket v\u00e1lasztanod?<\/b><\/p>\n<ul>\n<li aria-level=\"1\">Kiz\u00e1r\u00f3lag k\u00e9t term\u00e9szetes \u00f6sszetev\u0151 alkotja: emberi fogyaszt\u00e1sra sz\u00e1nt, \u00e9lelmiszer min\u0151s\u00e9g\u0171 sz\u0151l\u0151magolaj \u00e9s kenderkivonat<\/li>\n<li aria-level=\"1\">THC mentes, ez\u00e9rt nincs pszichoakt\u00edv hat\u00e1sa, mely a kuty\u00e1k \u00e9s macsk\u00e1k eset\u00e9ben m\u00e9g a hum\u00e1n c\u00e9l\u00fa felhaszn\u00e1l\u00e1sn\u00e1l is fontosabb, hiszen az \u00e1llatok k\u00fcl\u00f6n\u00f6sen \u00e9rz\u00e9kenyek a THC-ra!<\/li>\n<li aria-level=\"1\">\u00c9rt\u00e9kes zs\u00edrsavakban gazdag sz\u0151l\u0151magolajban oldjuk a CBD-ben gazdag kenderkivonatot, mely szinte teljesen \u00edzmentes! \u00cdgy m\u00e9g az extr\u00e9m v\u00e1logat\u00f3s kedvencek is k\u00f6nnyen fogadj\u00e1k a CBD cseppeket!<\/li>\n<li aria-level=\"1\">Az \u00e1llatoknak k\u00e9sz\u00fclt CBD-olajokat nem \u00edzes\u00edtj\u00fck mesters\u00e9ges arom\u00e1kkal, illetve nem tartalmaznak hozz\u00e1adott cukrot, \u00edzfokoz\u00f3t, tart\u00f3s\u00edt\u00f3szert, sz\u00ednez\u00e9ket vagy b\u00e1rmilyen m\u00e1s adal\u00e9kanyagot.<\/li>\n<li aria-level=\"1\">Az adagol\u00e1st 1 ml-es m\u00e9rc\u00e9s, biztons\u00e1gi z\u00e1rral ell\u00e1tott pipetta seg\u00edti.<\/li>\n<li aria-level=\"1\">Hat\u00f3anyag-tartalma laborvizsg\u00e1lati eredm\u00e9nyekkel igazolt.<\/li>\n<li aria-level=\"1\">A CBD-kivonatok az FDA \u00e1ltal regisztr\u00e1lt amerikai l\u00e9tes\u00edtm\u00e9ny\u00e9ben, GMP ir\u00e1nyelveket k\u00f6vetve, szigor\u00fa min\u0151s\u00e9gellen\u0151rz\u00e9s mellett k\u00e9sz\u00fclnek.<\/li>\n<li aria-level=\"1\">Szennyez\u0151d\u00e9sekt\u0151l, vegyszerekt\u0151l \u00e9s neh\u00e9zf\u00e9mekt\u0151l mentes.<\/li>\n<li>Veg\u00e1n, GMO- \u00e9s \u00e1llatk\u00eds\u00e9rlet mentes term\u00e9k.<\/li>\n<\/ul>\n<p>Az adagol\u00e1s r\u00e9szleteir\u0151l fentebb, az \u201cTov\u00e1bbi Inform\u00e1ci\u00f3k\u201d f\u00fclre kattintva olvashatsz!<\/p>\n<\/div>\n<\/div>\n","protected":false},"excerpt":{"rendered":"<p>Gondoskodj kedvenced gy\u00f3gyul\u00e1s\u00e1nak t\u00e1mogat\u00e1s\u00e1r\u00f3l szeretettel! Term\u00e9szetes, THC mentes, sz\u00e9les spektrum\u00fa CBD olaj kuty\u00e1knak \u00e9s macsk\u00e1knak 1000 mg CBD-tartalommal, sz\u0151l\u0151magolajban feloldva.<\/p>\n<p>Milyen esetekben alkalmazhat\u00f3?<\/p>\n<p>daganatos megbeteged\u00e9sek kieg\u00e9sz\u00edt\u0151 kezel\u00e9s\u00e9re<br \/>\nkr\u00f3nikus \u00edz\u00fcleti f\u00e1jdalom cs\u00f6kkent\u00e9s\u00e9re<br \/>\nszorong\u00e1s \u00e9s nyugtalans\u00e1g old\u00e1s\u00e1ra<br \/>\nrobor\u00e1l\u00e1sra, \u00edgy betegs\u00e9g vagy m\u0171t\u00e9t ut\u00e1ni legyeng\u00fclt szervezet er\u0151s\u00edt\u00e9sre<br \/>\nimmuner\u0151s\u00edt\u00e9sre \u00e9s \u00e9tv\u00e1gyfokoz\u00e1sra<br \/>\nepilepszi\u00e1s rohamok sz\u00e1m\u00e1nak cs\u00f6kkent\u00e9s\u00e9re<\/p>\n<p>Magas d\u00f3zis\u00fa CBD olaj, mely els\u0151 sorban 25 kg feletti kedvencek sz\u00e1m\u00e1ra ide\u00e1lis v\u00e1laszt\u00e1s. De adhat\u00f3 nagyobb test\u0171 \u00e1llatoknak is, ez esetben a k\u00e9sz\u00edtm\u00e9nyb\u0151l t\u00f6bbet kell alkalmazni, ez esetben a k\u00e9sz\u00edtm\u00e9nyb\u0151l kevesebbet vagy t\u00f6bbet kell alkalmazni, \u00e9s \u00edgy hosszabb vagy r\u00f6videbb\u00a0 ideig lesz elegend\u0151.<\/p>\n<p>Kiszerel\u00e9s: 3 x 30 ml (1 ml kb. 30 csepp)<br \/>\nHat\u00f3anyagtartalom: 1000 mg CBD<br \/>\n1 csepp kb: 1 mg CBD<br \/>\nMaxim\u00e1lis napi adag: 1 mg CBD \/ ttkg<br \/>\n\u00cdzhat\u00e1s: \u00edztelen<br \/>\nNyilv\u00e1ntart\u00e1si sz\u00e1m: 2190\/1\/2022 N\u00c9BIH \u00c1TI<br \/>\nGy\u00e1rt\u00f3 \u00e9s forgalmaz\u00f3: USA Medical Kft<\/p>\n<p>A N\u00c9BIH\/\u00c1ti \u00e1ltal regisztr\u00e1lt \u00e1llatgy\u00f3gy\u00e1szati, gy\u00f3gyhat\u00e1s\u00fa term\u00e9k!<\/p>\n<p>&nbsp;<\/p>\n<p>Az 1000 mg Kuty\u00e1knak \u00e9s Macsk\u00e1knak k\u00e9sz\u00edtett CBD olaj csomag\u00a0megv\u00e1s\u00e1rl\u00e1s\u00e1val\u00a0most 12.675 Ft kedvezm\u00e9nyben r\u00e9szes\u00fclsz. Az akci\u00f3s csomagaj\u00e1nlatokra kuponk\u00f3d nem \u00e9rv\u00e9nyes\u00edthet\u0151.<\/p>\n<p>Mit tartalmaz a csomag?<\/p>\n<p>3 db 1000 mg CBD olaj Kuty\u00e1knak \u00e9s Macsk\u00e1knak \u2013 30 ml<br \/>\n(Eredeti \u00e1r: 16.900 Ft \/ 1 db)<\/p>\n<ul>\n<li class=\"elementor-icon-list-item\"><span class=\"elementor-icon-list-text\">Akkredit\u00e1lt laborat\u00f3riumban tesztelve<\/span><\/li>\n<li class=\"elementor-icon-list-item\"><span class=\"elementor-icon-list-text\">A piac egyik legmodernebb elj\u00e1r\u00e1s\u00e1val k\u00e9sz\u00fclt<\/span><\/li>\n<li class=\"elementor-icon-list-item\"><span class=\"elementor-icon-list-text\">EU-ban regisztr\u00e1lt term\u00e9k<\/span><\/li>\n<\/ul>\n<p><img decoding=\"async\" class=\"alignnone size-full wp-image-826\" src=\"https:\/\/herbalkincsei.hu\/wp-content\/uploads\/2024\/03\/hand-holding-heart-solid.svg\" alt=\"\" \/>\u00a0 Term\u00e9keink gondosan v\u00e1logatott alapanyagokb\u00f3l k\u00e9sz\u00fclnek.<\/p>\n<p><img decoding=\"async\" class=\"alignnone size-full wp-image-825\" src=\"https:\/\/herbalkincsei.hu\/wp-content\/uploads\/2024\/03\/star-solid.svg\" alt=\"\" \/> \u00a0 A term\u00e9kekre hazai garanci\u00e1t \u00e9s term\u00e9k szolg\u00e1ltat\u00e1st biztos\u00edtunk.<\/p>\n<p><img decoding=\"async\" class=\"alignnone size-full wp-image-823\" src=\"https:\/\/herbalkincsei.hu\/wp-content\/uploads\/2024\/03\/user-lock-solid.svg\" alt=\"\" \/> Biztons\u00e1gos v\u00e9dett fizet\u00e9s.<\/p>\n<p><img decoding=\"async\" class=\"alignnone size-full wp-image-824\" src=\"https:\/\/herbalkincsei.hu\/wp-content\/uploads\/2024\/03\/truck-fast-solid.svg\" alt=\"\" \/> Gyors kiszolg\u00e1l\u00e1s.<\/p>\n","protected":false},"featured_media":657,"comment_status":"open","ping_status":"closed","template":"","meta":[],"product_brand":[223],"product_cat":[175,176,177,19,171],"product_tag":[],"class_list":{"0":"post-607","1":"product","2":"type-product","3":"status-publish","4":"has-post-thumbnail","6":"product_brand-usamedical","7":"product_cat-cbd-olaj-allatoknak","8":"product_cat-cbd-olaj-kutyaknak","9":"product_cat-cbd-olaj-macskaknak","10":"product_cat-minden-termek","11":"product_cat-usamedical","12":"product_shipping_class-hu","14":"first","15":"instock","16":"purchasable","17":"product-type-simple","18":"add-to-wishlist-before_image","19":"customify-col","20":"product-has-gallery"},"yoast_head":"<!-- This site is optimized with the Yoast SEO plugin v27.4 - https:\/\/yoast.com\/product\/yoast-seo-wordpress\/ -->\n<title>USA medical CBD olaj KUTY\u00c1KNAK \u00c9S MACSK\u00c1KNAK 1000 mg CBD \/ 30 ml x 3db - Herb\u00e1lkincsei<\/title>\n<meta name=\"robots\" content=\"index, follow, max-snippet:-1, max-image-preview:large, max-video-preview:-1\" \/>\n<link rel=\"canonical\" href=\"https:\/\/herbalkincsei.hu\/index.php\/termek\/import-placeholder-for-828\/\" \/>\n<meta property=\"og:locale\" content=\"hu_HU\" \/>\n<meta property=\"og:type\" content=\"article\" \/>\n<meta property=\"og:title\" content=\"USA medical CBD olaj KUTY\u00c1KNAK \u00c9S MACSK\u00c1KNAK 1000 mg CBD \/ 30 ml x 3db - Herb\u00e1lkincsei\" \/>\n<meta property=\"og:description\" content=\"Gondoskodj kedvenced gy\u00f3gyul\u00e1s\u00e1nak t\u00e1mogat\u00e1s\u00e1r\u00f3l szeretettel! Term\u00e9szetes, THC mentes, sz\u00e9les spektrum\u00fa CBD olaj kuty\u00e1knak \u00e9s macsk\u00e1knak 1000 mg CBD-tartalommal, sz\u0151l\u0151magolajban feloldva.  Milyen esetekben alkalmazhat\u00f3?  daganatos megbeteged\u00e9sek kieg\u00e9sz\u00edt\u0151 kezel\u00e9s\u00e9re kr\u00f3nikus \u00edz\u00fcleti f\u00e1jdalom cs\u00f6kkent\u00e9s\u00e9re szorong\u00e1s \u00e9s nyugtalans\u00e1g old\u00e1s\u00e1ra robor\u00e1l\u00e1sra, \u00edgy betegs\u00e9g vagy m\u0171t\u00e9t ut\u00e1ni legyeng\u00fclt szervezet er\u0151s\u00edt\u00e9sre immuner\u0151s\u00edt\u00e9sre \u00e9s \u00e9tv\u00e1gyfokoz\u00e1sra epilepszi\u00e1s rohamok sz\u00e1m\u00e1nak cs\u00f6kkent\u00e9s\u00e9re  Magas d\u00f3zis\u00fa CBD olaj, mely els\u0151 sorban 25 kg feletti kedvencek sz\u00e1m\u00e1ra ide\u00e1lis v\u00e1laszt\u00e1s. De adhat\u00f3 nagyobb test\u0171 \u00e1llatoknak is, ez esetben a k\u00e9sz\u00edtm\u00e9nyb\u0151l t\u00f6bbet kell alkalmazni, ez esetben a k\u00e9sz\u00edtm\u00e9nyb\u0151l kevesebbet vagy t\u00f6bbet kell alkalmazni, \u00e9s \u00edgy hosszabb vagy r\u00f6videbb\u00a0 ideig lesz elegend\u0151.  Kiszerel\u00e9s: 3 x 30 ml (1 ml kb. 30 csepp) Hat\u00f3anyagtartalom: 1000 mg CBD 1 csepp kb: 1 mg CBD Maxim\u00e1lis napi adag: 1 mg CBD \/ ttkg \u00cdzhat\u00e1s: \u00edztelen Nyilv\u00e1ntart\u00e1si sz\u00e1m: 2190\/1\/2022 N\u00c9BIH \u00c1TI Gy\u00e1rt\u00f3 \u00e9s forgalmaz\u00f3: USA Medical Kft  A N\u00c9BIH\/\u00c1ti \u00e1ltal regisztr\u00e1lt \u00e1llatgy\u00f3gy\u00e1szati, gy\u00f3gyhat\u00e1s\u00fa term\u00e9k!  &nbsp;  Az 1000 mg Kuty\u00e1knak \u00e9s Macsk\u00e1knak k\u00e9sz\u00edtett CBD olaj csomag\u00a0megv\u00e1s\u00e1rl\u00e1s\u00e1val\u00a0most 12.675 Ft kedvezm\u00e9nyben r\u00e9szes\u00fclsz. Az akci\u00f3s csomagaj\u00e1nlatokra kuponk\u00f3d nem \u00e9rv\u00e9nyes\u00edthet\u0151.  Mit tartalmaz a csomag?  3 db 1000 mg CBD olaj Kuty\u00e1knak \u00e9s Macsk\u00e1knak \u2013 30 ml (Eredeti \u00e1r: 16.900 Ft \/ 1 db)   Akkredit\u00e1lt laborat\u00f3riumban tesztelve  A piac egyik legmodernebb elj\u00e1r\u00e1s\u00e1val k\u00e9sz\u00fclt  EU-ban regisztr\u00e1lt term\u00e9k  \u00a0 Term\u00e9keink gondosan v\u00e1logatott alapanyagokb\u00f3l k\u00e9sz\u00fclnek.   \u00a0 A term\u00e9kekre hazai garanci\u00e1t \u00e9s term\u00e9k szolg\u00e1ltat\u00e1st biztos\u00edtunk.   Biztons\u00e1gos v\u00e9dett fizet\u00e9s.   Gyors kiszolg\u00e1l\u00e1s.\" \/>\n<meta property=\"og:url\" content=\"https:\/\/herbalkincsei.hu\/index.php\/termek\/import-placeholder-for-828\/\" \/>\n<meta property=\"og:site_name\" content=\"Herb\u00e1lkincsei\" \/>\n<meta property=\"article:modified_time\" content=\"2025-03-16T19:19:31+00:00\" \/>\n<meta property=\"og:image\" content=\"https:\/\/herbalkincsei.hu\/wp-content\/uploads\/2024\/03\/2023_800x960_95_dpi_weboptimalizalt_usamedical_termekfotok_kedvezmenyes_termekek_dogs_10001.png?wsr\" \/>\n\t<meta property=\"og:image:width\" content=\"800\" \/>\n\t<meta property=\"og:image:height\" content=\"960\" \/>\n\t<meta property=\"og:image:type\" content=\"image\/png\" \/>\n<meta name=\"twitter:card\" content=\"summary_large_image\" \/>\n<meta name=\"twitter:label1\" content=\"Becs\u00fclt olvas\u00e1si id\u0151\" \/>\n\t<meta name=\"twitter:data1\" content=\"3 perc\" \/>\n<script type=\"application\/ld+json\" class=\"yoast-schema-graph\">{\"@context\":\"https:\\\/\\\/schema.org\",\"@graph\":[{\"@type\":\"WebPage\",\"@id\":\"https:\\\/\\\/herbalkincsei.hu\\\/index.php\\\/termek\\\/import-placeholder-for-828\\\/\",\"url\":\"https:\\\/\\\/herbalkincsei.hu\\\/index.php\\\/termek\\\/import-placeholder-for-828\\\/\",\"name\":\"USA medical CBD olaj KUTY\u00c1KNAK \u00c9S MACSK\u00c1KNAK 1000 mg CBD \\\/ 30 ml x 3db - Herb\u00e1lkincsei\",\"isPartOf\":{\"@id\":\"https:\\\/\\\/herbalkincsei.hu\\\/#website\"},\"primaryImageOfPage\":{\"@id\":\"https:\\\/\\\/herbalkincsei.hu\\\/index.php\\\/termek\\\/import-placeholder-for-828\\\/#primaryimage\"},\"image\":{\"@id\":\"https:\\\/\\\/herbalkincsei.hu\\\/index.php\\\/termek\\\/import-placeholder-for-828\\\/#primaryimage\"},\"thumbnailUrl\":\"https:\\\/\\\/herbalkincsei.hu\\\/wp-content\\\/uploads\\\/2024\\\/03\\\/2023_800x960_95_dpi_weboptimalizalt_usamedical_termekfotok_kedvezmenyes_termekek_dogs_10001.png?wsr\",\"datePublished\":\"2024-03-14T11:11:08+00:00\",\"dateModified\":\"2025-03-16T19:19:31+00:00\",\"breadcrumb\":{\"@id\":\"https:\\\/\\\/herbalkincsei.hu\\\/index.php\\\/termek\\\/import-placeholder-for-828\\\/#breadcrumb\"},\"inLanguage\":\"hu\",\"potentialAction\":[{\"@type\":\"ReadAction\",\"target\":[\"https:\\\/\\\/herbalkincsei.hu\\\/index.php\\\/termek\\\/import-placeholder-for-828\\\/\"]}]},{\"@type\":\"ImageObject\",\"inLanguage\":\"hu\",\"@id\":\"https:\\\/\\\/herbalkincsei.hu\\\/index.php\\\/termek\\\/import-placeholder-for-828\\\/#primaryimage\",\"url\":\"https:\\\/\\\/herbalkincsei.hu\\\/wp-content\\\/uploads\\\/2024\\\/03\\\/2023_800x960_95_dpi_weboptimalizalt_usamedical_termekfotok_kedvezmenyes_termekek_dogs_10001.png?wsr\",\"contentUrl\":\"https:\\\/\\\/herbalkincsei.hu\\\/wp-content\\\/uploads\\\/2024\\\/03\\\/2023_800x960_95_dpi_weboptimalizalt_usamedical_termekfotok_kedvezmenyes_termekek_dogs_10001.png?wsr\",\"width\":800,\"height\":960},{\"@type\":\"BreadcrumbList\",\"@id\":\"https:\\\/\\\/herbalkincsei.hu\\\/index.php\\\/termek\\\/import-placeholder-for-828\\\/#breadcrumb\",\"itemListElement\":[{\"@type\":\"ListItem\",\"position\":1,\"name\":\"Kezd\u0151lap\",\"item\":\"https:\\\/\\\/herbalkincsei.hu\\\/\"},{\"@type\":\"ListItem\",\"position\":2,\"name\":\"\u00dczlet\",\"item\":\"https:\\\/\\\/herbalkincsei.hu\\\/index.php\\\/uzlet\\\/\"},{\"@type\":\"ListItem\",\"position\":3,\"name\":\"USA medical CBD olaj KUTY\u00c1KNAK \u00c9S MACSK\u00c1KNAK 1000 mg CBD \\\/ 30 ml x 3db\"}]},{\"@type\":\"WebSite\",\"@id\":\"https:\\\/\\\/herbalkincsei.hu\\\/#website\",\"url\":\"https:\\\/\\\/herbalkincsei.hu\\\/\",\"name\":\"herbalkincsei.hu\",\"description\":\"Ahol az eg\u00e9szs\u00e9g a c\u00e9l.\",\"publisher\":{\"@id\":\"https:\\\/\\\/herbalkincsei.hu\\\/#organization\"},\"potentialAction\":[{\"@type\":\"SearchAction\",\"target\":{\"@type\":\"EntryPoint\",\"urlTemplate\":\"https:\\\/\\\/herbalkincsei.hu\\\/?s={search_term_string}\"},\"query-input\":{\"@type\":\"PropertyValueSpecification\",\"valueRequired\":true,\"valueName\":\"search_term_string\"}}],\"inLanguage\":\"hu\"},{\"@type\":\"Organization\",\"@id\":\"https:\\\/\\\/herbalkincsei.hu\\\/#organization\",\"name\":\"Herb\u00e1lkincsei\",\"url\":\"https:\\\/\\\/herbalkincsei.hu\\\/\",\"logo\":{\"@type\":\"ImageObject\",\"inLanguage\":\"hu\",\"@id\":\"https:\\\/\\\/herbalkincsei.hu\\\/#\\\/schema\\\/logo\\\/image\\\/\",\"url\":\"https:\\\/\\\/herbalkincsei.hu\\\/wp-content\\\/uploads\\\/2024\\\/02\\\/cropped-Green-Leaf-Aromatherapy-Logo-400-\u00d7-135-keppont.png?wsr\",\"contentUrl\":\"https:\\\/\\\/herbalkincsei.hu\\\/wp-content\\\/uploads\\\/2024\\\/02\\\/cropped-Green-Leaf-Aromatherapy-Logo-400-\u00d7-135-keppont.png?wsr\",\"width\":400,\"height\":135,\"caption\":\"Herb\u00e1lkincsei\"},\"image\":{\"@id\":\"https:\\\/\\\/herbalkincsei.hu\\\/#\\\/schema\\\/logo\\\/image\\\/\"}}]}<\/script>\n<!-- \/ Yoast SEO plugin. -->","yoast_head_json":{"title":"USA medical CBD olaj KUTY\u00c1KNAK \u00c9S MACSK\u00c1KNAK 1000 mg CBD \/ 30 ml x 3db - Herb\u00e1lkincsei","robots":{"index":"index","follow":"follow","max-snippet":"max-snippet:-1","max-image-preview":"max-image-preview:large","max-video-preview":"max-video-preview:-1"},"canonical":"https:\/\/herbalkincsei.hu\/index.php\/termek\/import-placeholder-for-828\/","og_locale":"hu_HU","og_type":"article","og_title":"USA medical CBD olaj KUTY\u00c1KNAK \u00c9S MACSK\u00c1KNAK 1000 mg CBD \/ 30 ml x 3db - Herb\u00e1lkincsei","og_description":"Gondoskodj kedvenced gy\u00f3gyul\u00e1s\u00e1nak t\u00e1mogat\u00e1s\u00e1r\u00f3l szeretettel! Term\u00e9szetes, THC mentes, sz\u00e9les spektrum\u00fa CBD olaj kuty\u00e1knak \u00e9s macsk\u00e1knak 1000 mg CBD-tartalommal, sz\u0151l\u0151magolajban feloldva.  Milyen esetekben alkalmazhat\u00f3?  daganatos megbeteged\u00e9sek kieg\u00e9sz\u00edt\u0151 kezel\u00e9s\u00e9re kr\u00f3nikus \u00edz\u00fcleti f\u00e1jdalom cs\u00f6kkent\u00e9s\u00e9re szorong\u00e1s \u00e9s nyugtalans\u00e1g old\u00e1s\u00e1ra robor\u00e1l\u00e1sra, \u00edgy betegs\u00e9g vagy m\u0171t\u00e9t ut\u00e1ni legyeng\u00fclt szervezet er\u0151s\u00edt\u00e9sre immuner\u0151s\u00edt\u00e9sre \u00e9s \u00e9tv\u00e1gyfokoz\u00e1sra epilepszi\u00e1s rohamok sz\u00e1m\u00e1nak cs\u00f6kkent\u00e9s\u00e9re  Magas d\u00f3zis\u00fa CBD olaj, mely els\u0151 sorban 25 kg feletti kedvencek sz\u00e1m\u00e1ra ide\u00e1lis v\u00e1laszt\u00e1s. De adhat\u00f3 nagyobb test\u0171 \u00e1llatoknak is, ez esetben a k\u00e9sz\u00edtm\u00e9nyb\u0151l t\u00f6bbet kell alkalmazni, ez esetben a k\u00e9sz\u00edtm\u00e9nyb\u0151l kevesebbet vagy t\u00f6bbet kell alkalmazni, \u00e9s \u00edgy hosszabb vagy r\u00f6videbb\u00a0 ideig lesz elegend\u0151.  Kiszerel\u00e9s: 3 x 30 ml (1 ml kb. 30 csepp) Hat\u00f3anyagtartalom: 1000 mg CBD 1 csepp kb: 1 mg CBD Maxim\u00e1lis napi adag: 1 mg CBD \/ ttkg \u00cdzhat\u00e1s: \u00edztelen Nyilv\u00e1ntart\u00e1si sz\u00e1m: 2190\/1\/2022 N\u00c9BIH \u00c1TI Gy\u00e1rt\u00f3 \u00e9s forgalmaz\u00f3: USA Medical Kft  A N\u00c9BIH\/\u00c1ti \u00e1ltal regisztr\u00e1lt \u00e1llatgy\u00f3gy\u00e1szati, gy\u00f3gyhat\u00e1s\u00fa term\u00e9k!  &nbsp;  Az 1000 mg Kuty\u00e1knak \u00e9s Macsk\u00e1knak k\u00e9sz\u00edtett CBD olaj csomag\u00a0megv\u00e1s\u00e1rl\u00e1s\u00e1val\u00a0most 12.675 Ft kedvezm\u00e9nyben r\u00e9szes\u00fclsz. Az akci\u00f3s csomagaj\u00e1nlatokra kuponk\u00f3d nem \u00e9rv\u00e9nyes\u00edthet\u0151.  Mit tartalmaz a csomag?  3 db 1000 mg CBD olaj Kuty\u00e1knak \u00e9s Macsk\u00e1knak \u2013 30 ml (Eredeti \u00e1r: 16.900 Ft \/ 1 db)   Akkredit\u00e1lt laborat\u00f3riumban tesztelve  A piac egyik legmodernebb elj\u00e1r\u00e1s\u00e1val k\u00e9sz\u00fclt  EU-ban regisztr\u00e1lt term\u00e9k  \u00a0 Term\u00e9keink gondosan v\u00e1logatott alapanyagokb\u00f3l k\u00e9sz\u00fclnek.   \u00a0 A term\u00e9kekre hazai garanci\u00e1t \u00e9s term\u00e9k szolg\u00e1ltat\u00e1st biztos\u00edtunk.   Biztons\u00e1gos v\u00e9dett fizet\u00e9s.   Gyors kiszolg\u00e1l\u00e1s.","og_url":"https:\/\/herbalkincsei.hu\/index.php\/termek\/import-placeholder-for-828\/","og_site_name":"Herb\u00e1lkincsei","article_modified_time":"2025-03-16T19:19:31+00:00","og_image":[{"width":800,"height":960,"url":"https:\/\/herbalkincsei.hu\/wp-content\/uploads\/2024\/03\/2023_800x960_95_dpi_weboptimalizalt_usamedical_termekfotok_kedvezmenyes_termekek_dogs_10001.png?wsr","type":"image\/png"}],"twitter_card":"summary_large_image","twitter_misc":{"Becs\u00fclt olvas\u00e1si id\u0151":"3 perc"},"schema":{"@context":"https:\/\/schema.org","@graph":[{"@type":"WebPage","@id":"https:\/\/herbalkincsei.hu\/index.php\/termek\/import-placeholder-for-828\/","url":"https:\/\/herbalkincsei.hu\/index.php\/termek\/import-placeholder-for-828\/","name":"USA medical CBD olaj KUTY\u00c1KNAK \u00c9S MACSK\u00c1KNAK 1000 mg CBD \/ 30 ml x 3db - Herb\u00e1lkincsei","isPartOf":{"@id":"https:\/\/herbalkincsei.hu\/#website"},"primaryImageOfPage":{"@id":"https:\/\/herbalkincsei.hu\/index.php\/termek\/import-placeholder-for-828\/#primaryimage"},"image":{"@id":"https:\/\/herbalkincsei.hu\/index.php\/termek\/import-placeholder-for-828\/#primaryimage"},"thumbnailUrl":"https:\/\/herbalkincsei.hu\/wp-content\/uploads\/2024\/03\/2023_800x960_95_dpi_weboptimalizalt_usamedical_termekfotok_kedvezmenyes_termekek_dogs_10001.png?wsr","datePublished":"2024-03-14T11:11:08+00:00","dateModified":"2025-03-16T19:19:31+00:00","breadcrumb":{"@id":"https:\/\/herbalkincsei.hu\/index.php\/termek\/import-placeholder-for-828\/#breadcrumb"},"inLanguage":"hu","potentialAction":[{"@type":"ReadAction","target":["https:\/\/herbalkincsei.hu\/index.php\/termek\/import-placeholder-for-828\/"]}]},{"@type":"ImageObject","inLanguage":"hu","@id":"https:\/\/herbalkincsei.hu\/index.php\/termek\/import-placeholder-for-828\/#primaryimage","url":"https:\/\/herbalkincsei.hu\/wp-content\/uploads\/2024\/03\/2023_800x960_95_dpi_weboptimalizalt_usamedical_termekfotok_kedvezmenyes_termekek_dogs_10001.png?wsr","contentUrl":"https:\/\/herbalkincsei.hu\/wp-content\/uploads\/2024\/03\/2023_800x960_95_dpi_weboptimalizalt_usamedical_termekfotok_kedvezmenyes_termekek_dogs_10001.png?wsr","width":800,"height":960},{"@type":"BreadcrumbList","@id":"https:\/\/herbalkincsei.hu\/index.php\/termek\/import-placeholder-for-828\/#breadcrumb","itemListElement":[{"@type":"ListItem","position":1,"name":"Kezd\u0151lap","item":"https:\/\/herbalkincsei.hu\/"},{"@type":"ListItem","position":2,"name":"\u00dczlet","item":"https:\/\/herbalkincsei.hu\/index.php\/uzlet\/"},{"@type":"ListItem","position":3,"name":"USA medical CBD olaj KUTY\u00c1KNAK \u00c9S MACSK\u00c1KNAK 1000 mg CBD \/ 30 ml x 3db"}]},{"@type":"WebSite","@id":"https:\/\/herbalkincsei.hu\/#website","url":"https:\/\/herbalkincsei.hu\/","name":"herbalkincsei.hu","description":"Ahol az eg\u00e9szs\u00e9g a c\u00e9l.","publisher":{"@id":"https:\/\/herbalkincsei.hu\/#organization"},"potentialAction":[{"@type":"SearchAction","target":{"@type":"EntryPoint","urlTemplate":"https:\/\/herbalkincsei.hu\/?s={search_term_string}"},"query-input":{"@type":"PropertyValueSpecification","valueRequired":true,"valueName":"search_term_string"}}],"inLanguage":"hu"},{"@type":"Organization","@id":"https:\/\/herbalkincsei.hu\/#organization","name":"Herb\u00e1lkincsei","url":"https:\/\/herbalkincsei.hu\/","logo":{"@type":"ImageObject","inLanguage":"hu","@id":"https:\/\/herbalkincsei.hu\/#\/schema\/logo\/image\/","url":"https:\/\/herbalkincsei.hu\/wp-content\/uploads\/2024\/02\/cropped-Green-Leaf-Aromatherapy-Logo-400-\u00d7-135-keppont.png?wsr","contentUrl":"https:\/\/herbalkincsei.hu\/wp-content\/uploads\/2024\/02\/cropped-Green-Leaf-Aromatherapy-Logo-400-\u00d7-135-keppont.png?wsr","width":400,"height":135,"caption":"Herb\u00e1lkincsei"},"image":{"@id":"https:\/\/herbalkincsei.hu\/#\/schema\/logo\/image\/"}}]}},"_links":{"self":[{"href":"https:\/\/herbalkincsei.hu\/index.php\/wp-json\/wp\/v2\/product\/607","targetHints":{"allow":["GET"]}}],"collection":[{"href":"https:\/\/herbalkincsei.hu\/index.php\/wp-json\/wp\/v2\/product"}],"about":[{"href":"https:\/\/herbalkincsei.hu\/index.php\/wp-json\/wp\/v2\/types\/product"}],"replies":[{"embeddable":true,"href":"https:\/\/herbalkincsei.hu\/index.php\/wp-json\/wp\/v2\/comments?post=607"}],"wp:featuredmedia":[{"embeddable":true,"href":"https:\/\/herbalkincsei.hu\/index.php\/wp-json\/wp\/v2\/media\/657"}],"wp:attachment":[{"href":"https:\/\/herbalkincsei.hu\/index.php\/wp-json\/wp\/v2\/media?parent=607"}],"wp:term":[{"taxonomy":"product_brand","embeddable":true,"href":"https:\/\/herbalkincsei.hu\/index.php\/wp-json\/wp\/v2\/product_brand?post=607"},{"taxonomy":"product_cat","embeddable":true,"href":"https:\/\/herbalkincsei.hu\/index.php\/wp-json\/wp\/v2\/product_cat?post=607"},{"taxonomy":"product_tag","embeddable":true,"href":"https:\/\/herbalkincsei.hu\/index.php\/wp-json\/wp\/v2\/product_tag?post=607"}],"curies":[{"name":"wp","href":"https:\/\/api.w.org\/{rel}","templated":true}]}}