{"id":604,"date":"2025-09-17T12:11:08","date_gmt":"2025-09-17T11:11:08","guid":{"rendered":"https:\/\/herbalkincsei.hu\/?post_type=product&#038;p=604"},"modified":"2025-12-07T17:43:17","modified_gmt":"2025-12-07T16:43:17","slug":"import-placeholder-for-822","status":"publish","type":"product","link":"https:\/\/herbalkincsei.hu\/index.php\/termek\/import-placeholder-for-822\/","title":{"rendered":"B-12 Komplex B-vitamin cseppek 30 ml"},"content":{"rendered":"<h2><span class=\"bluetxt\">B12 COMPLEX &#8211; B2-, B3-, B5- , B6- \u00c9S B12-vitamin tartalm\u00fa \u00e9trend-kieg\u00e9sz\u00edt\u0151 cseppek &#8211; 30 ml<\/span><\/h2>\n<p>Szervezet\u00fcnk \u00e9rz\u00e9keny m\u0171szer, melynek hib\u00e1tlan m\u0171k\u00f6d\u00e9s\u00e9hez az egyes m\u0171k\u00f6d\u00e9si r\u00e9szter\u00fcletek folyamatos, \u00f6sszehangolt munk\u00e1j\u00e1ra van sz\u00fcks\u00e9g. A mindennapok rohan\u00e1s\u00e1ban \u00e9pp ez\u00e9rt j\u00f3l j\u00f6het egy kis extra gondoskod\u00e1s \u00e9s t\u00e1mogat\u00e1s.<br \/>\nAz USA medical B12 COMPLEX a riboflavin, a niacin, a pantot\u00e9nsav, a B6-, illetve B12-vitaminok seg\u00edts\u00e9g\u00e9vel j\u00e1rul hozz\u00e1 ahhoz, hogy kihozd magadb\u00f3l a maximumot. Pr\u00f3b\u00e1ld ki Te is!<\/p>\n<h3>A riboflavin, vagyis a B2-vitamin<\/h3>\n<p>B2-vitamin v\u00edzold\u00e9kony vitamin. Szerepe a szervezet helyes m\u0171k\u00f6d\u00e9s\u00e9ben \u00f6sszetett:<\/p>\n<ul>\n<li>r\u00e9szt vesz a norm\u00e1l energiatermel\u0151 anyagcsere-folyamatokban;<\/li>\n<li>hozz\u00e1j\u00e1rul az idegrendszer norm\u00e1l m\u0171k\u00f6d\u00e9s\u00e9hez, a ny\u00e1lkah\u00e1rty\u00e1k, a v\u00f6r\u00f6sv\u00e9rsejtek \u00e9s a b\u0151r norm\u00e1l \u00e1llapot\u00e1nak fenntart\u00e1s\u00e1hoz;<\/li>\n<li>hozz\u00e1j\u00e1rul a norm\u00e1l l\u00e1t\u00e1s fenntart\u00e1s\u00e1hoz;<\/li>\n<li>hozz\u00e1j\u00e1rul a norm\u00e1l vas-anyagcser\u00e9hez, valamint a sejtek oxidat\u00edv stresszel szembeni v\u00e9delm\u00e9hez;<\/li>\n<li>seg\u00edt a f\u00e1radts\u00e1g \u00e9s a kif\u00e1rad\u00e1s cs\u00f6kkent\u00e9s\u00e9ben.<\/li>\n<\/ul>\n<p>Megfelel\u0151 mennyis\u00e9g\u0171 riboflavin n\u00e9lk\u00fcl a tov\u00e1bbi B-vitaminok hasznosul\u00e1sa vesztes\u00e9ges.<br \/>\nHa szeretn\u00e9d, hogy tested eg\u00e9szs\u00e9ges m\u0171k\u00f6d\u00e9se biztos\u00edtva legyen, figyelned kell a riboflavin &#8211; \u00e9s a hozz\u00e1 szorosan kapcsol\u00f3d\u00f3 antioxid\u00e1ns, a glutation &#8211; szintj\u00e9re is. T\u00f6rekedj egyens\u00falyra az USA medical B12 COMPLEX seg\u00edts\u00e9g\u00e9vel Te is!<\/p>\n<h3>A niacin<\/h3>\n<p>A niacin, vagy ismertebb nev\u00e9n B3-vitamin szerepe a szervezet k\u00e9miai reakci\u00f3iban, a sz\u00e9nhidr\u00e1t, a feh\u00e9rje \u00e9s zs\u00edr anyagcser\u00e9j\u00e9ben mutatkozik meg igaz\u00e1n. Ennek oka, hogy a niacin a B2-vitaminhoz hasonl\u00f3an r\u00e9szt vesz a norm\u00e1l energiatermel\u0151 anyagcsere-folyamatokban \u00e9s hozz\u00e1j\u00e1rul az idegrendszer norm\u00e1l m\u0171k\u00f6d\u00e9s\u00e9hez is.<br \/>\nJ\u00f3 ha tudod, hogy a niacin hozz\u00e1j\u00e1rul a norm\u00e1l pszichol\u00f3giai funkci\u00f3 fenntart\u00e1s\u00e1hoz is! \u00cdgy stresszes, illetve \u00e9rzelmileg \u00e9s\/vagy fizikailag megterhel\u0151 id\u0151szakokban k\u00fcl\u00f6n\u00f6sen fontos szinten tartanod, hiszen hozz\u00e1j\u00e1rul a f\u00e1radts\u00e1g \u00e9s a kif\u00e1rad\u00e1s cs\u00f6kkent\u00e9s\u00e9hez.<br \/>\nMivel seg\u00edti a b\u0151r \u00e9s a ny\u00e1lkah\u00e1rty\u00e1k norm\u00e1l \u00e1llapot\u00e1nak meg\u0151rz\u00e9s\u00e9t, optim\u00e1lis szintj\u00e9nek fenntart\u00e1sa akkor is fontos, ha a belbecs mellett a k\u00fclcs\u00edn is fontos Neked.<br \/>\nFokozott niacin-bevitelre lehet sz\u00fcks\u00e9ged, ha<\/p>\n<ul>\n<li>rendszeresen doh\u00e1nyzol \u00e9s\/vagy nagy mennyis\u00e9g\u0171 alkoholt fogyasztasz;<\/li>\n<li>v\u00e1rand\u00f3s vagy, vagy szoptatsz;<\/li>\n<li>extr\u00e9m stressznek vagy kit\u00e9ve;<\/li>\n<li>szervezeted koleszterinszintje megemelkedett vagy em\u00e9szt\u0151szervi probl\u00e9m\u00e1kkal k\u00fczdesz.<\/li>\n<\/ul>\n<p>Fontos! A felsorolt \u00e1llapotok fenn\u00e1ll\u00e1sa eset\u00e9n, valamint rendszeresen szedett gy\u00f3gyszerek \u00e9s egy\u00e9b k\u00e9sz\u00edtm\u00e9nyek alkalmaz\u00e1sa mellett kiemelten fontos, hogy az adagol\u00e1sr\u00f3l \u00e9s egy\u00e9b r\u00e9szletekr\u0151l minden esetben egyeztess kezel\u0151orvosoddal, gy\u00f3gyszer\u00e9szeddel!<\/p>\n<h3>A pantot\u00e9nsav, avagy a B5-vitamin<\/h3>\n<p>B\u00e1r a pantot\u00e9nsav a kozmetikai \u00e9s haj\u00e1pol\u00f3 szerek gyakori \u00f6sszetev\u0151je, els\u0151sorban nem a sz\u00e9ps\u00e9g t\u00e1mogat\u00e1s\u00e1ban bet\u00f6lt\u00f6tt szerepe miatt fontos szervezet\u00fcnk sz\u00e1m\u00e1ra.<br \/>\nSokkal ink\u00e1bb az\u00e9rt, mert hozz\u00e1j\u00e1rul a szteroid hormonok, a D-vitamin \u00e9s egyes inger\u00fclet\u00e1tviv\u0151 anyagok norm\u00e1l szint\u00e9zis\u00e9hez \u00e9s anyagcser\u00e9j\u00e9hez, ez\u00e1ltal elengedhetetlen szervezet\u00fcnk kiegyens\u00falyozott m\u0171k\u00f6d\u00e9s\u00e9hez.<br \/>\nMivel hozz\u00e1j\u00e1rul a f\u00e1radts\u00e1g \u00e9s a kif\u00e1rad\u00e1s cs\u00f6kkent\u00e9s\u00e9hez \u00e9s a norm\u00e1l ment\u00e1lis teljes\u00edtm\u00e9nyhez is, szinten tart\u00e1s\u00e1val k\u00f6nnyebben gy\u0151zheted le a mindennapok neh\u00e9zs\u00e9geit \u00e9s lend\u00fcletesebben n\u00e9zhetsz szembe a kih\u00edv\u00e1sokkal.<br \/>\nGondoskodj optim\u00e1lis mennyis\u00e9g\u00e9r\u0151l egyszer\u0171en, d\u00f6nts az USA medical B12 COMPLEX mellett Te is!<\/p>\n<h3>A B6-vitamin \u00e9s a B12-vitamin<\/h3>\n<p>A B6-vitamin \u00e9s a B12-vitamin a szervezet jolly jokere: optim\u00e1lis szintj\u00fck a szervezet eg\u00e9szs\u00e9ges m\u0171k\u00f6d\u00e9s\u00e9nek alapfelt\u00e9tele.<br \/>\nEnnek oka, hogy mindk\u00e9t vitamin r\u00e9szt vesz a norm\u00e1l energiatermel\u0151 anyagcsere-folyamatokban \u00e9s a norm\u00e1l feh\u00e9rje- \u00e9s glikog\u00e9n-anyagcser\u00e9ben, valamint hozz\u00e1j\u00e1rul az idegrendszer norm\u00e1l m\u0171k\u00f6d\u00e9s\u00e9hez, a norm\u00e1l pszichol\u00f3giai funkci\u00f3 fenntart\u00e1s\u00e1hoz, a norm\u00e1l v\u00f6r\u00f6sv\u00e9rsejt-k\u00e9pz\u0151d\u00e9shez \u00e9s az immunrendszer norm\u00e1l m\u0171k\u00f6d\u00e9s\u00e9hez, valamint a f\u00e1radts\u00e1g \u00e9s a kif\u00e1rad\u00e1s cs\u00f6kkent\u00e9s\u00e9hez is.<br \/>\nA B6-vitamin mindezek mellett r\u00e9szt vesz a norm\u00e1l cisztein-anyagcser\u00e9ben \u00e9s a hormon\u00e1lis szab\u00e1lyoz\u00e1sban is. A B12-vitamin pedig a norm\u00e1l homocisztein-anyagcser\u00e9hez elengedhetetlen.<\/p>\n<h3>Honnan tudod, hogy a B12 COMPLEX lehet a megold\u00e1s a probl\u00e9m\u00e1idra?<\/h3>\n<p>Ha a szervezet egyens\u00falya megbomlik, tested besz\u00e9l Hozz\u00e1d. Neked csak meg kell hallanod!<br \/>\nHa hormon\u00e1lis \u00e9s v\u00e9rz\u00e9sprobl\u00e9m\u00e1kat, b\u0151rpanaszokat tapasztalsz, ha \u00fagy \u00e9rzed, immunrendszered legyeng\u00fclt \u00e9s fog\u00e9konyabb vagy a fert\u0151z\u00e9sekre, ha f\u00e1radts\u00e1g, gyullad\u00e1sok, hajhull\u00e1s, kering\u00e9si panaszok l\u00e9pnek fel, egyeztess h\u00e1ziorvosoddal vagy kezel\u0151orvosoddal \u00e9s k\u00e9rd ki tan\u00e1cs\u00e1t!<br \/>\nNe feledd, ha sz\u00fcks\u00e9ged van r\u00e1, az USA medical B12 COMPLEX a megrendel\u00e9st k\u00f6vet\u0151en ak\u00e1r m\u00e1r 24 \u00f3r\u00e1n bel\u00fcl is meg\u00e9rkezhet hozz\u00e1d. Rendeld meg most \u00e9s ker\u00fclj egyens\u00falyba!<\/p>\n<p><strong>Fontos megjegyz\u00e9s:<\/strong> Az oldalon tal\u00e1lhat\u00f3 inform\u00e1ci\u00f3k \u00e9s \u00e1ll\u00edt\u00e1sok csup\u00e1n \u00e1ltal\u00e1nos t\u00e1j\u00e9koztat\u00e1sul szolg\u00e1lnak a term\u00e9keink \u00f6sszetev\u0151ivel kapcsolatban. Az USA Medical term\u00e9kei nem min\u0151s\u00fclnek gy\u00f3gyszernek, \u00e9s az inform\u00e1ci\u00f3k nem helyettes\u00edtik az orvosi tan\u00e1csad\u00e1st vagy kezel\u00e9st. A k\u00f6z\u00f6lt \u00e1ll\u00edt\u00e1sok nem a konkr\u00e9t term\u00e9kre vonatkoznak, hanem a tudom\u00e1nyos \u00e9s szakirodalmi forr\u00e1sokban tal\u00e1lhat\u00f3 ismereteket \u00f6sszegzik. Az inform\u00e1ci\u00f3k nem \u00e9rtelmezhet\u0151k szem\u00e9lyre szabott eg\u00e9szs\u00e9g\u00fcgyi javaslatk\u00e9nt, \u00e9s nem szolg\u00e1lnak konkr\u00e9t t\u00fcnetek kezel\u00e9s\u00e9re vonatkoz\u00f3 tan\u00e1csk\u00e9nt. B\u00e1rmilyen eg\u00e9szs\u00e9gi probl\u00e9m\u00e1val kapcsolatban k\u00e9rj\u00fck, forduljon szakorvoshoz vagy gy\u00f3gyszer\u00e9szhez!<\/p>\n","protected":false},"excerpt":{"rendered":"<p>Gondoskodj tested lend\u00fcletes, eg\u00e9szs\u00e9ges m\u0171k\u00f6d\u00e9s\u00e9r\u0151l a magas hat\u00f3anyag-tartalm\u00fa, \u00f6t k\u00fcl\u00f6nb\u00f6z\u0151 B-vitaminerej\u00e9t egyes\u00edt\u0151 B12 komplex seg\u00edts\u00e9g\u00e9vel ! Alkalmazd az USA medical B12 COMPLEX-et minden nap \u00e9s hozd lend\u00fcletbe magad!<\/p>\n<p><strong>\u00c9trend-kieg\u00e9sz\u00edt\u0151 csepp<\/strong><br \/>\n<strong>OGY\u00c9I Notifik\u00e1ci\u00f3s sz\u00e1m<\/strong> \u2013 33640\/2024<br \/>\n<strong>Kiszerel\u00e9s:<\/strong> 30 ml (1 ml kb. 30 csepp)<br \/>\n<strong>\u00cdzhat\u00e1sa:<\/strong> m\u00e1lna \u00edzes\u00edt\u00e9s\u0171<br \/>\n<strong>Sz\u00e1rmaz\u00e1si orsz\u00e1g:<\/strong> USA<br \/>\n<strong>VEG\u00c1N<\/strong><\/p>\n<ul>\n<li><strong>Magyar-amerikai fejleszt\u00e9s<\/strong><\/li>\n<li><strong>GMP \u00e9s HACCP szabv\u00e1ny szerint gy\u00e1rtva<\/strong><\/li>\n<li><strong>Val\u00f3s magyarorsz\u00e1gi rakt\u00e1rk\u00e9szletr\u0151l<\/strong><\/li>\n<\/ul>\n<p><img decoding=\"async\" class=\"alignnone size-full wp-image-826\" src=\"https:\/\/herbalkincsei.hu\/wp-content\/uploads\/2024\/03\/hand-holding-heart-solid.svg\" alt=\"\" \/>\u00a0 Term\u00e9keink gondosan v\u00e1logatott alapanyagokb\u00f3l k\u00e9sz\u00fclnek.<\/p>\n<p><img decoding=\"async\" class=\"alignnone size-full wp-image-825\" src=\"https:\/\/herbalkincsei.hu\/wp-content\/uploads\/2024\/03\/star-solid.svg\" alt=\"\" \/>\u00a0 \u00a0A term\u00e9kekre hazai garanci\u00e1t \u00e9s term\u00e9k szolg\u00e1ltat\u00e1st biztos\u00edtunk.<\/p>\n<p><img decoding=\"async\" class=\"alignnone size-full wp-image-823\" src=\"https:\/\/herbalkincsei.hu\/wp-content\/uploads\/2024\/03\/user-lock-solid.svg\" alt=\"\" \/>\u00a0Biztons\u00e1gos v\u00e9dett fizet\u00e9s.<\/p>\n<p><img decoding=\"async\" class=\"alignnone size-full wp-image-824\" src=\"https:\/\/herbalkincsei.hu\/wp-content\/uploads\/2024\/03\/truck-fast-solid.svg\" alt=\"\" \/> Gyors kiszolg\u00e1l\u00e1s.<\/p>\n","protected":false},"featured_media":654,"comment_status":"closed","ping_status":"closed","template":"","meta":[],"product_brand":[223],"product_cat":[172,183,19,185,171,173],"product_tag":[217,226],"class_list":{"0":"post-604","1":"product","2":"type-product","3":"status-publish","4":"has-post-thumbnail","6":"product_brand-usamedical","7":"product_cat-etrend-kiegeszitok","8":"product_cat-idegrendszer","9":"product_cat-minden-termek","10":"product_cat-multivitaminok","11":"product_cat-usamedical","12":"product_cat-vitaminok-es-asvanyi-anyagok-etrend-kiegeszitok","13":"product_tag-217","14":"product_tag-b12","15":"product_shipping_class-hu","17":"first","18":"instock","19":"purchasable","20":"product-type-simple","21":"add-to-wishlist-before_image","22":"customify-col"},"yoast_head":"<!-- This site is optimized with the Yoast SEO plugin v27.4 - https:\/\/yoast.com\/product\/yoast-seo-wordpress\/ -->\n<title>B-12 Komplex B-vitamin cseppek 30 ml - Herb\u00e1lkincsei<\/title>\n<meta name=\"description\" content=\"Gondoskodj tested lend\u00fcletes, eg\u00e9szs\u00e9ges m\u0171k\u00f6d\u00e9s\u00e9r\u0151l a magas hat\u00f3anyag-tartalm\u00fa, \u00f6t k\u00fcl\u00f6nb\u00f6z\u0151 B-vitamin erej\u00e9t egyes\u00edt\u0151 B12 komplex seg\u00edts\u00e9g\u00e9vel!\" \/>\n<meta name=\"robots\" content=\"index, follow, max-snippet:-1, max-image-preview:large, max-video-preview:-1\" \/>\n<link rel=\"canonical\" href=\"https:\/\/herbalkincsei.hu\/index.php\/termek\/import-placeholder-for-822\/\" \/>\n<meta property=\"og:locale\" content=\"hu_HU\" \/>\n<meta property=\"og:type\" content=\"article\" \/>\n<meta property=\"og:title\" content=\"B-12 Komplex B-vitamin cseppek 30 ml - Herb\u00e1lkincsei\" \/>\n<meta property=\"og:description\" content=\"Gondoskodj tested lend\u00fcletes, eg\u00e9szs\u00e9ges m\u0171k\u00f6d\u00e9s\u00e9r\u0151l a magas hat\u00f3anyag-tartalm\u00fa, \u00f6t k\u00fcl\u00f6nb\u00f6z\u0151 B-vitamin erej\u00e9t egyes\u00edt\u0151 B12 komplex seg\u00edts\u00e9g\u00e9vel!\" \/>\n<meta property=\"og:url\" content=\"https:\/\/herbalkincsei.hu\/index.php\/termek\/import-placeholder-for-822\/\" \/>\n<meta property=\"og:site_name\" content=\"Herb\u00e1lkincsei\" \/>\n<meta property=\"article:modified_time\" content=\"2025-12-07T16:43:17+00:00\" \/>\n<meta property=\"og:image\" content=\"https:\/\/herbalkincsei.hu\/wp-content\/uploads\/2024\/03\/2023_800x960_72_dpi_weboldalra_optimalizalt_b-12_vitaminolaj1.jpg?wsr\" \/>\n\t<meta property=\"og:image:width\" content=\"800\" \/>\n\t<meta property=\"og:image:height\" content=\"960\" \/>\n\t<meta property=\"og:image:type\" content=\"image\/jpeg\" \/>\n<meta name=\"twitter:card\" content=\"summary_large_image\" \/>\n<meta name=\"twitter:label1\" content=\"Becs\u00fclt olvas\u00e1si id\u0151\" \/>\n\t<meta name=\"twitter:data1\" content=\"4 perc\" \/>\n<script type=\"application\/ld+json\" class=\"yoast-schema-graph\">{\"@context\":\"https:\\\/\\\/schema.org\",\"@graph\":[{\"@type\":\"WebPage\",\"@id\":\"https:\\\/\\\/herbalkincsei.hu\\\/index.php\\\/termek\\\/import-placeholder-for-822\\\/\",\"url\":\"https:\\\/\\\/herbalkincsei.hu\\\/index.php\\\/termek\\\/import-placeholder-for-822\\\/\",\"name\":\"B-12 Komplex B-vitamin cseppek 30 ml - Herb\u00e1lkincsei\",\"isPartOf\":{\"@id\":\"https:\\\/\\\/herbalkincsei.hu\\\/#website\"},\"primaryImageOfPage\":{\"@id\":\"https:\\\/\\\/herbalkincsei.hu\\\/index.php\\\/termek\\\/import-placeholder-for-822\\\/#primaryimage\"},\"image\":{\"@id\":\"https:\\\/\\\/herbalkincsei.hu\\\/index.php\\\/termek\\\/import-placeholder-for-822\\\/#primaryimage\"},\"thumbnailUrl\":\"https:\\\/\\\/herbalkincsei.hu\\\/wp-content\\\/uploads\\\/2024\\\/03\\\/2023_800x960_72_dpi_weboldalra_optimalizalt_b-12_vitaminolaj1.jpg?wsr\",\"datePublished\":\"2025-09-17T11:11:08+00:00\",\"dateModified\":\"2025-12-07T16:43:17+00:00\",\"description\":\"Gondoskodj tested lend\u00fcletes, eg\u00e9szs\u00e9ges m\u0171k\u00f6d\u00e9s\u00e9r\u0151l a magas hat\u00f3anyag-tartalm\u00fa, \u00f6t k\u00fcl\u00f6nb\u00f6z\u0151 B-vitamin erej\u00e9t egyes\u00edt\u0151 B12 komplex seg\u00edts\u00e9g\u00e9vel!\",\"breadcrumb\":{\"@id\":\"https:\\\/\\\/herbalkincsei.hu\\\/index.php\\\/termek\\\/import-placeholder-for-822\\\/#breadcrumb\"},\"inLanguage\":\"hu\",\"potentialAction\":[{\"@type\":\"ReadAction\",\"target\":[\"https:\\\/\\\/herbalkincsei.hu\\\/index.php\\\/termek\\\/import-placeholder-for-822\\\/\"]}]},{\"@type\":\"ImageObject\",\"inLanguage\":\"hu\",\"@id\":\"https:\\\/\\\/herbalkincsei.hu\\\/index.php\\\/termek\\\/import-placeholder-for-822\\\/#primaryimage\",\"url\":\"https:\\\/\\\/herbalkincsei.hu\\\/wp-content\\\/uploads\\\/2024\\\/03\\\/2023_800x960_72_dpi_weboldalra_optimalizalt_b-12_vitaminolaj1.jpg?wsr\",\"contentUrl\":\"https:\\\/\\\/herbalkincsei.hu\\\/wp-content\\\/uploads\\\/2024\\\/03\\\/2023_800x960_72_dpi_weboldalra_optimalizalt_b-12_vitaminolaj1.jpg?wsr\",\"width\":800,\"height\":960},{\"@type\":\"BreadcrumbList\",\"@id\":\"https:\\\/\\\/herbalkincsei.hu\\\/index.php\\\/termek\\\/import-placeholder-for-822\\\/#breadcrumb\",\"itemListElement\":[{\"@type\":\"ListItem\",\"position\":1,\"name\":\"Kezd\u0151lap\",\"item\":\"https:\\\/\\\/herbalkincsei.hu\\\/\"},{\"@type\":\"ListItem\",\"position\":2,\"name\":\"\u00dczlet\",\"item\":\"https:\\\/\\\/herbalkincsei.hu\\\/index.php\\\/uzlet\\\/\"},{\"@type\":\"ListItem\",\"position\":3,\"name\":\"B-12 Komplex B-vitamin cseppek 30 ml\"}]},{\"@type\":\"WebSite\",\"@id\":\"https:\\\/\\\/herbalkincsei.hu\\\/#website\",\"url\":\"https:\\\/\\\/herbalkincsei.hu\\\/\",\"name\":\"herbalkincsei.hu\",\"description\":\"Ahol az eg\u00e9szs\u00e9g a c\u00e9l.\",\"publisher\":{\"@id\":\"https:\\\/\\\/herbalkincsei.hu\\\/#organization\"},\"potentialAction\":[{\"@type\":\"SearchAction\",\"target\":{\"@type\":\"EntryPoint\",\"urlTemplate\":\"https:\\\/\\\/herbalkincsei.hu\\\/?s={search_term_string}\"},\"query-input\":{\"@type\":\"PropertyValueSpecification\",\"valueRequired\":true,\"valueName\":\"search_term_string\"}}],\"inLanguage\":\"hu\"},{\"@type\":\"Organization\",\"@id\":\"https:\\\/\\\/herbalkincsei.hu\\\/#organization\",\"name\":\"Herb\u00e1lkincsei\",\"url\":\"https:\\\/\\\/herbalkincsei.hu\\\/\",\"logo\":{\"@type\":\"ImageObject\",\"inLanguage\":\"hu\",\"@id\":\"https:\\\/\\\/herbalkincsei.hu\\\/#\\\/schema\\\/logo\\\/image\\\/\",\"url\":\"https:\\\/\\\/herbalkincsei.hu\\\/wp-content\\\/uploads\\\/2024\\\/02\\\/cropped-Green-Leaf-Aromatherapy-Logo-400-\u00d7-135-keppont.png?wsr\",\"contentUrl\":\"https:\\\/\\\/herbalkincsei.hu\\\/wp-content\\\/uploads\\\/2024\\\/02\\\/cropped-Green-Leaf-Aromatherapy-Logo-400-\u00d7-135-keppont.png?wsr\",\"width\":400,\"height\":135,\"caption\":\"Herb\u00e1lkincsei\"},\"image\":{\"@id\":\"https:\\\/\\\/herbalkincsei.hu\\\/#\\\/schema\\\/logo\\\/image\\\/\"}}]}<\/script>\n<!-- \/ Yoast SEO plugin. -->","yoast_head_json":{"title":"B-12 Komplex B-vitamin cseppek 30 ml - Herb\u00e1lkincsei","description":"Gondoskodj tested lend\u00fcletes, eg\u00e9szs\u00e9ges m\u0171k\u00f6d\u00e9s\u00e9r\u0151l a magas hat\u00f3anyag-tartalm\u00fa, \u00f6t k\u00fcl\u00f6nb\u00f6z\u0151 B-vitamin erej\u00e9t egyes\u00edt\u0151 B12 komplex seg\u00edts\u00e9g\u00e9vel!","robots":{"index":"index","follow":"follow","max-snippet":"max-snippet:-1","max-image-preview":"max-image-preview:large","max-video-preview":"max-video-preview:-1"},"canonical":"https:\/\/herbalkincsei.hu\/index.php\/termek\/import-placeholder-for-822\/","og_locale":"hu_HU","og_type":"article","og_title":"B-12 Komplex B-vitamin cseppek 30 ml - Herb\u00e1lkincsei","og_description":"Gondoskodj tested lend\u00fcletes, eg\u00e9szs\u00e9ges m\u0171k\u00f6d\u00e9s\u00e9r\u0151l a magas hat\u00f3anyag-tartalm\u00fa, \u00f6t k\u00fcl\u00f6nb\u00f6z\u0151 B-vitamin erej\u00e9t egyes\u00edt\u0151 B12 komplex seg\u00edts\u00e9g\u00e9vel!","og_url":"https:\/\/herbalkincsei.hu\/index.php\/termek\/import-placeholder-for-822\/","og_site_name":"Herb\u00e1lkincsei","article_modified_time":"2025-12-07T16:43:17+00:00","og_image":[{"width":800,"height":960,"url":"https:\/\/herbalkincsei.hu\/wp-content\/uploads\/2024\/03\/2023_800x960_72_dpi_weboldalra_optimalizalt_b-12_vitaminolaj1.jpg?wsr","type":"image\/jpeg"}],"twitter_card":"summary_large_image","twitter_misc":{"Becs\u00fclt olvas\u00e1si id\u0151":"4 perc"},"schema":{"@context":"https:\/\/schema.org","@graph":[{"@type":"WebPage","@id":"https:\/\/herbalkincsei.hu\/index.php\/termek\/import-placeholder-for-822\/","url":"https:\/\/herbalkincsei.hu\/index.php\/termek\/import-placeholder-for-822\/","name":"B-12 Komplex B-vitamin cseppek 30 ml - Herb\u00e1lkincsei","isPartOf":{"@id":"https:\/\/herbalkincsei.hu\/#website"},"primaryImageOfPage":{"@id":"https:\/\/herbalkincsei.hu\/index.php\/termek\/import-placeholder-for-822\/#primaryimage"},"image":{"@id":"https:\/\/herbalkincsei.hu\/index.php\/termek\/import-placeholder-for-822\/#primaryimage"},"thumbnailUrl":"https:\/\/herbalkincsei.hu\/wp-content\/uploads\/2024\/03\/2023_800x960_72_dpi_weboldalra_optimalizalt_b-12_vitaminolaj1.jpg?wsr","datePublished":"2025-09-17T11:11:08+00:00","dateModified":"2025-12-07T16:43:17+00:00","description":"Gondoskodj tested lend\u00fcletes, eg\u00e9szs\u00e9ges m\u0171k\u00f6d\u00e9s\u00e9r\u0151l a magas hat\u00f3anyag-tartalm\u00fa, \u00f6t k\u00fcl\u00f6nb\u00f6z\u0151 B-vitamin erej\u00e9t egyes\u00edt\u0151 B12 komplex seg\u00edts\u00e9g\u00e9vel!","breadcrumb":{"@id":"https:\/\/herbalkincsei.hu\/index.php\/termek\/import-placeholder-for-822\/#breadcrumb"},"inLanguage":"hu","potentialAction":[{"@type":"ReadAction","target":["https:\/\/herbalkincsei.hu\/index.php\/termek\/import-placeholder-for-822\/"]}]},{"@type":"ImageObject","inLanguage":"hu","@id":"https:\/\/herbalkincsei.hu\/index.php\/termek\/import-placeholder-for-822\/#primaryimage","url":"https:\/\/herbalkincsei.hu\/wp-content\/uploads\/2024\/03\/2023_800x960_72_dpi_weboldalra_optimalizalt_b-12_vitaminolaj1.jpg?wsr","contentUrl":"https:\/\/herbalkincsei.hu\/wp-content\/uploads\/2024\/03\/2023_800x960_72_dpi_weboldalra_optimalizalt_b-12_vitaminolaj1.jpg?wsr","width":800,"height":960},{"@type":"BreadcrumbList","@id":"https:\/\/herbalkincsei.hu\/index.php\/termek\/import-placeholder-for-822\/#breadcrumb","itemListElement":[{"@type":"ListItem","position":1,"name":"Kezd\u0151lap","item":"https:\/\/herbalkincsei.hu\/"},{"@type":"ListItem","position":2,"name":"\u00dczlet","item":"https:\/\/herbalkincsei.hu\/index.php\/uzlet\/"},{"@type":"ListItem","position":3,"name":"B-12 Komplex B-vitamin cseppek 30 ml"}]},{"@type":"WebSite","@id":"https:\/\/herbalkincsei.hu\/#website","url":"https:\/\/herbalkincsei.hu\/","name":"herbalkincsei.hu","description":"Ahol az eg\u00e9szs\u00e9g a c\u00e9l.","publisher":{"@id":"https:\/\/herbalkincsei.hu\/#organization"},"potentialAction":[{"@type":"SearchAction","target":{"@type":"EntryPoint","urlTemplate":"https:\/\/herbalkincsei.hu\/?s={search_term_string}"},"query-input":{"@type":"PropertyValueSpecification","valueRequired":true,"valueName":"search_term_string"}}],"inLanguage":"hu"},{"@type":"Organization","@id":"https:\/\/herbalkincsei.hu\/#organization","name":"Herb\u00e1lkincsei","url":"https:\/\/herbalkincsei.hu\/","logo":{"@type":"ImageObject","inLanguage":"hu","@id":"https:\/\/herbalkincsei.hu\/#\/schema\/logo\/image\/","url":"https:\/\/herbalkincsei.hu\/wp-content\/uploads\/2024\/02\/cropped-Green-Leaf-Aromatherapy-Logo-400-\u00d7-135-keppont.png?wsr","contentUrl":"https:\/\/herbalkincsei.hu\/wp-content\/uploads\/2024\/02\/cropped-Green-Leaf-Aromatherapy-Logo-400-\u00d7-135-keppont.png?wsr","width":400,"height":135,"caption":"Herb\u00e1lkincsei"},"image":{"@id":"https:\/\/herbalkincsei.hu\/#\/schema\/logo\/image\/"}}]}},"_links":{"self":[{"href":"https:\/\/herbalkincsei.hu\/index.php\/wp-json\/wp\/v2\/product\/604","targetHints":{"allow":["GET"]}}],"collection":[{"href":"https:\/\/herbalkincsei.hu\/index.php\/wp-json\/wp\/v2\/product"}],"about":[{"href":"https:\/\/herbalkincsei.hu\/index.php\/wp-json\/wp\/v2\/types\/product"}],"replies":[{"embeddable":true,"href":"https:\/\/herbalkincsei.hu\/index.php\/wp-json\/wp\/v2\/comments?post=604"}],"wp:featuredmedia":[{"embeddable":true,"href":"https:\/\/herbalkincsei.hu\/index.php\/wp-json\/wp\/v2\/media\/654"}],"wp:attachment":[{"href":"https:\/\/herbalkincsei.hu\/index.php\/wp-json\/wp\/v2\/media?parent=604"}],"wp:term":[{"taxonomy":"product_brand","embeddable":true,"href":"https:\/\/herbalkincsei.hu\/index.php\/wp-json\/wp\/v2\/product_brand?post=604"},{"taxonomy":"product_cat","embeddable":true,"href":"https:\/\/herbalkincsei.hu\/index.php\/wp-json\/wp\/v2\/product_cat?post=604"},{"taxonomy":"product_tag","embeddable":true,"href":"https:\/\/herbalkincsei.hu\/index.php\/wp-json\/wp\/v2\/product_tag?post=604"}],"curies":[{"name":"wp","href":"https:\/\/api.w.org\/{rel}","templated":true}]}}