{"id":603,"date":"2024-03-14T12:11:08","date_gmt":"2024-03-14T11:11:08","guid":{"rendered":"https:\/\/herbalkincsei.hu\/?post_type=product&#038;p=603"},"modified":"2025-12-07T20:03:29","modified_gmt":"2025-12-07T19:03:29","slug":"import-placeholder-for-820","status":"publish","type":"product","link":"https:\/\/herbalkincsei.hu\/index.php\/termek\/import-placeholder-for-820\/","title":{"rendered":"Hajvitamin kapszula hialuronnal, kollag\u00e9nnel \u00e9s biotinnal 60 db"},"content":{"rendered":"<h2><strong><span style=\"color: #00aae7;\"><span class=\"bluetxt\">Hair &amp;Beauty &#8211; Biotint, hialuront, \u00e1sv\u00e1nyi anyagokat \u00e9s n\u00f6v\u00e9nyi kivonatokat tartalmaz\u00f3 haj-b\u0151r-k\u00f6r\u00f6m vitamin<\/span><\/span><\/strong><\/h2>\n<p>A sz\u00e9ps\u00e9g t\u00e9nyleg bel\u00fclr\u0151l fakad &#8211; mi az USA medicaln\u00e1l legal\u00e1bbis \u00edgy gondoljuk. Ez\u00e9rt hoztuk l\u00e9tre a vitaminokban, \u00e1sv\u00e1nyi anyagokban \u00e9s n\u00f6v\u00e9nyi kivonatokban b\u0151velked\u0151, kiv\u00e1l\u00f3 min\u0151s\u00e9g\u0171 Hair and Beauty Hajvitamint. Napi egyetlen kapszula \u00e9s term\u00e9szetes sz\u00e9ps\u00e9ged ragyog\u00e1sa teljess\u00e9 v\u00e1lhat!<\/p>\n<h3><strong>A cink a haj, a b\u0151r \u00e9s a k\u00f6rm\u00f6k sz\u00e9ps\u00e9g\u00e9nek seg\u00edt\u0151je<\/strong><\/h3>\n<p>A Hair and Beauty Hajvitamin egyetlen darabj\u00e1ban a napi cinksz\u00fcks\u00e9glet\u00fcnk mintegy 200 %-a tal\u00e1lhat\u00f3 meg. Ez az \u00e1sv\u00e1nyi anyag kulcsfontoss\u00e1g\u00fa a b\u0151r \u00e9s a haj sz\u00e9ps\u00e9g\u00e9nek \u00e1pol\u00e1s\u00e1ban, hiszen a cink<\/p>\n<ul>\n<li>hozz\u00e1j\u00e1rul a norm\u00e1l szellemi m\u0171k\u00f6d\u00e9s fenntart\u00e1s\u00e1hoz, vagyis nemcsak sz\u00e9ps\u00e9ged, hanem elm\u00e9d is ragyoghat!<\/li>\n<li>r\u00e9szt vesz a makrot\u00e1panyagok norm\u00e1l anyagcser\u00e9j\u00e9ben, azaz seg\u00edtheti a vitaminok \u00e9s \u00e1sv\u00e1nyi anyagok felsz\u00edv\u00f3d\u00e1s\u00e1t.<\/li>\n<li>hozz\u00e1j\u00e1rul a haj, a b\u0151r \u00e9s a k\u00f6r\u00f6m norm\u00e1l \u00e1llapot\u00e1nak fenntart\u00e1s\u00e1hoz.<\/li>\n<li>r\u00e9szt vesz a b\u0151r norm\u00e1l \u00e1llapot\u00e1nak fenntart\u00e1s\u00e1t \u00e9s a l\u00e1t\u00e1st t\u00e1mogat\u00f3 A-vitamin norm\u00e1l anyagcser\u00e9j\u00e9nek biztos\u00edt\u00e1s\u00e1ban.<\/li>\n<li>hozz\u00e1j\u00e1rul az immunrendszer norm\u00e1l m\u0171k\u00f6d\u00e9s\u00e9hez is.<\/li>\n<\/ul>\n<p>A napi cinkfogyaszt\u00e1s szinten tart\u00e1sa teh\u00e1t az eg\u00e9szs\u00e9g \u00e9s a sz\u00e9ps\u00e9g egyik alappill\u00e9re. Mivel a n\u0151i \u00e9s a f\u00e9rfi eg\u00e9szs\u00e9ghez egyar\u00e1nt elmaradhatatlan, gondoskodj r\u00f3la Te is!<\/p>\n<p><strong>B-vitaminnal a teljess\u00e9g\u00e9rt<\/strong><\/p>\n<p>A Hair and Beauty Hajvitaminban <strong>B2-, B3-, B5-, B7-, B10- \u00e9s B12-vitamin<\/strong> is tal\u00e1lhat\u00f3, \u00edgy egy-egy kapszul\u00e1nak sz\u00e1mtalan kedvez\u0151 hat\u00e1st tulajdon\u00edthatunk.<\/p>\n<p>Tudtad p\u00e9ld\u00e1ul, hogy a B6- \u00e9s B12-vitamin nemcsak az idegrendszer norm\u00e1l m\u0171k\u00f6d\u00e9s\u00e9hez, hanem az immunrendszer eg\u00e9szs\u00e9g\u00e9nek t\u00e1mogat\u00e1s\u00e1hoz j\u00e1rul hozz\u00e1, hanem a f\u00e1radts\u00e1g \u00e9s kif\u00e1rad\u00e1s cs\u00f6kkent\u00e9s\u00e9hez is?<\/p>\n<p>Hallott\u00e1l m\u00e1r arr\u00f3l, hogy a biotin &#8211; vagy m\u00e1s n\u00e9ven B7-vitamin &#8211; a haj \u00e9s a b\u0151r norm\u00e1l \u00e1llapot\u00e1nak fenntart\u00e1s\u00e1t is t\u00e1mogatja?<\/p>\n<p>Szeretn\u00e9l tenni az\u00e9rt, hogy val\u00f3ban igaz legyen R\u00e1d a (sz)\u00e9p testben (sz)\u00e9p l\u00e9lek mond\u00e1s? Pr\u00f3b\u00e1ld ki Hair and Beauty vitaminkomplex\u00fcnket \u00e9s \u00e9ld meg a teljess\u00e9get Te is<\/p>\n<p><strong>N\u00f6v\u00e9nyi kivonatok a term\u00e9szetes sz\u00e9ps\u00e9g\u00e9rt<\/strong><\/p>\n<p>A Hair and Beauty Hajvitamin olyan term\u00e9szetes n\u00f6v\u00e9nyi kivonatokat is tartalmaz, mint az aranyk\u00f6les-, a b\u00fazacs\u00edra- \u00e9s\u00a0 a sz\u0151l\u0151mag-kivonat, illetve a mezei zsurl\u00f3 vagy a csal\u00e1n\u0151rlem\u00e9ny.<\/p>\n<p>Az aranyk\u00f6les- \u00e9s a b\u00fazacs\u00edra-kivonat hossz\u00fa ideje a n\u00e9pi gy\u00f3gy\u00e1szat egyik \u00fct\u0151k\u00e1rty\u00e1ja. A benn\u00fck tal\u00e1lhat\u00f3 B2-, B5- \u00e9s B6- vitaminok, valamint a niacin ugyanis seg\u00edthetik a kollag\u00e9nk\u00e9pz\u0151d\u00e9st, ez\u00e1ltal hozz\u00e1j\u00e1rulnak a b\u0151r norm\u00e1l \u00e1llapot\u00e1nak fenntart\u00e1s\u00e1hoz.<\/p>\n<p>A sz\u0151l\u0151mag-kivonatnak a n\u00e9pi megfigyel\u00e9sek v\u00e9rkering\u00e9st jav\u00edt\u00f3, v\u00e9rk\u00e9pz\u0151d\u00e9st seg\u00edt\u0151 hat\u00e1sokat tulajdon\u00edtottak. Ak\u00e1rcsak a csal\u00e1nnak, melyet \u2018v\u00e9rtiszt\u00edt\u00f3k\u00e9nt\u2019 haszn\u00e1ltak fel kr\u00e9mek, tinkt\u00far\u00e1k \u00e9s teakever\u00e9kek hozz\u00e1val\u00f3jak\u00e9nt.<\/p>\n<p>A mezei zs\u00farl\u00f3t m\u00e1r r\u00e9gebben is legf\u0151k\u00e9ppen a benne tal\u00e1lhat\u00f3, ar\u00e1nyaiban nagy mennyis\u00e9g\u0171 szil\u00edcium-dioxid miatt haszn\u00e1lt\u00e1k. Mivel ennek hi\u00e1ny\u00e1ban a D-vitamin, a kalcium \u00e9s a gl\u00fck\u00f3zamin hasznosul\u00e1sa m\u00e9rs\u00e9kelt lehet, a zs\u00farl\u00f3 mindig is a f\u00fcvesasszonyok egyik k\u00fcl\u00f6nleges hozz\u00e1val\u00f3j\u00e1nak sz\u00e1m\u00edtott<\/p>\n<p>K\u00edv\u00e1ncsi vagy, egy\u00fctt mire k\u00e9pes a gy\u00f3gyn\u00f6v\u00e9nyek ereje? Pr\u00f3b\u00e1ld ki az USA medical Hair and Beauty Hajvitamint Te is \u00e9s mondd el nek\u00fcnk tapasztalataidat!<\/p>\n<p><strong>Mire j\u00f3 a r\u00e9z?<\/strong><\/p>\n<p>A rezet legt\u00f6bben csak f\u00e9nyes-csillog\u00f3 f\u00e9mk\u00e9nt ismerik, pedig ez az \u00e1sv\u00e1nyi anyag a szervezetben r\u00e9szt vesz a norm\u00e1l vassz\u00e1ll\u00edt\u00e1sban, t\u00e1mogatja az idegrendszer \u00e9s az immunrendszer norm\u00e1l m\u0171k\u00f6d\u00e9s\u00e9t, valamint hozz\u00e1j\u00e1rul a k\u00f6t\u0151sz\u00f6vetek norm\u00e1l \u00e1llapot\u00e1nak fenntart\u00e1s\u00e1hoz.<\/p>\n<p>A Hair and Beauty Hajvitaminban tal\u00e1lhat\u00f3 r\u00e9z 100 %-ban fedezi a feln\u0151ttek sz\u00e1m\u00e1ra sz\u00fcks\u00e9ges rezet, \u00edgy fogyaszt\u00e1sa nemcsak biztons\u00e1gos, hanem kedvez\u0151 hat\u00e1s\u00fa is.<\/p>\n<p>Napi egy kapszul\u00e1val az eg\u00e9szs\u00e9ges sz\u00e9ps\u00e9g szolg\u00e1lat\u00e1ban? USA medical Hair and Beauty Hajvitamin!<\/p>\n<p><strong>Fontos megjegyz\u00e9s:<\/strong> Az oldalon tal\u00e1lhat\u00f3 inform\u00e1ci\u00f3k \u00e9s \u00e1ll\u00edt\u00e1sok csup\u00e1n \u00e1ltal\u00e1nos t\u00e1j\u00e9koztat\u00e1sul szolg\u00e1lnak a term\u00e9keink \u00f6sszetev\u0151ivel kapcsolatban. Az USA Medical term\u00e9kei nem min\u0151s\u00fclnek gy\u00f3gyszernek, \u00e9s az inform\u00e1ci\u00f3k nem helyettes\u00edtik az orvosi tan\u00e1csad\u00e1st vagy kezel\u00e9st. A k\u00f6z\u00f6lt \u00e1ll\u00edt\u00e1sok nem a konkr\u00e9t term\u00e9kre vonatkoznak, hanem a tudom\u00e1nyos \u00e9s szakirodalmi forr\u00e1sokban tal\u00e1lhat\u00f3 ismereteket \u00f6sszegzik. Az inform\u00e1ci\u00f3k nem \u00e9rtelmezhet\u0151k szem\u00e9lyre szabott eg\u00e9szs\u00e9g\u00fcgyi javaslatk\u00e9nt, \u00e9s nem szolg\u00e1lnak konkr\u00e9t t\u00fcnetek kezel\u00e9s\u00e9re vonatkoz\u00f3 tan\u00e1csk\u00e9nt. B\u00e1rmilyen eg\u00e9szs\u00e9gi probl\u00e9m\u00e1val kapcsolatban k\u00e9rj\u00fck, forduljon szakorvoshoz vagy gy\u00f3gyszer\u00e9szhez!<\/p>\n","protected":false},"excerpt":{"rendered":"<div id=\"product_desc\" class=\"elementor-element elementor-element-dca84d2 elementor-widget elementor-widget-woocommerce-product-short-description\" data-id=\"dca84d2\" data-element_type=\"widget\" data-widget_type=\"woocommerce-product-short-description.default\">\n<div class=\"elementor-widget-container\">\n<div class=\"woocommerce-product-details__short-description\">\n<p>A haj, a k\u00f6rm\u00f6k \u00e9s a b\u0151r eg\u00e9szs\u00e9g\u00e9t t\u00e1mogat\u00f3 vitamin-komplex hialuronnal, kollag\u00e9nnel \u00e9s biotinnal, melynek seg\u00edts\u00e9g\u00e9vel term\u00e9szetes sz\u00e9ps\u00e9ged teljess\u00e9ge igaz\u00e1n felragyoghat!\u00a0<strong>A term\u00e9k glut\u00e9nt tartalmaz!<\/strong><\/p>\n<p><strong>\u00c9trend-kieg\u00e9sz\u00edt\u0151 kapszula<br \/>\n<\/strong><strong>OGY\u00c9I Notifik\u00e1ci\u00f3s sz\u00e1m:<\/strong>\u00a032738\/2023<br \/>\n<strong>Kiszerel\u00e9s:<\/strong>\u00a060 db<br \/>\n<strong>Sz\u00e1rmaz\u00e1si orsz\u00e1g:<\/strong> EU<\/p>\n<\/div>\n<\/div>\n<\/div>\n<div class=\"elementor-element elementor-element-9362874 elementor-icon-list--layout-traditional elementor-list-item-link-full_width elementor-widget elementor-widget-icon-list\" data-id=\"9362874\" data-element_type=\"widget\" data-widget_type=\"icon-list.default\">\n<div class=\"elementor-widget-container\">\n<ul class=\"elementor-icon-list-items\">\n<li class=\"elementor-icon-list-item\"><span class=\"elementor-icon-list-text\">Magyar-amerikai fejleszt\u00e9s<\/span><\/li>\n<li class=\"elementor-icon-list-item\"><span class=\"elementor-icon-list-text\">GMP \u00e9s HACCP szabv\u00e1ny szerint gy\u00e1rtva<\/span><\/li>\n<li class=\"elementor-icon-list-item\"><span class=\"elementor-icon-list-text\">Val\u00f3s magyarorsz\u00e1gi rakt\u00e1rk\u00e9szletr\u0151l<\/span><\/li>\n<\/ul>\n<p><img decoding=\"async\" class=\"alignnone size-full wp-image-826\" src=\"https:\/\/herbalkincsei.hu\/wp-content\/uploads\/2024\/03\/hand-holding-heart-solid.svg\" alt=\"\" \/>\u00a0 Term\u00e9keink gondosan v\u00e1logatott alapanyagokb\u00f3l k\u00e9sz\u00fclnek.<\/p>\n<p><img decoding=\"async\" class=\"alignnone size-full wp-image-825\" src=\"https:\/\/herbalkincsei.hu\/wp-content\/uploads\/2024\/03\/star-solid.svg\" alt=\"\" \/>\u00a0 \u00a0A term\u00e9kekre hazai garanci\u00e1t \u00e9s term\u00e9k szolg\u00e1ltat\u00e1st biztos\u00edtunk.<\/p>\n<p><img decoding=\"async\" class=\"alignnone size-full wp-image-823\" src=\"https:\/\/herbalkincsei.hu\/wp-content\/uploads\/2024\/03\/user-lock-solid.svg\" alt=\"\" \/>\u00a0Biztons\u00e1gos v\u00e9dett fizet\u00e9s.<\/p>\n<p><img decoding=\"async\" class=\"alignnone size-full wp-image-824\" src=\"https:\/\/herbalkincsei.hu\/wp-content\/uploads\/2024\/03\/truck-fast-solid.svg\" alt=\"\" \/>\u00a0Gyors kiszolg\u00e1l\u00e1s.<\/p>\n<\/div>\n<\/div>\n","protected":false},"featured_media":653,"comment_status":"closed","ping_status":"closed","template":"","meta":[],"product_brand":[223],"product_cat":[172,180,19,185,171,173],"product_tag":[222],"class_list":{"0":"post-603","1":"product","2":"type-product","3":"status-publish","4":"has-post-thumbnail","6":"product_brand-usamedical","7":"product_cat-etrend-kiegeszitok","8":"product_cat-haj-bor-korom","9":"product_cat-minden-termek","10":"product_cat-multivitaminok","11":"product_cat-usamedical","12":"product_cat-vitaminok-es-asvanyi-anyagok-etrend-kiegeszitok","13":"product_tag-222","14":"product_shipping_class-hu","16":"first","17":"instock","18":"purchasable","19":"product-type-simple","20":"add-to-wishlist-before_image","21":"customify-col","22":"product-has-gallery"},"yoast_head":"<!-- This site is optimized with the Yoast SEO plugin v27.4 - https:\/\/yoast.com\/product\/yoast-seo-wordpress\/ -->\n<title>Hajvitamin kapszula hialuronnal, kollag\u00e9nnel \u00e9s biotinnal 60 db - Herb\u00e1lkincsei<\/title>\n<meta name=\"description\" content=\"vitamin-komplex\" \/>\n<meta name=\"robots\" content=\"index, follow, max-snippet:-1, max-image-preview:large, max-video-preview:-1\" \/>\n<link rel=\"canonical\" href=\"https:\/\/herbalkincsei.hu\/index.php\/termek\/import-placeholder-for-820\/\" \/>\n<meta property=\"og:locale\" content=\"hu_HU\" \/>\n<meta property=\"og:type\" content=\"article\" \/>\n<meta property=\"og:title\" content=\"Hajvitamin kapszula hialuronnal, kollag\u00e9nnel \u00e9s biotinnal 60 db - Herb\u00e1lkincsei\" \/>\n<meta property=\"og:description\" content=\"vitamin-komplex\" \/>\n<meta property=\"og:url\" content=\"https:\/\/herbalkincsei.hu\/index.php\/termek\/import-placeholder-for-820\/\" \/>\n<meta property=\"og:site_name\" content=\"Herb\u00e1lkincsei\" \/>\n<meta property=\"article:modified_time\" content=\"2025-12-07T19:03:29+00:00\" \/>\n<meta property=\"og:image\" content=\"https:\/\/herbalkincsei.hu\/wp-content\/uploads\/2024\/03\/2023_800x960_72_dpi_weboldalra_optimalizalt_hairbeauty_kapszullaval1.jpg?wsr\" \/>\n\t<meta property=\"og:image:width\" content=\"800\" \/>\n\t<meta property=\"og:image:height\" content=\"960\" \/>\n\t<meta property=\"og:image:type\" content=\"image\/jpeg\" \/>\n<meta name=\"twitter:card\" content=\"summary_large_image\" \/>\n<meta name=\"twitter:label1\" content=\"Becs\u00fclt olvas\u00e1si id\u0151\" \/>\n\t<meta name=\"twitter:data1\" content=\"4 perc\" \/>\n<script type=\"application\/ld+json\" class=\"yoast-schema-graph\">{\"@context\":\"https:\\\/\\\/schema.org\",\"@graph\":[{\"@type\":\"WebPage\",\"@id\":\"https:\\\/\\\/herbalkincsei.hu\\\/index.php\\\/termek\\\/import-placeholder-for-820\\\/\",\"url\":\"https:\\\/\\\/herbalkincsei.hu\\\/index.php\\\/termek\\\/import-placeholder-for-820\\\/\",\"name\":\"Hajvitamin kapszula hialuronnal, kollag\u00e9nnel \u00e9s biotinnal 60 db - Herb\u00e1lkincsei\",\"isPartOf\":{\"@id\":\"https:\\\/\\\/herbalkincsei.hu\\\/#website\"},\"primaryImageOfPage\":{\"@id\":\"https:\\\/\\\/herbalkincsei.hu\\\/index.php\\\/termek\\\/import-placeholder-for-820\\\/#primaryimage\"},\"image\":{\"@id\":\"https:\\\/\\\/herbalkincsei.hu\\\/index.php\\\/termek\\\/import-placeholder-for-820\\\/#primaryimage\"},\"thumbnailUrl\":\"https:\\\/\\\/herbalkincsei.hu\\\/wp-content\\\/uploads\\\/2024\\\/03\\\/2023_800x960_72_dpi_weboldalra_optimalizalt_hairbeauty_kapszullaval1.jpg?wsr\",\"datePublished\":\"2024-03-14T11:11:08+00:00\",\"dateModified\":\"2025-12-07T19:03:29+00:00\",\"description\":\"vitamin-komplex\",\"breadcrumb\":{\"@id\":\"https:\\\/\\\/herbalkincsei.hu\\\/index.php\\\/termek\\\/import-placeholder-for-820\\\/#breadcrumb\"},\"inLanguage\":\"hu\",\"potentialAction\":[{\"@type\":\"ReadAction\",\"target\":[\"https:\\\/\\\/herbalkincsei.hu\\\/index.php\\\/termek\\\/import-placeholder-for-820\\\/\"]}]},{\"@type\":\"ImageObject\",\"inLanguage\":\"hu\",\"@id\":\"https:\\\/\\\/herbalkincsei.hu\\\/index.php\\\/termek\\\/import-placeholder-for-820\\\/#primaryimage\",\"url\":\"https:\\\/\\\/herbalkincsei.hu\\\/wp-content\\\/uploads\\\/2024\\\/03\\\/2023_800x960_72_dpi_weboldalra_optimalizalt_hairbeauty_kapszullaval1.jpg?wsr\",\"contentUrl\":\"https:\\\/\\\/herbalkincsei.hu\\\/wp-content\\\/uploads\\\/2024\\\/03\\\/2023_800x960_72_dpi_weboldalra_optimalizalt_hairbeauty_kapszullaval1.jpg?wsr\",\"width\":800,\"height\":960},{\"@type\":\"BreadcrumbList\",\"@id\":\"https:\\\/\\\/herbalkincsei.hu\\\/index.php\\\/termek\\\/import-placeholder-for-820\\\/#breadcrumb\",\"itemListElement\":[{\"@type\":\"ListItem\",\"position\":1,\"name\":\"Kezd\u0151lap\",\"item\":\"https:\\\/\\\/herbalkincsei.hu\\\/\"},{\"@type\":\"ListItem\",\"position\":2,\"name\":\"\u00dczlet\",\"item\":\"https:\\\/\\\/herbalkincsei.hu\\\/index.php\\\/uzlet\\\/\"},{\"@type\":\"ListItem\",\"position\":3,\"name\":\"Hajvitamin kapszula hialuronnal, kollag\u00e9nnel \u00e9s biotinnal 60 db\"}]},{\"@type\":\"WebSite\",\"@id\":\"https:\\\/\\\/herbalkincsei.hu\\\/#website\",\"url\":\"https:\\\/\\\/herbalkincsei.hu\\\/\",\"name\":\"herbalkincsei.hu\",\"description\":\"Ahol az eg\u00e9szs\u00e9g a c\u00e9l.\",\"publisher\":{\"@id\":\"https:\\\/\\\/herbalkincsei.hu\\\/#organization\"},\"potentialAction\":[{\"@type\":\"SearchAction\",\"target\":{\"@type\":\"EntryPoint\",\"urlTemplate\":\"https:\\\/\\\/herbalkincsei.hu\\\/?s={search_term_string}\"},\"query-input\":{\"@type\":\"PropertyValueSpecification\",\"valueRequired\":true,\"valueName\":\"search_term_string\"}}],\"inLanguage\":\"hu\"},{\"@type\":\"Organization\",\"@id\":\"https:\\\/\\\/herbalkincsei.hu\\\/#organization\",\"name\":\"Herb\u00e1lkincsei\",\"url\":\"https:\\\/\\\/herbalkincsei.hu\\\/\",\"logo\":{\"@type\":\"ImageObject\",\"inLanguage\":\"hu\",\"@id\":\"https:\\\/\\\/herbalkincsei.hu\\\/#\\\/schema\\\/logo\\\/image\\\/\",\"url\":\"https:\\\/\\\/herbalkincsei.hu\\\/wp-content\\\/uploads\\\/2024\\\/02\\\/cropped-Green-Leaf-Aromatherapy-Logo-400-\u00d7-135-keppont.png?wsr\",\"contentUrl\":\"https:\\\/\\\/herbalkincsei.hu\\\/wp-content\\\/uploads\\\/2024\\\/02\\\/cropped-Green-Leaf-Aromatherapy-Logo-400-\u00d7-135-keppont.png?wsr\",\"width\":400,\"height\":135,\"caption\":\"Herb\u00e1lkincsei\"},\"image\":{\"@id\":\"https:\\\/\\\/herbalkincsei.hu\\\/#\\\/schema\\\/logo\\\/image\\\/\"}}]}<\/script>\n<!-- \/ Yoast SEO plugin. -->","yoast_head_json":{"title":"Hajvitamin kapszula hialuronnal, kollag\u00e9nnel \u00e9s biotinnal 60 db - Herb\u00e1lkincsei","description":"vitamin-komplex","robots":{"index":"index","follow":"follow","max-snippet":"max-snippet:-1","max-image-preview":"max-image-preview:large","max-video-preview":"max-video-preview:-1"},"canonical":"https:\/\/herbalkincsei.hu\/index.php\/termek\/import-placeholder-for-820\/","og_locale":"hu_HU","og_type":"article","og_title":"Hajvitamin kapszula hialuronnal, kollag\u00e9nnel \u00e9s biotinnal 60 db - Herb\u00e1lkincsei","og_description":"vitamin-komplex","og_url":"https:\/\/herbalkincsei.hu\/index.php\/termek\/import-placeholder-for-820\/","og_site_name":"Herb\u00e1lkincsei","article_modified_time":"2025-12-07T19:03:29+00:00","og_image":[{"width":800,"height":960,"url":"https:\/\/herbalkincsei.hu\/wp-content\/uploads\/2024\/03\/2023_800x960_72_dpi_weboldalra_optimalizalt_hairbeauty_kapszullaval1.jpg?wsr","type":"image\/jpeg"}],"twitter_card":"summary_large_image","twitter_misc":{"Becs\u00fclt olvas\u00e1si id\u0151":"4 perc"},"schema":{"@context":"https:\/\/schema.org","@graph":[{"@type":"WebPage","@id":"https:\/\/herbalkincsei.hu\/index.php\/termek\/import-placeholder-for-820\/","url":"https:\/\/herbalkincsei.hu\/index.php\/termek\/import-placeholder-for-820\/","name":"Hajvitamin kapszula hialuronnal, kollag\u00e9nnel \u00e9s biotinnal 60 db - Herb\u00e1lkincsei","isPartOf":{"@id":"https:\/\/herbalkincsei.hu\/#website"},"primaryImageOfPage":{"@id":"https:\/\/herbalkincsei.hu\/index.php\/termek\/import-placeholder-for-820\/#primaryimage"},"image":{"@id":"https:\/\/herbalkincsei.hu\/index.php\/termek\/import-placeholder-for-820\/#primaryimage"},"thumbnailUrl":"https:\/\/herbalkincsei.hu\/wp-content\/uploads\/2024\/03\/2023_800x960_72_dpi_weboldalra_optimalizalt_hairbeauty_kapszullaval1.jpg?wsr","datePublished":"2024-03-14T11:11:08+00:00","dateModified":"2025-12-07T19:03:29+00:00","description":"vitamin-komplex","breadcrumb":{"@id":"https:\/\/herbalkincsei.hu\/index.php\/termek\/import-placeholder-for-820\/#breadcrumb"},"inLanguage":"hu","potentialAction":[{"@type":"ReadAction","target":["https:\/\/herbalkincsei.hu\/index.php\/termek\/import-placeholder-for-820\/"]}]},{"@type":"ImageObject","inLanguage":"hu","@id":"https:\/\/herbalkincsei.hu\/index.php\/termek\/import-placeholder-for-820\/#primaryimage","url":"https:\/\/herbalkincsei.hu\/wp-content\/uploads\/2024\/03\/2023_800x960_72_dpi_weboldalra_optimalizalt_hairbeauty_kapszullaval1.jpg?wsr","contentUrl":"https:\/\/herbalkincsei.hu\/wp-content\/uploads\/2024\/03\/2023_800x960_72_dpi_weboldalra_optimalizalt_hairbeauty_kapszullaval1.jpg?wsr","width":800,"height":960},{"@type":"BreadcrumbList","@id":"https:\/\/herbalkincsei.hu\/index.php\/termek\/import-placeholder-for-820\/#breadcrumb","itemListElement":[{"@type":"ListItem","position":1,"name":"Kezd\u0151lap","item":"https:\/\/herbalkincsei.hu\/"},{"@type":"ListItem","position":2,"name":"\u00dczlet","item":"https:\/\/herbalkincsei.hu\/index.php\/uzlet\/"},{"@type":"ListItem","position":3,"name":"Hajvitamin kapszula hialuronnal, kollag\u00e9nnel \u00e9s biotinnal 60 db"}]},{"@type":"WebSite","@id":"https:\/\/herbalkincsei.hu\/#website","url":"https:\/\/herbalkincsei.hu\/","name":"herbalkincsei.hu","description":"Ahol az eg\u00e9szs\u00e9g a c\u00e9l.","publisher":{"@id":"https:\/\/herbalkincsei.hu\/#organization"},"potentialAction":[{"@type":"SearchAction","target":{"@type":"EntryPoint","urlTemplate":"https:\/\/herbalkincsei.hu\/?s={search_term_string}"},"query-input":{"@type":"PropertyValueSpecification","valueRequired":true,"valueName":"search_term_string"}}],"inLanguage":"hu"},{"@type":"Organization","@id":"https:\/\/herbalkincsei.hu\/#organization","name":"Herb\u00e1lkincsei","url":"https:\/\/herbalkincsei.hu\/","logo":{"@type":"ImageObject","inLanguage":"hu","@id":"https:\/\/herbalkincsei.hu\/#\/schema\/logo\/image\/","url":"https:\/\/herbalkincsei.hu\/wp-content\/uploads\/2024\/02\/cropped-Green-Leaf-Aromatherapy-Logo-400-\u00d7-135-keppont.png?wsr","contentUrl":"https:\/\/herbalkincsei.hu\/wp-content\/uploads\/2024\/02\/cropped-Green-Leaf-Aromatherapy-Logo-400-\u00d7-135-keppont.png?wsr","width":400,"height":135,"caption":"Herb\u00e1lkincsei"},"image":{"@id":"https:\/\/herbalkincsei.hu\/#\/schema\/logo\/image\/"}}]}},"_links":{"self":[{"href":"https:\/\/herbalkincsei.hu\/index.php\/wp-json\/wp\/v2\/product\/603","targetHints":{"allow":["GET"]}}],"collection":[{"href":"https:\/\/herbalkincsei.hu\/index.php\/wp-json\/wp\/v2\/product"}],"about":[{"href":"https:\/\/herbalkincsei.hu\/index.php\/wp-json\/wp\/v2\/types\/product"}],"replies":[{"embeddable":true,"href":"https:\/\/herbalkincsei.hu\/index.php\/wp-json\/wp\/v2\/comments?post=603"}],"wp:featuredmedia":[{"embeddable":true,"href":"https:\/\/herbalkincsei.hu\/index.php\/wp-json\/wp\/v2\/media\/653"}],"wp:attachment":[{"href":"https:\/\/herbalkincsei.hu\/index.php\/wp-json\/wp\/v2\/media?parent=603"}],"wp:term":[{"taxonomy":"product_brand","embeddable":true,"href":"https:\/\/herbalkincsei.hu\/index.php\/wp-json\/wp\/v2\/product_brand?post=603"},{"taxonomy":"product_cat","embeddable":true,"href":"https:\/\/herbalkincsei.hu\/index.php\/wp-json\/wp\/v2\/product_cat?post=603"},{"taxonomy":"product_tag","embeddable":true,"href":"https:\/\/herbalkincsei.hu\/index.php\/wp-json\/wp\/v2\/product_tag?post=603"}],"curies":[{"name":"wp","href":"https:\/\/api.w.org\/{rel}","templated":true}]}}