{"id":601,"date":"2024-03-14T12:11:08","date_gmt":"2024-03-14T11:11:08","guid":{"rendered":"https:\/\/herbalkincsei.hu\/?post_type=product&#038;p=601"},"modified":"2025-12-07T19:58:37","modified_gmt":"2025-12-07T18:58:37","slug":"import-placeholder-for-816","status":"publish","type":"product","link":"https:\/\/herbalkincsei.hu\/index.php\/termek\/import-placeholder-for-816\/","title":{"rendered":"Organikus moszatok bojtorj\u00e1ngy\u00f6k\u00e9rrel \u00e9s BioPerine\u00ae-nel 60 db"},"content":{"rendered":"<h2><span class=\"bluetxt\">Moszatok \u00e9s alg\u00e1k: a tenger val\u00f3di kincsei<\/span><\/h2>\n<p>A moszatok \u00e9s alg\u00e1k \u00e9vezredeken \u00e1t voltak az emberek \u00e9trendj\u00e9nek r\u00e9sze Eur\u00f3pa-szerte, ahogy arra egy friss <a href=\"https:\/\/www.nature.com\/articles\/s41467-023-41671-2\">kutat\u00e1s<\/a> is r\u00e1mutat. \u00c1zsia egyes r\u00e9szein jelenleg is k\u00f6zel sz\u00e1z\u00f6tven k\u00fcl\u00f6nf\u00e9le faj ker\u00fcl az asztalra ak\u00e1r naponta.<\/p>\n<p>A Fucus serratus, azaz az \u00edr h\u00f3lyagmoszat a brit szigetek partjain\u00e1l gyakorta fordul el\u0151 nagy mennyis\u00e9gben. Megtal\u00e1lhat\u00f3 Portug\u00e1lia, Izland, a Kan\u00e1ri-szigetek \u00e9s \u00c9szak-Amerika partjain\u00e1l is.<\/p>\n<p>K\u00fcl\u00f6nf\u00e9le kivonatai \u00e9vsz\u00e1zadok \u00f3ta felt\u0171nnek az angolsz\u00e1sz n\u00e9pi gy\u00f3gy\u00e1szatban, mely els\u0151sorban k\u00f6h\u00f6g\u00e9scsillap\u00edt\u00f3k\u00e9nt, sebkezel\u0151 \u00e9s nyugtat\u00f3 hat\u00e1sa miatt alkalmazta. M\u00e1ra bebizonyosodott, hogy a rostokban gazdag n\u00f6v\u00e9nyben nagy mennyis\u00e9g\u0171 A- \u00e9s C-vitamin, kalcium, j\u00f3d, magn\u00e9zium, k\u00e1lium, n\u00e1trium \u00e9s cink tal\u00e1lhat\u00f3.<\/p>\n<p>Mivel az <strong>A-vitamin<\/strong> r\u00e9szt vesz a norm\u00e1l vas-anyagcser\u00e9ben, hozz\u00e1j\u00e1rul a ny\u00e1lkah\u00e1rty\u00e1k, a b\u0151r, a l\u00e1t\u00e1s \u00e9s az immunrendszer norm\u00e1l \u00e1llapot\u00e1nak fenntart\u00e1s\u00e1hoz, emellett szerepet j\u00e1tszik a sejtek differenci\u00e1l\u00f3d\u00e1s\u00e1ban is, kiemelten fontos szervezet\u00fcnk sz\u00e1m\u00e1ra.<\/p>\n<p>A benne tal\u00e1lhat\u00f3 <strong>j\u00f3d <\/strong>hozz\u00e1j\u00e1rul a norm\u00e1l szellemi m\u0171k\u00f6d\u00e9s fenntart\u00e1s\u00e1hoz \u00e9s az idegrendszer m\u0171k\u00f6d\u00e9s\u00e9hez, valamint a pajzsmirigyhormonok norm\u00e1l termel\u00e9s\u00e9hez \u00e9s a pajzsmirigy norm\u00e1l m\u0171k\u00f6d\u00e9s\u00e9hez. Emellett r\u00e9szt vesz a norm\u00e1l energiatermel\u0151 anyagcsere-folyamatokban is.<\/p>\n<p><strong data-start=\"109\" data-end=\"315\">Az USA medical Sea Moss kapszul\u00e1i h\u00e1rom \u00e9rt\u00e9kes n\u00f6v\u00e9nyi \u00f6sszetev\u0151t tartalmaznak: \u00edr h\u00f3lyagmoszatot (Fucus vesiculosus), \u00edr moh\u00e1t (Chondrus crispus, k\u00f6zismert nev\u00e9n Sea Moss), valamint bojtorj\u00e1ngy\u00f6keret.<\/strong> Ezek term\u00e9szetes forr\u00e1sb\u00f3l sz\u00e1rmaz\u00f3 \u00e1sv\u00e1nyi anyagokat \u00e9s nyomelemeket biztos\u00edtanak, k\u00f6zt\u00fck j\u00f3dot is, amely fontos szerepet j\u00e1tszik a szervezet m\u0171k\u00f6d\u00e9s\u00e9ben. A Sea Moss hagyom\u00e1nyosan kedvelt \u00f6sszetev\u0151 a t\u00e1pl\u00e1lkoz\u00e1sban, a bojtorj\u00e1ngy\u00f6k\u00e9r pedig r\u00e9g\u00f3ta ismert a szervezet t\u00e1mogat\u00e1s\u00e1ra haszn\u00e1lt n\u00f6v\u00e9nyek k\u00f6z\u00f6tt.<\/p>\n<p>A <strong>j\u00f3d elengedhetetlen a pajzsmirigy hormonok norm\u00e1l m\u0171k\u00f6d\u00e9s\u00e9hez<\/strong>, \u00edgy a megfelel\u0151 bevitel k\u00fcl\u00f6n\u00f6sen fontos azok sz\u00e1m\u00e1ra, akiknek alacsony a j\u00f3dszintje, vagy t\u00e1mogatni szeretn\u00e9k hormon\u00e1lis egyens\u00falyukat. Mivel a kapszul\u00e1k kiz\u00e1r\u00f3lag term\u00e9szetes forr\u00e1sb\u00f3l sz\u00e1rmaz\u00f3 j\u00f3dot tartalmaznak, kiv\u00e1l\u00f3 v\u00e1laszt\u00e1s lehet mindazok sz\u00e1m\u00e1ra, akik nem fogyasztanak tengeri \u00e9teleket, de szeretn\u00e9k biztos\u00edtani szervezet\u00fck sz\u00e1m\u00e1ra ezt a l\u00e9tfontoss\u00e1g\u00fa nyomelemet.<\/p>\n<p>Kieg\u00e9sz\u00fclve a bojtorj\u00e1nban tal\u00e1lhat\u00f3 fantasztikus vitaminkokt\u00e9llal, a Sea Moss Complex \u00e9trend-kieg\u00e9sz\u00edt\u0151 hasznos t\u00e1rsad lehet a mindennapokban. Pr\u00f3b\u00e1ld ki Te is<\/p>\n<h3>A feketebors csod\u00e1ja: a BioPerine\u00ae<\/h3>\n<p>A BioPerine\u00ae egy szabadalmaztatott formula, mely piperin tartalma miatt t\u0171nik igaz\u00e1n \u00e9rdekesnek. Jelenleg is vizsg\u00e1latok zajlanak annak felt\u00e1r\u00e1s\u00e1ra, hogy pontosan mik\u00e9nt hat szervezet\u00fcnk m\u0171k\u00f6d\u00e9s\u00e9re. Feltehet\u0151en a hat\u00f3anyagok felsz\u00edv\u00f3d\u00e1s\u00e1nak optimaliz\u00e1ci\u00f3j\u00e1t seg\u00edtheti a szervezetben.<\/p>\n<h3>Bojtorj\u00e1n, a n\u00e9pi gy\u00f3gy\u00e1szat adu\u00e1sza<\/h3>\n<p>A k\u00f6z\u00f6ns\u00e9ges bojtorj\u00e1n, vagy n\u00e9pies nev\u00e9n bog\u00e1ncs, eredetileg Eur\u00f3p\u00e1ban \u00e9s \u00c1zsi\u00e1ban honos n\u00f6v\u00e9ny, mely \u00e9vsz\u00e1zadok \u00f3ta r\u00e9sze n\u00e9pi gy\u00f3gy\u00e1szatunknak.<\/p>\n<p>A k\u00e9tny\u00e1ri n\u00f6v\u00e9ny kar\u00f3szer\u0171, bel\u00fcl feh\u00e9r \u00e9s ropog\u00f3s sz\u00e1ra Jap\u00e1n \u00e9vezredek \u00f3ta k\u00fcl\u00f6nleges csemeg\u00e9nek sz\u00e1m\u00edt, melyet \u00f6r\u00f6mmel fogyasztanak a mindennapokban. A magyar n\u00e9pi kult\u00far\u00e1ban vizelethajt\u00f3, v\u00e9rtiszt\u00edt\u00f3, epe- \u00e9s vesek\u0151old\u00f3 tulajdons\u00e1g\u00e1r\u00f3l volt ismeretes, de gyakran alkalmazt\u00e1k b\u0151rbetegs\u00e9gek, nehezen gy\u00f3gyul\u00f3 sebek \u00e9s a haj \u00e1pol\u00e1s\u00e1ra is.<\/p>\n<p>A bojtorj\u00e1n n\u00f6v\u00e9nyben t\u00f6bbek k\u00f6z\u00f6tt a B1-, B2-, B3-, B5-, B6-, B12-, C- \u00e9s E-vitamin is megtal\u00e1lhat\u00f3. Az \u00e1sv\u00e1nyi anyagok \u00e9s nyomelemek k\u00f6z\u00fcl pedig el\u0151fordul benne r\u00e9z, vas, mang\u00e1n, magn\u00e9zium, foszfor, k\u00e1lium, kalcium \u00e9s cink is.<\/p>\n<p>Ezek egy\u00fcttes erej\u00e9vel Te is sokat tehetsz az eg\u00e9szs\u00e9ged\u00e9rt, hiszen<\/p>\n<ul>\n<li>a B1-vitamin, azaz a <strong>tiamin <\/strong>r\u00e9szt vesz a norm\u00e1l energiatermel\u0151 anyagcsere-folyamatokban \u00e9s hozz\u00e1j\u00e1rul az idegrendszer, a sz\u00edv, valamint a pszichol\u00f3giai funkci\u00f3k norm\u00e1l m\u0171k\u00f6d\u00e9s\u00e9hez.<\/li>\n<li>a B2-vitamin, azaz a <strong>riboflavin<\/strong> hozz\u00e1j\u00e1rul a sejtek oxidat\u00edv stresszel szembeni v\u00e9delm\u00e9hez, illetve a szervezet norm\u00e1l vas-anyagcser\u00e9j\u00e9hez, az idegrendszer m\u0171k\u00f6d\u00e9s\u00e9hez, a b\u0151r \u00e9s a l\u00e1t\u00e1s norm\u00e1l \u00e1llapot\u00e1nak fenntart\u00e1s\u00e1hoz.<\/li>\n<li>a <strong>niacin<\/strong>, azaz a B3-vitamin, illetve a B5-vitamin, azaz a pantot\u00e9nsav, hozz\u00e1j\u00e1rul a f\u00e1radts\u00e1g \u00e9s a kif\u00e1rad\u00e1s cs\u00f6kkent\u00e9s\u00e9hez.<\/li>\n<li>a<strong> B6-vitamin<\/strong> r\u00e9szt vesz a norm\u00e1l feh\u00e9rje- \u00e9s glikog\u00e9n-anyagcser\u00e9ben, hozz\u00e1j\u00e1rul a norm\u00e1l pszichol\u00f3giai funkci\u00f3 fenntart\u00e1s\u00e1hoz \u00e9s az immunrendszer norm\u00e1l m\u0171k\u00f6d\u00e9s\u00e9hez. Emellett hozz\u00e1j\u00e1rul a norm\u00e1l homocisztein-anyagcser\u00e9hez is. <strong>B12<\/strong>-vel \u00e9s <strong>C-vitamin<\/strong>nak kieg\u00e9sz\u00edtve rendk\u00edv\u00fcl kedvez\u0151 hat\u00e1s\u00fa.<\/li>\n<li>az <strong>E-vitamin<\/strong> hozz\u00e1j\u00e1rul a sejtek oxidat\u00edv stresszel szembeni v\u00e9delm\u00e9hez.<\/li>\n<li>a <strong>foszfor <\/strong>hozz\u00e1j\u00e1rul a sejtmembr\u00e1nok megfelel\u0151 m\u0171k\u00f6d\u00e9s\u00e9hez, illetve a norm\u00e1l csontozat \u00e9s fogazat fenntart\u00e1s\u00e1hoz.<\/li>\n<li>a<strong> kalcium<\/strong> hozz\u00e1j\u00e1rul a norm\u00e1l izomm\u0171k\u00f6d\u00e9shez \u00e9s r\u00e9szt vesz a norm\u00e1l inger\u00fclet\u00e1tvitelben. Ezenk\u00edv\u00fcl hozz\u00e1j\u00e1rul az em\u00e9szt\u0151enzimek norm\u00e1l m\u0171k\u00f6d\u00e9s\u00e9hez \u00e9s szerepet j\u00e1tszik a sejtoszt\u00f3d\u00e1si folyamatokban \u00e9s a sejtek specializ\u00e1ci\u00f3j\u00e1ban.<\/li>\n<li>a <strong>k\u00e1lium<\/strong> hozz\u00e1j\u00e1rul az idegrendszer megfelel\u0151 m\u0171k\u00f6d\u00e9s\u00e9hez, a norm\u00e1l izomm\u0171k\u00f6d\u00e9shez, illetve r\u00e9szt vesz a norm\u00e1l v\u00e9rnyom\u00e1s fenntart\u00e1s\u00e1ban.<\/li>\n<li>a <strong>magn\u00e9zium<\/strong> hozz\u00e1j\u00e1rul a f\u00e1radts\u00e1g \u00e9s a kif\u00e1rad\u00e1s cs\u00f6kkent\u00e9s\u00e9hez, az elektrolit-egyens\u00faly fenntart\u00e1s\u00e1hoz, az idegrendszer megfelel\u0151 m\u0171k\u00f6d\u00e9s\u00e9hez, a fogazat \u00e9s a csontozat fenntart\u00e1s\u00e1hoz, valamint a norm\u00e1l izomm\u0171k\u00f6d\u00e9shez is. Emellett szerepet j\u00e1tszik a sejtoszt\u00f3d\u00e1sban \u00e9s a norm\u00e1l feh\u00e9rjeszint\u00e9zisben.<\/li>\n<li>a <strong>mang\u00e1n<\/strong> hozz\u00e1j\u00e1rul a norm\u00e1l csontozat fenntart\u00e1s\u00e1hoz \u00e9s a norm\u00e1l k\u00f6t\u0151sz\u00f6vet-k\u00e9pz\u0151d\u00e9shez.<\/li>\n<li>a <strong>r\u00e9z<\/strong> r\u00e9szt vesz a k\u00f6t\u0151sz\u00f6vetek norm\u00e1l \u00e1llapot\u00e1nak fenntart\u00e1s\u00e1ban, hozz\u00e1j\u00e1rul a norm\u00e1l energiatermel\u0151 anyagcsere-folyamatokhoz \u00e9s a haj, illetve a b\u0151r norm\u00e1l pigment\u00e1ci\u00f3j\u00e1hoz.<\/li>\n<li>a <strong>vas<\/strong> hozz\u00e1j\u00e1rul a norm\u00e1l szellemi m\u0171k\u00f6d\u00e9s fenntart\u00e1s\u00e1hoz, a norm\u00e1l v\u00f6r\u00f6sv\u00e9rsejt- \u00e9s hemoglobin-k\u00e9pz\u0151d\u00e9shez, az immunrendszer norm\u00e1l m\u0171k\u00f6d\u00e9s\u00e9hez, valamint a f\u00e1radts\u00e1g \u00e9s a kif\u00e1rad\u00e1s cs\u00f6kkent\u00e9s\u00e9hez. Szerepet j\u00e1tszik a sejtoszt\u00f3d\u00e1sban \u00e9s r\u00e9szt vesz a norm\u00e1l energiatermel\u0151 anyagcsere-folyamatokban.<\/li>\n<\/ul>\n<p>\u00d6sszetett term\u00e9szetes vitamin komplex szervezet eg\u00e9szs\u00e9g\u00e9rt. Pr\u00f3b\u00e1ld ki a Sea Moss Complex tengeri moszatos \u00e9trend-kieg\u00e9sz\u00edt\u0151 kapszul\u00e1t \u00e9s sz\u00e1molj be nek\u00fcnk tapasztalataidr\u00f3l Te is!<\/p>\n<p><strong>Fontos megjegyz\u00e9s:<\/strong> Az oldalon tal\u00e1lhat\u00f3 inform\u00e1ci\u00f3k \u00e9s \u00e1ll\u00edt\u00e1sok csup\u00e1n \u00e1ltal\u00e1nos t\u00e1j\u00e9koztat\u00e1sul szolg\u00e1lnak a term\u00e9keink \u00f6sszetev\u0151ivel kapcsolatban. Az USA Medical term\u00e9kei nem min\u0151s\u00fclnek gy\u00f3gyszernek, \u00e9s az inform\u00e1ci\u00f3k nem helyettes\u00edtik az orvosi tan\u00e1csad\u00e1st vagy kezel\u00e9st. A k\u00f6z\u00f6lt \u00e1ll\u00edt\u00e1sok nem a konkr\u00e9t term\u00e9kre vonatkoznak, hanem a tudom\u00e1nyos \u00e9s szakirodalmi forr\u00e1sokban tal\u00e1lhat\u00f3 ismereteket \u00f6sszegzik. Az inform\u00e1ci\u00f3k nem \u00e9rtelmezhet\u0151k szem\u00e9lyre szabott eg\u00e9szs\u00e9g\u00fcgyi javaslatk\u00e9nt, \u00e9s nem szolg\u00e1lnak konkr\u00e9t t\u00fcnetek kezel\u00e9s\u00e9re vonatkoz\u00f3 tan\u00e1csk\u00e9nt. B\u00e1rmilyen eg\u00e9szs\u00e9gi probl\u00e9m\u00e1val kapcsolatban k\u00e9rj\u00fck, forduljon szakorvoshoz vagy gy\u00f3gyszer\u00e9szhez!<\/p>\n","protected":false},"excerpt":{"rendered":"<div id=\"product_desc\" class=\"elementor-element elementor-element-dca84d2 elementor-widget elementor-widget-woocommerce-product-short-description\" data-id=\"dca84d2\" data-element_type=\"widget\" data-widget_type=\"woocommerce-product-short-description.default\">\n<div class=\"elementor-widget-container\">\n<div class=\"woocommerce-product-details__short-description\">\n<p>Vedd fel a harcot a mindennapok neh\u00e9zs\u00e9geivel szemben a Sea Moss Complex \u00edr h\u00f3lyagmoszattal, BioPerine\u00ae-nel \u00e9s bojtorj\u00e1n gy\u00f6k\u00e9rrel gazdag\u00edtott \u00e9trend-kieg\u00e9sz\u00edt\u0151 kapszula seg\u00edts\u00e9g\u00e9vel! Kiv\u00e1l\u00f3 v\u00e1laszt\u00e1s j\u00f3dp\u00f3tl\u00e1shoz, k\u00fcl\u00f6n\u00f6sen azok sz\u00e1m\u00e1ra, akik nem fogyasztanak tengeri \u00e9teleket. A j\u00f3d elengedhetetlen a pajzsmirigy hormonok norm\u00e1l m\u0171k\u00f6d\u00e9s\u00e9hez, \u00e9s Sea Moss kapszul\u00e1ink seg\u00edtenek a term\u00e9szetes j\u00f3dbevitel t\u00e1mogat\u00e1s\u00e1ban.<\/p>\n<p><strong>\u00c9trend-kieg\u00e9sz\u00edt\u0151 kapszula<br \/>\n<\/strong><strong>OGY\u00c9I Notifik\u00e1ci\u00f3s sz\u00e1m:\u00a0<\/strong>32684\/2023<br \/>\n<strong>Kiszerel\u00e9s:\u00a0<\/strong>\u00a060 db<br \/>\n<strong>Sz\u00e1rmaz\u00e1si orsz\u00e1g:<\/strong>\u00a0USA<br \/>\n<strong>VEG\u00c1N<\/strong><\/p>\n<\/div>\n<\/div>\n<\/div>\n<div class=\"elementor-element elementor-element-9362874 elementor-icon-list--layout-traditional elementor-list-item-link-full_width elementor-widget elementor-widget-icon-list\" data-id=\"9362874\" data-element_type=\"widget\" data-widget_type=\"icon-list.default\">\n<div class=\"elementor-widget-container\">\n<ul class=\"elementor-icon-list-items\">\n<li class=\"elementor-icon-list-item\"><span class=\"elementor-icon-list-text\">Magyar-amerikai fejleszt\u00e9s<\/span><\/li>\n<li class=\"elementor-icon-list-item\"><span class=\"elementor-icon-list-text\">GMP \u00e9s HACCP szabv\u00e1ny szerint gy\u00e1rtva<\/span><\/li>\n<li class=\"elementor-icon-list-item\"><span class=\"elementor-icon-list-text\">Val\u00f3s magyarorsz\u00e1gi rakt\u00e1rk\u00e9szletr\u0151l<\/span><\/li>\n<\/ul>\n<p><img decoding=\"async\" class=\"alignnone size-full wp-image-826\" src=\"https:\/\/herbalkincsei.hu\/wp-content\/uploads\/2024\/03\/hand-holding-heart-solid.svg\" alt=\"\" \/>\u00a0 Term\u00e9keink gondosan v\u00e1logatott alapanyagokb\u00f3l k\u00e9sz\u00fclnek.<\/p>\n<p><img decoding=\"async\" class=\"alignnone size-full wp-image-825\" src=\"https:\/\/herbalkincsei.hu\/wp-content\/uploads\/2024\/03\/star-solid.svg\" alt=\"\" \/>\u00a0 \u00a0A term\u00e9kekre hazai garanci\u00e1t \u00e9s term\u00e9k szolg\u00e1ltat\u00e1st biztos\u00edtunk.<\/p>\n<p><img decoding=\"async\" class=\"alignnone size-full wp-image-823\" src=\"https:\/\/herbalkincsei.hu\/wp-content\/uploads\/2024\/03\/user-lock-solid.svg\" alt=\"\" \/>\u00a0Biztons\u00e1gos v\u00e9dett fizet\u00e9s.<\/p>\n<p><img decoding=\"async\" class=\"alignnone size-full wp-image-824\" src=\"https:\/\/herbalkincsei.hu\/wp-content\/uploads\/2024\/03\/truck-fast-solid.svg\" alt=\"\" \/>\u00a0Gyors kiszolg\u00e1l\u00e1s.<\/p>\n<\/div>\n<\/div>\n","protected":false},"featured_media":651,"comment_status":"closed","ping_status":"closed","template":"","meta":[],"product_brand":[223],"product_cat":[172,184,19,186,171],"product_tag":[219],"class_list":{"0":"post-601","1":"product","2":"type-product","3":"status-publish","4":"has-post-thumbnail","6":"product_brand-usamedical","7":"product_cat-etrend-kiegeszitok","8":"product_cat-immunrendszer","9":"product_cat-minden-termek","10":"product_cat-novenyi-kivonatok","11":"product_cat-usamedical","12":"product_tag-219","13":"product_shipping_class-hu","15":"first","16":"instock","17":"purchasable","18":"product-type-simple","19":"add-to-wishlist-before_image","20":"customify-col","21":"product-has-gallery"},"yoast_head":"<!-- This site is optimized with the Yoast SEO plugin v27.5 - https:\/\/yoast.com\/product\/yoast-seo-wordpress\/ -->\n<title>Organikus moszatok bojtorj\u00e1ngy\u00f6k\u00e9rrel \u00e9s BioPerine\u00ae-nel 60 db - Herb\u00e1lkincsei<\/title>\n<meta name=\"description\" content=\"A j\u00f3d elengedhetetlen a pajzsmirigy hormonok norm\u00e1l m\u0171k\u00f6d\u00e9s\u00e9hez, \u00e9s Sea Moss kapszul\u00e1ink seg\u00edtenek a term\u00e9szetes j\u00f3dbevitel t\u00e1mogat\u00e1s\u00e1ban.\" \/>\n<meta name=\"robots\" content=\"index, follow, max-snippet:-1, max-image-preview:large, max-video-preview:-1\" \/>\n<link rel=\"canonical\" href=\"https:\/\/herbalkincsei.hu\/index.php\/termek\/import-placeholder-for-816\/\" \/>\n<meta property=\"og:locale\" content=\"hu_HU\" \/>\n<meta property=\"og:type\" content=\"article\" \/>\n<meta property=\"og:title\" content=\"Organikus moszatok bojtorj\u00e1ngy\u00f6k\u00e9rrel \u00e9s BioPerine\u00ae-nel 60 db - Herb\u00e1lkincsei\" \/>\n<meta property=\"og:description\" content=\"A j\u00f3d elengedhetetlen a pajzsmirigy hormonok norm\u00e1l m\u0171k\u00f6d\u00e9s\u00e9hez, \u00e9s Sea Moss kapszul\u00e1ink seg\u00edtenek a term\u00e9szetes j\u00f3dbevitel t\u00e1mogat\u00e1s\u00e1ban.\" \/>\n<meta property=\"og:url\" content=\"https:\/\/herbalkincsei.hu\/index.php\/termek\/import-placeholder-for-816\/\" \/>\n<meta property=\"og:site_name\" content=\"Herb\u00e1lkincsei\" \/>\n<meta property=\"article:modified_time\" content=\"2025-12-07T18:58:37+00:00\" \/>\n<meta property=\"og:image\" content=\"https:\/\/herbalkincsei.hu\/wp-content\/uploads\/2024\/03\/2022_800x960_72_dpi_weboldalra_optimalizalt_sea_moss_complex1.jpg?wsr\" \/>\n\t<meta property=\"og:image:width\" content=\"800\" \/>\n\t<meta property=\"og:image:height\" content=\"960\" \/>\n\t<meta property=\"og:image:type\" content=\"image\/jpeg\" \/>\n<meta name=\"twitter:card\" content=\"summary_large_image\" \/>\n<meta name=\"twitter:label1\" content=\"Becs\u00fclt olvas\u00e1si id\u0151\" \/>\n\t<meta name=\"twitter:data1\" content=\"5 perc\" \/>\n<script type=\"application\/ld+json\" class=\"yoast-schema-graph\">{\"@context\":\"https:\\\/\\\/schema.org\",\"@graph\":[{\"@type\":\"WebPage\",\"@id\":\"https:\\\/\\\/herbalkincsei.hu\\\/index.php\\\/termek\\\/import-placeholder-for-816\\\/\",\"url\":\"https:\\\/\\\/herbalkincsei.hu\\\/index.php\\\/termek\\\/import-placeholder-for-816\\\/\",\"name\":\"Organikus moszatok bojtorj\u00e1ngy\u00f6k\u00e9rrel \u00e9s BioPerine\u00ae-nel 60 db - Herb\u00e1lkincsei\",\"isPartOf\":{\"@id\":\"https:\\\/\\\/herbalkincsei.hu\\\/#website\"},\"primaryImageOfPage\":{\"@id\":\"https:\\\/\\\/herbalkincsei.hu\\\/index.php\\\/termek\\\/import-placeholder-for-816\\\/#primaryimage\"},\"image\":{\"@id\":\"https:\\\/\\\/herbalkincsei.hu\\\/index.php\\\/termek\\\/import-placeholder-for-816\\\/#primaryimage\"},\"thumbnailUrl\":\"https:\\\/\\\/herbalkincsei.hu\\\/wp-content\\\/uploads\\\/2024\\\/03\\\/2022_800x960_72_dpi_weboldalra_optimalizalt_sea_moss_complex1.jpg?wsr\",\"datePublished\":\"2024-03-14T11:11:08+00:00\",\"dateModified\":\"2025-12-07T18:58:37+00:00\",\"description\":\"A j\u00f3d elengedhetetlen a pajzsmirigy hormonok norm\u00e1l m\u0171k\u00f6d\u00e9s\u00e9hez, \u00e9s Sea Moss kapszul\u00e1ink seg\u00edtenek a term\u00e9szetes j\u00f3dbevitel t\u00e1mogat\u00e1s\u00e1ban.\",\"breadcrumb\":{\"@id\":\"https:\\\/\\\/herbalkincsei.hu\\\/index.php\\\/termek\\\/import-placeholder-for-816\\\/#breadcrumb\"},\"inLanguage\":\"hu\",\"potentialAction\":[{\"@type\":\"ReadAction\",\"target\":[\"https:\\\/\\\/herbalkincsei.hu\\\/index.php\\\/termek\\\/import-placeholder-for-816\\\/\"]}]},{\"@type\":\"ImageObject\",\"inLanguage\":\"hu\",\"@id\":\"https:\\\/\\\/herbalkincsei.hu\\\/index.php\\\/termek\\\/import-placeholder-for-816\\\/#primaryimage\",\"url\":\"https:\\\/\\\/herbalkincsei.hu\\\/wp-content\\\/uploads\\\/2024\\\/03\\\/2022_800x960_72_dpi_weboldalra_optimalizalt_sea_moss_complex1.jpg?wsr\",\"contentUrl\":\"https:\\\/\\\/herbalkincsei.hu\\\/wp-content\\\/uploads\\\/2024\\\/03\\\/2022_800x960_72_dpi_weboldalra_optimalizalt_sea_moss_complex1.jpg?wsr\",\"width\":800,\"height\":960},{\"@type\":\"BreadcrumbList\",\"@id\":\"https:\\\/\\\/herbalkincsei.hu\\\/index.php\\\/termek\\\/import-placeholder-for-816\\\/#breadcrumb\",\"itemListElement\":[{\"@type\":\"ListItem\",\"position\":1,\"name\":\"Kezd\u0151lap\",\"item\":\"https:\\\/\\\/herbalkincsei.hu\\\/\"},{\"@type\":\"ListItem\",\"position\":2,\"name\":\"\u00dczlet\",\"item\":\"https:\\\/\\\/herbalkincsei.hu\\\/index.php\\\/uzlet\\\/\"},{\"@type\":\"ListItem\",\"position\":3,\"name\":\"Organikus moszatok bojtorj\u00e1ngy\u00f6k\u00e9rrel \u00e9s BioPerine\u00ae-nel 60 db\"}]},{\"@type\":\"WebSite\",\"@id\":\"https:\\\/\\\/herbalkincsei.hu\\\/#website\",\"url\":\"https:\\\/\\\/herbalkincsei.hu\\\/\",\"name\":\"herbalkincsei.hu\",\"description\":\"Ahol az eg\u00e9szs\u00e9g a c\u00e9l.\",\"publisher\":{\"@id\":\"https:\\\/\\\/herbalkincsei.hu\\\/#organization\"},\"potentialAction\":[{\"@type\":\"SearchAction\",\"target\":{\"@type\":\"EntryPoint\",\"urlTemplate\":\"https:\\\/\\\/herbalkincsei.hu\\\/?s={search_term_string}\"},\"query-input\":{\"@type\":\"PropertyValueSpecification\",\"valueRequired\":true,\"valueName\":\"search_term_string\"}}],\"inLanguage\":\"hu\"},{\"@type\":\"Organization\",\"@id\":\"https:\\\/\\\/herbalkincsei.hu\\\/#organization\",\"name\":\"Herb\u00e1lkincsei\",\"url\":\"https:\\\/\\\/herbalkincsei.hu\\\/\",\"logo\":{\"@type\":\"ImageObject\",\"inLanguage\":\"hu\",\"@id\":\"https:\\\/\\\/herbalkincsei.hu\\\/#\\\/schema\\\/logo\\\/image\\\/\",\"url\":\"https:\\\/\\\/herbalkincsei.hu\\\/wp-content\\\/uploads\\\/2024\\\/02\\\/cropped-Green-Leaf-Aromatherapy-Logo-400-\u00d7-135-keppont.png?wsr\",\"contentUrl\":\"https:\\\/\\\/herbalkincsei.hu\\\/wp-content\\\/uploads\\\/2024\\\/02\\\/cropped-Green-Leaf-Aromatherapy-Logo-400-\u00d7-135-keppont.png?wsr\",\"width\":400,\"height\":135,\"caption\":\"Herb\u00e1lkincsei\"},\"image\":{\"@id\":\"https:\\\/\\\/herbalkincsei.hu\\\/#\\\/schema\\\/logo\\\/image\\\/\"}}]}<\/script>\n<!-- \/ Yoast SEO plugin. -->","yoast_head_json":{"title":"Organikus moszatok bojtorj\u00e1ngy\u00f6k\u00e9rrel \u00e9s BioPerine\u00ae-nel 60 db - Herb\u00e1lkincsei","description":"A j\u00f3d elengedhetetlen a pajzsmirigy hormonok norm\u00e1l m\u0171k\u00f6d\u00e9s\u00e9hez, \u00e9s Sea Moss kapszul\u00e1ink seg\u00edtenek a term\u00e9szetes j\u00f3dbevitel t\u00e1mogat\u00e1s\u00e1ban.","robots":{"index":"index","follow":"follow","max-snippet":"max-snippet:-1","max-image-preview":"max-image-preview:large","max-video-preview":"max-video-preview:-1"},"canonical":"https:\/\/herbalkincsei.hu\/index.php\/termek\/import-placeholder-for-816\/","og_locale":"hu_HU","og_type":"article","og_title":"Organikus moszatok bojtorj\u00e1ngy\u00f6k\u00e9rrel \u00e9s BioPerine\u00ae-nel 60 db - Herb\u00e1lkincsei","og_description":"A j\u00f3d elengedhetetlen a pajzsmirigy hormonok norm\u00e1l m\u0171k\u00f6d\u00e9s\u00e9hez, \u00e9s Sea Moss kapszul\u00e1ink seg\u00edtenek a term\u00e9szetes j\u00f3dbevitel t\u00e1mogat\u00e1s\u00e1ban.","og_url":"https:\/\/herbalkincsei.hu\/index.php\/termek\/import-placeholder-for-816\/","og_site_name":"Herb\u00e1lkincsei","article_modified_time":"2025-12-07T18:58:37+00:00","og_image":[{"width":800,"height":960,"url":"https:\/\/herbalkincsei.hu\/wp-content\/uploads\/2024\/03\/2022_800x960_72_dpi_weboldalra_optimalizalt_sea_moss_complex1.jpg?wsr","type":"image\/jpeg"}],"twitter_card":"summary_large_image","twitter_misc":{"Becs\u00fclt olvas\u00e1si id\u0151":"5 perc"},"schema":{"@context":"https:\/\/schema.org","@graph":[{"@type":"WebPage","@id":"https:\/\/herbalkincsei.hu\/index.php\/termek\/import-placeholder-for-816\/","url":"https:\/\/herbalkincsei.hu\/index.php\/termek\/import-placeholder-for-816\/","name":"Organikus moszatok bojtorj\u00e1ngy\u00f6k\u00e9rrel \u00e9s BioPerine\u00ae-nel 60 db - Herb\u00e1lkincsei","isPartOf":{"@id":"https:\/\/herbalkincsei.hu\/#website"},"primaryImageOfPage":{"@id":"https:\/\/herbalkincsei.hu\/index.php\/termek\/import-placeholder-for-816\/#primaryimage"},"image":{"@id":"https:\/\/herbalkincsei.hu\/index.php\/termek\/import-placeholder-for-816\/#primaryimage"},"thumbnailUrl":"https:\/\/herbalkincsei.hu\/wp-content\/uploads\/2024\/03\/2022_800x960_72_dpi_weboldalra_optimalizalt_sea_moss_complex1.jpg?wsr","datePublished":"2024-03-14T11:11:08+00:00","dateModified":"2025-12-07T18:58:37+00:00","description":"A j\u00f3d elengedhetetlen a pajzsmirigy hormonok norm\u00e1l m\u0171k\u00f6d\u00e9s\u00e9hez, \u00e9s Sea Moss kapszul\u00e1ink seg\u00edtenek a term\u00e9szetes j\u00f3dbevitel t\u00e1mogat\u00e1s\u00e1ban.","breadcrumb":{"@id":"https:\/\/herbalkincsei.hu\/index.php\/termek\/import-placeholder-for-816\/#breadcrumb"},"inLanguage":"hu","potentialAction":[{"@type":"ReadAction","target":["https:\/\/herbalkincsei.hu\/index.php\/termek\/import-placeholder-for-816\/"]}]},{"@type":"ImageObject","inLanguage":"hu","@id":"https:\/\/herbalkincsei.hu\/index.php\/termek\/import-placeholder-for-816\/#primaryimage","url":"https:\/\/herbalkincsei.hu\/wp-content\/uploads\/2024\/03\/2022_800x960_72_dpi_weboldalra_optimalizalt_sea_moss_complex1.jpg?wsr","contentUrl":"https:\/\/herbalkincsei.hu\/wp-content\/uploads\/2024\/03\/2022_800x960_72_dpi_weboldalra_optimalizalt_sea_moss_complex1.jpg?wsr","width":800,"height":960},{"@type":"BreadcrumbList","@id":"https:\/\/herbalkincsei.hu\/index.php\/termek\/import-placeholder-for-816\/#breadcrumb","itemListElement":[{"@type":"ListItem","position":1,"name":"Kezd\u0151lap","item":"https:\/\/herbalkincsei.hu\/"},{"@type":"ListItem","position":2,"name":"\u00dczlet","item":"https:\/\/herbalkincsei.hu\/index.php\/uzlet\/"},{"@type":"ListItem","position":3,"name":"Organikus moszatok bojtorj\u00e1ngy\u00f6k\u00e9rrel \u00e9s BioPerine\u00ae-nel 60 db"}]},{"@type":"WebSite","@id":"https:\/\/herbalkincsei.hu\/#website","url":"https:\/\/herbalkincsei.hu\/","name":"herbalkincsei.hu","description":"Ahol az eg\u00e9szs\u00e9g a c\u00e9l.","publisher":{"@id":"https:\/\/herbalkincsei.hu\/#organization"},"potentialAction":[{"@type":"SearchAction","target":{"@type":"EntryPoint","urlTemplate":"https:\/\/herbalkincsei.hu\/?s={search_term_string}"},"query-input":{"@type":"PropertyValueSpecification","valueRequired":true,"valueName":"search_term_string"}}],"inLanguage":"hu"},{"@type":"Organization","@id":"https:\/\/herbalkincsei.hu\/#organization","name":"Herb\u00e1lkincsei","url":"https:\/\/herbalkincsei.hu\/","logo":{"@type":"ImageObject","inLanguage":"hu","@id":"https:\/\/herbalkincsei.hu\/#\/schema\/logo\/image\/","url":"https:\/\/herbalkincsei.hu\/wp-content\/uploads\/2024\/02\/cropped-Green-Leaf-Aromatherapy-Logo-400-\u00d7-135-keppont.png?wsr","contentUrl":"https:\/\/herbalkincsei.hu\/wp-content\/uploads\/2024\/02\/cropped-Green-Leaf-Aromatherapy-Logo-400-\u00d7-135-keppont.png?wsr","width":400,"height":135,"caption":"Herb\u00e1lkincsei"},"image":{"@id":"https:\/\/herbalkincsei.hu\/#\/schema\/logo\/image\/"}}]}},"_links":{"self":[{"href":"https:\/\/herbalkincsei.hu\/index.php\/wp-json\/wp\/v2\/product\/601","targetHints":{"allow":["GET"]}}],"collection":[{"href":"https:\/\/herbalkincsei.hu\/index.php\/wp-json\/wp\/v2\/product"}],"about":[{"href":"https:\/\/herbalkincsei.hu\/index.php\/wp-json\/wp\/v2\/types\/product"}],"replies":[{"embeddable":true,"href":"https:\/\/herbalkincsei.hu\/index.php\/wp-json\/wp\/v2\/comments?post=601"}],"wp:featuredmedia":[{"embeddable":true,"href":"https:\/\/herbalkincsei.hu\/index.php\/wp-json\/wp\/v2\/media\/651"}],"wp:attachment":[{"href":"https:\/\/herbalkincsei.hu\/index.php\/wp-json\/wp\/v2\/media?parent=601"}],"wp:term":[{"taxonomy":"product_brand","embeddable":true,"href":"https:\/\/herbalkincsei.hu\/index.php\/wp-json\/wp\/v2\/product_brand?post=601"},{"taxonomy":"product_cat","embeddable":true,"href":"https:\/\/herbalkincsei.hu\/index.php\/wp-json\/wp\/v2\/product_cat?post=601"},{"taxonomy":"product_tag","embeddable":true,"href":"https:\/\/herbalkincsei.hu\/index.php\/wp-json\/wp\/v2\/product_tag?post=601"}],"curies":[{"name":"wp","href":"https:\/\/api.w.org\/{rel}","templated":true}]}}