{"id":600,"date":"2024-03-14T12:11:07","date_gmt":"2024-03-14T11:11:07","guid":{"rendered":"https:\/\/herbalkincsei.hu\/?post_type=product&#038;p=600"},"modified":"2025-12-07T20:05:17","modified_gmt":"2025-12-07T19:05:17","slug":"import-placeholder-for-814","status":"publish","type":"product","link":"https:\/\/herbalkincsei.hu\/index.php\/termek\/import-placeholder-for-814\/","title":{"rendered":"Kvercetin kapszula cinkkel \u00e9s bromelainnal 60 db"},"content":{"rendered":"<h2><span class=\"bluetxt\">A QUERCETIN PLUS \u00e9trend-kieg\u00e9sz\u00edt\u0151 kapszula kvercetinnel, cinkkel \u00e9s bromelainnal az USA medical gondos tervez\u0151munk\u00e1j\u00e1nak leg\u00fajabb eredm\u00e9nye.<\/span><\/h2>\n<p>A kapszula tervez\u00e9sekor els\u0151sorban az immunrendszer v\u00e9delm\u00e9t \u00e9s a magabiztos mindennapokat tartottuk szem el\u0151tt. Ez\u00e9rt a n\u00f6v\u00e9nyi cellul\u00f3z kapszul\u00e1ban kiz\u00e1r\u00f3lag az immunrendszer norm\u00e1l m\u0171k\u00f6d\u00e9s\u00e9hez hozz\u00e1j\u00e1rul\u00f3 cink, valamint kvercetin \u00e9s bromelain kapott helyet. Pr\u00f3b\u00e1ld ki Te is a QUERCETIN PLUS hat\u00e1sait \u00e9s gy\u0171jts saj\u00e1t tapasztalatokat!<\/p>\n<h3>A cink igazi adu\u00e1sz, ha eg\u00e9szs\u00e9gr\u0151l van sz\u00f3<\/h3>\n<p>A cink olyan \u00e1sv\u00e1nyi anyag, mely szervezet\u00fcnk eg\u00e9szs\u00e9ges m\u0171k\u00f6d\u00e9s\u00e9nek elengedhetetlen \u2018alapanyaga\u2019, test\u00fcnk ugyanakkor nem k\u00e9pes el\u0151\u00e1ll\u00edtani \u00f6nmaga sz\u00e1m\u00e1ra.<br \/>\nMivel sz\u00e1mos m\u00e1s pozit\u00edv tulajdons\u00e1ga mellett a cink hozz\u00e1j\u00e1rul a makrot\u00e1panyagok anyagcser\u00e9j\u00e9hez, a norm\u00e1l sav-b\u00e1zis egyens\u00faly fenntart\u00e1s\u00e1hoz, a norm\u00e1l szellemi m\u0171k\u00f6d\u00e9s fenntart\u00e1s\u00e1hoz, a zs\u00edrsavak norm\u00e1l anyagcser\u00e9j\u00e9hez, a norm\u00e1l feh\u00e9rjeszint\u00e9zishez \u00e9s a v\u00e9r norm\u00e1l tesztoszteron szintj\u00e9nek fenntart\u00e1s\u00e1hoz is, jelenl\u00e9te teh\u00e1t az eg\u00e9szs\u00e9ges m\u0171k\u00f6d\u00e9s alapfelt\u00e9tele.<br \/>\nMit jelent mindez a gyakorlatban? Azt, hogy a cink r\u00e9szt vesz a sebgy\u00f3gyul\u00e1si folyamatokban, hozz\u00e1j\u00e1rul az izomt\u00f6meg-n\u00f6vel\u00e9shez \u00e9s a sejtk\u00e9pz\u0151d\u00e9shez, seg\u00edti a magzati fejl\u0151d\u00e9st \u00e9s a kamaszkori n\u00f6veked\u00e9st.<br \/>\nR\u00e1ad\u00e1sul a k\u00f6znyelvben a cink nem v\u00e9letlen\u00fcl \u2018sz\u00e9ps\u00e9gvitamin\u2019! Annak ellen\u00e9re, hogy cink val\u00f3j\u00e1ban \u00e1sv\u00e1nyi anyag, val\u00f3ban seg\u00edtheti a term\u00e9szetes sz\u00e9ps\u00e9g fenntart\u00e1s\u00e1t, hiszen bizony\u00edtott, hogy hozz\u00e1j\u00e1rul a k\u00f6r\u00f6m, a b\u0151r \u00e9s a haj norm\u00e1l \u00e1llapot\u00e1nak fenntart\u00e1s\u00e1hoz is.<br \/>\nA QUERCETIN PLUS kapszul\u00e1k napi adagja az aj\u00e1nlott napi cink mennyis\u00e9g\u00e9nek 500 %-\u00e1t biztos\u00edtj\u00e1k sz\u00e1modra. Vesd be eg\u00e9szs\u00e9ged\u00e9rt \u00e9s sz\u00e9ps\u00e9ged\u00e9rt \u00e9trend-kieg\u00e9sz\u00edt\u0151nket Te is!<\/p>\n<h3>Az anan\u00e1sz enzim, azaz a bromelain<\/h3>\n<p>A term\u00e9szeti n\u00e9pek sz\u00e1m\u00e1ra az anan\u00e1sz egyszerre volt gy\u00f3gyszer \u00e9s afrodizi\u00e1kum. \u00dagy tartott\u00e1k, hogy az anan\u00e1sz rendszeres fogyaszt\u00e1sa hozz\u00e1j\u00e1rul a nemz\u0151- \u00e9s \u00e1ll\u00f3k\u00e9pess\u00e9ghez, seg\u00edt elker\u00fclni a megbeteged\u00e9seket \u00e9s v\u00e9d a fert\u0151z\u00e9sekkel szemben.<br \/>\nM\u00e1ra tudjuk, hogy az anan\u00e1sz gy\u00fcm\u00f6lcs\u00e9ben rendk\u00edv\u00fcl magas a C-vitamin koncentr\u00e1ci\u00f3, a gy\u00fcm\u00f6lcs \u00e9s a sz\u00e1r pedig bromelainban gazdag. Hogy mi az a bromelain?<br \/>\nA test\u00fcnkben tal\u00e1lhat\u00f3 k\u00f6zel h\u00faszezer enzim egyike, melynek els\u0151sorban az em\u00e9szt\u00e9s, az immunrendszer \u00e9s az r\u00e1kos megbeteged\u00e9sek lek\u00fczd\u00e9s\u00e9ben tulajdon\u00edtottak szerepet.<br \/>\nJelenleg is folynak kutat\u00e1sok annak felt\u00e9rk\u00e9pez\u00e9s\u00e9re, hogy bromelain pontosan hogyan fejti ki hat\u00e1s\u00e1t az em\u00e9szt\u00e9s megk\u00f6nny\u00edt\u00e9s\u00e9ben, a gyullad\u00e1s- \u00e9s duzzad\u00e1scs\u00f6kkent\u00e9sben, a sz\u00edv- \u00e9s \u00e9rrendszeri, valamint az autoimmun megbeteged\u00e9sek, allergi\u00e1k \u00e9s artritisz kezel\u00e9s\u00e9ben.<\/p>\n<h3>A term\u00e9szetes flavonoidok csod\u00e1ja: a kvercetin<\/h3>\n<p>Tudtad? A flavonoidok val\u00f3j\u00e1ban term\u00e9szetes n\u00f6v\u00e9nyi fest\u00e9kanyagok, melyek els\u0151sorban v\u00e9delmi funkci\u00f3kat l\u00e1tnak el: \u00f3vj\u00e1k a n\u00f6v\u00e9nyt a k\u00f3rokoz\u00f3kkal \u00e9s m\u00e1s k\u00e1ros k\u00fcls\u0151 hat\u00e1sokkal szemben. Mivel test\u00fcnkben antioxid\u00e1nsk\u00e9nt funkcion\u00e1lnak, feltehet\u0151en k\u00e9pesek kifejteni j\u00f3t\u00e9kony hat\u00e1sukat.<br \/>\nEgyes v\u00e9leked\u00e9sek szerint a kvercetin term\u00e9szetes m\u00f3don g\u00e1tolja a hisztamin \u00e9s szerotonin felszabadul\u00e1s\u00e1t. Ez egyben azt is jelentheti, hogy seg\u00edti az allergi\u00e1s t\u00fcnetekkel szembeni lesz\u00e1mol\u00e1st \u00e9s enyh\u00edtheti a rohamok s\u00falyoss\u00e1g\u00e1t \u00e9s gyakoris\u00e1g\u00e1t.<br \/>\nEmellett v\u00e9lhet\u0151, hogy a kvercetin flavonoidk\u00e9nt kedvez\u0151en befoly\u00e1solja a gyullad\u00e1sos folyamatokat szab\u00e1lyoz\u00f3 enzimek m\u0171k\u00f6d\u00e9s\u00e9t, ez\u00e1ltal megel\u0151zheti a gyullad\u00e1sos folyamatok elindul\u00e1s\u00e1t, vagy seg\u00edtheti a t\u00fcnetek s\u00falyosbod\u00e1s\u00e1nak elker\u00fcl\u00e9s\u00e9t.<br \/>\nA kvercetin \u00e9s a cukorbetegs\u00e9g viszonya is rendre a kutat\u00f3k \u00e9s specialist\u00e1k \u00e9rdekl\u0151d\u00e9s\u00e9nek k\u00f6z\u00e9ppontj\u00e1ba ker\u00fcl. Ennek oka, hogy a diab\u00e9tesz gyakran j\u00e1r egy\u00fctt sz\u00edv- \u00e9s \u00e9rrendszeri panaszokkal, l\u00e1t\u00e1sroml\u00e1ssal \u00e9s m\u00e1s k\u00eds\u00e9r\u0151betegs\u00e9gekkel.<br \/>\nMivel feltehet\u0151, hogy a kvercetin n\u00f6veli az inzulin\u00e9rz\u00e9kenys\u00e9get, elk\u00e9pzelhet\u0151, hogy rendszeres fogyaszt\u00e1sa seg\u00edti a cukorbetegs\u00e9g s\u00falyosbod\u00e1s\u00e1nak elker\u00fcl\u00e9s\u00e9t.<\/p>\n<h3>Mesterh\u00e1rmas a QUERCETIN PLUS kapszul\u00e1kban<\/h3>\n<p>Term\u00e9keinket legjobb tud\u00e1sunk szerint, a leg\u00fajabb kutat\u00e1si eredm\u00e9nyek \u00e9s tudom\u00e1nyos ismeretek figyelembev\u00e9tel\u00e9vel, amerikai min\u0151s\u00e9g\u0171 alapanyagb\u00f3l, kutat\u00f3k \u00e9s szakemberek bevon\u00e1s\u00e1val k\u00e9sz\u00edtj\u00fck.<br \/>\nNincs ez m\u00e1sk\u00e9nt a QUERCETIN PLUS kapszul\u00e1k eset\u00e9ben sem! A legjobbat ny\u00fajtjuk, mert v\u00e1s\u00e1rl\u00f3ink ugyanazt a min\u0151s\u00e9get \u00e9rdemlik, mint csal\u00e1dtagjaink. Pr\u00f3b\u00e1ld ki Te is!<\/p>\n<p>&nbsp;<\/p>\n<p><strong>Fontos megjegyz\u00e9s:<\/strong> Az oldalon tal\u00e1lhat\u00f3 inform\u00e1ci\u00f3k \u00e9s \u00e1ll\u00edt\u00e1sok csup\u00e1n \u00e1ltal\u00e1nos t\u00e1j\u00e9koztat\u00e1sul szolg\u00e1lnak a term\u00e9keink \u00f6sszetev\u0151ivel kapcsolatban. Az USA Medical term\u00e9kei nem min\u0151s\u00fclnek gy\u00f3gyszernek, \u00e9s az inform\u00e1ci\u00f3k nem helyettes\u00edtik az orvosi tan\u00e1csad\u00e1st vagy kezel\u00e9st. A k\u00f6z\u00f6lt \u00e1ll\u00edt\u00e1sok nem a konkr\u00e9t term\u00e9kre vonatkoznak, hanem a tudom\u00e1nyos \u00e9s szakirodalmi forr\u00e1sokban tal\u00e1lhat\u00f3 ismereteket \u00f6sszegzik. Az inform\u00e1ci\u00f3k nem \u00e9rtelmezhet\u0151k szem\u00e9lyre szabott eg\u00e9szs\u00e9g\u00fcgyi javaslatk\u00e9nt, \u00e9s nem szolg\u00e1lnak konkr\u00e9t t\u00fcnetek kezel\u00e9s\u00e9re vonatkoz\u00f3 tan\u00e1csk\u00e9nt. B\u00e1rmilyen eg\u00e9szs\u00e9gi probl\u00e9m\u00e1val kapcsolatban k\u00e9rj\u00fck, forduljon szakorvoshoz vagy gy\u00f3gyszer\u00e9szhez!<\/p>\n","protected":false},"excerpt":{"rendered":"<div id=\"product_desc\" class=\"elementor-element elementor-element-dca84d2 elementor-widget elementor-widget-woocommerce-product-short-description\" data-id=\"dca84d2\" data-element_type=\"widget\" data-widget_type=\"woocommerce-product-short-description.default\">\n<div class=\"elementor-widget-container\">\n<div class=\"woocommerce-product-details__short-description\">\n<p>Maradj lend\u00fcletben t\u00e9len-ny\u00e1ron a Quercetin Plus \u00e9trend-kieg\u00e9sz\u00edt\u0151 seg\u00edts\u00e9g\u00e9vel! A benne tal\u00e1lhat\u00f3 cink hozz\u00e1j\u00e1rul a sejtek oxidat\u00edv stresszel szembeni v\u00e9delm\u00e9hez \u00e9s az immunrendszer norm\u00e1l m\u0171k\u00f6d\u00e9s\u00e9hez.\u00a0 A cink mellett term\u00e9szetes flavonoidokat \u00e9s enzimeket is megtal\u00e1lsz a kapszul\u00e1ban, hogy igaz\u00e1n \u00fct\u0151s t\u00e1mogat\u00e1st ny\u00fajtson sz\u00e1modra.<\/p>\n<p><strong>\u00c9trend-kieg\u00e9sz\u00edt\u0151 kapszula<\/strong><br \/>\n<strong>OGY\u00c9I Notifik\u00e1ci\u00f3s sz\u00e1m<\/strong>\u00a0\u2013 33113\/2023<br \/>\n<strong>Kiszerel\u00e9s:\u00a0<\/strong>\u00a060 db<br \/>\n<strong>Sz\u00e1rmaz\u00e1si orsz\u00e1g:<\/strong>\u00a0USA<br \/>\n<strong>VEG\u00c1N<\/strong><\/p>\n<\/div>\n<\/div>\n<\/div>\n<div class=\"elementor-element elementor-element-9362874 elementor-icon-list--layout-traditional elementor-list-item-link-full_width elementor-widget elementor-widget-icon-list\" data-id=\"9362874\" data-element_type=\"widget\" data-widget_type=\"icon-list.default\">\n<div class=\"elementor-widget-container\">\n<ul class=\"elementor-icon-list-items\">\n<li class=\"elementor-icon-list-item\"><span class=\"elementor-icon-list-text\">Magyar-amerikai fejleszt\u00e9s<\/span><\/li>\n<li class=\"elementor-icon-list-item\"><span class=\"elementor-icon-list-text\">GMP \u00e9s HACCP szabv\u00e1ny szerint gy\u00e1rtva<\/span><\/li>\n<li class=\"elementor-icon-list-item\"><span class=\"elementor-icon-list-text\">Val\u00f3s magyarorsz\u00e1gi rakt\u00e1rk\u00e9szletr\u0151l<\/span><\/li>\n<\/ul>\n<p><img decoding=\"async\" class=\"alignnone size-full wp-image-826\" src=\"https:\/\/herbalkincsei.hu\/wp-content\/uploads\/2024\/03\/hand-holding-heart-solid.svg\" alt=\"\" \/>\u00a0 Term\u00e9keink gondosan v\u00e1logatott alapanyagokb\u00f3l k\u00e9sz\u00fclnek.<\/p>\n<p><img decoding=\"async\" class=\"alignnone size-full wp-image-825\" src=\"https:\/\/herbalkincsei.hu\/wp-content\/uploads\/2024\/03\/star-solid.svg\" alt=\"\" \/>\u00a0 \u00a0A term\u00e9kekre hazai garanci\u00e1t \u00e9s term\u00e9k szolg\u00e1ltat\u00e1st biztos\u00edtunk.<\/p>\n<p><img decoding=\"async\" class=\"alignnone size-full wp-image-823\" src=\"https:\/\/herbalkincsei.hu\/wp-content\/uploads\/2024\/03\/user-lock-solid.svg\" alt=\"\" \/>\u00a0Biztons\u00e1gos v\u00e9dett fizet\u00e9s.<\/p>\n<p><img decoding=\"async\" class=\"alignnone size-full wp-image-824\" src=\"https:\/\/herbalkincsei.hu\/wp-content\/uploads\/2024\/03\/truck-fast-solid.svg\" alt=\"\" \/>\u00a0Gyors kiszolg\u00e1l\u00e1s.<\/p>\n<\/div>\n<\/div>\n","protected":false},"featured_media":650,"comment_status":"closed","ping_status":"closed","template":"","meta":[],"product_brand":[223],"product_cat":[172,184,19,171,173],"product_tag":[220],"class_list":{"0":"post-600","1":"product","2":"type-product","3":"status-publish","4":"has-post-thumbnail","6":"product_brand-usamedical","7":"product_cat-etrend-kiegeszitok","8":"product_cat-immunrendszer","9":"product_cat-minden-termek","10":"product_cat-usamedical","11":"product_cat-vitaminok-es-asvanyi-anyagok-etrend-kiegeszitok","12":"product_tag-220","13":"product_shipping_class-hu","15":"first","16":"instock","17":"purchasable","18":"product-type-simple","19":"add-to-wishlist-before_image","20":"customify-col","21":"product-has-gallery"},"yoast_head":"<!-- This site is optimized with the Yoast SEO plugin v27.5 - https:\/\/yoast.com\/product\/yoast-seo-wordpress\/ -->\n<title>Kvercetin kapszula cinkkel \u00e9s bromelainnal 60 db - Herb\u00e1lkincsei<\/title>\n<meta name=\"description\" content=\"immunrendszer t\u00e1mogat\u00e1s\" \/>\n<meta name=\"robots\" content=\"index, follow, max-snippet:-1, max-image-preview:large, max-video-preview:-1\" \/>\n<link rel=\"canonical\" href=\"https:\/\/herbalkincsei.hu\/index.php\/termek\/import-placeholder-for-814\/\" \/>\n<meta property=\"og:locale\" content=\"hu_HU\" \/>\n<meta property=\"og:type\" content=\"article\" \/>\n<meta property=\"og:title\" content=\"Kvercetin kapszula cinkkel \u00e9s bromelainnal 60 db - Herb\u00e1lkincsei\" \/>\n<meta property=\"og:description\" content=\"immunrendszer t\u00e1mogat\u00e1s\" \/>\n<meta property=\"og:url\" content=\"https:\/\/herbalkincsei.hu\/index.php\/termek\/import-placeholder-for-814\/\" \/>\n<meta property=\"og:site_name\" content=\"Herb\u00e1lkincsei\" \/>\n<meta property=\"article:modified_time\" content=\"2025-12-07T19:05:17+00:00\" \/>\n<meta property=\"og:image\" content=\"https:\/\/herbalkincsei.hu\/wp-content\/uploads\/2024\/03\/2022_800x960_72_dpi_weboldalra_optimalizalt_quercetin_plus_011.jpg?wsr\" \/>\n\t<meta property=\"og:image:width\" content=\"800\" \/>\n\t<meta property=\"og:image:height\" content=\"960\" \/>\n\t<meta property=\"og:image:type\" content=\"image\/jpeg\" \/>\n<meta name=\"twitter:card\" content=\"summary_large_image\" \/>\n<meta name=\"twitter:label1\" content=\"Becs\u00fclt olvas\u00e1si id\u0151\" \/>\n\t<meta name=\"twitter:data1\" content=\"4 perc\" \/>\n<script type=\"application\/ld+json\" class=\"yoast-schema-graph\">{\"@context\":\"https:\\\/\\\/schema.org\",\"@graph\":[{\"@type\":\"WebPage\",\"@id\":\"https:\\\/\\\/herbalkincsei.hu\\\/index.php\\\/termek\\\/import-placeholder-for-814\\\/\",\"url\":\"https:\\\/\\\/herbalkincsei.hu\\\/index.php\\\/termek\\\/import-placeholder-for-814\\\/\",\"name\":\"Kvercetin kapszula cinkkel \u00e9s bromelainnal 60 db - Herb\u00e1lkincsei\",\"isPartOf\":{\"@id\":\"https:\\\/\\\/herbalkincsei.hu\\\/#website\"},\"primaryImageOfPage\":{\"@id\":\"https:\\\/\\\/herbalkincsei.hu\\\/index.php\\\/termek\\\/import-placeholder-for-814\\\/#primaryimage\"},\"image\":{\"@id\":\"https:\\\/\\\/herbalkincsei.hu\\\/index.php\\\/termek\\\/import-placeholder-for-814\\\/#primaryimage\"},\"thumbnailUrl\":\"https:\\\/\\\/herbalkincsei.hu\\\/wp-content\\\/uploads\\\/2024\\\/03\\\/2022_800x960_72_dpi_weboldalra_optimalizalt_quercetin_plus_011.jpg?wsr\",\"datePublished\":\"2024-03-14T11:11:07+00:00\",\"dateModified\":\"2025-12-07T19:05:17+00:00\",\"description\":\"immunrendszer t\u00e1mogat\u00e1s\",\"breadcrumb\":{\"@id\":\"https:\\\/\\\/herbalkincsei.hu\\\/index.php\\\/termek\\\/import-placeholder-for-814\\\/#breadcrumb\"},\"inLanguage\":\"hu\",\"potentialAction\":[{\"@type\":\"ReadAction\",\"target\":[\"https:\\\/\\\/herbalkincsei.hu\\\/index.php\\\/termek\\\/import-placeholder-for-814\\\/\"]}]},{\"@type\":\"ImageObject\",\"inLanguage\":\"hu\",\"@id\":\"https:\\\/\\\/herbalkincsei.hu\\\/index.php\\\/termek\\\/import-placeholder-for-814\\\/#primaryimage\",\"url\":\"https:\\\/\\\/herbalkincsei.hu\\\/wp-content\\\/uploads\\\/2024\\\/03\\\/2022_800x960_72_dpi_weboldalra_optimalizalt_quercetin_plus_011.jpg?wsr\",\"contentUrl\":\"https:\\\/\\\/herbalkincsei.hu\\\/wp-content\\\/uploads\\\/2024\\\/03\\\/2022_800x960_72_dpi_weboldalra_optimalizalt_quercetin_plus_011.jpg?wsr\",\"width\":800,\"height\":960},{\"@type\":\"BreadcrumbList\",\"@id\":\"https:\\\/\\\/herbalkincsei.hu\\\/index.php\\\/termek\\\/import-placeholder-for-814\\\/#breadcrumb\",\"itemListElement\":[{\"@type\":\"ListItem\",\"position\":1,\"name\":\"Kezd\u0151lap\",\"item\":\"https:\\\/\\\/herbalkincsei.hu\\\/\"},{\"@type\":\"ListItem\",\"position\":2,\"name\":\"\u00dczlet\",\"item\":\"https:\\\/\\\/herbalkincsei.hu\\\/index.php\\\/uzlet\\\/\"},{\"@type\":\"ListItem\",\"position\":3,\"name\":\"Kvercetin kapszula cinkkel \u00e9s bromelainnal 60 db\"}]},{\"@type\":\"WebSite\",\"@id\":\"https:\\\/\\\/herbalkincsei.hu\\\/#website\",\"url\":\"https:\\\/\\\/herbalkincsei.hu\\\/\",\"name\":\"herbalkincsei.hu\",\"description\":\"Ahol az eg\u00e9szs\u00e9g a c\u00e9l.\",\"publisher\":{\"@id\":\"https:\\\/\\\/herbalkincsei.hu\\\/#organization\"},\"potentialAction\":[{\"@type\":\"SearchAction\",\"target\":{\"@type\":\"EntryPoint\",\"urlTemplate\":\"https:\\\/\\\/herbalkincsei.hu\\\/?s={search_term_string}\"},\"query-input\":{\"@type\":\"PropertyValueSpecification\",\"valueRequired\":true,\"valueName\":\"search_term_string\"}}],\"inLanguage\":\"hu\"},{\"@type\":\"Organization\",\"@id\":\"https:\\\/\\\/herbalkincsei.hu\\\/#organization\",\"name\":\"Herb\u00e1lkincsei\",\"url\":\"https:\\\/\\\/herbalkincsei.hu\\\/\",\"logo\":{\"@type\":\"ImageObject\",\"inLanguage\":\"hu\",\"@id\":\"https:\\\/\\\/herbalkincsei.hu\\\/#\\\/schema\\\/logo\\\/image\\\/\",\"url\":\"https:\\\/\\\/herbalkincsei.hu\\\/wp-content\\\/uploads\\\/2024\\\/02\\\/cropped-Green-Leaf-Aromatherapy-Logo-400-\u00d7-135-keppont.png?wsr\",\"contentUrl\":\"https:\\\/\\\/herbalkincsei.hu\\\/wp-content\\\/uploads\\\/2024\\\/02\\\/cropped-Green-Leaf-Aromatherapy-Logo-400-\u00d7-135-keppont.png?wsr\",\"width\":400,\"height\":135,\"caption\":\"Herb\u00e1lkincsei\"},\"image\":{\"@id\":\"https:\\\/\\\/herbalkincsei.hu\\\/#\\\/schema\\\/logo\\\/image\\\/\"}}]}<\/script>\n<!-- \/ Yoast SEO plugin. -->","yoast_head_json":{"title":"Kvercetin kapszula cinkkel \u00e9s bromelainnal 60 db - Herb\u00e1lkincsei","description":"immunrendszer t\u00e1mogat\u00e1s","robots":{"index":"index","follow":"follow","max-snippet":"max-snippet:-1","max-image-preview":"max-image-preview:large","max-video-preview":"max-video-preview:-1"},"canonical":"https:\/\/herbalkincsei.hu\/index.php\/termek\/import-placeholder-for-814\/","og_locale":"hu_HU","og_type":"article","og_title":"Kvercetin kapszula cinkkel \u00e9s bromelainnal 60 db - Herb\u00e1lkincsei","og_description":"immunrendszer t\u00e1mogat\u00e1s","og_url":"https:\/\/herbalkincsei.hu\/index.php\/termek\/import-placeholder-for-814\/","og_site_name":"Herb\u00e1lkincsei","article_modified_time":"2025-12-07T19:05:17+00:00","og_image":[{"width":800,"height":960,"url":"https:\/\/herbalkincsei.hu\/wp-content\/uploads\/2024\/03\/2022_800x960_72_dpi_weboldalra_optimalizalt_quercetin_plus_011.jpg?wsr","type":"image\/jpeg"}],"twitter_card":"summary_large_image","twitter_misc":{"Becs\u00fclt olvas\u00e1si id\u0151":"4 perc"},"schema":{"@context":"https:\/\/schema.org","@graph":[{"@type":"WebPage","@id":"https:\/\/herbalkincsei.hu\/index.php\/termek\/import-placeholder-for-814\/","url":"https:\/\/herbalkincsei.hu\/index.php\/termek\/import-placeholder-for-814\/","name":"Kvercetin kapszula cinkkel \u00e9s bromelainnal 60 db - Herb\u00e1lkincsei","isPartOf":{"@id":"https:\/\/herbalkincsei.hu\/#website"},"primaryImageOfPage":{"@id":"https:\/\/herbalkincsei.hu\/index.php\/termek\/import-placeholder-for-814\/#primaryimage"},"image":{"@id":"https:\/\/herbalkincsei.hu\/index.php\/termek\/import-placeholder-for-814\/#primaryimage"},"thumbnailUrl":"https:\/\/herbalkincsei.hu\/wp-content\/uploads\/2024\/03\/2022_800x960_72_dpi_weboldalra_optimalizalt_quercetin_plus_011.jpg?wsr","datePublished":"2024-03-14T11:11:07+00:00","dateModified":"2025-12-07T19:05:17+00:00","description":"immunrendszer t\u00e1mogat\u00e1s","breadcrumb":{"@id":"https:\/\/herbalkincsei.hu\/index.php\/termek\/import-placeholder-for-814\/#breadcrumb"},"inLanguage":"hu","potentialAction":[{"@type":"ReadAction","target":["https:\/\/herbalkincsei.hu\/index.php\/termek\/import-placeholder-for-814\/"]}]},{"@type":"ImageObject","inLanguage":"hu","@id":"https:\/\/herbalkincsei.hu\/index.php\/termek\/import-placeholder-for-814\/#primaryimage","url":"https:\/\/herbalkincsei.hu\/wp-content\/uploads\/2024\/03\/2022_800x960_72_dpi_weboldalra_optimalizalt_quercetin_plus_011.jpg?wsr","contentUrl":"https:\/\/herbalkincsei.hu\/wp-content\/uploads\/2024\/03\/2022_800x960_72_dpi_weboldalra_optimalizalt_quercetin_plus_011.jpg?wsr","width":800,"height":960},{"@type":"BreadcrumbList","@id":"https:\/\/herbalkincsei.hu\/index.php\/termek\/import-placeholder-for-814\/#breadcrumb","itemListElement":[{"@type":"ListItem","position":1,"name":"Kezd\u0151lap","item":"https:\/\/herbalkincsei.hu\/"},{"@type":"ListItem","position":2,"name":"\u00dczlet","item":"https:\/\/herbalkincsei.hu\/index.php\/uzlet\/"},{"@type":"ListItem","position":3,"name":"Kvercetin kapszula cinkkel \u00e9s bromelainnal 60 db"}]},{"@type":"WebSite","@id":"https:\/\/herbalkincsei.hu\/#website","url":"https:\/\/herbalkincsei.hu\/","name":"herbalkincsei.hu","description":"Ahol az eg\u00e9szs\u00e9g a c\u00e9l.","publisher":{"@id":"https:\/\/herbalkincsei.hu\/#organization"},"potentialAction":[{"@type":"SearchAction","target":{"@type":"EntryPoint","urlTemplate":"https:\/\/herbalkincsei.hu\/?s={search_term_string}"},"query-input":{"@type":"PropertyValueSpecification","valueRequired":true,"valueName":"search_term_string"}}],"inLanguage":"hu"},{"@type":"Organization","@id":"https:\/\/herbalkincsei.hu\/#organization","name":"Herb\u00e1lkincsei","url":"https:\/\/herbalkincsei.hu\/","logo":{"@type":"ImageObject","inLanguage":"hu","@id":"https:\/\/herbalkincsei.hu\/#\/schema\/logo\/image\/","url":"https:\/\/herbalkincsei.hu\/wp-content\/uploads\/2024\/02\/cropped-Green-Leaf-Aromatherapy-Logo-400-\u00d7-135-keppont.png?wsr","contentUrl":"https:\/\/herbalkincsei.hu\/wp-content\/uploads\/2024\/02\/cropped-Green-Leaf-Aromatherapy-Logo-400-\u00d7-135-keppont.png?wsr","width":400,"height":135,"caption":"Herb\u00e1lkincsei"},"image":{"@id":"https:\/\/herbalkincsei.hu\/#\/schema\/logo\/image\/"}}]}},"_links":{"self":[{"href":"https:\/\/herbalkincsei.hu\/index.php\/wp-json\/wp\/v2\/product\/600","targetHints":{"allow":["GET"]}}],"collection":[{"href":"https:\/\/herbalkincsei.hu\/index.php\/wp-json\/wp\/v2\/product"}],"about":[{"href":"https:\/\/herbalkincsei.hu\/index.php\/wp-json\/wp\/v2\/types\/product"}],"replies":[{"embeddable":true,"href":"https:\/\/herbalkincsei.hu\/index.php\/wp-json\/wp\/v2\/comments?post=600"}],"wp:featuredmedia":[{"embeddable":true,"href":"https:\/\/herbalkincsei.hu\/index.php\/wp-json\/wp\/v2\/media\/650"}],"wp:attachment":[{"href":"https:\/\/herbalkincsei.hu\/index.php\/wp-json\/wp\/v2\/media?parent=600"}],"wp:term":[{"taxonomy":"product_brand","embeddable":true,"href":"https:\/\/herbalkincsei.hu\/index.php\/wp-json\/wp\/v2\/product_brand?post=600"},{"taxonomy":"product_cat","embeddable":true,"href":"https:\/\/herbalkincsei.hu\/index.php\/wp-json\/wp\/v2\/product_cat?post=600"},{"taxonomy":"product_tag","embeddable":true,"href":"https:\/\/herbalkincsei.hu\/index.php\/wp-json\/wp\/v2\/product_tag?post=600"}],"curies":[{"name":"wp","href":"https:\/\/api.w.org\/{rel}","templated":true}]}}