{"id":599,"date":"2024-03-14T12:11:07","date_gmt":"2024-03-14T11:11:07","guid":{"rendered":"https:\/\/herbalkincsei.hu\/?post_type=product&#038;p=599"},"modified":"2025-12-07T19:56:45","modified_gmt":"2025-12-07T18:56:45","slug":"import-placeholder-for-812","status":"publish","type":"product","link":"https:\/\/herbalkincsei.hu\/index.php\/termek\/import-placeholder-for-812\/","title":{"rendered":"L-arginin \u00e9s l-citrullin mal\u00e1t kivonat kapszula 60 db"},"content":{"rendered":"<h2><span class=\"bluetxt\">L-arginine Complex az extra \u00e1ll\u00f3k\u00e9pess\u00e9g\u00e9rt<\/span><\/h2>\n<p>Az l-arginin \u00e9s az l-citrullin-mal\u00e1t olyan megker\u00fclhetetlen aminosavak, melyek n\u00e9lk\u00fcl szervezet\u00fcnk eg\u00e9szs\u00e9ges m\u0171k\u00f6d\u00e9se egyszer\u0171en lehetetlen. A legt\u00f6bben m\u00e9gis keveset tudnak test\u00fcnkben bet\u00f6lt\u00f6tt szerep\u00fckr\u0151l. Te sem hallott\u00e1l m\u00e9g r\u00f3luk? Most \u00f6sszegy\u0171jt\u00f6tt\u00fck a legfontosabb tudnival\u00f3kat Neked, hogy magabiztosan d\u00f6nthess!<\/p>\n<h3>Az l-arginin t\u00f6rt\u00e9nete<\/h3>\n<p>Az arginint el\u0151sz\u00f6r egy sv\u00e1jci vegy\u00e9sznek, Ernst Schulze-nak, siker\u00fclt izol\u00e1lnia 1886-ban. Az \u0151 nev\u00e9hez f\u0171z\u0151dik tov\u00e1bb\u00e1 a glutamin \u00e9s a fenilalanin kimutat\u00e1sa is.<br \/>\nEzek az aminosavak a szervezet helyes \u00e9s eg\u00e9szs\u00e9ges m\u0171k\u00f6d\u00e9s\u00e9hez elengedhetetlen esszenci\u00e1lis, illetve felt\u00e9teles esszenci\u00e1lis aminosavak. Azaz szervezet\u00fcnk nem, vagy csak bizonyos k\u00f6r\u00fclm\u00e9nyek egyidej\u0171 fenn\u00e1ll\u00e1sa eset\u00e9n k\u00e9pes el\u0151\u00e1ll\u00edtani \u0151ket.<br \/>\nAz USA medical L-ARGININE COMPLEX-e \u00e9pp ez\u00e9rt olyan k\u00fcl\u00f6nleges: biztons\u00e1gos \u00e9s egyszer\u0171 adagol\u00e1s mellett seg\u00edti az aminosavak optim\u00e1lis szintj\u00e9nek fenntart\u00e1s\u00e1t. Pr\u00f3b\u00e1ld ki Te is!<\/p>\n<h3>A sportol\u00f3k \u00e9s test\u00e9p\u00edt\u0151k kedvence, az l-arginin<\/h3>\n<p>A l-arginin els\u0151sorban az agyban, a ves\u00e9ben \u00e9s a m\u00e1jban termel\u0151dik. Optim\u00e1lis mennyis\u00e9g\u00e9t a szervezet \u00e1ltal\u00e1ban maga is k\u00e9pes el\u0151\u00e1ll\u00edtani, sz\u00e1mos esetben m\u00e9gis p\u00f3tl\u00e1sra szorulhat.<br \/>\nHa a szervezet extr\u00e9m fiziol\u00f3gi\u00e1s stressznek &#8211; akt\u00edv sport, s\u00e9r\u00fcl\u00e9sek, egy\u00e9b kih\u00edv\u00e1sok stb.- van kit\u00e9ve, vagy n\u00f6veked\u00e9s, betegs\u00e9g \u00e1ll fenn, a szervezet l-arginin ig\u00e9nye megugrik.<br \/>\nMivel ez az aminosav jelenl\u00e9t\u00e9vel hozz\u00e1j\u00e1rul nitrog\u00e9n-monoxid, a nitrog\u00e9n-monoxid-szint\u00e1z enzim, valamint a citrullin \u00e9s a kreatin termel\u0151d\u00e9s\u00e9hez is. Vagyis k\u00f6zvetetten hozz\u00e1j\u00e1rul ahhoz, hogy a fizikai ig\u00e9nybev\u00e9tel alatt a v\u00e9rerek megfelel\u0151en t\u00e1guljanak \u00e9s ellazuljanak, ez\u00e1ltal az izmok v\u00e9r- \u00e9s oxig\u00e9nell\u00e1t\u00e1sa optim\u00e1lis legyen.<br \/>\nEz a sportol\u00f3k megfigyel\u00e9sei alapj\u00e1n \u00e1ltal\u00e1ban a teljes\u00edtm\u00e9ny \u00e9s az \u00e1ll\u00f3k\u00e9pess\u00e9g n\u00f6vel\u00e9s\u00e9vel j\u00e1r egy\u00fctt, ez\u00e9rt sz\u00edvesen eg\u00e9sz\u00edtik ki edz\u00e9seiket l-arginin szed\u00e9s\u00e9vel.<\/p>\n<h3>Az l-citrullin-mal\u00e1t szerepe a szervezet m\u0171k\u00f6d\u00e9s\u00e9ben<\/h3>\n<p>A citrullin az argininhoz hasonl\u00f3an a karbamid-ciklus egyik rendk\u00edv\u00fcl fontos eleme, mely elengedhetetlen ahhoz, hogy a szervezet kiv\u00e1lassza \u00e9s hat\u00e1stalan\u00edtsa a m\u00e9rgez\u0151 amm\u00f3ni\u00e1t.<br \/>\nMivel a citrullin jelenl\u00e9te \u2018serkenti\u2019 az arginin \u00e9s a nitrog\u00e9n-monoxid el\u0151\u00e1ll\u00edt\u00e1s\u00e1t, azok pedig befoly\u00e1solj\u00e1k<\/p>\n<ul>\n<li>\u00e9rfalak feszess\u00e9g\u00e9t \u00e9s a v\u00e9rkering\u00e9st;<\/li>\n<li>a dopamin \u00e9s a szerotonin szintj\u00e9t;<\/li>\n<li>a dopamin-jelz\u0151 hat\u00e1st az idegrendszerben,<\/li>\n<li>a citrullin amilyen \u00e9szrev\u00e9tlen nek\u00fcnk, olyan fontos a szervezet\u00fcnk sz\u00e1m\u00e1ra.<\/li>\n<\/ul>\n<p>Egyes v\u00e9leked\u00e9sek szerint a citrullin nemcsak f\u00e1radts\u00e1got cs\u00f6kkenti \u00e9s az \u00e1ll\u00f3k\u00e9pess\u00e9get n\u00f6veli, hanem a mereved\u00e9si zavarok kezel\u00e9s\u00e9ben is j\u00f3 szolg\u00e1latot tesz.<\/p>\n<h3>B3-vitaminnal az eg\u00e9szs\u00e9g\u00e9rt<\/h3>\n<p>A B3-vitamin, azaz a niacin fontos szerepet t\u00f6lt be az akt\u00edv \u00e9letm\u00f3d szerelmeseinek mindennapjaiban is. Mivel r\u00e9szt vesz a norm\u00e1l energiatermel\u0151 anyagcsere-folyamatokban, valamint hozz\u00e1j\u00e1rul a f\u00e1radts\u00e1g \u00e9s a kif\u00e1rad\u00e1s cs\u00f6kkent\u00e9s\u00e9hez, illetve a norm\u00e1l pszichol\u00f3giai funkci\u00f3 fenntart\u00e1s\u00e1hoz, a B3-vitamin val\u00f3di \u00fct\u0151k\u00e1rtya. Seg\u00edt, hogy lend\u00fcletben maradj!<\/p>\n<h3>Amikor az l-arginin szed\u00e9se ellenjavallt<\/h3>\n<p>Az USA medical \u00e9trend-kieg\u00e9sz\u00edt\u0151k alkalmaz\u00e1s\u00e1nak megkezd\u00e9se el\u0151tt minden esetben javasoljuk, hogy egyeztess h\u00e1ziorvosoddal, kezel\u0151orvosoddal vagy gy\u00f3gyszer\u00e9szeddel!<br \/>\nFontos tudnod ugyanakkor, hogy herpesz eset\u00e9n l-arginin szed\u00e9se er\u0151sen ellenjavallt!<br \/>\nM\u00e1jbetegs\u00e9g, vesebetegs\u00e9g, illetve cukorbetegs\u00e9g eset\u00e9n pedig kiemelten fontos a szakorvossal val\u00f3 alapos konzult\u00e1ci\u00f3 \u00e9s az alkalmaz\u00e1s ideje alatti fokozott szakorvosi kontroll.<\/p>\n<p>&nbsp;<\/p>\n<p><strong>Fontos megjegyz\u00e9s:<\/strong> Az oldalon tal\u00e1lhat\u00f3 inform\u00e1ci\u00f3k \u00e9s \u00e1ll\u00edt\u00e1sok csup\u00e1n \u00e1ltal\u00e1nos t\u00e1j\u00e9koztat\u00e1sul szolg\u00e1lnak a term\u00e9keink \u00f6sszetev\u0151ivel kapcsolatban. Az USA Medical term\u00e9kei nem min\u0151s\u00fclnek gy\u00f3gyszernek, \u00e9s az inform\u00e1ci\u00f3k nem helyettes\u00edtik az orvosi tan\u00e1csad\u00e1st vagy kezel\u00e9st. A k\u00f6z\u00f6lt \u00e1ll\u00edt\u00e1sok nem a konkr\u00e9t term\u00e9kre vonatkoznak, hanem a tudom\u00e1nyos \u00e9s szakirodalmi forr\u00e1sokban tal\u00e1lhat\u00f3 ismereteket \u00f6sszegzik. Az inform\u00e1ci\u00f3k nem \u00e9rtelmezhet\u0151k szem\u00e9lyre szabott eg\u00e9szs\u00e9g\u00fcgyi javaslatk\u00e9nt, \u00e9s nem szolg\u00e1lnak konkr\u00e9t t\u00fcnetek kezel\u00e9s\u00e9re vonatkoz\u00f3 tan\u00e1csk\u00e9nt. B\u00e1rmilyen eg\u00e9szs\u00e9gi probl\u00e9m\u00e1val kapcsolatban k\u00e9rj\u00fck, forduljon szakorvoshoz vagy gy\u00f3gyszer\u00e9szhez!<\/p>\n","protected":false},"excerpt":{"rendered":"<div id=\"product_desc\" class=\"elementor-element elementor-element-dca84d2 elementor-widget elementor-widget-woocommerce-product-short-description\" data-id=\"dca84d2\" data-element_type=\"widget\" data-widget_type=\"woocommerce-product-short-description.default\">\n<div class=\"elementor-widget-container\">\n<div class=\"woocommerce-product-details__short-description\">\n<p>A teljes\u00edtm\u00e9ny \u00e9s az \u00e1ll\u00f3k\u00e9pess\u00e9g n\u00f6vel\u00e9se \u00e9rdek\u00e9ben a sportol\u00f3k is sz\u00edvesen eg\u00e9sz\u00edtik ki edz\u00e9seiket l-arginin szed\u00e9s\u00e9vel. Hozd ki magadb\u00f3l a maximumot az USA medical L-ARGININE COMPLEX seg\u00edts\u00e9g\u00e9vel, mely az l-arginine 2:1 kivonat mellett l-citrullin kivonatot, niacint \u00e9s sz\u00e1mos \u00e9rt\u00e9kes \u00f6sszetev\u0151t tartalmaz m\u00e9g.<\/p>\n<p><strong>\u00c9trend-kieg\u00e9sz\u00edt\u0151 kapszula<br \/>\nOGY\u00c9I Notifik\u00e1ci\u00f3s sz\u00e1m<\/strong>\u00a0\u2013 33119\/2023<br \/>\n<strong>Kiszerel\u00e9s:\u00a0<\/strong>\u00a060 db<br \/>\n<strong>Sz\u00e1rmaz\u00e1si orsz\u00e1g:\u00a0<\/strong>USA<br \/>\n<strong>VEG\u00c1N<\/strong><\/p>\n<\/div>\n<\/div>\n<\/div>\n<div class=\"elementor-element elementor-element-9362874 elementor-icon-list--layout-traditional elementor-list-item-link-full_width elementor-widget elementor-widget-icon-list\" data-id=\"9362874\" data-element_type=\"widget\" data-widget_type=\"icon-list.default\">\n<div class=\"elementor-widget-container\">\n<ul class=\"elementor-icon-list-items\">\n<li class=\"elementor-icon-list-item\"><span class=\"elementor-icon-list-text\">Magyar-amerikai fejleszt\u00e9s<\/span><\/li>\n<li class=\"elementor-icon-list-item\"><span class=\"elementor-icon-list-text\">GMP \u00e9s HACCP szabv\u00e1ny szerint gy\u00e1rtva<\/span><\/li>\n<li class=\"elementor-icon-list-item\"><span class=\"elementor-icon-list-text\">Val\u00f3s magyarorsz\u00e1gi rakt\u00e1rk\u00e9szletr\u0151l<\/span><\/li>\n<\/ul>\n<p><img decoding=\"async\" class=\"alignnone size-full wp-image-826\" src=\"https:\/\/herbalkincsei.hu\/wp-content\/uploads\/2024\/03\/hand-holding-heart-solid.svg\" alt=\"\" \/>\u00a0 Term\u00e9keink gondosan v\u00e1logatott alapanyagokb\u00f3l k\u00e9sz\u00fclnek.<\/p>\n<p><img decoding=\"async\" class=\"alignnone size-full wp-image-825\" src=\"https:\/\/herbalkincsei.hu\/wp-content\/uploads\/2024\/03\/star-solid.svg\" alt=\"\" \/>\u00a0 \u00a0A term\u00e9kekre hazai garanci\u00e1t \u00e9s term\u00e9k szolg\u00e1ltat\u00e1st biztos\u00edtunk.<\/p>\n<p><img decoding=\"async\" class=\"alignnone size-full wp-image-823\" src=\"https:\/\/herbalkincsei.hu\/wp-content\/uploads\/2024\/03\/user-lock-solid.svg\" alt=\"\" \/>\u00a0Biztons\u00e1gos v\u00e9dett fizet\u00e9s.<\/p>\n<p><img decoding=\"async\" class=\"alignnone size-full wp-image-824\" src=\"https:\/\/herbalkincsei.hu\/wp-content\/uploads\/2024\/03\/truck-fast-solid.svg\" alt=\"\" \/>\u00a0Gyors kiszolg\u00e1l\u00e1s.<\/p>\n<\/div>\n<\/div>\n","protected":false},"featured_media":649,"comment_status":"closed","ping_status":"closed","template":"","meta":[],"product_brand":[223],"product_cat":[172,188,19,171],"product_tag":[221],"class_list":{"0":"post-599","1":"product","2":"type-product","3":"status-publish","4":"has-post-thumbnail","6":"product_brand-usamedical","7":"product_cat-etrend-kiegeszitok","8":"product_cat-izom-es-eronlet","9":"product_cat-minden-termek","10":"product_cat-usamedical","11":"product_tag-221","12":"product_shipping_class-hu","14":"first","15":"instock","16":"purchasable","17":"product-type-simple","18":"add-to-wishlist-before_image","19":"customify-col","20":"product-has-gallery"},"yoast_head":"<!-- This site is optimized with the Yoast SEO plugin v27.4 - https:\/\/yoast.com\/product\/yoast-seo-wordpress\/ -->\n<title>L-arginin \u00e9s l-citrullin mal\u00e1t kivonat kapszula 60 db - Herb\u00e1lkincsei<\/title>\n<meta name=\"description\" content=\"\u00e1ll\u00f3k\u00e9pess\u00e9g\" \/>\n<meta name=\"robots\" content=\"index, follow, max-snippet:-1, max-image-preview:large, max-video-preview:-1\" \/>\n<link rel=\"canonical\" href=\"https:\/\/herbalkincsei.hu\/index.php\/termek\/import-placeholder-for-812\/\" \/>\n<meta property=\"og:locale\" content=\"hu_HU\" \/>\n<meta property=\"og:type\" content=\"article\" \/>\n<meta property=\"og:title\" content=\"L-arginin \u00e9s l-citrullin mal\u00e1t kivonat kapszula 60 db - Herb\u00e1lkincsei\" \/>\n<meta property=\"og:description\" content=\"\u00e1ll\u00f3k\u00e9pess\u00e9g\" \/>\n<meta property=\"og:url\" content=\"https:\/\/herbalkincsei.hu\/index.php\/termek\/import-placeholder-for-812\/\" \/>\n<meta property=\"og:site_name\" content=\"Herb\u00e1lkincsei\" \/>\n<meta property=\"article:modified_time\" content=\"2025-12-07T18:56:45+00:00\" \/>\n<meta property=\"og:image\" content=\"https:\/\/herbalkincsei.hu\/wp-content\/uploads\/2024\/03\/2022_800x960_72_dpi_weboldalra_optimalizalt_l_arginine_complex_011.jpg?wsr\" \/>\n\t<meta property=\"og:image:width\" content=\"800\" \/>\n\t<meta property=\"og:image:height\" content=\"960\" \/>\n\t<meta property=\"og:image:type\" content=\"image\/jpeg\" \/>\n<meta name=\"twitter:card\" content=\"summary_large_image\" \/>\n<meta name=\"twitter:label1\" content=\"Becs\u00fclt olvas\u00e1si id\u0151\" \/>\n\t<meta name=\"twitter:data1\" content=\"3 perc\" \/>\n<script type=\"application\/ld+json\" class=\"yoast-schema-graph\">{\"@context\":\"https:\\\/\\\/schema.org\",\"@graph\":[{\"@type\":\"WebPage\",\"@id\":\"https:\\\/\\\/herbalkincsei.hu\\\/index.php\\\/termek\\\/import-placeholder-for-812\\\/\",\"url\":\"https:\\\/\\\/herbalkincsei.hu\\\/index.php\\\/termek\\\/import-placeholder-for-812\\\/\",\"name\":\"L-arginin \u00e9s l-citrullin mal\u00e1t kivonat kapszula 60 db - Herb\u00e1lkincsei\",\"isPartOf\":{\"@id\":\"https:\\\/\\\/herbalkincsei.hu\\\/#website\"},\"primaryImageOfPage\":{\"@id\":\"https:\\\/\\\/herbalkincsei.hu\\\/index.php\\\/termek\\\/import-placeholder-for-812\\\/#primaryimage\"},\"image\":{\"@id\":\"https:\\\/\\\/herbalkincsei.hu\\\/index.php\\\/termek\\\/import-placeholder-for-812\\\/#primaryimage\"},\"thumbnailUrl\":\"https:\\\/\\\/herbalkincsei.hu\\\/wp-content\\\/uploads\\\/2024\\\/03\\\/2022_800x960_72_dpi_weboldalra_optimalizalt_l_arginine_complex_011.jpg?wsr\",\"datePublished\":\"2024-03-14T11:11:07+00:00\",\"dateModified\":\"2025-12-07T18:56:45+00:00\",\"description\":\"\u00e1ll\u00f3k\u00e9pess\u00e9g\",\"breadcrumb\":{\"@id\":\"https:\\\/\\\/herbalkincsei.hu\\\/index.php\\\/termek\\\/import-placeholder-for-812\\\/#breadcrumb\"},\"inLanguage\":\"hu\",\"potentialAction\":[{\"@type\":\"ReadAction\",\"target\":[\"https:\\\/\\\/herbalkincsei.hu\\\/index.php\\\/termek\\\/import-placeholder-for-812\\\/\"]}]},{\"@type\":\"ImageObject\",\"inLanguage\":\"hu\",\"@id\":\"https:\\\/\\\/herbalkincsei.hu\\\/index.php\\\/termek\\\/import-placeholder-for-812\\\/#primaryimage\",\"url\":\"https:\\\/\\\/herbalkincsei.hu\\\/wp-content\\\/uploads\\\/2024\\\/03\\\/2022_800x960_72_dpi_weboldalra_optimalizalt_l_arginine_complex_011.jpg?wsr\",\"contentUrl\":\"https:\\\/\\\/herbalkincsei.hu\\\/wp-content\\\/uploads\\\/2024\\\/03\\\/2022_800x960_72_dpi_weboldalra_optimalizalt_l_arginine_complex_011.jpg?wsr\",\"width\":800,\"height\":960},{\"@type\":\"BreadcrumbList\",\"@id\":\"https:\\\/\\\/herbalkincsei.hu\\\/index.php\\\/termek\\\/import-placeholder-for-812\\\/#breadcrumb\",\"itemListElement\":[{\"@type\":\"ListItem\",\"position\":1,\"name\":\"Kezd\u0151lap\",\"item\":\"https:\\\/\\\/herbalkincsei.hu\\\/\"},{\"@type\":\"ListItem\",\"position\":2,\"name\":\"\u00dczlet\",\"item\":\"https:\\\/\\\/herbalkincsei.hu\\\/index.php\\\/uzlet\\\/\"},{\"@type\":\"ListItem\",\"position\":3,\"name\":\"L-arginin \u00e9s l-citrullin mal\u00e1t kivonat kapszula 60 db\"}]},{\"@type\":\"WebSite\",\"@id\":\"https:\\\/\\\/herbalkincsei.hu\\\/#website\",\"url\":\"https:\\\/\\\/herbalkincsei.hu\\\/\",\"name\":\"herbalkincsei.hu\",\"description\":\"Ahol az eg\u00e9szs\u00e9g a c\u00e9l.\",\"publisher\":{\"@id\":\"https:\\\/\\\/herbalkincsei.hu\\\/#organization\"},\"potentialAction\":[{\"@type\":\"SearchAction\",\"target\":{\"@type\":\"EntryPoint\",\"urlTemplate\":\"https:\\\/\\\/herbalkincsei.hu\\\/?s={search_term_string}\"},\"query-input\":{\"@type\":\"PropertyValueSpecification\",\"valueRequired\":true,\"valueName\":\"search_term_string\"}}],\"inLanguage\":\"hu\"},{\"@type\":\"Organization\",\"@id\":\"https:\\\/\\\/herbalkincsei.hu\\\/#organization\",\"name\":\"Herb\u00e1lkincsei\",\"url\":\"https:\\\/\\\/herbalkincsei.hu\\\/\",\"logo\":{\"@type\":\"ImageObject\",\"inLanguage\":\"hu\",\"@id\":\"https:\\\/\\\/herbalkincsei.hu\\\/#\\\/schema\\\/logo\\\/image\\\/\",\"url\":\"https:\\\/\\\/herbalkincsei.hu\\\/wp-content\\\/uploads\\\/2024\\\/02\\\/cropped-Green-Leaf-Aromatherapy-Logo-400-\u00d7-135-keppont.png?wsr\",\"contentUrl\":\"https:\\\/\\\/herbalkincsei.hu\\\/wp-content\\\/uploads\\\/2024\\\/02\\\/cropped-Green-Leaf-Aromatherapy-Logo-400-\u00d7-135-keppont.png?wsr\",\"width\":400,\"height\":135,\"caption\":\"Herb\u00e1lkincsei\"},\"image\":{\"@id\":\"https:\\\/\\\/herbalkincsei.hu\\\/#\\\/schema\\\/logo\\\/image\\\/\"}}]}<\/script>\n<!-- \/ Yoast SEO plugin. -->","yoast_head_json":{"title":"L-arginin \u00e9s l-citrullin mal\u00e1t kivonat kapszula 60 db - Herb\u00e1lkincsei","description":"\u00e1ll\u00f3k\u00e9pess\u00e9g","robots":{"index":"index","follow":"follow","max-snippet":"max-snippet:-1","max-image-preview":"max-image-preview:large","max-video-preview":"max-video-preview:-1"},"canonical":"https:\/\/herbalkincsei.hu\/index.php\/termek\/import-placeholder-for-812\/","og_locale":"hu_HU","og_type":"article","og_title":"L-arginin \u00e9s l-citrullin mal\u00e1t kivonat kapszula 60 db - Herb\u00e1lkincsei","og_description":"\u00e1ll\u00f3k\u00e9pess\u00e9g","og_url":"https:\/\/herbalkincsei.hu\/index.php\/termek\/import-placeholder-for-812\/","og_site_name":"Herb\u00e1lkincsei","article_modified_time":"2025-12-07T18:56:45+00:00","og_image":[{"width":800,"height":960,"url":"https:\/\/herbalkincsei.hu\/wp-content\/uploads\/2024\/03\/2022_800x960_72_dpi_weboldalra_optimalizalt_l_arginine_complex_011.jpg?wsr","type":"image\/jpeg"}],"twitter_card":"summary_large_image","twitter_misc":{"Becs\u00fclt olvas\u00e1si id\u0151":"3 perc"},"schema":{"@context":"https:\/\/schema.org","@graph":[{"@type":"WebPage","@id":"https:\/\/herbalkincsei.hu\/index.php\/termek\/import-placeholder-for-812\/","url":"https:\/\/herbalkincsei.hu\/index.php\/termek\/import-placeholder-for-812\/","name":"L-arginin \u00e9s l-citrullin mal\u00e1t kivonat kapszula 60 db - Herb\u00e1lkincsei","isPartOf":{"@id":"https:\/\/herbalkincsei.hu\/#website"},"primaryImageOfPage":{"@id":"https:\/\/herbalkincsei.hu\/index.php\/termek\/import-placeholder-for-812\/#primaryimage"},"image":{"@id":"https:\/\/herbalkincsei.hu\/index.php\/termek\/import-placeholder-for-812\/#primaryimage"},"thumbnailUrl":"https:\/\/herbalkincsei.hu\/wp-content\/uploads\/2024\/03\/2022_800x960_72_dpi_weboldalra_optimalizalt_l_arginine_complex_011.jpg?wsr","datePublished":"2024-03-14T11:11:07+00:00","dateModified":"2025-12-07T18:56:45+00:00","description":"\u00e1ll\u00f3k\u00e9pess\u00e9g","breadcrumb":{"@id":"https:\/\/herbalkincsei.hu\/index.php\/termek\/import-placeholder-for-812\/#breadcrumb"},"inLanguage":"hu","potentialAction":[{"@type":"ReadAction","target":["https:\/\/herbalkincsei.hu\/index.php\/termek\/import-placeholder-for-812\/"]}]},{"@type":"ImageObject","inLanguage":"hu","@id":"https:\/\/herbalkincsei.hu\/index.php\/termek\/import-placeholder-for-812\/#primaryimage","url":"https:\/\/herbalkincsei.hu\/wp-content\/uploads\/2024\/03\/2022_800x960_72_dpi_weboldalra_optimalizalt_l_arginine_complex_011.jpg?wsr","contentUrl":"https:\/\/herbalkincsei.hu\/wp-content\/uploads\/2024\/03\/2022_800x960_72_dpi_weboldalra_optimalizalt_l_arginine_complex_011.jpg?wsr","width":800,"height":960},{"@type":"BreadcrumbList","@id":"https:\/\/herbalkincsei.hu\/index.php\/termek\/import-placeholder-for-812\/#breadcrumb","itemListElement":[{"@type":"ListItem","position":1,"name":"Kezd\u0151lap","item":"https:\/\/herbalkincsei.hu\/"},{"@type":"ListItem","position":2,"name":"\u00dczlet","item":"https:\/\/herbalkincsei.hu\/index.php\/uzlet\/"},{"@type":"ListItem","position":3,"name":"L-arginin \u00e9s l-citrullin mal\u00e1t kivonat kapszula 60 db"}]},{"@type":"WebSite","@id":"https:\/\/herbalkincsei.hu\/#website","url":"https:\/\/herbalkincsei.hu\/","name":"herbalkincsei.hu","description":"Ahol az eg\u00e9szs\u00e9g a c\u00e9l.","publisher":{"@id":"https:\/\/herbalkincsei.hu\/#organization"},"potentialAction":[{"@type":"SearchAction","target":{"@type":"EntryPoint","urlTemplate":"https:\/\/herbalkincsei.hu\/?s={search_term_string}"},"query-input":{"@type":"PropertyValueSpecification","valueRequired":true,"valueName":"search_term_string"}}],"inLanguage":"hu"},{"@type":"Organization","@id":"https:\/\/herbalkincsei.hu\/#organization","name":"Herb\u00e1lkincsei","url":"https:\/\/herbalkincsei.hu\/","logo":{"@type":"ImageObject","inLanguage":"hu","@id":"https:\/\/herbalkincsei.hu\/#\/schema\/logo\/image\/","url":"https:\/\/herbalkincsei.hu\/wp-content\/uploads\/2024\/02\/cropped-Green-Leaf-Aromatherapy-Logo-400-\u00d7-135-keppont.png?wsr","contentUrl":"https:\/\/herbalkincsei.hu\/wp-content\/uploads\/2024\/02\/cropped-Green-Leaf-Aromatherapy-Logo-400-\u00d7-135-keppont.png?wsr","width":400,"height":135,"caption":"Herb\u00e1lkincsei"},"image":{"@id":"https:\/\/herbalkincsei.hu\/#\/schema\/logo\/image\/"}}]}},"_links":{"self":[{"href":"https:\/\/herbalkincsei.hu\/index.php\/wp-json\/wp\/v2\/product\/599","targetHints":{"allow":["GET"]}}],"collection":[{"href":"https:\/\/herbalkincsei.hu\/index.php\/wp-json\/wp\/v2\/product"}],"about":[{"href":"https:\/\/herbalkincsei.hu\/index.php\/wp-json\/wp\/v2\/types\/product"}],"replies":[{"embeddable":true,"href":"https:\/\/herbalkincsei.hu\/index.php\/wp-json\/wp\/v2\/comments?post=599"}],"wp:featuredmedia":[{"embeddable":true,"href":"https:\/\/herbalkincsei.hu\/index.php\/wp-json\/wp\/v2\/media\/649"}],"wp:attachment":[{"href":"https:\/\/herbalkincsei.hu\/index.php\/wp-json\/wp\/v2\/media?parent=599"}],"wp:term":[{"taxonomy":"product_brand","embeddable":true,"href":"https:\/\/herbalkincsei.hu\/index.php\/wp-json\/wp\/v2\/product_brand?post=599"},{"taxonomy":"product_cat","embeddable":true,"href":"https:\/\/herbalkincsei.hu\/index.php\/wp-json\/wp\/v2\/product_cat?post=599"},{"taxonomy":"product_tag","embeddable":true,"href":"https:\/\/herbalkincsei.hu\/index.php\/wp-json\/wp\/v2\/product_tag?post=599"}],"curies":[{"name":"wp","href":"https:\/\/api.w.org\/{rel}","templated":true}]}}