{"id":370,"date":"2024-03-07T19:22:04","date_gmt":"2024-03-07T18:22:04","guid":{"rendered":"https:\/\/herbalkincsei.hu\/?post_type=product&#038;p=370"},"modified":"2026-04-25T19:21:25","modified_gmt":"2026-04-25T18:21:25","slug":"fittprotein-szepseg-csomag","status":"publish","type":"product","link":"https:\/\/herbalkincsei.hu\/index.php\/termek\/fittprotein-szepseg-csomag\/","title":{"rendered":"Fittprotein Sz\u00e9ps\u00e9g Csomag"},"content":{"rendered":"<p><strong>Fittprotein Collagen C+Q10<\/strong><\/p>\n<p>K\u00f6zkedvelt, a sz\u00e9ps\u00e9giparban nagyon n\u00e9pszer\u0171 \u00f6sszetev\u0151k egy term\u00e9kben! A<\/p>\n<p>Fittprotein Collagen C+Q10 \u00f6sszetev\u0151it el\u0151szerettettel fogyasztj\u00e1k a v\u00e1s\u00e1rl\u00f3ink<\/p>\n<p>a haj, b\u0151r, k\u00f6r\u00f6m \u00e9s \u00edz\u00fcletek eg\u00e9szs\u00e9ge \u00e9rdek\u00e9ben. A Fittprotein Collagen<\/p>\n<p>C+Q10-et neked fejlesztett\u00fck ki, pr\u00f3b\u00e1ld ki Te is!<\/p>\n<p>A kollag\u00e9n a test\u00fcnkben leggyakrabban el\u0151fordul\u00f3 feh\u00e9rje, a b\u0151r\u00fcnk k\u00f6r\u00fclbel\u00fcl<\/p>\n<p>75%-a kollag\u00e9nb\u0151l \u00e9p\u00fcl fel. Ennek ismeret\u00e9ben nem meglep\u0151, hogy a kollag\u00e9nt m\u00e1r<\/p>\n<p>\u00e9vtizedek \u00f3ta sikeresen haszn\u00e1lj\u00e1k a k\u00fcl\u00f6nb\u00f6z\u0151 sz\u00e9ps\u00e9gipari term\u00e9kekben. Sz\u00e1mos<\/p>\n<p>pozit\u00edv tulajdons\u00e1ga van, mely k\u00f6zkedveltt\u00e9 tette.<\/p>\n<p>Ne legy\u00fcnk \u00e1lszentek! Mindannyian arra v\u00e1gyunk, hogy a lehet\u0151 legtov\u00e1bb<\/p>\n<p>meg\u0151rizz\u00fck fiatals\u00e1gunkat! Arra v\u00e1gyunk, hogy megdics\u00e9rjenek minket,<\/p>\n<p>megjegyezz\u00e9k, hogy milyen fiatalos, feszes a b\u0151r\u00fcnk.<\/p>\n<p>B\u00e1r a kollag\u00e9n megtal\u00e1lhat\u00f3 a szervezet\u00fcnkben, a kor el\u0151rehaladt\u00e1val szervezet\u00fcnk<\/p>\n<p>kevesebb kollag\u00e9nt termel, ami sz\u00e1raz b\u0151rh\u00f6z \u00e9s a r\u00e1ncok megjelen\u00e9s\u00e9hez vezet.<\/p>\n<p>\u00c9pp ez\u00e9rt id\u0151vel sz\u00fcks\u00e9gess\u00e9 v\u00e1lhat a k\u00fcls\u0151 forr\u00e1sb\u00f3l t\u00f6rt\u00e9n\u0151 ut\u00e1np\u00f3tl\u00e1sa, hogy a<\/p>\n<p>b\u0151r \u00e9s k\u00f6t\u0151sz\u00f6vetek rugalmass\u00e1g\u00e1t fenntarthassuk.<\/p>\n<p><strong>Mi\u00e9rt pont a Fittprotein Kollag\u00e9nt v\u00e1lasszam?<\/strong><\/p>\n<ul>\n<li>Nem kell k\u00fcl\u00f6n c-vitaminra is k\u00f6ltened, hiszen a term\u00e9k kiemelked\u0151en nagy<\/li>\n<\/ul>\n<p>mennyis\u00e9gben (500mg\/ napi adag) tartalmaz c-vitamint.<\/p>\n<ul>\n<li>A benne tal\u00e1lhat\u00f3 Q10 gyors\u00edthatja a sejtmeg\u00fajul\u00e1st \u00e9s lehets\u00e9ges<\/li>\n<\/ul>\n<p>antioxid\u00e1ns hat\u00e1s\u00e1nak k\u00f6sz\u00f6nhet\u0151en fontos szerepe lehet az \u00f6reged\u00e9s<\/p>\n<p>lass\u00edt\u00e1s\u00e1ban is.<\/p>\n<ul>\n<li>Tov\u00e1bb\u00e1 a Q10 seg\u00edthet legy\u0171rni a f\u00e1radts\u00e1got \u00e9s a c-vitaminnal kar\u00f6ltve<\/li>\n<\/ul>\n<p>t\u00e1mogathatj\u00e1k az immunrendszert. A C-vitamin hozz\u00e1j\u00e1rul az<\/p>\n<p>immunrendszer norm\u00e1l m\u0171k\u00f6d\u00e9s\u00e9hez intenz\u00edv testmozg\u00e1s alatt vagy azt<\/p>\n<p>k\u00f6vet\u0151en. Ez a kedvez\u0151 hat\u00e1s 200 mg C-vitamin napi bevitel\u00e9vel \u00e9rhet\u0151 el az<\/p>\n<p>aj\u00e1nlott napi C-vitaminbevitelen t\u00fal. Ezt a c-vitamin mennyis\u00e9get a Fittprotein<\/p>\n<p>Collagen C+Q10 b\u0151ven fedezi.<\/p>\n<ul>\n<li>Mert ez egy komplex term\u00e9k, a sz\u00e9ps\u00e9giparban j\u00f3l ismert \u00e9s bev\u00e1lt<\/li>\n<\/ul>\n<p>\u00f6sszetev\u0151kkel.<\/p>\n<p><strong>Kollag\u00e9n a porcok regener\u00e1l\u00f3d\u00e1s\u00e1\u00e9rt?<\/strong><\/p>\n<p>A kollag\u00e9n olyan k\u00f6t\u0151sz\u00f6vetet alkot, mely a v\u00edzmegk\u00f6t\u0151 k\u00e9pess\u00e9g\u00e9vel biztos\u00edthatja a<\/p>\n<p>porc rugalmass\u00e1g\u00e1t, ez\u00e1ltal v\u00e9dheti az \u00edz\u00fcletet a gyullad\u00e1s ellen. A porcok tudnak<\/p>\n<p>regener\u00e1l\u00f3dni, azonban ha ehhez nem \u00e1ll rendelkez\u00e9sre megfelel\u0151 mennyis\u00e9g\u0171<\/p>\n<p>t\u00e1panyag, akkor cs\u00f6kken a sz\u00f6vet szil\u00e1rds\u00e1ga. Akt\u00edv sportol\u00f3kon 24 h\u00e9ten \u00e1t<\/p>\n<p>tesztelt\u00e9k a kollag\u00e9n kieg\u00e9sz\u00edt\u0151 hat\u00e1s\u00e1t, \u00e9s arra jutottak, hogy az \u00edz\u00fcleti f\u00e1jdalom<\/p>\n<p>terhel\u00e9s alatt \u00e9s nyugalmi helyzetben is cs\u00f6kkent, illetve megsz\u0171nt.<\/p>\n<p>forr\u00e1s (Clark et al. 2008)<\/p>\n<p>A Fittprotein Collagen C+Q10-hez napi adagonk\u00e9nt 500mg c-vitamint adtunk. Nem<\/p>\n<p>v\u00e9letlen! A c-vitamin hozz\u00e1j\u00e1rul a norm\u00e1l kollag\u00e9nk\u00e9pz\u0151d\u00e9shez\u00e9s ezen kereszt\u00fcl a<\/p>\n<p>porcok norm\u00e1l \u00e1llapot\u00e1nak, m\u0171k\u00f6d\u00e9s\u00e9nek fenntart\u00e1s\u00e1hoz.<\/p>\n<p><strong>Kollag\u00e9n a csontritkul\u00e1s ellen?<\/strong><\/p>\n<p>Sajnos a h\u00f6lgyekn\u00e9l el\u00e9g gyakori a csontritkul\u00e1s. A Fittprotein Collagen C+Q10-et<\/p>\n<p>kifejezetten n\u0151k sz\u00e1m\u00e1ra \u00e1lmodtuk meg. A term\u00e9kben tal\u00e1lhat\u00f3 c-vitamin hozz\u00e1j\u00e1rul<\/p>\n<p>a norm\u00e1l kollag\u00e9nk\u00e9pz\u0151d\u00e9shez \u00e9s ezen kereszt\u00fcl a norm\u00e1l csontozat<\/p>\n<p>fenntart\u00e1s\u00e1hoz.<\/p>\n<p><strong>C-vitamin a hat\u00e9kony immunrendszer\u00e9rt?<\/strong><\/p>\n<p>A C-vitaminnak sz\u00e1mos j\u00f3t\u00e9kony hat\u00e1sa ismert. T\u00f6bbek k\u00f6z\u00f6tt a C-vitamin<\/p>\n<p>hozz\u00e1j\u00e1rul az immunrendszer norm\u00e1l m\u0171k\u00f6d\u00e9s\u00e9hez.<\/p>\n<p>A term\u00e9k napi adag 1600 mg kollag\u00e9nt tartalmaz. A kollag\u00e9n megtal\u00e1lhat\u00f3 a belek<\/p>\n<p>k\u00f6t\u0151sz\u00f6vet\u00e9ben is \u00e9s az em\u00e9szt\u0151szervek v\u00e9delmi feladatainak ell\u00e1t\u00e1s\u00e1hoz is<\/p>\n<p>n\u00e9lk\u00fcl\u00f6zhetetlen. Az immunrendszer\u00fcnk er\u0151ss\u00e9g\u00e9nek nagy r\u00e9sze b\u00e9lrendszerb\u0151l<\/p>\n<p>ered. Els\u0151sorban a b\u00e9lfl\u00f3r\u00e1nk az, ami megv\u00e9d minket a bakt\u00e9riumokt\u00f3l \u00e9s a<\/p>\n<p>v\u00edrusokt\u00f3l, \u00edgy az er\u0151s\u00edt\u00e9se j\u00f3t\u00e9konyan hathat sz\u00e1munkra.<\/p>\n<p>C-vitaminnal felturb\u00f3zva!<\/p>\n<p><strong>A C-vitamin hozz\u00e1j\u00e1rul<\/strong><\/p>\n<ul>\n<li>a norm\u00e1l kollag\u00e9nk\u00e9pz\u0151d\u00e9shez \u00e9s ezen kereszt\u00fcl a fog\u00edny norm\u00e1l \u00e1llapot\u00e1nak<\/li>\n<\/ul>\n<p>fenntart\u00e1s\u00e1hoz.<\/p>\n<ul>\n<li>a megfelel\u0151 kollag\u00e9nk\u00e9pz\u0151d\u00e9shez \u00e9s ezen kereszt\u00fcl a b\u0151r norm\u00e1l<\/li>\n<\/ul>\n<p>\u00e1llapot\u00e1nak, m\u0171k\u00f6d\u00e9s\u00e9nek fenntart\u00e1s\u00e1hoz.<\/p>\n<ul>\n<li>a megfelel\u0151 kollag\u00e9nk\u00e9pz\u0151d\u00e9shez \u00e9s ezen kereszt\u00fcl a fogak norm\u00e1l<\/li>\n<\/ul>\n<p>\u00e1llapot\u00e1nak fenntart\u00e1s\u00e1hoz.<\/p>\n<ul>\n<li>a norm\u00e1l energiatermel\u0151 anyagcsere-folyamatokhoz.<\/li>\n<li>az idegrendszer norm\u00e1l m\u0171k\u00f6d\u00e9s\u00e9hez.<\/li>\n<li>a norm\u00e1l pszichol\u00f3giai funkci\u00f3 fenntart\u00e1s\u00e1hoz.<\/li>\n<li>az immunrendszer norm\u00e1l m\u0171k\u00f6d\u00e9s\u00e9hez.<\/li>\n<li>a sejtek oxidat\u00edv stresszel szembeni v\u00e9delm\u00e9hez.<\/li>\n<li>a f\u00e1radts\u00e1g \u00e9s a kif\u00e1rad\u00e1s cs\u00f6kkent\u00e9s\u00e9hez.<\/li>\n<li>a norm\u00e1l kollag\u00e9nk\u00e9pz\u0151d\u00e9shez \u00e9s ezen kereszt\u00fcl az erek norm\u00e1l \u00e1llapot\u00e1nak,<\/li>\n<\/ul>\n<p>m\u0171k\u00f6d\u00e9s\u00e9nek fenntart\u00e1s\u00e1hoz.<\/p>\n<p><strong>Q10 koenzimmel a f\u00e1radts\u00e1g \u00e9s az \u00f6reged\u00e9s ellen?<\/strong><\/p>\n<p>A Q10 k\u00f6zkedvelt kieg\u00e9sz\u00edt\u0151, ha a f\u00e1rads\u00e1g \u00e9s \u00f6reged\u00e9s elleni harcr\u00f3l van sz\u00f3. Mi<\/p>\n<p>nem sp\u00f3roltuk ki a kapszul\u00e1kb\u00f3l, egy napi adagba r\u00f6gt\u00f6n 100 mg ker\u00fclt.<\/p>\n<p>Fogyaszd a a modern sz\u00e9ps\u00e9g\u00e1pol\u00e1sban m\u00e1r hossz\u00fa \u00e9vek \u00f3ta sikeresen<\/p>\n<p>alkalmazott hialuronsavval egy\u00fctt.<\/p>\n<p><strong>Fittprotein Hyaluron 400<\/strong><\/p>\n<p>A sz\u00e9ps\u00e9g\u00e1pol\u00e1s egyik alapk\u00f6v\u00e9nek sz\u00e1m\u00edt\u00f3 hyaluronb\u00f3l a piacon kiemelked\u0151en <strong>extra magas adagot, 400mg-ot tartalmaz kapszul\u00e1nk\u00e9nt<\/strong>! A hyaluron t\u00e1mogathatja a b\u0151r\u00f6d feszess\u00e9g\u00e9t \u00e9s megfelel\u0151 hidrat\u00e1lts\u00e1g\u00e1t!<\/p>\n<p>A hyaluron egy olyan term\u00e9szetes feh\u00e9rje, amit a modern sz\u00e9ps\u00e9g\u00e1pol\u00e1sban m\u00e1r hossz\u00fa \u00e9vek \u00f3ta sikeresen alkalmaznak. Nem csoda, hiszen kiv\u00e1l\u00f3 tulajdons\u00e1gokkal rendelkezik, \u00e9s a szervezet\u00fcnkben, k\u00f6t\u0151sz\u00f6veteinkben is megtal\u00e1lhat\u00f3, \u00e9lvezz\u00fck sz\u00e1mos pozit\u00edv tulajdons\u00e1g\u00e1t.<\/p>\n<p><strong>Term\u00e9szetes m\u00f3don a saj\u00e1t szervezetet\u00fcnk is el\u0151\u00e1ll\u00edtja. A hialuronsav legnagyobb m\u00e9rt\u00e9kben a b\u0151rben, a szemben \u00e9s az iz\u00fcletekben fordul el\u0151<\/strong>. Ez\u00e9rt is lehets\u00e9ges, hogy a sz\u00e9ps\u00e9giparban \u00e9s a sportol\u00f3k k\u00f6r\u00e9ben terjedt el.<\/p>\n<p><strong>A Fittprotein Hyaluron 400:<\/strong><\/p>\n<ul>\n<li>400 mg hyaluront tartalmaz kapszul\u00e1nk\u00e9nt!<\/li>\n<li>1 kapszula el\u00e9g naponta, mely k\u00f6nnyen lenyelhet\u0151!<\/li>\n<li>M\u00e9rete miatt k\u00f6nyen magaddal viheted.<\/li>\n<\/ul>\n<p>&nbsp;<\/p>\n","protected":false},"excerpt":{"rendered":"<p>A csomag tartalma egy Fittprottein Collagen\u00a0 C+Q10 \u00e9s egy Fittprottein Hyaluron 400. Tetszet\u0151s , modern d\u00edszdobozban.<\/p>\n<p><img decoding=\"async\" class=\"alignnone size-full wp-image-826\" src=\"https:\/\/herbalkincsei.hu\/wp-content\/uploads\/2024\/03\/hand-holding-heart-solid.svg\" alt=\"\" \/>\u00a0 Term\u00e9keink gondosan v\u00e1logatott alapanyagokb\u00f3l k\u00e9sz\u00fclnek.<\/p>\n<p><img decoding=\"async\" class=\"alignnone size-full wp-image-825\" src=\"https:\/\/herbalkincsei.hu\/wp-content\/uploads\/2024\/03\/star-solid.svg\" alt=\"\" \/>\u00a0 \u00a0A term\u00e9kekre hazai garanci\u00e1t \u00e9s term\u00e9k szolg\u00e1ltat\u00e1st biztos\u00edtunk.<\/p>\n<p><img decoding=\"async\" class=\"alignnone size-full wp-image-823\" src=\"https:\/\/herbalkincsei.hu\/wp-content\/uploads\/2024\/03\/user-lock-solid.svg\" alt=\"\" \/> Biztons\u00e1gos v\u00e9dett fizet\u00e9s.<\/p>\n<p><img decoding=\"async\" class=\"alignnone size-full wp-image-824\" src=\"https:\/\/herbalkincsei.hu\/wp-content\/uploads\/2024\/03\/truck-fast-solid.svg\" alt=\"\" \/> Gyors kiszolg\u00e1l\u00e1s.<\/p>\n<p>&nbsp;<\/p>\n","protected":false},"featured_media":347,"comment_status":"closed","ping_status":"closed","template":"","meta":[],"product_brand":[224],"product_cat":[169,192,19,191],"product_tag":[],"class_list":{"0":"post-370","1":"product","2":"type-product","3":"status-publish","4":"has-post-thumbnail","6":"product_brand-fittprotein","7":"product_cat-fittprotein","8":"product_cat-kollagen","9":"product_cat-minden-termek","10":"product_cat-vitaminok-es-asvanyi-anyagok-fittprotein","11":"product_shipping_class-hu","13":"first","14":"instock","15":"shipping-taxable","16":"purchasable","17":"product-type-simple","18":"add-to-wishlist-before_image","19":"customify-col","20":"product-has-gallery"},"yoast_head":"<!-- This site is optimized with the Yoast SEO plugin v27.4 - https:\/\/yoast.com\/product\/yoast-seo-wordpress\/ -->\n<title>Fittprotein Sz\u00e9ps\u00e9g Csomag - Herb\u00e1lkincsei<\/title>\n<meta name=\"description\" content=\"A csomag tartalma egy Fittprottein Collagen\u00a0 C+Q10 \u00e9s egy Fittprottein Hyaluron 400. Tetszet\u0151s , modern d\u00edszdobozban.\" \/>\n<meta name=\"robots\" content=\"index, follow, max-snippet:-1, max-image-preview:large, max-video-preview:-1\" \/>\n<link rel=\"canonical\" href=\"https:\/\/herbalkincsei.hu\/index.php\/termek\/fittprotein-szepseg-csomag\/\" \/>\n<meta property=\"og:locale\" content=\"hu_HU\" \/>\n<meta property=\"og:type\" content=\"article\" \/>\n<meta property=\"og:title\" content=\"Fittprotein Sz\u00e9ps\u00e9g Csomag - Herb\u00e1lkincsei\" \/>\n<meta property=\"og:description\" content=\"A csomag tartalma egy Fittprottein Collagen\u00a0 C+Q10 \u00e9s egy Fittprottein Hyaluron 400. Tetszet\u0151s , modern d\u00edszdobozban.\" \/>\n<meta property=\"og:url\" content=\"https:\/\/herbalkincsei.hu\/index.php\/termek\/fittprotein-szepseg-csomag\/\" \/>\n<meta property=\"og:site_name\" content=\"Herb\u00e1lkincsei\" \/>\n<meta property=\"article:modified_time\" content=\"2026-04-25T18:21:25+00:00\" \/>\n<meta property=\"og:image\" content=\"https:\/\/herbalkincsei.hu\/wp-content\/uploads\/2024\/03\/Fittprotein-Szepseg-Csomag-2-1024x1024.jpg\" \/>\n\t<meta property=\"og:image:width\" content=\"1024\" \/>\n\t<meta property=\"og:image:height\" content=\"1024\" \/>\n\t<meta property=\"og:image:type\" content=\"image\/jpeg\" \/>\n<meta name=\"twitter:card\" content=\"summary_large_image\" \/>\n<meta name=\"twitter:label1\" content=\"Becs\u00fclt olvas\u00e1si id\u0151\" \/>\n\t<meta name=\"twitter:data1\" content=\"4 perc\" \/>\n<script type=\"application\/ld+json\" class=\"yoast-schema-graph\">{\"@context\":\"https:\\\/\\\/schema.org\",\"@graph\":[{\"@type\":\"WebPage\",\"@id\":\"https:\\\/\\\/herbalkincsei.hu\\\/index.php\\\/termek\\\/fittprotein-szepseg-csomag\\\/\",\"url\":\"https:\\\/\\\/herbalkincsei.hu\\\/index.php\\\/termek\\\/fittprotein-szepseg-csomag\\\/\",\"name\":\"Fittprotein Sz\u00e9ps\u00e9g Csomag - Herb\u00e1lkincsei\",\"isPartOf\":{\"@id\":\"https:\\\/\\\/herbalkincsei.hu\\\/#website\"},\"primaryImageOfPage\":{\"@id\":\"https:\\\/\\\/herbalkincsei.hu\\\/index.php\\\/termek\\\/fittprotein-szepseg-csomag\\\/#primaryimage\"},\"image\":{\"@id\":\"https:\\\/\\\/herbalkincsei.hu\\\/index.php\\\/termek\\\/fittprotein-szepseg-csomag\\\/#primaryimage\"},\"thumbnailUrl\":\"https:\\\/\\\/herbalkincsei.hu\\\/wp-content\\\/uploads\\\/2024\\\/03\\\/Fittprotein-Szepseg-Csomag-2.jpg?wsr\",\"datePublished\":\"2024-03-07T18:22:04+00:00\",\"dateModified\":\"2026-04-25T18:21:25+00:00\",\"description\":\"A csomag tartalma egy Fittprottein Collagen\u00a0 C+Q10 \u00e9s egy Fittprottein Hyaluron 400. Tetszet\u0151s , modern d\u00edszdobozban.\",\"breadcrumb\":{\"@id\":\"https:\\\/\\\/herbalkincsei.hu\\\/index.php\\\/termek\\\/fittprotein-szepseg-csomag\\\/#breadcrumb\"},\"inLanguage\":\"hu\",\"potentialAction\":[{\"@type\":\"ReadAction\",\"target\":[\"https:\\\/\\\/herbalkincsei.hu\\\/index.php\\\/termek\\\/fittprotein-szepseg-csomag\\\/\"]}]},{\"@type\":\"ImageObject\",\"inLanguage\":\"hu\",\"@id\":\"https:\\\/\\\/herbalkincsei.hu\\\/index.php\\\/termek\\\/fittprotein-szepseg-csomag\\\/#primaryimage\",\"url\":\"https:\\\/\\\/herbalkincsei.hu\\\/wp-content\\\/uploads\\\/2024\\\/03\\\/Fittprotein-Szepseg-Csomag-2.jpg?wsr\",\"contentUrl\":\"https:\\\/\\\/herbalkincsei.hu\\\/wp-content\\\/uploads\\\/2024\\\/03\\\/Fittprotein-Szepseg-Csomag-2.jpg?wsr\",\"width\":1920,\"height\":1920},{\"@type\":\"BreadcrumbList\",\"@id\":\"https:\\\/\\\/herbalkincsei.hu\\\/index.php\\\/termek\\\/fittprotein-szepseg-csomag\\\/#breadcrumb\",\"itemListElement\":[{\"@type\":\"ListItem\",\"position\":1,\"name\":\"Kezd\u0151lap\",\"item\":\"https:\\\/\\\/herbalkincsei.hu\\\/\"},{\"@type\":\"ListItem\",\"position\":2,\"name\":\"\u00dczlet\",\"item\":\"https:\\\/\\\/herbalkincsei.hu\\\/index.php\\\/uzlet\\\/\"},{\"@type\":\"ListItem\",\"position\":3,\"name\":\"Fittprotein Sz\u00e9ps\u00e9g Csomag\"}]},{\"@type\":\"WebSite\",\"@id\":\"https:\\\/\\\/herbalkincsei.hu\\\/#website\",\"url\":\"https:\\\/\\\/herbalkincsei.hu\\\/\",\"name\":\"herbalkincsei.hu\",\"description\":\"Ahol az eg\u00e9szs\u00e9g a c\u00e9l.\",\"publisher\":{\"@id\":\"https:\\\/\\\/herbalkincsei.hu\\\/#organization\"},\"potentialAction\":[{\"@type\":\"SearchAction\",\"target\":{\"@type\":\"EntryPoint\",\"urlTemplate\":\"https:\\\/\\\/herbalkincsei.hu\\\/?s={search_term_string}\"},\"query-input\":{\"@type\":\"PropertyValueSpecification\",\"valueRequired\":true,\"valueName\":\"search_term_string\"}}],\"inLanguage\":\"hu\"},{\"@type\":\"Organization\",\"@id\":\"https:\\\/\\\/herbalkincsei.hu\\\/#organization\",\"name\":\"Herb\u00e1lkincsei\",\"url\":\"https:\\\/\\\/herbalkincsei.hu\\\/\",\"logo\":{\"@type\":\"ImageObject\",\"inLanguage\":\"hu\",\"@id\":\"https:\\\/\\\/herbalkincsei.hu\\\/#\\\/schema\\\/logo\\\/image\\\/\",\"url\":\"https:\\\/\\\/herbalkincsei.hu\\\/wp-content\\\/uploads\\\/2024\\\/02\\\/cropped-Green-Leaf-Aromatherapy-Logo-400-\u00d7-135-keppont.png?wsr\",\"contentUrl\":\"https:\\\/\\\/herbalkincsei.hu\\\/wp-content\\\/uploads\\\/2024\\\/02\\\/cropped-Green-Leaf-Aromatherapy-Logo-400-\u00d7-135-keppont.png?wsr\",\"width\":400,\"height\":135,\"caption\":\"Herb\u00e1lkincsei\"},\"image\":{\"@id\":\"https:\\\/\\\/herbalkincsei.hu\\\/#\\\/schema\\\/logo\\\/image\\\/\"}}]}<\/script>\n<!-- \/ Yoast SEO plugin. -->","yoast_head_json":{"title":"Fittprotein Sz\u00e9ps\u00e9g Csomag - Herb\u00e1lkincsei","description":"A csomag tartalma egy Fittprottein Collagen\u00a0 C+Q10 \u00e9s egy Fittprottein Hyaluron 400. Tetszet\u0151s , modern d\u00edszdobozban.","robots":{"index":"index","follow":"follow","max-snippet":"max-snippet:-1","max-image-preview":"max-image-preview:large","max-video-preview":"max-video-preview:-1"},"canonical":"https:\/\/herbalkincsei.hu\/index.php\/termek\/fittprotein-szepseg-csomag\/","og_locale":"hu_HU","og_type":"article","og_title":"Fittprotein Sz\u00e9ps\u00e9g Csomag - Herb\u00e1lkincsei","og_description":"A csomag tartalma egy Fittprottein Collagen\u00a0 C+Q10 \u00e9s egy Fittprottein Hyaluron 400. Tetszet\u0151s , modern d\u00edszdobozban.","og_url":"https:\/\/herbalkincsei.hu\/index.php\/termek\/fittprotein-szepseg-csomag\/","og_site_name":"Herb\u00e1lkincsei","article_modified_time":"2026-04-25T18:21:25+00:00","og_image":[{"width":1024,"height":1024,"url":"https:\/\/herbalkincsei.hu\/wp-content\/uploads\/2024\/03\/Fittprotein-Szepseg-Csomag-2-1024x1024.jpg","type":"image\/jpeg"}],"twitter_card":"summary_large_image","twitter_misc":{"Becs\u00fclt olvas\u00e1si id\u0151":"4 perc"},"schema":{"@context":"https:\/\/schema.org","@graph":[{"@type":"WebPage","@id":"https:\/\/herbalkincsei.hu\/index.php\/termek\/fittprotein-szepseg-csomag\/","url":"https:\/\/herbalkincsei.hu\/index.php\/termek\/fittprotein-szepseg-csomag\/","name":"Fittprotein Sz\u00e9ps\u00e9g Csomag - Herb\u00e1lkincsei","isPartOf":{"@id":"https:\/\/herbalkincsei.hu\/#website"},"primaryImageOfPage":{"@id":"https:\/\/herbalkincsei.hu\/index.php\/termek\/fittprotein-szepseg-csomag\/#primaryimage"},"image":{"@id":"https:\/\/herbalkincsei.hu\/index.php\/termek\/fittprotein-szepseg-csomag\/#primaryimage"},"thumbnailUrl":"https:\/\/herbalkincsei.hu\/wp-content\/uploads\/2024\/03\/Fittprotein-Szepseg-Csomag-2.jpg?wsr","datePublished":"2024-03-07T18:22:04+00:00","dateModified":"2026-04-25T18:21:25+00:00","description":"A csomag tartalma egy Fittprottein Collagen\u00a0 C+Q10 \u00e9s egy Fittprottein Hyaluron 400. Tetszet\u0151s , modern d\u00edszdobozban.","breadcrumb":{"@id":"https:\/\/herbalkincsei.hu\/index.php\/termek\/fittprotein-szepseg-csomag\/#breadcrumb"},"inLanguage":"hu","potentialAction":[{"@type":"ReadAction","target":["https:\/\/herbalkincsei.hu\/index.php\/termek\/fittprotein-szepseg-csomag\/"]}]},{"@type":"ImageObject","inLanguage":"hu","@id":"https:\/\/herbalkincsei.hu\/index.php\/termek\/fittprotein-szepseg-csomag\/#primaryimage","url":"https:\/\/herbalkincsei.hu\/wp-content\/uploads\/2024\/03\/Fittprotein-Szepseg-Csomag-2.jpg?wsr","contentUrl":"https:\/\/herbalkincsei.hu\/wp-content\/uploads\/2024\/03\/Fittprotein-Szepseg-Csomag-2.jpg?wsr","width":1920,"height":1920},{"@type":"BreadcrumbList","@id":"https:\/\/herbalkincsei.hu\/index.php\/termek\/fittprotein-szepseg-csomag\/#breadcrumb","itemListElement":[{"@type":"ListItem","position":1,"name":"Kezd\u0151lap","item":"https:\/\/herbalkincsei.hu\/"},{"@type":"ListItem","position":2,"name":"\u00dczlet","item":"https:\/\/herbalkincsei.hu\/index.php\/uzlet\/"},{"@type":"ListItem","position":3,"name":"Fittprotein Sz\u00e9ps\u00e9g Csomag"}]},{"@type":"WebSite","@id":"https:\/\/herbalkincsei.hu\/#website","url":"https:\/\/herbalkincsei.hu\/","name":"herbalkincsei.hu","description":"Ahol az eg\u00e9szs\u00e9g a c\u00e9l.","publisher":{"@id":"https:\/\/herbalkincsei.hu\/#organization"},"potentialAction":[{"@type":"SearchAction","target":{"@type":"EntryPoint","urlTemplate":"https:\/\/herbalkincsei.hu\/?s={search_term_string}"},"query-input":{"@type":"PropertyValueSpecification","valueRequired":true,"valueName":"search_term_string"}}],"inLanguage":"hu"},{"@type":"Organization","@id":"https:\/\/herbalkincsei.hu\/#organization","name":"Herb\u00e1lkincsei","url":"https:\/\/herbalkincsei.hu\/","logo":{"@type":"ImageObject","inLanguage":"hu","@id":"https:\/\/herbalkincsei.hu\/#\/schema\/logo\/image\/","url":"https:\/\/herbalkincsei.hu\/wp-content\/uploads\/2024\/02\/cropped-Green-Leaf-Aromatherapy-Logo-400-\u00d7-135-keppont.png?wsr","contentUrl":"https:\/\/herbalkincsei.hu\/wp-content\/uploads\/2024\/02\/cropped-Green-Leaf-Aromatherapy-Logo-400-\u00d7-135-keppont.png?wsr","width":400,"height":135,"caption":"Herb\u00e1lkincsei"},"image":{"@id":"https:\/\/herbalkincsei.hu\/#\/schema\/logo\/image\/"}}]}},"_links":{"self":[{"href":"https:\/\/herbalkincsei.hu\/index.php\/wp-json\/wp\/v2\/product\/370","targetHints":{"allow":["GET"]}}],"collection":[{"href":"https:\/\/herbalkincsei.hu\/index.php\/wp-json\/wp\/v2\/product"}],"about":[{"href":"https:\/\/herbalkincsei.hu\/index.php\/wp-json\/wp\/v2\/types\/product"}],"replies":[{"embeddable":true,"href":"https:\/\/herbalkincsei.hu\/index.php\/wp-json\/wp\/v2\/comments?post=370"}],"wp:featuredmedia":[{"embeddable":true,"href":"https:\/\/herbalkincsei.hu\/index.php\/wp-json\/wp\/v2\/media\/347"}],"wp:attachment":[{"href":"https:\/\/herbalkincsei.hu\/index.php\/wp-json\/wp\/v2\/media?parent=370"}],"wp:term":[{"taxonomy":"product_brand","embeddable":true,"href":"https:\/\/herbalkincsei.hu\/index.php\/wp-json\/wp\/v2\/product_brand?post=370"},{"taxonomy":"product_cat","embeddable":true,"href":"https:\/\/herbalkincsei.hu\/index.php\/wp-json\/wp\/v2\/product_cat?post=370"},{"taxonomy":"product_tag","embeddable":true,"href":"https:\/\/herbalkincsei.hu\/index.php\/wp-json\/wp\/v2\/product_tag?post=370"}],"curies":[{"name":"wp","href":"https:\/\/api.w.org\/{rel}","templated":true}]}}