{"id":1680,"date":"2025-09-02T11:56:44","date_gmt":"2025-09-02T10:56:44","guid":{"rendered":"https:\/\/herbalkincsei.hu\/?post_type=product&#038;p=1680"},"modified":"2025-11-22T19:58:34","modified_gmt":"2025-11-22T18:58:34","slug":"usa-medical-melegito-hatasu-gel-150-mg-cbd-50-g","status":"publish","type":"product","link":"https:\/\/herbalkincsei.hu\/index.php\/termek\/usa-medical-melegito-hatasu-gel-150-mg-cbd-50-g\/","title":{"rendered":"USA medical meleg\u00edt\u0151 hat\u00e1s\u00fa g\u00e9l 150 mg CBD | 50 g"},"content":{"rendered":"<h2 style=\"text-align: justify;\"><span style=\"color: #00aae7;\"><strong>Meleg\u00edt\u0151 hat\u00e1s\u00fa goly\u00f3s g\u00e9l 150 mg CBD tartalommal \u00e9s m\u00e1s \u00e9rt\u00e9kes n\u00f6v\u00e9nyi hat\u00f3anyagokkal<\/strong><\/span><\/h2>\n<div style=\"text-align: justify;\"><strong>Ak\u00e1r sportol\u00e1s, vagy egy kiad\u00f3s kir\u00e1ndul\u00e1s, vagy neh\u00e9z fizikai munka v\u00e9gz\u00e9se ig\u00e9nybe veszi izmainkat, \u00edz\u00fcleteinket, melyek kellemetlen t\u00fcneteit azonnal enyh\u00edteni szeretn\u00e9nk.<\/strong> Erre alkalmas a kiz\u00e1r\u00f3lag k\u00fcls\u0151leges haszn\u00e1latra kifejlesztett meleg\u00edt\u0151 g\u00e9l, amit b\u00e1rhol, b\u00e1rmikor k\u00f6nnyen haszn\u00e1lhatunk. A meleg\u00edt\u0151 hat\u00e1s\u00fa CBD g\u00e9l helyi alkalmaz\u00e1sa gyorsan hat\u00f3 megold\u00e1s lehet a terhel\u00e9s okozta diszkomfort \u00e9rzet cs\u00f6kkent\u00e9s\u00e9re. A CBD hat\u00f3anyag mellett tov\u00e1bbi \u00e9rt\u00e9kes n\u00f6v\u00e9nyi kivonatok is megtal\u00e1lhat\u00f3k k\u00e9sz\u00edtm\u00e9ny\u00fcnkben:<\/div>\n<div><\/div>\n<div><strong>Cannabidiol (CBD)<\/strong><br \/>\nA CBD gazdag antioxid\u00e1nsokban \u00e9s gyullad\u00e1scs\u00f6kkent\u0151 hat\u00e1s\u00e1t sz\u00e1mos klinikai tanulm\u00e1nyban vizsg\u00e1lt\u00e1k. K\u00fcls\u0151leges alkalmazva, izom- \u00e9s \u00edz\u00fcleti probl\u00e9m\u00e1k eset\u00e9n seg\u00edthet enyh\u00edteni a f\u00e1jdalmaz \u00e9s a gyullad\u00e1st.<\/div>\n<div>\n<p><strong>Methyl Salicylate (Metil-szalicil\u00e1t)<\/strong><br \/>\nTerm\u00e9szetes f\u00e1jdalom csillap\u00edt\u00f3 \u00e9s gyullad\u00e1sg\u00e1tl\u00f3 vegy\u00fcletk\u00e9nt ismert, melyet gyakran haszn\u00e1lnak \u00edz\u00fcleti probl\u00e9m\u00e1k \u00e9s izomf\u00e1jdalmak kezel\u00e9s\u00e9re. K\u00fcld\u0151leges alkalmaz\u00e1sa serkentheti a v\u00e9rkering\u00e9st is f\u00e1jdalomcsillap\u00edt\u00e1ssal b\u00edrhat.<\/p>\n<p><strong>Vanillyl Butyl Ether<\/strong><br \/>\nMeleg\u00edt\u0151 hat\u00e1s\u00e1nak k\u00f6sz\u00f6nhet\u0151en el\u0151seg\u00edti a v\u00e9rkering\u00e9st, \u00e9s ez\u00e1ltal enyh\u00edtheti az izomfesz\u00fclts\u00e9get, laz\u00edtja az izomzatot \u00e9s cs\u00f6kkentheti az izomf\u00e1jdalmat.<\/p>\n<\/div>\n<div style=\"text-align: justify;\">\n<p><strong>Caprylic\/Capric Triglyceride<\/strong><br \/>\nB\u0151rv\u00e9d\u0151 \u00e9s hidrat\u00e1l\u00f3 tulajdons\u00e1gokkal rendelkezik, mely seg\u00edthet megtartani a b\u0151r nedvess\u00e9g tartalm\u00e1t, \u00edgy cs\u00f6kkentve az irrit\u00e1ci\u00f3t \u00e9s sz\u00e1razs\u00e1got.<\/p>\n<p><strong>Glycerin (Glicerin)<\/strong><br \/>\nEr\u0151teljes hidrat\u00e1l\u00f3 \u00e9s b\u0151rnyugtat\u00f3 hat\u00e1s\u00fa anyag, mely megk\u00f6ti a nedvess\u00e9get a b\u0151rben \u00e9s seg\u00edthet enyh\u00edteni a b\u0151rirrit\u00e1ci\u00f3t, valamint t\u00e1mogathatja a b\u0151r term\u00e9szetes regener\u00e1ci\u00f3s folyamat\u00e1t.<\/p>\n<\/div>\n<p><strong>Theobroma Cacao (Cocoa) Seed Butter (Kaka\u00f3vaj)<\/strong><\/p>\n<p>Hidrat\u00e1l\u00f3 \u00e9s b\u0151rpuh\u00edt\u00f3 tulajdons\u00e1gok: A kaka\u00f3vaj\u00a0 antioxid\u00e1nsokban \u00e9s zs\u00edrsavakban gazdag, melyek t\u00e1mogatj\u00e1k a b\u0151r rugalmass\u00e1g\u00e1nak \u00e9s simas\u00e1g\u00e1nak meg\u0151rz\u00e9s\u00e9t. Nyugtat\u00f3lag hat az irrit\u00e1lt b\u0151rre \u00e9s seg\u00edti a b\u0151r term\u00e9szetes regener\u00e1ci\u00f3s folyamatait.<\/p>\n<p><strong>Tocopherol (E-vitamin)<\/strong><\/p>\n<p>Er\u0151s antioxid\u00e1ns hat\u00e1s\u00fa, mely v\u00e9di a b\u0151rt a szabadgy\u00f6k\u00f6k k\u00e1ros hat\u00e1saival szemben. Hidrat\u00e1lja a b\u0151rt, \u00e9s seg\u00edti a regener\u00e1l\u00f3d\u00e1s\u00e1t.<\/p>\n","protected":false},"excerpt":{"rendered":"<div id=\"product_desc\" class=\"elementor-element elementor-element-dca84d2 elementor-widget elementor-widget-woocommerce-product-short-description\" data-id=\"dca84d2\" data-element_type=\"widget\" data-widget_type=\"woocommerce-product-short-description.default\">\n<div class=\"elementor-widget-container\">\n<div class=\"woocommerce-product-details__short-description\">\n<p>Meleg\u00edt\u0151 \u00e9s enyh\u00edt\u0151 hat\u00e1s\u00fa goly\u00f3s g\u00e9l, 150 mg CBD tartalommal \u00e9s \u00e9rt\u00e9kes n\u00f6v\u00e9nyi kivonatokkal kombin\u00e1lva. Nagyszer\u0171en alkalmazhat\u00f3 a megterhelt izomzaton \u00e9s a merev nyakon az azonnali enyh\u00fcl\u00e9s \u00e9rdek\u00e9ben!<\/p>\n<p><strong>Kiszerel\u00e9s<\/strong>: 50 g<br \/>\n<strong>Hat\u00f3anyag:<\/strong>\u00a0150 mg CBD + egy\u00e9b fito-kannabinoidok:<br \/>\nCBGA, CBG, CBN, CBC<br \/>\n<strong>Alkalmaz\u00e1s:<\/strong> a goly\u00f3s fej seg\u00edts\u00e9g\u00e9vel b\u0151rbe massz\u00edrozva<\/p>\n<\/div>\n<\/div>\n<\/div>\n<div class=\"elementor-element elementor-element-9362874 elementor-icon-list--layout-traditional elementor-list-item-link-full_width elementor-widget elementor-widget-icon-list\" data-id=\"9362874\" data-element_type=\"widget\" data-widget_type=\"icon-list.default\">\n<div class=\"elementor-widget-container\">\n<ul class=\"elementor-icon-list-items\">\n<li class=\"elementor-icon-list-item\"><span class=\"elementor-icon-list-text\">Magyar-amerikai fejleszt\u00e9s<\/span><\/li>\n<li class=\"elementor-icon-list-item\"><span class=\"elementor-icon-list-text\">GMP \u00e9s HACCP szabv\u00e1ny szerint gy\u00e1rtva<\/span><\/li>\n<li class=\"elementor-icon-list-item\"><span class=\"elementor-icon-list-text\">Val\u00f3s magyarorsz\u00e1gi rakt\u00e1rk\u00e9szletr\u0151l<\/span><\/li>\n<\/ul>\n<p><img decoding=\"async\" class=\"alignnone size-full wp-image-826\" src=\"https:\/\/herbalkincsei.hu\/wp-content\/uploads\/2024\/03\/hand-holding-heart-solid.svg\" alt=\"\" \/>\u00a0 Term\u00e9keink gondosan v\u00e1logatott alapanyagokb\u00f3l k\u00e9sz\u00fclnek.<\/p>\n<p><img decoding=\"async\" class=\"alignnone size-full wp-image-825\" src=\"https:\/\/herbalkincsei.hu\/wp-content\/uploads\/2024\/03\/star-solid.svg\" alt=\"\" \/>\u00a0 \u00a0A term\u00e9kekre hazai garanci\u00e1t \u00e9s term\u00e9k szolg\u00e1ltat\u00e1st biztos\u00edtunk.<\/p>\n<p><img decoding=\"async\" class=\"alignnone size-full wp-image-823\" src=\"https:\/\/herbalkincsei.hu\/wp-content\/uploads\/2024\/03\/user-lock-solid.svg\" alt=\"\" \/>\u00a0Biztons\u00e1gos v\u00e9dett fizet\u00e9s.<\/p>\n<p><img decoding=\"async\" class=\"alignnone size-full wp-image-824\" src=\"https:\/\/herbalkincsei.hu\/wp-content\/uploads\/2024\/03\/truck-fast-solid.svg\" alt=\"\" \/> Gyors kiszolg\u00e1l\u00e1s.<\/p>\n<\/div>\n<\/div>\n","protected":false},"featured_media":1679,"comment_status":"closed","ping_status":"closed","template":"","meta":[],"product_brand":[223],"product_cat":[174,19,171],"product_tag":[],"class_list":{"0":"post-1680","1":"product","2":"type-product","3":"status-publish","4":"has-post-thumbnail","6":"product_brand-usamedical","7":"product_cat-cbd-termekek","8":"product_cat-minden-termek","9":"product_cat-usamedical","10":"product_shipping_class-hu","12":"first","13":"instock","14":"purchasable","15":"product-type-simple","16":"add-to-wishlist-before_image","17":"customify-col","18":"product-has-gallery"},"yoast_head":"<!-- This site is optimized with the Yoast SEO plugin v27.4 - https:\/\/yoast.com\/product\/yoast-seo-wordpress\/ -->\n<title>USA medical meleg\u00edt\u0151 hat\u00e1s\u00fa g\u00e9l 150 mg CBD | 50 g - Herb\u00e1lkincsei<\/title>\n<meta name=\"description\" content=\"Meleg\u00edt\u0151 \u00e9s enyh\u00edt\u0151 hat\u00e1s\u00fa goly\u00f3s g\u00e9l, 150 mg CBD tartalommal \u00e9s \u00e9rt\u00e9kes n\u00f6v\u00e9nyi kivonatokkal kombin\u00e1lva. Nagyszer\u0171en alkalmazhat\u00f3 a megterhelt izomzaton \u00e9s a merev nyakon az azonnali enyh\u00fcl\u00e9s \u00e9rdek\u00e9ben!\" \/>\n<meta name=\"robots\" content=\"index, follow, max-snippet:-1, max-image-preview:large, max-video-preview:-1\" \/>\n<link rel=\"canonical\" href=\"https:\/\/herbalkincsei.hu\/index.php\/termek\/usa-medical-melegito-hatasu-gel-150-mg-cbd-50-g\/\" \/>\n<meta property=\"og:locale\" content=\"hu_HU\" \/>\n<meta property=\"og:type\" content=\"article\" \/>\n<meta property=\"og:title\" content=\"USA medical meleg\u00edt\u0151 hat\u00e1s\u00fa g\u00e9l 150 mg CBD | 50 g - Herb\u00e1lkincsei\" \/>\n<meta property=\"og:description\" content=\"Meleg\u00edt\u0151 \u00e9s enyh\u00edt\u0151 hat\u00e1s\u00fa goly\u00f3s g\u00e9l, 150 mg CBD tartalommal \u00e9s \u00e9rt\u00e9kes n\u00f6v\u00e9nyi kivonatokkal kombin\u00e1lva. Nagyszer\u0171en alkalmazhat\u00f3 a megterhelt izomzaton \u00e9s a merev nyakon az azonnali enyh\u00fcl\u00e9s \u00e9rdek\u00e9ben!\" \/>\n<meta property=\"og:url\" content=\"https:\/\/herbalkincsei.hu\/index.php\/termek\/usa-medical-melegito-hatasu-gel-150-mg-cbd-50-g\/\" \/>\n<meta property=\"og:site_name\" content=\"Herb\u00e1lkincsei\" \/>\n<meta property=\"article:modified_time\" content=\"2025-11-22T18:58:34+00:00\" \/>\n<meta property=\"og:image\" content=\"https:\/\/herbalkincsei.hu\/wp-content\/uploads\/2025\/09\/0209202568b6cd6bd3bf1.jpeg?wsr\" \/>\n\t<meta property=\"og:image:width\" content=\"800\" \/>\n\t<meta property=\"og:image:height\" content=\"960\" \/>\n\t<meta property=\"og:image:type\" content=\"image\/jpeg\" \/>\n<meta name=\"twitter:card\" content=\"summary_large_image\" \/>\n<meta name=\"twitter:label1\" content=\"Becs\u00fclt olvas\u00e1si id\u0151\" \/>\n\t<meta name=\"twitter:data1\" content=\"2 perc\" \/>\n<script type=\"application\/ld+json\" class=\"yoast-schema-graph\">{\"@context\":\"https:\\\/\\\/schema.org\",\"@graph\":[{\"@type\":\"WebPage\",\"@id\":\"https:\\\/\\\/herbalkincsei.hu\\\/index.php\\\/termek\\\/usa-medical-melegito-hatasu-gel-150-mg-cbd-50-g\\\/\",\"url\":\"https:\\\/\\\/herbalkincsei.hu\\\/index.php\\\/termek\\\/usa-medical-melegito-hatasu-gel-150-mg-cbd-50-g\\\/\",\"name\":\"USA medical meleg\u00edt\u0151 hat\u00e1s\u00fa g\u00e9l 150 mg CBD | 50 g - Herb\u00e1lkincsei\",\"isPartOf\":{\"@id\":\"https:\\\/\\\/herbalkincsei.hu\\\/#website\"},\"primaryImageOfPage\":{\"@id\":\"https:\\\/\\\/herbalkincsei.hu\\\/index.php\\\/termek\\\/usa-medical-melegito-hatasu-gel-150-mg-cbd-50-g\\\/#primaryimage\"},\"image\":{\"@id\":\"https:\\\/\\\/herbalkincsei.hu\\\/index.php\\\/termek\\\/usa-medical-melegito-hatasu-gel-150-mg-cbd-50-g\\\/#primaryimage\"},\"thumbnailUrl\":\"https:\\\/\\\/herbalkincsei.hu\\\/wp-content\\\/uploads\\\/2025\\\/09\\\/0209202568b6cd6bd3bf1.jpeg?wsr\",\"datePublished\":\"2025-09-02T10:56:44+00:00\",\"dateModified\":\"2025-11-22T18:58:34+00:00\",\"description\":\"Meleg\u00edt\u0151 \u00e9s enyh\u00edt\u0151 hat\u00e1s\u00fa goly\u00f3s g\u00e9l, 150 mg CBD tartalommal \u00e9s \u00e9rt\u00e9kes n\u00f6v\u00e9nyi kivonatokkal kombin\u00e1lva. Nagyszer\u0171en alkalmazhat\u00f3 a megterhelt izomzaton \u00e9s a merev nyakon az azonnali enyh\u00fcl\u00e9s \u00e9rdek\u00e9ben!\",\"breadcrumb\":{\"@id\":\"https:\\\/\\\/herbalkincsei.hu\\\/index.php\\\/termek\\\/usa-medical-melegito-hatasu-gel-150-mg-cbd-50-g\\\/#breadcrumb\"},\"inLanguage\":\"hu\",\"potentialAction\":[{\"@type\":\"ReadAction\",\"target\":[\"https:\\\/\\\/herbalkincsei.hu\\\/index.php\\\/termek\\\/usa-medical-melegito-hatasu-gel-150-mg-cbd-50-g\\\/\"]}]},{\"@type\":\"ImageObject\",\"inLanguage\":\"hu\",\"@id\":\"https:\\\/\\\/herbalkincsei.hu\\\/index.php\\\/termek\\\/usa-medical-melegito-hatasu-gel-150-mg-cbd-50-g\\\/#primaryimage\",\"url\":\"https:\\\/\\\/herbalkincsei.hu\\\/wp-content\\\/uploads\\\/2025\\\/09\\\/0209202568b6cd6bd3bf1.jpeg?wsr\",\"contentUrl\":\"https:\\\/\\\/herbalkincsei.hu\\\/wp-content\\\/uploads\\\/2025\\\/09\\\/0209202568b6cd6bd3bf1.jpeg?wsr\",\"width\":800,\"height\":960},{\"@type\":\"BreadcrumbList\",\"@id\":\"https:\\\/\\\/herbalkincsei.hu\\\/index.php\\\/termek\\\/usa-medical-melegito-hatasu-gel-150-mg-cbd-50-g\\\/#breadcrumb\",\"itemListElement\":[{\"@type\":\"ListItem\",\"position\":1,\"name\":\"Kezd\u0151lap\",\"item\":\"https:\\\/\\\/herbalkincsei.hu\\\/\"},{\"@type\":\"ListItem\",\"position\":2,\"name\":\"\u00dczlet\",\"item\":\"https:\\\/\\\/herbalkincsei.hu\\\/index.php\\\/uzlet\\\/\"},{\"@type\":\"ListItem\",\"position\":3,\"name\":\"USA medical meleg\u00edt\u0151 hat\u00e1s\u00fa g\u00e9l 150 mg CBD | 50 g\"}]},{\"@type\":\"WebSite\",\"@id\":\"https:\\\/\\\/herbalkincsei.hu\\\/#website\",\"url\":\"https:\\\/\\\/herbalkincsei.hu\\\/\",\"name\":\"herbalkincsei.hu\",\"description\":\"Ahol az eg\u00e9szs\u00e9g a c\u00e9l.\",\"publisher\":{\"@id\":\"https:\\\/\\\/herbalkincsei.hu\\\/#organization\"},\"potentialAction\":[{\"@type\":\"SearchAction\",\"target\":{\"@type\":\"EntryPoint\",\"urlTemplate\":\"https:\\\/\\\/herbalkincsei.hu\\\/?s={search_term_string}\"},\"query-input\":{\"@type\":\"PropertyValueSpecification\",\"valueRequired\":true,\"valueName\":\"search_term_string\"}}],\"inLanguage\":\"hu\"},{\"@type\":\"Organization\",\"@id\":\"https:\\\/\\\/herbalkincsei.hu\\\/#organization\",\"name\":\"Herb\u00e1lkincsei\",\"url\":\"https:\\\/\\\/herbalkincsei.hu\\\/\",\"logo\":{\"@type\":\"ImageObject\",\"inLanguage\":\"hu\",\"@id\":\"https:\\\/\\\/herbalkincsei.hu\\\/#\\\/schema\\\/logo\\\/image\\\/\",\"url\":\"https:\\\/\\\/herbalkincsei.hu\\\/wp-content\\\/uploads\\\/2024\\\/02\\\/cropped-Green-Leaf-Aromatherapy-Logo-400-\u00d7-135-keppont.png?wsr\",\"contentUrl\":\"https:\\\/\\\/herbalkincsei.hu\\\/wp-content\\\/uploads\\\/2024\\\/02\\\/cropped-Green-Leaf-Aromatherapy-Logo-400-\u00d7-135-keppont.png?wsr\",\"width\":400,\"height\":135,\"caption\":\"Herb\u00e1lkincsei\"},\"image\":{\"@id\":\"https:\\\/\\\/herbalkincsei.hu\\\/#\\\/schema\\\/logo\\\/image\\\/\"}}]}<\/script>\n<!-- \/ Yoast SEO plugin. -->","yoast_head_json":{"title":"USA medical meleg\u00edt\u0151 hat\u00e1s\u00fa g\u00e9l 150 mg CBD | 50 g - Herb\u00e1lkincsei","description":"Meleg\u00edt\u0151 \u00e9s enyh\u00edt\u0151 hat\u00e1s\u00fa goly\u00f3s g\u00e9l, 150 mg CBD tartalommal \u00e9s \u00e9rt\u00e9kes n\u00f6v\u00e9nyi kivonatokkal kombin\u00e1lva. Nagyszer\u0171en alkalmazhat\u00f3 a megterhelt izomzaton \u00e9s a merev nyakon az azonnali enyh\u00fcl\u00e9s \u00e9rdek\u00e9ben!","robots":{"index":"index","follow":"follow","max-snippet":"max-snippet:-1","max-image-preview":"max-image-preview:large","max-video-preview":"max-video-preview:-1"},"canonical":"https:\/\/herbalkincsei.hu\/index.php\/termek\/usa-medical-melegito-hatasu-gel-150-mg-cbd-50-g\/","og_locale":"hu_HU","og_type":"article","og_title":"USA medical meleg\u00edt\u0151 hat\u00e1s\u00fa g\u00e9l 150 mg CBD | 50 g - Herb\u00e1lkincsei","og_description":"Meleg\u00edt\u0151 \u00e9s enyh\u00edt\u0151 hat\u00e1s\u00fa goly\u00f3s g\u00e9l, 150 mg CBD tartalommal \u00e9s \u00e9rt\u00e9kes n\u00f6v\u00e9nyi kivonatokkal kombin\u00e1lva. Nagyszer\u0171en alkalmazhat\u00f3 a megterhelt izomzaton \u00e9s a merev nyakon az azonnali enyh\u00fcl\u00e9s \u00e9rdek\u00e9ben!","og_url":"https:\/\/herbalkincsei.hu\/index.php\/termek\/usa-medical-melegito-hatasu-gel-150-mg-cbd-50-g\/","og_site_name":"Herb\u00e1lkincsei","article_modified_time":"2025-11-22T18:58:34+00:00","og_image":[{"width":800,"height":960,"url":"https:\/\/herbalkincsei.hu\/wp-content\/uploads\/2025\/09\/0209202568b6cd6bd3bf1.jpeg?wsr","type":"image\/jpeg"}],"twitter_card":"summary_large_image","twitter_misc":{"Becs\u00fclt olvas\u00e1si id\u0151":"2 perc"},"schema":{"@context":"https:\/\/schema.org","@graph":[{"@type":"WebPage","@id":"https:\/\/herbalkincsei.hu\/index.php\/termek\/usa-medical-melegito-hatasu-gel-150-mg-cbd-50-g\/","url":"https:\/\/herbalkincsei.hu\/index.php\/termek\/usa-medical-melegito-hatasu-gel-150-mg-cbd-50-g\/","name":"USA medical meleg\u00edt\u0151 hat\u00e1s\u00fa g\u00e9l 150 mg CBD | 50 g - Herb\u00e1lkincsei","isPartOf":{"@id":"https:\/\/herbalkincsei.hu\/#website"},"primaryImageOfPage":{"@id":"https:\/\/herbalkincsei.hu\/index.php\/termek\/usa-medical-melegito-hatasu-gel-150-mg-cbd-50-g\/#primaryimage"},"image":{"@id":"https:\/\/herbalkincsei.hu\/index.php\/termek\/usa-medical-melegito-hatasu-gel-150-mg-cbd-50-g\/#primaryimage"},"thumbnailUrl":"https:\/\/herbalkincsei.hu\/wp-content\/uploads\/2025\/09\/0209202568b6cd6bd3bf1.jpeg?wsr","datePublished":"2025-09-02T10:56:44+00:00","dateModified":"2025-11-22T18:58:34+00:00","description":"Meleg\u00edt\u0151 \u00e9s enyh\u00edt\u0151 hat\u00e1s\u00fa goly\u00f3s g\u00e9l, 150 mg CBD tartalommal \u00e9s \u00e9rt\u00e9kes n\u00f6v\u00e9nyi kivonatokkal kombin\u00e1lva. Nagyszer\u0171en alkalmazhat\u00f3 a megterhelt izomzaton \u00e9s a merev nyakon az azonnali enyh\u00fcl\u00e9s \u00e9rdek\u00e9ben!","breadcrumb":{"@id":"https:\/\/herbalkincsei.hu\/index.php\/termek\/usa-medical-melegito-hatasu-gel-150-mg-cbd-50-g\/#breadcrumb"},"inLanguage":"hu","potentialAction":[{"@type":"ReadAction","target":["https:\/\/herbalkincsei.hu\/index.php\/termek\/usa-medical-melegito-hatasu-gel-150-mg-cbd-50-g\/"]}]},{"@type":"ImageObject","inLanguage":"hu","@id":"https:\/\/herbalkincsei.hu\/index.php\/termek\/usa-medical-melegito-hatasu-gel-150-mg-cbd-50-g\/#primaryimage","url":"https:\/\/herbalkincsei.hu\/wp-content\/uploads\/2025\/09\/0209202568b6cd6bd3bf1.jpeg?wsr","contentUrl":"https:\/\/herbalkincsei.hu\/wp-content\/uploads\/2025\/09\/0209202568b6cd6bd3bf1.jpeg?wsr","width":800,"height":960},{"@type":"BreadcrumbList","@id":"https:\/\/herbalkincsei.hu\/index.php\/termek\/usa-medical-melegito-hatasu-gel-150-mg-cbd-50-g\/#breadcrumb","itemListElement":[{"@type":"ListItem","position":1,"name":"Kezd\u0151lap","item":"https:\/\/herbalkincsei.hu\/"},{"@type":"ListItem","position":2,"name":"\u00dczlet","item":"https:\/\/herbalkincsei.hu\/index.php\/uzlet\/"},{"@type":"ListItem","position":3,"name":"USA medical meleg\u00edt\u0151 hat\u00e1s\u00fa g\u00e9l 150 mg CBD | 50 g"}]},{"@type":"WebSite","@id":"https:\/\/herbalkincsei.hu\/#website","url":"https:\/\/herbalkincsei.hu\/","name":"herbalkincsei.hu","description":"Ahol az eg\u00e9szs\u00e9g a c\u00e9l.","publisher":{"@id":"https:\/\/herbalkincsei.hu\/#organization"},"potentialAction":[{"@type":"SearchAction","target":{"@type":"EntryPoint","urlTemplate":"https:\/\/herbalkincsei.hu\/?s={search_term_string}"},"query-input":{"@type":"PropertyValueSpecification","valueRequired":true,"valueName":"search_term_string"}}],"inLanguage":"hu"},{"@type":"Organization","@id":"https:\/\/herbalkincsei.hu\/#organization","name":"Herb\u00e1lkincsei","url":"https:\/\/herbalkincsei.hu\/","logo":{"@type":"ImageObject","inLanguage":"hu","@id":"https:\/\/herbalkincsei.hu\/#\/schema\/logo\/image\/","url":"https:\/\/herbalkincsei.hu\/wp-content\/uploads\/2024\/02\/cropped-Green-Leaf-Aromatherapy-Logo-400-\u00d7-135-keppont.png?wsr","contentUrl":"https:\/\/herbalkincsei.hu\/wp-content\/uploads\/2024\/02\/cropped-Green-Leaf-Aromatherapy-Logo-400-\u00d7-135-keppont.png?wsr","width":400,"height":135,"caption":"Herb\u00e1lkincsei"},"image":{"@id":"https:\/\/herbalkincsei.hu\/#\/schema\/logo\/image\/"}}]}},"_links":{"self":[{"href":"https:\/\/herbalkincsei.hu\/index.php\/wp-json\/wp\/v2\/product\/1680","targetHints":{"allow":["GET"]}}],"collection":[{"href":"https:\/\/herbalkincsei.hu\/index.php\/wp-json\/wp\/v2\/product"}],"about":[{"href":"https:\/\/herbalkincsei.hu\/index.php\/wp-json\/wp\/v2\/types\/product"}],"replies":[{"embeddable":true,"href":"https:\/\/herbalkincsei.hu\/index.php\/wp-json\/wp\/v2\/comments?post=1680"}],"wp:featuredmedia":[{"embeddable":true,"href":"https:\/\/herbalkincsei.hu\/index.php\/wp-json\/wp\/v2\/media\/1679"}],"wp:attachment":[{"href":"https:\/\/herbalkincsei.hu\/index.php\/wp-json\/wp\/v2\/media?parent=1680"}],"wp:term":[{"taxonomy":"product_brand","embeddable":true,"href":"https:\/\/herbalkincsei.hu\/index.php\/wp-json\/wp\/v2\/product_brand?post=1680"},{"taxonomy":"product_cat","embeddable":true,"href":"https:\/\/herbalkincsei.hu\/index.php\/wp-json\/wp\/v2\/product_cat?post=1680"},{"taxonomy":"product_tag","embeddable":true,"href":"https:\/\/herbalkincsei.hu\/index.php\/wp-json\/wp\/v2\/product_tag?post=1680"}],"curies":[{"name":"wp","href":"https:\/\/api.w.org\/{rel}","templated":true}]}}