{"id":1666,"date":"2025-09-02T11:56:37","date_gmt":"2025-09-02T10:56:37","guid":{"rendered":"https:\/\/herbalkincsei.hu\/?post_type=product&#038;p=1666"},"modified":"2025-12-07T17:47:22","modified_gmt":"2025-12-07T16:47:22","slug":"multi-gumivitamin-gyerekeknek-60-db","status":"publish","type":"product","link":"https:\/\/herbalkincsei.hu\/index.php\/termek\/multi-gumivitamin-gyerekeknek-60-db\/","title":{"rendered":"Multi Gumivitamin Gyerekeknek 60 db"},"content":{"rendered":"<p><span class=\"bluetxt\">\u00cdzletes multivitamin gumipasztilla a narancs term\u00e9szetes erej\u00e9vel!<\/span><\/p>\n<p>\u2705 4 \u00e9ves kort\u00f3l, napi 2 pasztilla aj\u00e1nlott \u00e9s nincs fels\u0151 korhat\u00e1r, az \u00edze kicsiket \u00e9s nagyokat is rabul ejt \ud83d\ude42<\/p>\n<p>\u2705 Term\u00e9szetes narancs \u00edzes\u00edt\u00e9ssel k\u00e9sz\u00fcl, \u00e9s a pasztill\u00e1k sz\u00edn\u00e9t is term\u00e9szetes alapanyagok biztos\u00edtj\u00e1k<\/p>\n<p>\u2705 Veg\u00e1n, hiszen zselatin helyett almapektin biztos\u00edtja a gumipasztilla kellemesen ruganyos \u00e1llag\u00e1t<\/p>\n<p>\u2705 Term\u00e9szetesen hozz\u00e1adott cukor n\u00e9lk\u00fcl k\u00e9sz\u00fcl<\/p>\n<p>\u2705 Esszenci\u00e1lis vitaminokat tartalmaz minden egyes pasztilla<\/p>\n<p><strong>Tudjuk, hogy sz\u00fcl\u0151k\u00e9nt a legjobbat akarod ny\u00fajtani gyermekednek \u00e9s olyan megold\u00e1sokat keresel, melyek garant\u00e1ltan eredm\u00e9nyesek.<\/strong><\/p>\n<p>Ha eleged van abb\u00f3l, hogy Te megveszed, de gyermeked nem eszi meg, ha meg\u0151r\u00fclsz att\u00f3l, hogy minden nap \u00fagy kell beleim\u00e1dkozni \u00e9s ha sz\u00e1modra m\u00e1r szinte mag\u00e1t\u00f3l \u00e9rtet\u0151dik, hogy ha finom, akkor nincsen val\u00f3s beltartalmi \u00e9rt\u00e9ke, oldd meg az \u00f6sszes probl\u00e9m\u00e1t egy csap\u00e1sra!<\/p>\n<p>V\u00e1laszd a veg\u00e1n, almapektinb\u0151l k\u00e9sz\u00fclt KIDS MULTI GUMMIES gumivitaminokat gyermeked sz\u00e1m\u00e1ra!<\/p>\n<h3><strong>Multivitamin gyerekeknek<\/strong><\/h3>\n<p>A gyerekek folyton mozg\u00e1sban vannak, sose pihennek \u00e9s \u00e1lland\u00f3 a lend\u00fclet\u00fck. Ehhez azonban folyamatos energiap\u00f3tl\u00e1sra, kiegyens\u00falyozott vitamin szintre, pihen\u00e9sre, hidrat\u00e1l\u00e1sra, valamint sok-sok szeretetre van sz\u00fcks\u00e9g\u00fck!<\/p>\n<p>J\u00f3, ha tudod:<\/p>\n<ul>\n<li><strong>Semmilyen multivitamin nem helyettes\u00edtheti a v\u00e1ltozatos, kiegyens\u00falyozott \u00e9s t\u00e1panyagokban gazdag \u00e9tkez\u00e9st.<\/strong>Ugyanakkor nem szabad elfelejteni azt sem, hogy m\u00e1ra a z\u00f6lds\u00e9gek \u00e9s gy\u00fcm\u00f6lcs\u00f6k vitamintartalma, t\u00e1p\u00e9rt\u00e9ke cs\u00f6kken, a feldolgozott, finom\u00edtott, illetve nagy mennyis\u00e9g\u0171 hozz\u00e1adott cukrot tartalmaz\u00f3 \u00e9lelmiszerek pedig k\u00e1rosak az eg\u00e9szs\u00e9gre.<\/li>\n<li><strong>A gyermekek fejl\u0151d\u0151 szervezet\u00e9nek energia- \u00e9s t\u00e1panyagig\u00e9nye jelent\u0151sen elt\u00e9r a feln\u0151ttek sz\u00fcks\u00e9gleteit\u0151l.<br \/>\n<\/strong>\u00c9pp ez\u00e9rt mindig k\u00f6r\u00fcltekint\u0151 odafigyel\u00e9sre \u00e9s extra gondolkoskod\u00e1sra, illetve m\u00e9g a megszokottn\u00e1l is j\u00f3val alaposabb szakmai ig\u00e9nyess\u00e9gre t\u00f6reksz\u00fcnk, amikor gyerekeknek k\u00e9sz\u00edt\u00fcnk \u00e9trend-kieg\u00e9sz\u00edt\u0151ket.<\/li>\n<li><strong>Nem lehetetlen megtal\u00e1lni azt a vitaminkomplexet, ami a gyerekeket \u00e9s a sz\u00fcl\u0151ket is boldogg\u00e1 teszi.<\/strong>Mi m\u00e1r csak tudjuk, hiszen megcsin\u00e1ltuk! A KIDS MULTI GUMMIES gumivitaminok ugyanis almapektinb\u0151l, term\u00e9szetes citrom, narancs \u00e9s m\u00e1lna \u00edzben k\u00e9sz\u00fclnek. Azaz a gyerekek im\u00e1dj\u00e1k \u0151ket!<\/li>\n<\/ul>\n<p>Az anyuk\u00e1k is, csakhogy \u0151ket a cukormentes kivitel \u00e9s az esszenci\u00e1lis vitaminok jelenl\u00e9te teszi boldogg\u00e1, nem igaz?<\/p>\n<p>Pr\u00f3b\u00e1lj\u00e1tok ki innovat\u00edv, term\u00e9szetes \u00edzvil\u00e1g\u00fa, veg\u00e1n \u00e9trend-kieg\u00e9sz\u00edt\u0151nket Ti is!<\/p>\n<h3><strong>5 eset, amikor sz\u00fcks\u00e9ged lehet gyerek multivitaminra<\/strong><\/h3>\n<p>A gyerekek fantasztikusak \u00e9s energiaig\u00e9nyesek. Hi\u00e1nyoznak nek\u00fcnk, ha nincsenek vel\u00fcnk,de az \u0151r\u00fcletbe kergetnek minket, amikor egym\u00e1st \u00fajra- meg \u00fajrafert\u0151zve egyik betegs\u00e9gb\u0151l a m\u00e1sikba esnek. Ez\u00e9rt tartjuk olyan fontosnak, hogy immunrendszer\u00fck mindig er\u0151s \u00e9s ellen\u00e1ll\u00f3 legyen.<\/p>\n<p>B\u00e1r a kiegyens\u00falyozott \u00e9trend, a mozg\u00e1sban \u00e9s pihen\u00e9sben gazdag \u00e9letm\u00f3d megadja sz\u00e1mukra mindazt, amire az eg\u00e9szs\u00e9ges \u00e9s zavartalan fejl\u0151d\u00e9shez sz\u00fcks\u00e9g\u00fcnk van, az al\u00e1bbi esetekben j\u00f3l j\u00f6het egy kis extra t\u00e1mogat\u00e1s.<\/p>\n<ul>\n<li>Ha gyermeked szelekt\u00edven eszik, v\u00e1logat\u00f3s vagy bizonyos \u00e9teleket k\u00f6vetkezetesen elutas\u00edt.<\/li>\n<li>Ha gyermekedn\u00e9l orvosilag igazolt vitaminhi\u00e1ny \u00e1ll fenn.<\/li>\n<li>Ha gyermeked elutas\u00edtja a z\u00f6lds\u00e9geket, gy\u00fcm\u00f6lcs\u00f6ket, illetve ha valamilyen \u00e9telallergia, intolerancia vagy egy\u00e9b anyagcserezavar \u00e1ll fenn n\u00e1la.<\/li>\n<li>Ha gyermeked pszich\u00e9sen, fizikailag vagy \u00e9rzelmileg extr\u00e9m er\u0151s ig\u00e9nybev\u00e9telnek van kit\u00e9ve, pl. sportol, versenysportol, neh\u00e9z id\u0151szakon megy kereszt\u00fcl, neuro-atipikus vagy mag\u00e1n\u00e9leti neh\u00e9zs\u00e9gek \u00e9rintik csal\u00e1dotokat.<\/li>\n<li>Ha biztosra menn\u00e9l, \u00e9s a sok betegesked\u00e9s, fels\u0151 l\u00e9g\u00fati nyavalya, n\u00e1tha \u00e9s egyebek ut\u00e1n szeretn\u00e9d k\u00edv\u00fclr\u0151l is t\u00e1mogatni a \u2018rendszer\u2019 m\u0171k\u00f6d\u00e9s\u00e9t.<\/li>\n<\/ul>\n<p>A Te gyermeked is \u00e9rintett? Rendeld meg gyerekvitaminunkat \u00e9s \u00e9lvezd ki, hogy a kirobban\u00f3an gy\u00fcm\u00f6lcs\u00f6s \u00edz \u00e9s a k\u00f6nny\u0171 adagolhat\u00f3s\u00e1g miatt a KIDS MULTI GUMMIES gyermeked kedvence lesz!<\/p>\n<h3><strong>Mit tartalmaz a KIDS MULTI GUMMIES gyerekvitamin?<\/strong><\/h3>\n<p>A KIDS MULTI GUMMIES multivitamin gyermekeknek \u00e9trendkieg\u00e9sz\u00edt\u0151 sz\u00e1mos esszenci\u00e1lis vitamint tartalmaz a WHO \u00e1ltal feln\u0151ttek sz\u00e1m\u00e1ra optim\u00e1lisnak tartott, napi beviteli \u00e9rt\u00e9kk\u00e9nt javasolt &#8211; vagy ahhoz nagyon k\u00f6zel \u00e1ll\u00f3 &#8211;\u00a0 mennyis\u00e9gben. L\u00e1ssuk, melyek ezek!<\/p>\n<ul>\n<li>Az<strong> A-vitamin<\/strong>, mely r\u00e9szt vesz a norm\u00e1l vas-anyagcser\u00e9ben, hozz\u00e1j\u00e1rul a ny\u00e1lkah\u00e1rty\u00e1k, a b\u0151r \u00e9s a l\u00e1t\u00e1s norm\u00e1l \u00e1llapot\u00e1nak fenntart\u00e1s\u00e1hoz, illetve az immunrendszer norm\u00e1l m\u0171k\u00f6d\u00e9s\u00e9hez. Emellett szerepet j\u00e1tszik a sejtek differenci\u00e1l\u00f3d\u00e1s\u00e1ban.<\/li>\n<li>A <strong>B2-vitamin<\/strong>, vagy m\u00e1s n\u00e9ven riboflavin, mely hozz\u00e1j\u00e1rul a sejtek oxidat\u00edv stresszel szembeni v\u00e9delm\u00e9hez, a szervezet norm\u00e1l vas-anyagcser\u00e9j\u00e9hez, az idegrendszer m\u0171k\u00f6d\u00e9s\u00e9hez, illetve a b\u0151r \u00e9s a l\u00e1t\u00e1s norm\u00e1l \u00e1llapot\u00e1nak fenntart\u00e1s\u00e1hoz.<\/li>\n<li>A <strong>B3-vitamin<\/strong>, azaz niacin, mely r\u00e9szt vesz a norm\u00e1l energiatermel\u0151 anyagcsere-folyamatokban, hozz\u00e1j\u00e1rul az idegrendszer norm\u00e1l m\u0171k\u00f6d\u00e9s\u00e9hez, a f\u00e1radts\u00e1g \u00e9s a kif\u00e1rad\u00e1s cs\u00f6kkent\u00e9s\u00e9hez, a ny\u00e1lkah\u00e1rty\u00e1k \u00e9s a b\u0151r norm\u00e1l \u00e1llapot\u00e1nak fenntart\u00e1s\u00e1hoz, valamint a norm\u00e1l pszichol\u00f3giai funkci\u00f3 fenntart\u00e1s\u00e1hoz egyar\u00e1nt.<\/li>\n<li>A<strong> B6-vitamin<\/strong>, vagyis a piridoxin, mely r\u00e9szt vesz a norm\u00e1l feh\u00e9rje- \u00e9s glikog\u00e9n-anyagcser\u00e9ben, hozz\u00e1j\u00e1rul a norm\u00e1l pszichol\u00f3giai funkci\u00f3 fenntart\u00e1s\u00e1hoz, illetve az immunrendszer norm\u00e1l m\u0171k\u00f6d\u00e9s\u00e9hez egyar\u00e1nt, valamint hozz\u00e1j\u00e1rul a norm\u00e1l homocisztein-anyagcser\u00e9hez is. B12-vitaminnal \u00e9s C-vitaminnal kieg\u00e9sz\u00edtve fejti ki hat\u00e1s\u00e1t igaz\u00e1n eredm\u00e9nyesen.<\/li>\n<li>A<strong> B12-vitamin<\/strong>, azaz kobalamin, mely r\u00e9szt vesz a norm\u00e1l energiatermel\u0151 anyagcsere-folyamatokban, hozz\u00e1j\u00e1rul az idegrendszer norm\u00e1l m\u0171k\u00f6d\u00e9s\u00e9hez, a norm\u00e1l homocisztein-anyagcser\u00e9hez, a norm\u00e1l pszichol\u00f3giai funkci\u00f3 fenntart\u00e1s\u00e1hoz, a norm\u00e1l v\u00f6r\u00f6sv\u00e9rsejt-k\u00e9pz\u0151d\u00e9shez, valamint az immunrendszer norm\u00e1l m\u0171k\u00f6d\u00e9s\u00e9hez \u00e9s a f\u00e1radts\u00e1g \u00e9s a kif\u00e1rad\u00e1s cs\u00f6kkent\u00e9s\u00e9hez. Emellett szerepet j\u00e1tszik a sejtoszt\u00f3d\u00e1sban is.<\/li>\n<li>A<strong> C-vitamin<\/strong>, mely hozz\u00e1j\u00e1rul az immunrendszer norm\u00e1l m\u0171k\u00f6d\u00e9s\u00e9hez intenz\u00edv testmozg\u00e1s alatt, vagy azt k\u00f6vet\u0151en, emellett a norm\u00e1l kollag\u00e9n k\u00e9pz\u0151d\u00e9shez \u00e9s ezen kereszt\u00fcl az erek norm\u00e1l \u00e1llapot\u00e1nak, m\u0171k\u00f6d\u00e9s\u00e9nek fenntart\u00e1s\u00e1hoz, valamint a norm\u00e1l csontozat, a porcok, a fog\u00edny, a fogak, a b\u0151r norm\u00e1l \u00e1llapot\u00e1nak fenntart\u00e1s\u00e1hoz. Szerepe van tov\u00e1bb\u00e1 a norm\u00e1l energiatermel\u0151 anyagcsere-folyamatok, illetve az idegrendszer \u00e9s a norm\u00e1l pszichol\u00f3giai funkci\u00f3k norm\u00e1l \u00e1llapot\u00e1nak fenntart\u00e1s\u00e1ban. T\u00e1mogatja az immunrendszer norm\u00e1l m\u0171k\u00f6d\u00e9s\u00e9t, valamint a sejtek oxidat\u00edv stresszel szembeni v\u00e9delm\u00e9t. Mindezek mellett hozz\u00e1j\u00e1rul a f\u00e1radts\u00e1g \u00e9s a kif\u00e1rad\u00e1s cs\u00f6kkent\u00e9s\u00e9hez, illetve az E-vitamin reduk\u00e1lt form\u00e1j\u00e1nak regener\u00e1l\u00e1s\u00e1hoz. R\u00e1ad\u00e1sul fokozza a vas felsz\u00edv\u00f3d\u00e1s\u00e1t.<\/li>\n<li>A <strong>biotin<\/strong>, mely r\u00e9szt vesz a norm\u00e1l energiatermel\u0151 anyagcsere-folyamatokban, a makrot\u00e1panyagok norm\u00e1l anyagcser\u00e9j\u00e9ben, hozz\u00e1j\u00e1rul a haj, az idegrendszer, a ny\u00e1lkah\u00e1rty\u00e1k \u00e9s a b\u0151r norm\u00e1l m\u0171k\u00f6d\u00e9s\u00e9hez, valamint a norm\u00e1l pszichol\u00f3giai funkci\u00f3 fenntart\u00e1s\u00e1hoz.<\/li>\n<li>A <strong>D-vitamin<\/strong>, mely hozz\u00e1j\u00e1rul a kalcium \u00e9s a foszfor norm\u00e1l felsz\u00edv\u00f3d\u00e1s\u00e1hoz, illetve hasznosul\u00e1s\u00e1hoz, a v\u00e9r norm\u00e1l kalciumszintj\u00e9nek fenntart\u00e1s\u00e1hoz, az eg\u00e9szs\u00e9ges csontozat \u00e9s izomfunkci\u00f3, illetve a fogazat norm\u00e1l \u00e1llapot\u00e1nak fenntart\u00e1s\u00e1hoz \u00e9s az immunrendszer norm\u00e1l m\u0171k\u00f6d\u00e9s\u00e9hez egyar\u00e1nt.<\/li>\n<li>Az<strong> E-vitamin<\/strong>, mely hozz\u00e1j\u00e1rul a sejtek oxidat\u00edv stresszel szembeni v\u00e9delm\u00e9hez.<\/li>\n<\/ul>\n<p>A KIDS MULTI GUMMIES gyerekvitamin v\u00e1laszt\u00e1s\u00e1val egyetlen k\u00e9sz\u00edtm\u00e9nnyel megoldhatod a csal\u00e1dotokban \u00e9l\u0151 \u00f6sszes csemete vitaminkieg\u00e9sz\u00edt\u00e9s\u00e9t, hiszen ez a gumivitamin 4 \u00e9ves kort\u00f3l ak\u00e1r 100 \u00e9ves korig b\u00e1tran alkalmazhat\u00f3. Pr\u00f3b\u00e1lj\u00e1tok ki Ti is!<\/p>\n","protected":false},"excerpt":{"rendered":"<div id=\"product_desc\" class=\"elementor-element elementor-element-dca84d2 elementor-widget elementor-widget-woocommerce-product-short-description\" data-id=\"dca84d2\" data-element_type=\"widget\" data-widget_type=\"woocommerce-product-short-description.default\">\n<div class=\"elementor-widget-container\">\n<div class=\"woocommerce-product-details__short-description\">\n<p>Az USA medical leg\u00fajabb fejleszt\u00e9se az \u00edzletes KIDS MULTIVITAMIN GUMMIES gyermekeknek k\u00e9sz\u00fclt multivitamin, ami igazi adu\u00e1sz a sz\u00fcl\u0151k kez\u00e9ben! Az alapja finom \u00e9s kellemes \u00e1llag\u00fa alma pektin, \u00edgy veg\u00e1nok is fogyaszthatj\u00e1k! Esszenci\u00e1lis vitaminokat tartalmaz,\u00a0 r\u00e1ad\u00e1sul hozz\u00e1adott cukor n\u00e9lk\u00fcl, term\u00e9szetes gy\u00fcm\u00f6lcs\u00edzes\u00edt\u00e9ssel k\u00e9sz\u00fcl! M\u00e1r 4 \u00e9ves kort\u00f3l aj\u00e1nlott, \u00e9s nincs fels\u0151 korhat\u00e1r, az \u00e9dessz\u00e1j\u00fa feln\u0151ttek is garant\u00e1ltan im\u00e1dni fogj\u00e1k! \ud83d\ude09<\/p>\n<p><strong>\u00c9trend-kieg\u00e9sz\u00edt\u0151 gumi-pasztilla<br \/>\nOGY\u00c9I Notifik\u00e1ci\u00f3s sz\u00e1m<\/strong>\u00a0\u2013 36139\/2024<br \/>\n<strong>Kiszerel\u00e9s:\u00a0<\/strong>\u00a060 db<br \/>\n<strong>\u00cdzhat\u00e1sa:\u00a0<\/strong>term\u00e9szetes narancs \u00edz\u0171<br \/>\n<strong>Sz\u00e1rmaz\u00e1si orsz\u00e1g:\u00a0<\/strong>EU<br \/>\nVEG\u00c1N<\/p>\n<\/div>\n<\/div>\n<\/div>\n<div class=\"elementor-element elementor-element-9362874 elementor-icon-list--layout-traditional elementor-list-item-link-full_width elementor-widget elementor-widget-icon-list\" data-id=\"9362874\" data-element_type=\"widget\" data-widget_type=\"icon-list.default\">\n<div class=\"elementor-widget-container\">\n<ul class=\"elementor-icon-list-items\">\n<li class=\"elementor-icon-list-item\"><span class=\"elementor-icon-list-text\">Magyar-amerikai fejleszt\u00e9s<\/span><\/li>\n<li class=\"elementor-icon-list-item\"><span class=\"elementor-icon-list-text\">GMP \u00e9s HACCP szabv\u00e1ny szerint gy\u00e1rtva<\/span><\/li>\n<li class=\"elementor-icon-list-item\"><span class=\"elementor-icon-list-text\">Val\u00f3s magyarorsz\u00e1gi rakt\u00e1rk\u00e9szletr\u0151l<\/span><\/li>\n<\/ul>\n<p><img decoding=\"async\" class=\"alignnone size-full wp-image-826\" src=\"https:\/\/herbalkincsei.hu\/wp-content\/uploads\/2024\/03\/hand-holding-heart-solid.svg\" alt=\"\" \/>\u00a0 Term\u00e9keink gondosan v\u00e1logatott alapanyagokb\u00f3l k\u00e9sz\u00fclnek.<\/p>\n<p><img decoding=\"async\" class=\"alignnone size-full wp-image-825\" src=\"https:\/\/herbalkincsei.hu\/wp-content\/uploads\/2024\/03\/star-solid.svg\" alt=\"\" \/>\u00a0 \u00a0A term\u00e9kekre hazai garanci\u00e1t \u00e9s term\u00e9k szolg\u00e1ltat\u00e1st biztos\u00edtunk.<\/p>\n<p><img decoding=\"async\" class=\"alignnone size-full wp-image-823\" src=\"https:\/\/herbalkincsei.hu\/wp-content\/uploads\/2024\/03\/user-lock-solid.svg\" alt=\"\" \/>\u00a0Biztons\u00e1gos v\u00e9dett fizet\u00e9s.<\/p>\n<p><img decoding=\"async\" class=\"alignnone size-full wp-image-824\" src=\"https:\/\/herbalkincsei.hu\/wp-content\/uploads\/2024\/03\/truck-fast-solid.svg\" alt=\"\" \/> Gyors kiszolg\u00e1l\u00e1s.<\/p>\n<\/div>\n<\/div>\n","protected":false},"featured_media":652,"comment_status":"closed","ping_status":"closed","template":"","meta":[],"product_brand":[223],"product_cat":[172,184,19,185,171],"product_tag":[242,243,244],"class_list":{"0":"post-1666","1":"product","2":"type-product","3":"status-publish","4":"has-post-thumbnail","6":"product_brand-usamedical","7":"product_cat-etrend-kiegeszitok","8":"product_cat-immunrendszer","9":"product_cat-minden-termek","10":"product_cat-multivitaminok","11":"product_cat-usamedical","12":"product_tag-etrend-kiegeszito","13":"product_tag-immunrendszer","14":"product_tag-multivitamin","15":"product_shipping_class-hu","17":"first","18":"instock","19":"purchasable","20":"product-type-simple","21":"add-to-wishlist-before_image","22":"customify-col","23":"product-has-gallery"},"yoast_head":"<!-- This site is optimized with the Yoast SEO plugin v27.4 - https:\/\/yoast.com\/product\/yoast-seo-wordpress\/ -->\n<title>Multi Gumivitamin Gyerekeknek 60 db - Herb\u00e1lkincsei<\/title>\n<meta name=\"description\" content=\"KIDS MULTIVITAMIN GUMMIES gyermekeknek k\u00e9sz\u00fclt multivitamin, ami igazi adu\u00e1sz a sz\u00fcl\u0151k kez\u00e9ben!\" \/>\n<meta name=\"robots\" content=\"index, follow, max-snippet:-1, max-image-preview:large, max-video-preview:-1\" \/>\n<link rel=\"canonical\" href=\"https:\/\/herbalkincsei.hu\/index.php\/termek\/multi-gumivitamin-gyerekeknek-60-db\/\" \/>\n<meta property=\"og:locale\" content=\"hu_HU\" \/>\n<meta property=\"og:type\" content=\"article\" \/>\n<meta property=\"og:title\" content=\"Multi Gumivitamin Gyerekeknek 60 db - Herb\u00e1lkincsei\" \/>\n<meta property=\"og:description\" content=\"KIDS MULTIVITAMIN GUMMIES gyermekeknek k\u00e9sz\u00fclt multivitamin, ami igazi adu\u00e1sz a sz\u00fcl\u0151k kez\u00e9ben!\" \/>\n<meta property=\"og:url\" content=\"https:\/\/herbalkincsei.hu\/index.php\/termek\/multi-gumivitamin-gyerekeknek-60-db\/\" \/>\n<meta property=\"og:site_name\" content=\"Herb\u00e1lkincsei\" \/>\n<meta property=\"article:modified_time\" content=\"2025-12-07T16:47:22+00:00\" \/>\n<meta property=\"og:image\" content=\"https:\/\/herbalkincsei.hu\/wp-content\/uploads\/2024\/03\/KIDS_multivitamin_gummies_USAmedical_2023.12.061.jpg?wsr\" \/>\n\t<meta property=\"og:image:width\" content=\"800\" \/>\n\t<meta property=\"og:image:height\" content=\"960\" \/>\n\t<meta property=\"og:image:type\" content=\"image\/jpeg\" \/>\n<meta name=\"twitter:card\" content=\"summary_large_image\" \/>\n<meta name=\"twitter:label1\" content=\"Becs\u00fclt olvas\u00e1si id\u0151\" \/>\n\t<meta name=\"twitter:data1\" content=\"6 perc\" \/>\n<script type=\"application\/ld+json\" class=\"yoast-schema-graph\">{\"@context\":\"https:\\\/\\\/schema.org\",\"@graph\":[{\"@type\":\"WebPage\",\"@id\":\"https:\\\/\\\/herbalkincsei.hu\\\/index.php\\\/termek\\\/multi-gumivitamin-gyerekeknek-60-db\\\/\",\"url\":\"https:\\\/\\\/herbalkincsei.hu\\\/index.php\\\/termek\\\/multi-gumivitamin-gyerekeknek-60-db\\\/\",\"name\":\"Multi Gumivitamin Gyerekeknek 60 db - Herb\u00e1lkincsei\",\"isPartOf\":{\"@id\":\"https:\\\/\\\/herbalkincsei.hu\\\/#website\"},\"primaryImageOfPage\":{\"@id\":\"https:\\\/\\\/herbalkincsei.hu\\\/index.php\\\/termek\\\/multi-gumivitamin-gyerekeknek-60-db\\\/#primaryimage\"},\"image\":{\"@id\":\"https:\\\/\\\/herbalkincsei.hu\\\/index.php\\\/termek\\\/multi-gumivitamin-gyerekeknek-60-db\\\/#primaryimage\"},\"thumbnailUrl\":\"https:\\\/\\\/herbalkincsei.hu\\\/wp-content\\\/uploads\\\/2024\\\/03\\\/KIDS_multivitamin_gummies_USAmedical_2023.12.061.jpg?wsr\",\"datePublished\":\"2025-09-02T10:56:37+00:00\",\"dateModified\":\"2025-12-07T16:47:22+00:00\",\"description\":\"KIDS MULTIVITAMIN GUMMIES gyermekeknek k\u00e9sz\u00fclt multivitamin, ami igazi adu\u00e1sz a sz\u00fcl\u0151k kez\u00e9ben!\",\"breadcrumb\":{\"@id\":\"https:\\\/\\\/herbalkincsei.hu\\\/index.php\\\/termek\\\/multi-gumivitamin-gyerekeknek-60-db\\\/#breadcrumb\"},\"inLanguage\":\"hu\",\"potentialAction\":[{\"@type\":\"ReadAction\",\"target\":[\"https:\\\/\\\/herbalkincsei.hu\\\/index.php\\\/termek\\\/multi-gumivitamin-gyerekeknek-60-db\\\/\"]}]},{\"@type\":\"ImageObject\",\"inLanguage\":\"hu\",\"@id\":\"https:\\\/\\\/herbalkincsei.hu\\\/index.php\\\/termek\\\/multi-gumivitamin-gyerekeknek-60-db\\\/#primaryimage\",\"url\":\"https:\\\/\\\/herbalkincsei.hu\\\/wp-content\\\/uploads\\\/2024\\\/03\\\/KIDS_multivitamin_gummies_USAmedical_2023.12.061.jpg?wsr\",\"contentUrl\":\"https:\\\/\\\/herbalkincsei.hu\\\/wp-content\\\/uploads\\\/2024\\\/03\\\/KIDS_multivitamin_gummies_USAmedical_2023.12.061.jpg?wsr\",\"width\":800,\"height\":960},{\"@type\":\"BreadcrumbList\",\"@id\":\"https:\\\/\\\/herbalkincsei.hu\\\/index.php\\\/termek\\\/multi-gumivitamin-gyerekeknek-60-db\\\/#breadcrumb\",\"itemListElement\":[{\"@type\":\"ListItem\",\"position\":1,\"name\":\"Kezd\u0151lap\",\"item\":\"https:\\\/\\\/herbalkincsei.hu\\\/\"},{\"@type\":\"ListItem\",\"position\":2,\"name\":\"\u00dczlet\",\"item\":\"https:\\\/\\\/herbalkincsei.hu\\\/index.php\\\/uzlet\\\/\"},{\"@type\":\"ListItem\",\"position\":3,\"name\":\"Multi Gumivitamin Gyerekeknek 60 db\"}]},{\"@type\":\"WebSite\",\"@id\":\"https:\\\/\\\/herbalkincsei.hu\\\/#website\",\"url\":\"https:\\\/\\\/herbalkincsei.hu\\\/\",\"name\":\"herbalkincsei.hu\",\"description\":\"Ahol az eg\u00e9szs\u00e9g a c\u00e9l.\",\"publisher\":{\"@id\":\"https:\\\/\\\/herbalkincsei.hu\\\/#organization\"},\"potentialAction\":[{\"@type\":\"SearchAction\",\"target\":{\"@type\":\"EntryPoint\",\"urlTemplate\":\"https:\\\/\\\/herbalkincsei.hu\\\/?s={search_term_string}\"},\"query-input\":{\"@type\":\"PropertyValueSpecification\",\"valueRequired\":true,\"valueName\":\"search_term_string\"}}],\"inLanguage\":\"hu\"},{\"@type\":\"Organization\",\"@id\":\"https:\\\/\\\/herbalkincsei.hu\\\/#organization\",\"name\":\"Herb\u00e1lkincsei\",\"url\":\"https:\\\/\\\/herbalkincsei.hu\\\/\",\"logo\":{\"@type\":\"ImageObject\",\"inLanguage\":\"hu\",\"@id\":\"https:\\\/\\\/herbalkincsei.hu\\\/#\\\/schema\\\/logo\\\/image\\\/\",\"url\":\"https:\\\/\\\/herbalkincsei.hu\\\/wp-content\\\/uploads\\\/2024\\\/02\\\/cropped-Green-Leaf-Aromatherapy-Logo-400-\u00d7-135-keppont.png?wsr\",\"contentUrl\":\"https:\\\/\\\/herbalkincsei.hu\\\/wp-content\\\/uploads\\\/2024\\\/02\\\/cropped-Green-Leaf-Aromatherapy-Logo-400-\u00d7-135-keppont.png?wsr\",\"width\":400,\"height\":135,\"caption\":\"Herb\u00e1lkincsei\"},\"image\":{\"@id\":\"https:\\\/\\\/herbalkincsei.hu\\\/#\\\/schema\\\/logo\\\/image\\\/\"}}]}<\/script>\n<!-- \/ Yoast SEO plugin. -->","yoast_head_json":{"title":"Multi Gumivitamin Gyerekeknek 60 db - Herb\u00e1lkincsei","description":"KIDS MULTIVITAMIN GUMMIES gyermekeknek k\u00e9sz\u00fclt multivitamin, ami igazi adu\u00e1sz a sz\u00fcl\u0151k kez\u00e9ben!","robots":{"index":"index","follow":"follow","max-snippet":"max-snippet:-1","max-image-preview":"max-image-preview:large","max-video-preview":"max-video-preview:-1"},"canonical":"https:\/\/herbalkincsei.hu\/index.php\/termek\/multi-gumivitamin-gyerekeknek-60-db\/","og_locale":"hu_HU","og_type":"article","og_title":"Multi Gumivitamin Gyerekeknek 60 db - Herb\u00e1lkincsei","og_description":"KIDS MULTIVITAMIN GUMMIES gyermekeknek k\u00e9sz\u00fclt multivitamin, ami igazi adu\u00e1sz a sz\u00fcl\u0151k kez\u00e9ben!","og_url":"https:\/\/herbalkincsei.hu\/index.php\/termek\/multi-gumivitamin-gyerekeknek-60-db\/","og_site_name":"Herb\u00e1lkincsei","article_modified_time":"2025-12-07T16:47:22+00:00","og_image":[{"width":800,"height":960,"url":"https:\/\/herbalkincsei.hu\/wp-content\/uploads\/2024\/03\/KIDS_multivitamin_gummies_USAmedical_2023.12.061.jpg?wsr","type":"image\/jpeg"}],"twitter_card":"summary_large_image","twitter_misc":{"Becs\u00fclt olvas\u00e1si id\u0151":"6 perc"},"schema":{"@context":"https:\/\/schema.org","@graph":[{"@type":"WebPage","@id":"https:\/\/herbalkincsei.hu\/index.php\/termek\/multi-gumivitamin-gyerekeknek-60-db\/","url":"https:\/\/herbalkincsei.hu\/index.php\/termek\/multi-gumivitamin-gyerekeknek-60-db\/","name":"Multi Gumivitamin Gyerekeknek 60 db - Herb\u00e1lkincsei","isPartOf":{"@id":"https:\/\/herbalkincsei.hu\/#website"},"primaryImageOfPage":{"@id":"https:\/\/herbalkincsei.hu\/index.php\/termek\/multi-gumivitamin-gyerekeknek-60-db\/#primaryimage"},"image":{"@id":"https:\/\/herbalkincsei.hu\/index.php\/termek\/multi-gumivitamin-gyerekeknek-60-db\/#primaryimage"},"thumbnailUrl":"https:\/\/herbalkincsei.hu\/wp-content\/uploads\/2024\/03\/KIDS_multivitamin_gummies_USAmedical_2023.12.061.jpg?wsr","datePublished":"2025-09-02T10:56:37+00:00","dateModified":"2025-12-07T16:47:22+00:00","description":"KIDS MULTIVITAMIN GUMMIES gyermekeknek k\u00e9sz\u00fclt multivitamin, ami igazi adu\u00e1sz a sz\u00fcl\u0151k kez\u00e9ben!","breadcrumb":{"@id":"https:\/\/herbalkincsei.hu\/index.php\/termek\/multi-gumivitamin-gyerekeknek-60-db\/#breadcrumb"},"inLanguage":"hu","potentialAction":[{"@type":"ReadAction","target":["https:\/\/herbalkincsei.hu\/index.php\/termek\/multi-gumivitamin-gyerekeknek-60-db\/"]}]},{"@type":"ImageObject","inLanguage":"hu","@id":"https:\/\/herbalkincsei.hu\/index.php\/termek\/multi-gumivitamin-gyerekeknek-60-db\/#primaryimage","url":"https:\/\/herbalkincsei.hu\/wp-content\/uploads\/2024\/03\/KIDS_multivitamin_gummies_USAmedical_2023.12.061.jpg?wsr","contentUrl":"https:\/\/herbalkincsei.hu\/wp-content\/uploads\/2024\/03\/KIDS_multivitamin_gummies_USAmedical_2023.12.061.jpg?wsr","width":800,"height":960},{"@type":"BreadcrumbList","@id":"https:\/\/herbalkincsei.hu\/index.php\/termek\/multi-gumivitamin-gyerekeknek-60-db\/#breadcrumb","itemListElement":[{"@type":"ListItem","position":1,"name":"Kezd\u0151lap","item":"https:\/\/herbalkincsei.hu\/"},{"@type":"ListItem","position":2,"name":"\u00dczlet","item":"https:\/\/herbalkincsei.hu\/index.php\/uzlet\/"},{"@type":"ListItem","position":3,"name":"Multi Gumivitamin Gyerekeknek 60 db"}]},{"@type":"WebSite","@id":"https:\/\/herbalkincsei.hu\/#website","url":"https:\/\/herbalkincsei.hu\/","name":"herbalkincsei.hu","description":"Ahol az eg\u00e9szs\u00e9g a c\u00e9l.","publisher":{"@id":"https:\/\/herbalkincsei.hu\/#organization"},"potentialAction":[{"@type":"SearchAction","target":{"@type":"EntryPoint","urlTemplate":"https:\/\/herbalkincsei.hu\/?s={search_term_string}"},"query-input":{"@type":"PropertyValueSpecification","valueRequired":true,"valueName":"search_term_string"}}],"inLanguage":"hu"},{"@type":"Organization","@id":"https:\/\/herbalkincsei.hu\/#organization","name":"Herb\u00e1lkincsei","url":"https:\/\/herbalkincsei.hu\/","logo":{"@type":"ImageObject","inLanguage":"hu","@id":"https:\/\/herbalkincsei.hu\/#\/schema\/logo\/image\/","url":"https:\/\/herbalkincsei.hu\/wp-content\/uploads\/2024\/02\/cropped-Green-Leaf-Aromatherapy-Logo-400-\u00d7-135-keppont.png?wsr","contentUrl":"https:\/\/herbalkincsei.hu\/wp-content\/uploads\/2024\/02\/cropped-Green-Leaf-Aromatherapy-Logo-400-\u00d7-135-keppont.png?wsr","width":400,"height":135,"caption":"Herb\u00e1lkincsei"},"image":{"@id":"https:\/\/herbalkincsei.hu\/#\/schema\/logo\/image\/"}}]}},"_links":{"self":[{"href":"https:\/\/herbalkincsei.hu\/index.php\/wp-json\/wp\/v2\/product\/1666","targetHints":{"allow":["GET"]}}],"collection":[{"href":"https:\/\/herbalkincsei.hu\/index.php\/wp-json\/wp\/v2\/product"}],"about":[{"href":"https:\/\/herbalkincsei.hu\/index.php\/wp-json\/wp\/v2\/types\/product"}],"replies":[{"embeddable":true,"href":"https:\/\/herbalkincsei.hu\/index.php\/wp-json\/wp\/v2\/comments?post=1666"}],"wp:featuredmedia":[{"embeddable":true,"href":"https:\/\/herbalkincsei.hu\/index.php\/wp-json\/wp\/v2\/media\/652"}],"wp:attachment":[{"href":"https:\/\/herbalkincsei.hu\/index.php\/wp-json\/wp\/v2\/media?parent=1666"}],"wp:term":[{"taxonomy":"product_brand","embeddable":true,"href":"https:\/\/herbalkincsei.hu\/index.php\/wp-json\/wp\/v2\/product_brand?post=1666"},{"taxonomy":"product_cat","embeddable":true,"href":"https:\/\/herbalkincsei.hu\/index.php\/wp-json\/wp\/v2\/product_cat?post=1666"},{"taxonomy":"product_tag","embeddable":true,"href":"https:\/\/herbalkincsei.hu\/index.php\/wp-json\/wp\/v2\/product_tag?post=1666"}],"curies":[{"name":"wp","href":"https:\/\/api.w.org\/{rel}","templated":true}]}}