{"id":1617,"date":"2025-09-02T11:56:11","date_gmt":"2025-09-02T10:56:11","guid":{"rendered":"https:\/\/herbalkincsei.hu\/?post_type=product&#038;p=1617"},"modified":"2025-11-24T09:22:12","modified_gmt":"2025-11-24T08:22:12","slug":"zold-tea-kivonat-50-egcg-tartalommal-60-db","status":"publish","type":"product","link":"https:\/\/herbalkincsei.hu\/index.php\/termek\/zold-tea-kivonat-50-egcg-tartalommal-60-db\/","title":{"rendered":"Z\u00f6ld tea kivonat 50% EGCG tartalommal 60 db"},"content":{"rendered":"<h2><span class=\"bluetxt\">Z\u00f6ld tea lev\u00e9l kivonat tartalm\u00fa kapszula, extra magas, 50% EGCG tartalommal<\/span><\/h2>\n<h3><strong>A z\u00f6ld tea t\u00f6rt\u00e9nete<\/strong><\/h3>\n<p>A z\u00f6ld tea egy k\u00fcl\u00f6nleges t\u00f6rt\u00e9nelmi m\u00faltra visszatekint\u0151 n\u00f6v\u00e9ny, melynek haszn\u00e1lata a jap\u00e1n, az indiai \u00e9s a k\u00ednai kult\u00far\u00e1ban egyar\u00e1nt nagy hagyom\u00e1nyokkal rendelkezik. A k\u00ednai \u00e9s jap\u00e1n mondavil\u00e1g szerint a z\u00f6ld tea eredetileg az 5-6. sz\u00e1zadi indiai b\u00f6lcsnek, Darum\u00e1nak (vagy m\u00e1s n\u00e9ven Bodhidharm\u00e1nak), a csan buddhizmus alap\u00edt\u00f3j\u00e1nak, a zen buddhizmus el\u0151dj\u00e9nek k\u00f6sz\u00f6nhet\u0151. \u0150 volt az ugyanis, aki vall\u00e1si vezet\u0151k\u00e9nt megalap\u00edtotta a kelet-k\u00ednai Shaolin templomot, az \u00fan. Shorinji-t. Ott kilenc hossz\u00fa-hossz\u00fa \u00e9ven \u00e1t medit\u00e1lt, de \u00e9ppen a megvil\u00e1gosod\u00e1s k\u00fcsz\u00f6b\u00e9n elaludt. Amikor Daruma r\u00e1j\u00f6tt, hogy mi t\u00f6rt\u00e9nt, b\u00e1nat\u00e1ban let\u00e9pte \u00e9s a f\u00f6ldre dobta szemh\u00e9j\u00e1t. A darabnyi b\u0151rb\u0151l egy n\u00f6v\u00e9ny hajtott ki, \u00e9s ez a bokor, az \u00fan. Camelia sinensis lett azt\u00e1n az \u00e9rt\u00e9kes tean\u00f6v\u00e9ny. Egy m\u00e1sik, k\u00ednai eredet\u0171 legenda szerint a te\u00e1t K\u00edna \u0151si cs\u00e1sz\u00e1ra, Sen Nung fedezte fel v\u00e9letlen\u00fcl, amikor egy tealev\u00e9l belehullott a forr\u00f3 viz\u00e9be \u00e9s \u00edgy az uralkod\u00f3 r\u00e1j\u00f6tt, hogy a teaf\u0151zet \u00edzletes \u00e9s \u00e9l\u00e9nk\u00edt\u0151 ital. \u00cdgy lett a z\u00f6ld tea a hagyom\u00e1nyos k\u00ednai orvosl\u00e1s alapvet\u0151 eleme.<\/p>\n<p>A n\u00f6v\u00e9ny, mely a kam\u00e9li\u00e1k csal\u00e1dj\u00e1ba tartoz\u00f3 cserje, f\u00e1s sz\u00e1r\u00fa \u00f6r\u00f6kz\u00f6ld, term\u00e9szetes k\u00f6r\u00fclm\u00e9nyek k\u00f6z\u00f6tt ak\u00e1r nyolc-t\u00edz m\u00e9ter magasra is megn\u0151het. A termeszt\u00e9s sor\u00e1n azonban a leveleket jellemz\u0151en visszametszik, \u00edgy a cserj\u00e9k csup\u00e1n egy-k\u00e9t m\u00e9ter magasra n\u0151nek meg. A legjobb min\u0151s\u00e9g\u0171 ital \u00e9s kivonat is a hajt\u00e1sok cs\u00facsa k\u00f6rny\u00e9k\u00e9r\u0151l sz\u00fcretelt levelekb\u0151l k\u00e9sz\u00fcl.<\/p>\n<h3><strong>A z\u00f6ld tea kivonat titka<\/strong><\/h3>\n<p>A z\u00f6ld tea kimondottan gazdag polifenolokban, k\u00fcl\u00f6n\u00f6sen a tekintetben, mint p\u00e9ld\u00e1ul az epigallokatekin-gall\u00e1t (EGCG), amelynek molekulak\u00e9plete C\u2082\u2082H\u2081\u2088O\u2081\u2081. Ezek az \u00fan. antioxid\u00e1ns vegy\u00fcletek felveszik a harcot a szabadgy\u00f6k\u00f6k k\u00e1ros hat\u00e1saival szemben, ez\u00e1ltal hozz\u00e1j\u00e1rulhatnak az oxidat\u00edv stressz cs\u00f6kkent\u00e9s\u00e9hez. (Egy 2021-ben k\u00e9sz\u00fclt <a href=\"https:\/\/pubmed.ncbi.nlm.nih.gov\/31392470\/\">vizsg\u00e1lat<\/a> eredm\u00e9nyei szerint napi h\u00e9t cs\u00e9sze z\u00f6ld tea fogyaszt\u00e1sa 62%-kal cs\u00f6kkentette a elhal\u00e1loz\u00e1s kock\u00e1zat\u00e1t, m\u00e9g a kor\u00e1bban sz\u00edvrohammal kezelt p\u00e1ciensek eset\u00e9ben is.)<\/p>\n<p>A z\u00f6ld tea emellett bizony\u00edtottan tartalmaz koffeint is, mely serkent\u0151 hat\u00e1ssal van a k\u00f6zponti idegrendszerre, fokozza az \u00e9bers\u00e9get \u00e9s el\u0151seg\u00edti a koncentr\u00e1ci\u00f3 fenntart\u00e1s\u00e1t. Mivel a z\u00f6ld te\u00e1ban tal\u00e1lhat\u00f3 koffein felsz\u00edv\u00f3d\u00e1si ideje \u00e9s hat\u00e1smechanizmusa elt\u00e9r a k\u00e1v\u00e9ban tal\u00e1lhat\u00f3 koffein\u00e9t\u0151l, a z\u00f6ld tea kivonat nemcsak az eg\u00e9szs\u00e9gv\u00e9delemben, hanem a koncentr\u00e1lt f\u00f3kusz\u00fa tudat\u00e1llapot fenntart\u00e1s\u00e1ban is gyakran seg\u00edt\u0151t\u00e1rsunk.<\/p>\n<h3><strong><br \/>\n<span class=\"bluetxt\">Mire j\u00f3 a z\u00f6ld tea kivonat?<\/span><\/strong><\/h3>\n<p>A z\u00f6ld tea kivonat alkalmaz\u00e1s\u00e1nak gyakorlata a hagyom\u00e1nyos keleti orvosl\u00e1sb\u00f3l sz\u00e1rmazik. Ott els\u0151sorban \u00e9rv\u00e9d\u0151 \u00e9s immuner\u0151s\u00edt\u0151 hat\u00e1sa miatt alkalmazt\u00e1k, napjaink kutat\u00e1si eredm\u00e9nyei azonban sz\u00e9lesebb k\u00f6r\u0171, f\u00f3kusz\u00e1lt haszn\u00e1latot tesznek lehet\u0151v\u00e9.<\/p>\n<h3><strong>A z\u00f6ld tea kivonat kiv\u00e1l\u00f3an alkalmazhat\u00f3 az immunv\u00e9delemben \u00e9s az oxidat\u00edv stresszel szemben.<\/strong><\/h3>\n<p>A z\u00f6ld te\u00e1ban tal\u00e1lhat\u00f3 legismertebb \u00e9s legnagyobb mennyis\u00e9gben el\u0151fordul\u00f3 katechin az epigallokatechin-3-gall\u00e1t (EGCG), amely egyes <a href=\"https:\/\/pmc.ncbi.nlm.nih.gov\/articles\/PMC5572593\/\">kutat\u00e1s<\/a>ok szerint r\u00e9szt vehet a k\u00fcl\u00f6nb\u00f6z\u0151 eg\u00e9szs\u00e9g\u00fcgyi \u00e1llapotok egyens\u00faly\u00e1nak fenntart\u00e1s\u00e1ban, illetve bizonyos betegs\u00e9gmarker-ar\u00e1nyok jav\u00edt\u00e1s\u00e1ban.<br \/>\nA z\u00f6ld te\u00e1t a keleti kult\u00far\u00e1ban els\u0151sorban a hossz\u00fa \u00e9s eg\u00e9szs\u00e9ges \u00e9let, valamint a b\u00f6lcs gondolatok vil\u00e1gra seg\u00edt\u00e9se \u00e9rdek\u00e9ben alkalmazt\u00e1k.<\/p>\n<p>Egy <a href=\"https:\/\/www.sciencedirect.com\/science\/article\/abs\/pii\/S0939475322002472\">\u00e1ttekint\u0151 tanulm\u00e1ny<\/a> r\u00e1mutatott, hogy <strong>a z\u00f6ld tea rendszeres fogyaszt\u00e1sa cs\u00f6kkentheti a sz\u00edvbetegs\u00e9gek sz\u00e1mos kock\u00e1zati t\u00e9nyez\u0151j\u00e9t<\/strong>, ez\u00e1ltal fogyaszt\u00e1sa mellett a kardiovaszkul\u00e1ris eg\u00e9szs\u00e9g javulhat.<\/p>\n<p>Egyes <a href=\"https:\/\/www.nature.com\/articles\/s41430-020-00710-7\">kutat\u00e1sok<\/a> eredm\u00e9nyei alapj\u00e1n elmondhat\u00f3, hogy bizonyos r\u00e1kt\u00edpusok megjelen\u00e9se \u00e9s a z\u00f6ld tea fogyaszt\u00e1sa k\u00f6z\u00f6tt ford\u00edtott korrel\u00e1ci\u00f3 \u00e1ll fenn. Azaz azok, akik rendszeresen fogyasztanak z\u00f6ld te\u00e1t, kisebb val\u00f3sz\u00edn\u0171s\u00e9ggel lesznek r\u00e1kbetegek, mint azok, akik nem. K\u00fcl\u00f6n\u00f6sen igaz mindez a r\u00e1k egyes t\u00edpusaira (pl. t\u00fcd\u0151r\u00e1k, petef\u00e9szek daganat.)<\/p>\n<h3><strong>Az elme v\u00e9delme els\u0151dleges<\/strong><\/h3>\n<p>Az id\u0151skori mem\u00f3riazavarok \u00e9s kognit\u00edv kapacit\u00e1scs\u00f6kken\u00e9s m\u00e1r-m\u00e1r term\u00e9szetesnek tekinthet\u0151, a k\u00e9k z\u00f3n\u00e1kban azonban nyoma sincs ilyen m\u00e9rt\u00e9k\u0171 lend\u00fcletveszt\u00e9snek. Vajon mi az oka annak, hogy haz\u00e1nkban az id\u0151skor egyben a neh\u00e9zs\u00e9gek \u00e9s eg\u00e9szs\u00e9g\u00fcgyi probl\u00e9m\u00e1k id\u0151szaka is? Sokunk k\u00e9rd\u00e9se ez, melyre minden nap igyeksz\u00fcnk v\u00e1laszt tal\u00e1lni. J\u00f3 h\u00edr, hogy a z\u00f6ld tea kivonat jav\u00edtja a kognit\u00edv funkci\u00f3kat \u00e9s fokozza a ment\u00e1lis kapacit\u00e1st, ez\u00e1ltal hozz\u00e1j\u00e1rulhat egy hossz\u00fa \u00e9s teljesebb \u00e9lethez.<\/p>\n<p>Egy <a href=\"https:\/\/pubmed.ncbi.nlm.nih.gov\/28899506\/\">tanulm\u00e1ny<\/a> szerint <strong>a z\u00f6ld te\u00e1ban tal\u00e1lhat\u00f3 koffein \u00e9s L-theanin kedvez\u0151 hat\u00e1ssal b\u00edrhat a kognit\u00edv funkci\u00f3kra \u00e9s a k\u00f6z\u00e9rzetre.<\/strong> Egy m\u00e1sik, 2020-as <a href=\"https:\/\/pmc.ncbi.nlm.nih.gov\/articles\/PMC7640442\/\">kutat\u00e1s<\/a>b\u00f3l pedig az is kider\u00fcl, hogy a k\u00f6z\u00e9p- \u00e9s id\u0151skor\u00fa, rendszeresen z\u00f6ld te\u00e1t fogyaszt\u00f3 alanyokn\u00e1l 64 sz\u00e1zal\u00e9kkal kisebb a kognit\u00edv k\u00e1rosod\u00e1s \u00e9s mem\u00f3riaveszt\u00e9s val\u00f3sz\u00edn\u0171s\u00e9ge, mint a z\u00f6ld te\u00e1t nem vagy nem rendszeresen fogyaszt\u00f3 vizsg\u00e1lati szem\u00e9lyekn\u00e9l.<\/p>\n<p>Egy m\u00e1sik <a href=\"https:\/\/pubmed.ncbi.nlm.nih.gov\/32804140\/\">vizsg\u00e1lat<\/a> a z\u00f6ld tea fogyaszt\u00e1s \u00e9s az Alzheimer-k\u00f3r markerek megjelen\u00e9se k\u00f6z\u00f6tti kapcsolatot vizsg\u00e1lta \u00e9s azt tal\u00e1lta, hogy azok a vizsg\u00e1lati szem\u00e9lyek, akiknek a szervezet\u00e9ben az ECGC \u00e9s az L-theanine szintje optim\u00e1lis, kisebb a k\u00f3r megjelen\u00e9s\u00e9re utal\u00f3 markerek jelenl\u00e9te. \u00c9rdekes t\u00e9ny ugyanakkor, hogy egy m\u00e1sik <a href=\"https:\/\/www.frontiersin.org\/journals\/nutrition\/articles\/10.3389\/fnut.2023.1052281\/full\">vizsg\u00e1lat<\/a> eredm\u00e9nyei szerint a j\u00f3b\u00f3l is meg\u00e1rt a sok: napi 13 f\u0151zet rendszeres, hossz\u00fa id\u0151n \u00e1t tart\u00f3 elfogyaszt\u00e1sa ut\u00e1n a m\u00e9rleg \u00e1tbillen \u00e9s a markerek jelenl\u00e9te megn\u0151.<\/p>\n<h3><strong>Z\u00f6ld tea a tests\u00faly menedzsmentben<\/strong><\/h3>\n<p>A modern nyugati t\u00e1rsadalom eg\u00e9szs\u00e9g\u00fcgyi helyzet\u00e9ben a t\u00fals\u00faly \u00e9s az annak nyom\u00e1n kialakul\u00f3 sz\u00f6v\u0151dm\u00e9nyes megbeteged\u00e9sek s\u00falyos probl\u00e9ma, mely jelent\u0151sen megterheli az eg\u00e9szs\u00e9g\u00fcgyi ell\u00e1t\u00f3rendszereket. A mozg\u00e1sszeg\u00e9ny \u00e9letm\u00f3d, a cukor- \u00e9s sz\u00e9nhidr\u00e1t-domin\u00e1ns \u00e9trend, valamint a min\u0151s\u00e9gi \u00e9hez\u00e9s egyar\u00e1nt kih\u00edv\u00e1sok el\u00e9 \u00e1ll\u00edtj\u00e1k az egy\u00e9nt \u00e9s annak k\u00f6rnyezet\u00e9t. El\u0151fordul, hogy a kitart\u00f3, k\u00f6vetkezetes igyekezet sem hozza meg a rem\u00e9lt eredm\u00e9nyt. A z\u00f6ld tea kivonat ugyanakkor seg\u00edthet!<\/p>\n<p>Egy <a href=\"https:\/\/pmc.ncbi.nlm.nih.gov\/articles\/PMC8910422\/\">kutat\u00e1s<\/a> eredm\u00e9nyei szerint <strong>azon a n\u0151k eset\u00e9ben, akik naponta legal\u00e1bb n\u00e9gy cs\u00e9sze z\u00f6ld te\u00e1t fogyasztottak, 44 sz\u00e1zal\u00e9kkal kisebb a hasi elh\u00edz\u00e1s kialakul\u00e1s\u00e1nak vesz\u00e9lye, mint b\u00e1rmely m\u00e1s csoportban.<\/strong> Ennek k\u00f6ze lehet ahhoz, hogy a z\u00f6ld tea r\u00f6vid t\u00e1von kedvez\u0151en <a href=\"https:\/\/nutritionandmetabolism.biomedcentral.com\/articles\/10.1186\/s12986-020-00469-5\">befoly\u00e1solja<\/a> a v\u00e9rcukor szintj\u00e9t a szervezetben, ez\u00e1ltal cs\u00f6kkenti az \u00e9tv\u00e1gyat \u00e9s kiiktatja a v\u00e9rcukor bees\u00e9s\u00e9nek k\u00f6vetkezt\u00e9ben fell\u00e9p\u0151 fal\u00e1srohamokat, illetve azok hormon\u00e1lis k\u00f6vetkezm\u00e9nyeit.<\/p>\n<p>Fontos tov\u00e1bb\u00e1 az is, hogy egyes <a href=\"https:\/\/link.springer.com\/article\/10.1007\/s11332-022-00955-8\">tanulm\u00e1nyok<\/a> szerint intenz\u00edv edz\u00e9ssel fokozhat\u00f3<strong> a z\u00f6ld tea anyagcsere folyamatokra gyakorolt hat\u00e1sa, ez\u00e1ltal a zs\u00edr\u00e9get\u00e9s fokozhat\u00f3.<\/strong><\/p>\n<p>Egy m\u00e1sik, k\u00ednai feln\u0151tteken v\u00e9gzett <a href=\"https:\/\/ajcn.nutrition.org\/\">vizsg\u00e1lat<\/a> eredm\u00e9nyei azt mutatj\u00e1k, hogy a naponta z\u00f6ld te\u00e1t fogyaszt\u00f3 feln\u0151ttek eset\u00e9ben 10 sz\u00e1zal\u00e9kkal kisebb a kettes t\u00edpus\u00fa cukorbetegs\u00e9gre visszavezethet\u0151 hal\u00e1loz\u00e1s val\u00f3sz\u00edn\u0171s\u00e9ge, mint a t\u00f6bbi t\u00e1rsadalmi csoportban.<\/p>\n<p>&nbsp;<\/p>\n","protected":false},"excerpt":{"rendered":"<div id=\"product_desc\" class=\"elementor-element elementor-element-dca84d2 elementor-widget elementor-widget-woocommerce-product-short-description\" data-id=\"dca84d2\" data-element_type=\"widget\" data-widget_type=\"woocommerce-product-short-description.default\">\n<div class=\"elementor-widget-container\">\n<div class=\"woocommerce-product-details__short-description\">\n<p>A z\u00f6ld tea (Camellia sinensis) \u00e9vsz\u00e1zadok \u00f3ta a term\u00e9szetes eg\u00e9szs\u00e9gmeg\u0151rz\u00e9s egyik legkedveltebb alapanyaga. Kivonatunk k\u00fcl\u00f6n\u00f6sen\u00a0<strong>magas, 50%-os epigallokatechin-3-gall\u00e1t (EGCG) tartalommal rendelkezik, amely a polifenolok legismertebb k\u00e9pvisel\u0151je, \u00e9s a z\u00f6ld tea egyik leg\u00e9rt\u00e9kesebb bioakt\u00edv hat\u00f3anyaga.<\/strong>\u00a0Sz\u00e1mos kutat\u00e1s szerint az EGCG hozz\u00e1j\u00e1rulhat a sz\u00edv- \u00e9s \u00e9rrendszer norm\u00e1l m\u0171k\u00f6d\u00e9s\u00e9hez, t\u00e1mogathatja a v\u00e9rkering\u00e9st \u00e9s a v\u00e9rcukorszint egyens\u00faly\u00e1t, valamint el\u0151seg\u00edtheti az em\u00e9szt\u0151rendszer eg\u00e9szs\u00e9g\u00e9t. Hozz\u00e1j\u00e1rulhat a norm\u00e1l koleszterinszint fenntart\u00e1s\u00e1hoz. A z\u00f6ld tea koffeinje szel\u00eddebb \u00e9s elny\u00fajtottabb hat\u00e1s\u00fa a k\u00e1v\u00e9 koffeinj\u00e9hez k\u00e9pest, \u00edgy ide\u00e1lis v\u00e1laszt\u00e1s a mindennapi vitalit\u00e1s meg\u0151rz\u00e9s\u00e9hez. MAGYAR \u2013 AMERIKAI FEJLESZT\u00c9S<\/p>\n<p><strong>\u00c9trend-kieg\u00e9sz\u00edt\u0151 kapszula<br \/>\nOGY\u00c9I Notifik\u00e1ci\u00f3s sz\u00e1m:\u00a0<\/strong>36282\/2024<br \/>\n<strong>Kiszerel\u00e9s:<\/strong>\u00a060 db<br \/>\n<strong>Sz\u00e1rmaz\u00e1si orsz\u00e1g:\u00a0<\/strong>EU<\/p>\n<\/div>\n<\/div>\n<\/div>\n<div class=\"elementor-element elementor-element-9362874 elementor-icon-list--layout-traditional elementor-list-item-link-full_width elementor-widget elementor-widget-icon-list\" data-id=\"9362874\" data-element_type=\"widget\" data-widget_type=\"icon-list.default\">\n<div class=\"elementor-widget-container\">\n<ul class=\"elementor-icon-list-items\">\n<li class=\"elementor-icon-list-item\"><span class=\"elementor-icon-list-text\">Magyar-amerikai fejleszt\u00e9s<\/span><\/li>\n<li class=\"elementor-icon-list-item\"><span class=\"elementor-icon-list-text\">GMP \u00e9s HACCP szabv\u00e1ny szerint gy\u00e1rtva<\/span><\/li>\n<\/ul>\n<p><img decoding=\"async\" class=\"alignnone size-full wp-image-826\" src=\"https:\/\/herbalkincsei.hu\/wp-content\/uploads\/2024\/03\/hand-holding-heart-solid.svg\" alt=\"\" \/>\u00a0 Term\u00e9keink gondosan v\u00e1logatott alapanyagokb\u00f3l k\u00e9sz\u00fclnek.<\/p>\n<p><img decoding=\"async\" class=\"alignnone size-full wp-image-825\" src=\"https:\/\/herbalkincsei.hu\/wp-content\/uploads\/2024\/03\/star-solid.svg\" alt=\"\" \/>\u00a0 \u00a0A term\u00e9kekre hazai garanci\u00e1t \u00e9s term\u00e9k szolg\u00e1ltat\u00e1st biztos\u00edtunk.<\/p>\n<p><img decoding=\"async\" class=\"alignnone size-full wp-image-823\" src=\"https:\/\/herbalkincsei.hu\/wp-content\/uploads\/2024\/03\/user-lock-solid.svg\" alt=\"\" \/>\u00a0Biztons\u00e1gos v\u00e9dett fizet\u00e9s.<\/p>\n<p><img decoding=\"async\" class=\"alignnone size-full wp-image-824\" src=\"https:\/\/herbalkincsei.hu\/wp-content\/uploads\/2024\/03\/truck-fast-solid.svg\" alt=\"\" \/> Gyors kiszolg\u00e1l\u00e1s.<\/p>\n<\/div>\n<\/div>\n","protected":false},"featured_media":1616,"comment_status":"closed","ping_status":"closed","template":"","meta":[],"product_brand":[223],"product_cat":[197,182,172,184,19,247,186,187,171],"product_tag":[],"class_list":{"0":"post-1617","1":"product","2":"type-product","3":"status-publish","4":"has-post-thumbnail","6":"product_brand-usamedical","7":"product_cat-dietas-termekek-fogyas","8":"product_cat-emesztorendszer","9":"product_cat-etrend-kiegeszitok","10":"product_cat-immunrendszer","11":"product_cat-minden-termek","12":"product_cat-noi-egeszseg","13":"product_cat-novenyi-kivonatok","14":"product_cat-sziv-es-errendszer-etrend-kiegeszitok","15":"product_cat-usamedical","16":"product_shipping_class-hu","18":"first","19":"instock","20":"purchasable","21":"product-type-simple","22":"add-to-wishlist-before_image","23":"customify-col","24":"product-has-gallery"},"yoast_head":"<!-- This site is optimized with the Yoast SEO plugin v27.3 - https:\/\/yoast.com\/product\/yoast-seo-wordpress\/ -->\n<title>Z\u00f6ld tea kivonat 50% EGCG tartalommal 60 db - Herb\u00e1lkincsei<\/title>\n<meta name=\"description\" content=\"Z\u00f6ld tea a tests\u00faly menedzsmentben.\" \/>\n<meta name=\"robots\" content=\"index, follow, max-snippet:-1, max-image-preview:large, max-video-preview:-1\" \/>\n<link rel=\"canonical\" href=\"https:\/\/herbalkincsei.hu\/index.php\/termek\/zold-tea-kivonat-50-egcg-tartalommal-60-db\/\" \/>\n<meta property=\"og:locale\" content=\"hu_HU\" \/>\n<meta property=\"og:type\" content=\"article\" \/>\n<meta property=\"og:title\" content=\"Z\u00f6ld tea kivonat 50% EGCG tartalommal 60 db - Herb\u00e1lkincsei\" \/>\n<meta property=\"og:description\" content=\"Z\u00f6ld tea a tests\u00faly menedzsmentben.\" \/>\n<meta property=\"og:url\" content=\"https:\/\/herbalkincsei.hu\/index.php\/termek\/zold-tea-kivonat-50-egcg-tartalommal-60-db\/\" \/>\n<meta property=\"og:site_name\" content=\"Herb\u00e1lkincsei\" \/>\n<meta property=\"article:modified_time\" content=\"2025-11-24T08:22:12+00:00\" \/>\n<meta property=\"og:image\" content=\"https:\/\/herbalkincsei.hu\/wp-content\/uploads\/2025\/09\/0209202568b6cd4b54bb4.jpeg?wsr\" \/>\n\t<meta property=\"og:image:width\" content=\"800\" \/>\n\t<meta property=\"og:image:height\" content=\"960\" \/>\n\t<meta property=\"og:image:type\" content=\"image\/jpeg\" \/>\n<meta name=\"twitter:card\" content=\"summary_large_image\" \/>\n<meta name=\"twitter:label1\" content=\"Becs\u00fclt olvas\u00e1si id\u0151\" \/>\n\t<meta name=\"twitter:data1\" content=\"6 perc\" \/>\n<script type=\"application\/ld+json\" class=\"yoast-schema-graph\">{\"@context\":\"https:\\\/\\\/schema.org\",\"@graph\":[{\"@type\":\"WebPage\",\"@id\":\"https:\\\/\\\/herbalkincsei.hu\\\/index.php\\\/termek\\\/zold-tea-kivonat-50-egcg-tartalommal-60-db\\\/\",\"url\":\"https:\\\/\\\/herbalkincsei.hu\\\/index.php\\\/termek\\\/zold-tea-kivonat-50-egcg-tartalommal-60-db\\\/\",\"name\":\"Z\u00f6ld tea kivonat 50% EGCG tartalommal 60 db - Herb\u00e1lkincsei\",\"isPartOf\":{\"@id\":\"https:\\\/\\\/herbalkincsei.hu\\\/#website\"},\"primaryImageOfPage\":{\"@id\":\"https:\\\/\\\/herbalkincsei.hu\\\/index.php\\\/termek\\\/zold-tea-kivonat-50-egcg-tartalommal-60-db\\\/#primaryimage\"},\"image\":{\"@id\":\"https:\\\/\\\/herbalkincsei.hu\\\/index.php\\\/termek\\\/zold-tea-kivonat-50-egcg-tartalommal-60-db\\\/#primaryimage\"},\"thumbnailUrl\":\"https:\\\/\\\/herbalkincsei.hu\\\/wp-content\\\/uploads\\\/2025\\\/09\\\/0209202568b6cd4b54bb4.jpeg?wsr\",\"datePublished\":\"2025-09-02T10:56:11+00:00\",\"dateModified\":\"2025-11-24T08:22:12+00:00\",\"description\":\"Z\u00f6ld tea a tests\u00faly menedzsmentben.\",\"breadcrumb\":{\"@id\":\"https:\\\/\\\/herbalkincsei.hu\\\/index.php\\\/termek\\\/zold-tea-kivonat-50-egcg-tartalommal-60-db\\\/#breadcrumb\"},\"inLanguage\":\"hu\",\"potentialAction\":[{\"@type\":\"ReadAction\",\"target\":[\"https:\\\/\\\/herbalkincsei.hu\\\/index.php\\\/termek\\\/zold-tea-kivonat-50-egcg-tartalommal-60-db\\\/\"]}]},{\"@type\":\"ImageObject\",\"inLanguage\":\"hu\",\"@id\":\"https:\\\/\\\/herbalkincsei.hu\\\/index.php\\\/termek\\\/zold-tea-kivonat-50-egcg-tartalommal-60-db\\\/#primaryimage\",\"url\":\"https:\\\/\\\/herbalkincsei.hu\\\/wp-content\\\/uploads\\\/2025\\\/09\\\/0209202568b6cd4b54bb4.jpeg?wsr\",\"contentUrl\":\"https:\\\/\\\/herbalkincsei.hu\\\/wp-content\\\/uploads\\\/2025\\\/09\\\/0209202568b6cd4b54bb4.jpeg?wsr\",\"width\":800,\"height\":960},{\"@type\":\"BreadcrumbList\",\"@id\":\"https:\\\/\\\/herbalkincsei.hu\\\/index.php\\\/termek\\\/zold-tea-kivonat-50-egcg-tartalommal-60-db\\\/#breadcrumb\",\"itemListElement\":[{\"@type\":\"ListItem\",\"position\":1,\"name\":\"Kezd\u0151lap\",\"item\":\"https:\\\/\\\/herbalkincsei.hu\\\/\"},{\"@type\":\"ListItem\",\"position\":2,\"name\":\"\u00dczlet\",\"item\":\"https:\\\/\\\/herbalkincsei.hu\\\/index.php\\\/uzlet\\\/\"},{\"@type\":\"ListItem\",\"position\":3,\"name\":\"Z\u00f6ld tea kivonat 50% EGCG tartalommal 60 db\"}]},{\"@type\":\"WebSite\",\"@id\":\"https:\\\/\\\/herbalkincsei.hu\\\/#website\",\"url\":\"https:\\\/\\\/herbalkincsei.hu\\\/\",\"name\":\"herbalkincsei.hu\",\"description\":\"Ahol az eg\u00e9szs\u00e9g a c\u00e9l.\",\"publisher\":{\"@id\":\"https:\\\/\\\/herbalkincsei.hu\\\/#organization\"},\"potentialAction\":[{\"@type\":\"SearchAction\",\"target\":{\"@type\":\"EntryPoint\",\"urlTemplate\":\"https:\\\/\\\/herbalkincsei.hu\\\/?s={search_term_string}\"},\"query-input\":{\"@type\":\"PropertyValueSpecification\",\"valueRequired\":true,\"valueName\":\"search_term_string\"}}],\"inLanguage\":\"hu\"},{\"@type\":\"Organization\",\"@id\":\"https:\\\/\\\/herbalkincsei.hu\\\/#organization\",\"name\":\"Herb\u00e1lkincsei\",\"url\":\"https:\\\/\\\/herbalkincsei.hu\\\/\",\"logo\":{\"@type\":\"ImageObject\",\"inLanguage\":\"hu\",\"@id\":\"https:\\\/\\\/herbalkincsei.hu\\\/#\\\/schema\\\/logo\\\/image\\\/\",\"url\":\"https:\\\/\\\/herbalkincsei.hu\\\/wp-content\\\/uploads\\\/2024\\\/02\\\/cropped-Green-Leaf-Aromatherapy-Logo-400-\u00d7-135-keppont.png?wsr\",\"contentUrl\":\"https:\\\/\\\/herbalkincsei.hu\\\/wp-content\\\/uploads\\\/2024\\\/02\\\/cropped-Green-Leaf-Aromatherapy-Logo-400-\u00d7-135-keppont.png?wsr\",\"width\":400,\"height\":135,\"caption\":\"Herb\u00e1lkincsei\"},\"image\":{\"@id\":\"https:\\\/\\\/herbalkincsei.hu\\\/#\\\/schema\\\/logo\\\/image\\\/\"}}]}<\/script>\n<!-- \/ Yoast SEO plugin. -->","yoast_head_json":{"title":"Z\u00f6ld tea kivonat 50% EGCG tartalommal 60 db - Herb\u00e1lkincsei","description":"Z\u00f6ld tea a tests\u00faly menedzsmentben.","robots":{"index":"index","follow":"follow","max-snippet":"max-snippet:-1","max-image-preview":"max-image-preview:large","max-video-preview":"max-video-preview:-1"},"canonical":"https:\/\/herbalkincsei.hu\/index.php\/termek\/zold-tea-kivonat-50-egcg-tartalommal-60-db\/","og_locale":"hu_HU","og_type":"article","og_title":"Z\u00f6ld tea kivonat 50% EGCG tartalommal 60 db - Herb\u00e1lkincsei","og_description":"Z\u00f6ld tea a tests\u00faly menedzsmentben.","og_url":"https:\/\/herbalkincsei.hu\/index.php\/termek\/zold-tea-kivonat-50-egcg-tartalommal-60-db\/","og_site_name":"Herb\u00e1lkincsei","article_modified_time":"2025-11-24T08:22:12+00:00","og_image":[{"width":800,"height":960,"url":"https:\/\/herbalkincsei.hu\/wp-content\/uploads\/2025\/09\/0209202568b6cd4b54bb4.jpeg?wsr","type":"image\/jpeg"}],"twitter_card":"summary_large_image","twitter_misc":{"Becs\u00fclt olvas\u00e1si id\u0151":"6 perc"},"schema":{"@context":"https:\/\/schema.org","@graph":[{"@type":"WebPage","@id":"https:\/\/herbalkincsei.hu\/index.php\/termek\/zold-tea-kivonat-50-egcg-tartalommal-60-db\/","url":"https:\/\/herbalkincsei.hu\/index.php\/termek\/zold-tea-kivonat-50-egcg-tartalommal-60-db\/","name":"Z\u00f6ld tea kivonat 50% EGCG tartalommal 60 db - Herb\u00e1lkincsei","isPartOf":{"@id":"https:\/\/herbalkincsei.hu\/#website"},"primaryImageOfPage":{"@id":"https:\/\/herbalkincsei.hu\/index.php\/termek\/zold-tea-kivonat-50-egcg-tartalommal-60-db\/#primaryimage"},"image":{"@id":"https:\/\/herbalkincsei.hu\/index.php\/termek\/zold-tea-kivonat-50-egcg-tartalommal-60-db\/#primaryimage"},"thumbnailUrl":"https:\/\/herbalkincsei.hu\/wp-content\/uploads\/2025\/09\/0209202568b6cd4b54bb4.jpeg?wsr","datePublished":"2025-09-02T10:56:11+00:00","dateModified":"2025-11-24T08:22:12+00:00","description":"Z\u00f6ld tea a tests\u00faly menedzsmentben.","breadcrumb":{"@id":"https:\/\/herbalkincsei.hu\/index.php\/termek\/zold-tea-kivonat-50-egcg-tartalommal-60-db\/#breadcrumb"},"inLanguage":"hu","potentialAction":[{"@type":"ReadAction","target":["https:\/\/herbalkincsei.hu\/index.php\/termek\/zold-tea-kivonat-50-egcg-tartalommal-60-db\/"]}]},{"@type":"ImageObject","inLanguage":"hu","@id":"https:\/\/herbalkincsei.hu\/index.php\/termek\/zold-tea-kivonat-50-egcg-tartalommal-60-db\/#primaryimage","url":"https:\/\/herbalkincsei.hu\/wp-content\/uploads\/2025\/09\/0209202568b6cd4b54bb4.jpeg?wsr","contentUrl":"https:\/\/herbalkincsei.hu\/wp-content\/uploads\/2025\/09\/0209202568b6cd4b54bb4.jpeg?wsr","width":800,"height":960},{"@type":"BreadcrumbList","@id":"https:\/\/herbalkincsei.hu\/index.php\/termek\/zold-tea-kivonat-50-egcg-tartalommal-60-db\/#breadcrumb","itemListElement":[{"@type":"ListItem","position":1,"name":"Kezd\u0151lap","item":"https:\/\/herbalkincsei.hu\/"},{"@type":"ListItem","position":2,"name":"\u00dczlet","item":"https:\/\/herbalkincsei.hu\/index.php\/uzlet\/"},{"@type":"ListItem","position":3,"name":"Z\u00f6ld tea kivonat 50% EGCG tartalommal 60 db"}]},{"@type":"WebSite","@id":"https:\/\/herbalkincsei.hu\/#website","url":"https:\/\/herbalkincsei.hu\/","name":"herbalkincsei.hu","description":"Ahol az eg\u00e9szs\u00e9g a c\u00e9l.","publisher":{"@id":"https:\/\/herbalkincsei.hu\/#organization"},"potentialAction":[{"@type":"SearchAction","target":{"@type":"EntryPoint","urlTemplate":"https:\/\/herbalkincsei.hu\/?s={search_term_string}"},"query-input":{"@type":"PropertyValueSpecification","valueRequired":true,"valueName":"search_term_string"}}],"inLanguage":"hu"},{"@type":"Organization","@id":"https:\/\/herbalkincsei.hu\/#organization","name":"Herb\u00e1lkincsei","url":"https:\/\/herbalkincsei.hu\/","logo":{"@type":"ImageObject","inLanguage":"hu","@id":"https:\/\/herbalkincsei.hu\/#\/schema\/logo\/image\/","url":"https:\/\/herbalkincsei.hu\/wp-content\/uploads\/2024\/02\/cropped-Green-Leaf-Aromatherapy-Logo-400-\u00d7-135-keppont.png?wsr","contentUrl":"https:\/\/herbalkincsei.hu\/wp-content\/uploads\/2024\/02\/cropped-Green-Leaf-Aromatherapy-Logo-400-\u00d7-135-keppont.png?wsr","width":400,"height":135,"caption":"Herb\u00e1lkincsei"},"image":{"@id":"https:\/\/herbalkincsei.hu\/#\/schema\/logo\/image\/"}}]}},"_links":{"self":[{"href":"https:\/\/herbalkincsei.hu\/index.php\/wp-json\/wp\/v2\/product\/1617","targetHints":{"allow":["GET"]}}],"collection":[{"href":"https:\/\/herbalkincsei.hu\/index.php\/wp-json\/wp\/v2\/product"}],"about":[{"href":"https:\/\/herbalkincsei.hu\/index.php\/wp-json\/wp\/v2\/types\/product"}],"replies":[{"embeddable":true,"href":"https:\/\/herbalkincsei.hu\/index.php\/wp-json\/wp\/v2\/comments?post=1617"}],"wp:featuredmedia":[{"embeddable":true,"href":"https:\/\/herbalkincsei.hu\/index.php\/wp-json\/wp\/v2\/media\/1616"}],"wp:attachment":[{"href":"https:\/\/herbalkincsei.hu\/index.php\/wp-json\/wp\/v2\/media?parent=1617"}],"wp:term":[{"taxonomy":"product_brand","embeddable":true,"href":"https:\/\/herbalkincsei.hu\/index.php\/wp-json\/wp\/v2\/product_brand?post=1617"},{"taxonomy":"product_cat","embeddable":true,"href":"https:\/\/herbalkincsei.hu\/index.php\/wp-json\/wp\/v2\/product_cat?post=1617"},{"taxonomy":"product_tag","embeddable":true,"href":"https:\/\/herbalkincsei.hu\/index.php\/wp-json\/wp\/v2\/product_tag?post=1617"}],"curies":[{"name":"wp","href":"https:\/\/api.w.org\/{rel}","templated":true}]}}