{"id":1585,"date":"2025-09-02T11:56:03","date_gmt":"2025-09-02T10:56:03","guid":{"rendered":"https:\/\/herbalkincsei.hu\/?post_type=product&#038;p=1585"},"modified":"2025-09-19T16:38:27","modified_gmt":"2025-09-19T15:38:27","slug":"tokmagolaj-100-kunsagi-szuz-500-ml","status":"publish","type":"product","link":"https:\/\/herbalkincsei.hu\/index.php\/termek\/tokmagolaj-100-kunsagi-szuz-500-ml\/","title":{"rendered":"T\u00f6kmagolaj \u2013 100% kuns\u00e1gi sz\u0171z 500 ml"},"content":{"rendered":"<h2><span class=\"bluetxt\">100% hidegen sajtolt \u00e9s sz\u0171z magyar t\u00f6kmagolaj<\/span><\/h2>\n<p>A kuns\u00e1gi t\u00f6kmagolaj \u00e9vtizedek \u00f3ta r\u00e9sze a hazai \u00e9tkez\u00e9si kult\u00far\u00e1nak. K\u00fcl\u00f6nleges, gazdag \u00edzvil\u00e1ga mellett \u00e9rt\u00e9kes beltartalm\u00e1r\u00f3l is ismert.<\/p>\n<p>A hidegen sajtolt t\u00f6kmagolaj f\u0151k\u00e9nt <strong>esszenci\u00e1lis, t\u00f6bbsz\u00f6r\u00f6sen tel\u00edtetlen zs\u00edrsavakat<\/strong> (omega-3 \u00e9s omega-6), valamint jelent\u0151s mennyis\u00e9g\u0171<strong> E-vitamint<\/strong> tartalmaz. Ezek term\u00e9szetes m\u00f3don hozz\u00e1j\u00e1rulnak az olaj kedvez\u0151 t\u00e1pl\u00e1lkoz\u00e1si \u00e9rt\u00e9k\u00e9hez.<\/p>\n<p>Az E-vitamin antioxid\u00e1ns tulajdons\u00e1g\u00fa zs\u00edrban old\u00f3d\u00f3 vitamin, a t\u00f6kmagolaj pedig az egyik leggazdagabb term\u00e9szetes forr\u00e1sa. A jellegzetes z\u00f6ldes-arany sz\u00ednt ad\u00f3 karotinoidok szint\u00e9n term\u00e9szetesen jelen vannak benne.<\/p>\n<p>A t\u00f6kmagolaj egyed\u00fcl\u00e1ll\u00f3 \u00edz\u00e9t \u00e9s \u00e9rt\u00e9kes \u00f6sszetev\u0151it a k\u00edm\u00e9letes, hidegen sajtolt elj\u00e1r\u00e1s \u0151rzi meg. Fogyaszthat\u00f3 \u00f6nmag\u00e1ban, sal\u00e1t\u00e1khoz, f\u0151tt vagy s\u00fclt \u00e9telekhez, de desszertek k\u00fcl\u00f6nleges \u00edzes\u00edt\u0151jek\u00e9nt is meg\u00e1llja a hely\u00e9t.<\/p>\n<h3><span class=\"bluetxt\">A hidegen sajtol\u00e1s el\u0151nyei<\/span><\/h3>\n<p>A vitaminok, \u00e1sv\u00e1nyi anyagok \u00e9s nyomelemek h\u0151\u00e9rz\u00e9keny \u00f6sszetev\u0151k, ez\u00e9rt az ellen\u0151rz\u00f6tt k\u00f6r\u00fclm\u00e9nyek k\u00f6z\u00f6tt, magyar termel\u0151k gazdas\u00e1gaiban nevelt n\u00f6v\u00e9nyek magj\u00e1t el\u0151sz\u00f6r tiszt\u00edtj\u00e1k, majd hagyom\u00e1nyos mechanikus elj\u00e1r\u00e1ssal pr\u00e9selik. Az \u00edgy kapott olaj semmihez sem hasonl\u00edthat\u00f3 \u00e1llag\u00fa, \u00edz\u0171 \u00e9s \u00f6sszet\u00e9tel\u0171, sz\u0171z t\u00f6kmagolaj.<\/p>\n<p><em>A hidegen sajtol\u00e1si folyamat l\u00e9p\u00e9sei:<\/em><\/p>\n<ol>\n<li>A tiszt\u00edtott magvak a csig\u00e1s pr\u00e9sg\u00e9pbe ker\u00fclnek, ahol megt\u00f6rt\u00e9nik a mechanikai sajtol\u00e1s. Ebben az elj\u00e1r\u00e1sban a magvak h\u0151m\u00e9rs\u00e9klete nem emelkedhet 40 Celsius fok f\u00f6l\u00e9, mert csak \u00edgy garant\u00e1lhat\u00f3, hogy az \u00e9rt\u00e9kes t\u00e1panyagok s\u00e9rtetlen\u00fcl a magokban maradnak.<\/li>\n<li>A pr\u00e9sg\u00e9pek seg\u00edts\u00e9g\u00e9vel kinyert nyersolaj egy keretes sz\u0171r\u0151berendez\u00e9sbe ker\u00fcl. Ezut\u00e1n a nyersolajat 8-10 Celsius fokra h\u0171tik egy \u00fan. viasztalan\u00edt\u00f3 seg\u00edts\u00e9g\u00e9vel, majd \u00fajabb k\u00f6r sz\u0171r\u00e9sre ker\u00fcl sor.<\/li>\n<li>A k\u00e9tszer sz\u0171rt, sz\u0171z t\u00f6kmagolaj ezut\u00e1n palackoz\u00e1sra ker\u00fcl, k\u00e9szen arra, hogy otthonodba \u00e9rkezzen.<\/li>\n<\/ol>\n<p>&nbsp;<\/p>\n<h3><span class=\"bluetxt\">A t\u00f6kmagolaj haszn\u00e1lat\u00e1nak el\u0151nyei<\/span><\/h3>\n<p>A t\u00f6kmagolaj rendszeres alkalmaz\u00e1s\u00e1nak sz\u00e1mos eg\u00e9szs\u00e9g\u00fcgyi el\u0151nye van, melyek k\u00f6z\u00fcl n\u00e9h\u00e1ny a hossz\u00fa ideje val\u00f3 alkalmaz\u00e1son, egy r\u00e9sze pedig k\u00fcl\u00f6nf\u00e9le kutat\u00e1si eredm\u00e9nyeken alapul.<\/p>\n<ul>\n<li>A t\u00f6kmagolajban nagy mennyis\u00e9gben tal\u00e1lhat\u00f3 hidroxi-triptof\u00e1n \u00e9s triptof\u00e1n, melyeket a <a href=\"https:\/\/www.sciencedirect.com\/science\/article\/pii\/S2468227620303136\">tudom\u00e1ny<\/a> potenci\u00e1lis antidepressz\u00e1ns vegy\u00fcletk\u00e9nt tart sz\u00e1mon. Rendszeres fogyaszt\u00e1suk v\u00e9lhet\u0151en seg\u00edti a prevenci\u00f3t \u00e9s t\u00e1mogatja a pszich\u00e9s egyens\u00faly fenntart\u00e1s\u00e1t.<\/li>\n<li>Egy <a href=\"https:\/\/pmc.ncbi.nlm.nih.gov\/articles\/PMC4017725\/\">vizsg\u00e1lat<\/a>ban a t\u00f6kmagolaj hajn\u00f6veked\u00e9sre val\u00f3 hat\u00e1sait vizsg\u00e1lt\u00e1k. Az eredm\u00e9nyek szerint azokn\u00e1l a f\u00e9rfiakn\u00e1l, akik 24 h\u00e9ten \u00e1t naponta 400 milligramm t\u00f6kmagolajat szedtek, 40 sz\u00e1zal\u00e9kos hajn\u00f6veked\u00e9s volt megfigyelhet\u0151, szemben a placebo csoportba tartoz\u00f3 r\u00e9sztvev\u0151k 10 sz\u00e1zal\u00e9kos hajn\u00f6veked\u00e9s\u00e9vel. Egy m\u00e1sik kutat\u00e1sban a t\u00f6kmagolaj egereken val\u00f3 alkalmaz\u00e1s\u00e1n kereszt\u00fcl folytattak sz\u0151rn\u00f6veked\u00e9si <a href=\"https:\/\/pmc.ncbi.nlm.nih.gov\/articles\/PMC6823528\/\">vizsg\u00e1lat<\/a>okat. Azt tal\u00e1lt\u00e1k, hogy a helyileg alkalmazott t\u00f6kmagolaj el\u0151seg\u00edtette a hajn\u00f6veked\u00e9st az egerekn\u00e9l, ez pedig r\u00e1mutat a f\u00e9rfias alopecia &#8211; azaz a kopaszod\u00e1s &#8211; alternat\u00edv kezel\u00e9si lehet\u0151s\u00e9geire.<\/li>\n<li>Egy 2019-es <a href=\"https:\/\/pubmed.ncbi.nlm.nih.gov\/31445363\/\">tanulm\u00e1ny<\/a> r\u00e1mutat, hogy a t\u00f6kmagolaj seg\u00edthet a magas v\u00e9rnyom\u00e1s megel\u0151z\u00e9s\u00e9ben \u00e9s kezel\u00e9s\u00e9ben a posztmenopauz\u00e1ban l\u00e9v\u0151 n\u0151k k\u00f6r\u00e9ben, mivel jav\u00edtja a v\u00e9rkering\u00e9st \u00e9s optimaliz\u00e1lja az art\u00e9ri\u00e1kban l\u00e9v\u0151 nyom\u00e1st.<\/li>\n<li>Egyes kutat\u00e1si <a href=\"https:\/\/www.sciencedirect.com\/science\/article\/pii\/S2468227620303136\">eredm\u00e9nyek<\/a> szerint a t\u00f6kmagolaj kedvez\u0151 hat\u00e1sokkal b\u00edr a prosztatabetegek kezel\u00e9s\u00e9ben. A kutat\u00f3k emellett komolyan vizsg\u00e1lj\u00e1k annak lehet\u0151s\u00e9g\u00e9t, hogy a t\u00f6kmagolaj enyh\u00edti a nem r\u00e1kos prosztata-megnagyobbod\u00e1ssal j\u00e1r\u00f3 j\u00f3indulat\u00fa prosztata hiperpl\u00e1zia (BPH) t\u00fcneteit. A t\u00f6kmagolaj mindemellett <a href=\"https:\/\/pmc.ncbi.nlm.nih.gov\/articles\/PMC8681145\/\">hasznos<\/a> lehet egyes h\u00fagy\u00fati megbeteged\u00e9sek, pl. a t\u00falm\u0171k\u00f6d\u0151 h\u00f3lyag eset\u00e9ben is.<\/li>\n<li>Kedvez\u0151ek a tapasztalatok a menopauz\u00e1n \u00e1tes\u0151 n\u0151k k\u00f6r\u00e9ben is. Egy <a href=\"https:\/\/pmc.ncbi.nlm.nih.gov\/articles\/PMC10886273\/\">kutat\u00e1s<\/a>ban a t\u00f6kmagolaj antioxid\u00e1ns tulajdons\u00e1gait vizsg\u00e1lt\u00e1k petef\u00e9szek n\u00e9lk\u00fcli patk\u00e1nyok bevon\u00e1s\u00e1val. Azt tal\u00e1lt\u00e1k, hogy a menopauza t\u00fcnetei &#8211; pl. akaratlan s\u00falygyarapod\u00e1s, n\u00f6vekv\u0151 oxidat\u00edv stressz, gyullad\u00e1sos megbeteged\u00e9sek \u00e9s\/vagy csontritkul\u00e1s kialakul\u00e1sa, sz\u00edvbetegs\u00e9gek &#8211; jelent\u0151sen m\u00e9rs\u00e9kl\u0151dnek a rendszeres t\u00f6kmagolaj-fogyaszt\u00e1s hat\u00e1s\u00e1ra.<\/li>\n<\/ul>\n<h3><span class=\"bluetxt\">A t\u00f6kmagolaj gasztron\u00f3miai alkalmaz\u00e1sa<\/span><\/h3>\n<p>Ami eg\u00e9szs\u00e9ges, az nem felt\u00e9tlen\u00fcl finom. A t\u00f6kmagolaj ugyanakkor r\u00e1c\u00e1fol a hiedelmekre \u00e9s gazdag, telt \u00edzeivel ak\u00e1r egy szelet friss, ropog\u00f3s keny\u00e9rrel t\u00e1rs\u00edtva is igazi csemege.<\/p>\n<p>N\u00e9h\u00e1ny \u00f6tlet a napi egy ev\u0151kan\u00e1l t\u00f6kmagolaj elfogyaszt\u00e1s\u00e1hoz:<\/p>\n<ul>\n<li>Adhatjuk kr\u00e9mlevesekhez dekor\u00e1ci\u00f3k\u00e9nt \u00e9s az \u00edzek gazdag\u00edt\u00e1s\u00e1ra.<\/li>\n<li>K\u00e9sz\u00edthet\u00fcnk bel\u0151le <strong>dresszing<\/strong>et sal\u00e1t\u00e1kra, mely esetben 4 ek t\u00f6kmagolajhoz adjunk 8 ek vizet, 1 ek must\u00e1rt, 4 ek citromlevet, s\u00f3t, borsot, 1 gerezd fokhagym\u00e1t, 1 csipet cukrot \u00e9s s\u00f3t, borsot \u00edzl\u00e9s szerint.<\/li>\n<li>Adhatjuk <strong>peszt\u00f3<\/strong>khoz, humuszhoz \u00e9s m\u00e1s kenc\u00e9khez, valamint ak\u00e1r tejf\u00f6lh\u00f6z, s\u00f3s s\u00fctem\u00e9nyekhez is.<\/li>\n<li>2 r\u00e9sz t\u00f6kmagolajat 1 r\u00e9sz napraforg\u00f3olajjal \u00e9s 1 r\u00e9sz ol\u00edvaolajjal keverve k\u00e9nyeztet\u0151 <strong>h\u00e1zi massz\u00e1zsolaj<\/strong>at is k\u00e9sz\u00edthet\u00fcnk.<\/li>\n<li>25 ml ol\u00edvaolaj \u00e9s 25 ml t\u00f6kmagolaj haszn\u00e1lat\u00e1val gazdag <strong>hajpakol\u00e1s<\/strong> j\u00f6n l\u00e9tre, mely a sz\u00e1raz, sokat l\u00e1tott hajat is m\u00e9lyen \u00e1polja majd.<\/li>\n<\/ul>\n","protected":false},"excerpt":{"rendered":"<div id=\"product_desc\" class=\"elementor-element elementor-element-dca84d2 elementor-widget elementor-widget-woocommerce-product-short-description\" data-id=\"dca84d2\" data-element_type=\"widget\" data-widget_type=\"woocommerce-product-short-description.default\">\n<div class=\"elementor-widget-container\">\n<div class=\"woocommerce-product-details__short-description\">\n<p><strong>Hidegen sajtolt t\u00f6kmagolaj<\/strong>\u00a0\u2013 100%-ban magyar t\u00f6kmagb\u00f3l k\u00e9sz\u00fclt, val\u00f3di hidegen sajtolt t\u00f6kmagolaj. A k\u00edm\u00e9letes hidegsajtol\u00e1si elj\u00e1r\u00e1snak k\u00f6sz\u00f6nhet\u0151en az olaj meg\u0151rzi a t\u00f6kmag term\u00e9szetes, gazdag \u00edz\u00e9t \u00e9s \u00e9rt\u00e9kes t\u00e1panyagait. Nem tartalmaz vegyszereket, old\u00f3szereket vagy adal\u00e9kanyagokat, gazdag esszenci\u00e1lis,\u00a0<strong>tel\u00edtetlen zs\u00edrsavakban (Omega-3, Omega-6) \u00e9s E-vitaminban.\u00a0<\/strong>S\u00f6t\u00e9tz\u00f6ld sz\u00edne, kellemes di\u00f3s illata \u00e9s selymes text\u00far\u00e1ja t\u00f6k\u00e9letes kieg\u00e9sz\u00edt\u0151v\u00e9 teszi sal\u00e1t\u00e1khoz, p\u00e1cokhoz, szendvicsekhez, f\u0151zel\u00e9kekhez, kr\u00e9mlevesekhez vagy ak\u00e1r s\u00fclt z\u00f6lds\u00e9gekhez is.<\/p>\n<p><strong>Kiszerel\u00e9s:<\/strong>\u00a0500 ml<br \/>\n<strong>Sz\u00e1rmaz\u00e1si orsz\u00e1g:<\/strong> EU<\/p>\n<\/div>\n<\/div>\n<\/div>\n<div class=\"elementor-element elementor-element-9362874 elementor-icon-list--layout-traditional elementor-list-item-link-full_width elementor-widget elementor-widget-icon-list\" data-id=\"9362874\" data-element_type=\"widget\" data-widget_type=\"icon-list.default\">\n<div class=\"elementor-widget-container\">\n<ul class=\"elementor-icon-list-items\">\n<li class=\"elementor-icon-list-item\"><span class=\"elementor-icon-list-text\">Magyar-amerikai fejleszt\u00e9s<\/span><\/li>\n<li class=\"elementor-icon-list-item\"><span class=\"elementor-icon-list-text\">GMP \u00e9s HACCP szabv\u00e1ny szerint gy\u00e1rtva<\/span><\/li>\n<li class=\"elementor-icon-list-item\"><span class=\"elementor-icon-list-text\">Val\u00f3s magyarorsz\u00e1gi rakt\u00e1rk\u00e9szletr\u0151l<\/span><\/li>\n<\/ul>\n<p><img decoding=\"async\" class=\"alignnone size-full wp-image-826\" src=\"https:\/\/herbalkincsei.hu\/wp-content\/uploads\/2024\/03\/hand-holding-heart-solid.svg\" alt=\"\" \/>\u00a0 Term\u00e9keink gondosan v\u00e1logatott alapanyagokb\u00f3l k\u00e9sz\u00fclnek.<\/p>\n<p><img decoding=\"async\" class=\"alignnone size-full wp-image-825\" src=\"https:\/\/herbalkincsei.hu\/wp-content\/uploads\/2024\/03\/star-solid.svg\" alt=\"\" \/>\u00a0 \u00a0A term\u00e9kekre hazai garanci\u00e1t \u00e9s term\u00e9k szolg\u00e1ltat\u00e1st biztos\u00edtunk.<\/p>\n<p><img decoding=\"async\" class=\"alignnone size-full wp-image-823\" src=\"https:\/\/herbalkincsei.hu\/wp-content\/uploads\/2024\/03\/user-lock-solid.svg\" alt=\"\" \/>\u00a0Biztons\u00e1gos v\u00e9dett fizet\u00e9s.<\/p>\n<p><img decoding=\"async\" class=\"alignnone size-full wp-image-824\" src=\"https:\/\/herbalkincsei.hu\/wp-content\/uploads\/2024\/03\/truck-fast-solid.svg\" alt=\"\" \/>\u00a0Gyors kiszolg\u00e1l\u00e1s.<\/p>\n<\/div>\n<\/div>\n","protected":false},"featured_media":1584,"comment_status":"closed","ping_status":"closed","template":"","meta":[],"product_brand":[223],"product_cat":[15,19,171],"product_tag":[],"class_list":{"0":"post-1585","1":"product","2":"type-product","3":"status-publish","4":"has-post-thumbnail","6":"product_brand-usamedical","7":"product_cat-egyeb","8":"product_cat-minden-termek","9":"product_cat-usamedical","10":"product_shipping_class-hu","12":"first","13":"instock","14":"purchasable","15":"product-type-simple","16":"add-to-wishlist-before_image","17":"customify-col","18":"product-has-gallery"},"yoast_head":"<!-- This site is optimized with the Yoast SEO plugin v27.4 - https:\/\/yoast.com\/product\/yoast-seo-wordpress\/ -->\n<title>T\u00f6kmagolaj \u2013 100% kuns\u00e1gi sz\u0171z 500 ml - Herb\u00e1lkincsei<\/title>\n<meta name=\"description\" content=\"t\u00f6kmag olaj\" \/>\n<meta name=\"robots\" content=\"index, follow, max-snippet:-1, max-image-preview:large, max-video-preview:-1\" \/>\n<link rel=\"canonical\" href=\"https:\/\/herbalkincsei.hu\/index.php\/termek\/tokmagolaj-100-kunsagi-szuz-500-ml\/\" \/>\n<meta property=\"og:locale\" content=\"hu_HU\" \/>\n<meta property=\"og:type\" content=\"article\" \/>\n<meta property=\"og:title\" content=\"T\u00f6kmagolaj \u2013 100% kuns\u00e1gi sz\u0171z 500 ml - Herb\u00e1lkincsei\" \/>\n<meta property=\"og:description\" content=\"t\u00f6kmag olaj\" \/>\n<meta property=\"og:url\" content=\"https:\/\/herbalkincsei.hu\/index.php\/termek\/tokmagolaj-100-kunsagi-szuz-500-ml\/\" \/>\n<meta property=\"og:site_name\" content=\"Herb\u00e1lkincsei\" \/>\n<meta property=\"article:modified_time\" content=\"2025-09-19T15:38:27+00:00\" \/>\n<meta property=\"og:image\" content=\"https:\/\/herbalkincsei.hu\/wp-content\/uploads\/2025\/09\/0209202568b6cd43580ee.jpeg?wsr\" \/>\n\t<meta property=\"og:image:width\" content=\"800\" \/>\n\t<meta property=\"og:image:height\" content=\"960\" \/>\n\t<meta property=\"og:image:type\" content=\"image\/jpeg\" \/>\n<meta name=\"twitter:card\" content=\"summary_large_image\" \/>\n<meta name=\"twitter:label1\" content=\"Becs\u00fclt olvas\u00e1si id\u0151\" \/>\n\t<meta name=\"twitter:data1\" content=\"4 perc\" \/>\n<script type=\"application\/ld+json\" class=\"yoast-schema-graph\">{\"@context\":\"https:\\\/\\\/schema.org\",\"@graph\":[{\"@type\":\"WebPage\",\"@id\":\"https:\\\/\\\/herbalkincsei.hu\\\/index.php\\\/termek\\\/tokmagolaj-100-kunsagi-szuz-500-ml\\\/\",\"url\":\"https:\\\/\\\/herbalkincsei.hu\\\/index.php\\\/termek\\\/tokmagolaj-100-kunsagi-szuz-500-ml\\\/\",\"name\":\"T\u00f6kmagolaj \u2013 100% kuns\u00e1gi sz\u0171z 500 ml - Herb\u00e1lkincsei\",\"isPartOf\":{\"@id\":\"https:\\\/\\\/herbalkincsei.hu\\\/#website\"},\"primaryImageOfPage\":{\"@id\":\"https:\\\/\\\/herbalkincsei.hu\\\/index.php\\\/termek\\\/tokmagolaj-100-kunsagi-szuz-500-ml\\\/#primaryimage\"},\"image\":{\"@id\":\"https:\\\/\\\/herbalkincsei.hu\\\/index.php\\\/termek\\\/tokmagolaj-100-kunsagi-szuz-500-ml\\\/#primaryimage\"},\"thumbnailUrl\":\"https:\\\/\\\/herbalkincsei.hu\\\/wp-content\\\/uploads\\\/2025\\\/09\\\/0209202568b6cd43580ee.jpeg?wsr\",\"datePublished\":\"2025-09-02T10:56:03+00:00\",\"dateModified\":\"2025-09-19T15:38:27+00:00\",\"description\":\"t\u00f6kmag olaj\",\"breadcrumb\":{\"@id\":\"https:\\\/\\\/herbalkincsei.hu\\\/index.php\\\/termek\\\/tokmagolaj-100-kunsagi-szuz-500-ml\\\/#breadcrumb\"},\"inLanguage\":\"hu\",\"potentialAction\":[{\"@type\":\"ReadAction\",\"target\":[\"https:\\\/\\\/herbalkincsei.hu\\\/index.php\\\/termek\\\/tokmagolaj-100-kunsagi-szuz-500-ml\\\/\"]}]},{\"@type\":\"ImageObject\",\"inLanguage\":\"hu\",\"@id\":\"https:\\\/\\\/herbalkincsei.hu\\\/index.php\\\/termek\\\/tokmagolaj-100-kunsagi-szuz-500-ml\\\/#primaryimage\",\"url\":\"https:\\\/\\\/herbalkincsei.hu\\\/wp-content\\\/uploads\\\/2025\\\/09\\\/0209202568b6cd43580ee.jpeg?wsr\",\"contentUrl\":\"https:\\\/\\\/herbalkincsei.hu\\\/wp-content\\\/uploads\\\/2025\\\/09\\\/0209202568b6cd43580ee.jpeg?wsr\",\"width\":800,\"height\":960},{\"@type\":\"BreadcrumbList\",\"@id\":\"https:\\\/\\\/herbalkincsei.hu\\\/index.php\\\/termek\\\/tokmagolaj-100-kunsagi-szuz-500-ml\\\/#breadcrumb\",\"itemListElement\":[{\"@type\":\"ListItem\",\"position\":1,\"name\":\"Kezd\u0151lap\",\"item\":\"https:\\\/\\\/herbalkincsei.hu\\\/\"},{\"@type\":\"ListItem\",\"position\":2,\"name\":\"\u00dczlet\",\"item\":\"https:\\\/\\\/herbalkincsei.hu\\\/index.php\\\/uzlet\\\/\"},{\"@type\":\"ListItem\",\"position\":3,\"name\":\"T\u00f6kmagolaj \u2013 100% kuns\u00e1gi sz\u0171z 500 ml\"}]},{\"@type\":\"WebSite\",\"@id\":\"https:\\\/\\\/herbalkincsei.hu\\\/#website\",\"url\":\"https:\\\/\\\/herbalkincsei.hu\\\/\",\"name\":\"herbalkincsei.hu\",\"description\":\"Ahol az eg\u00e9szs\u00e9g a c\u00e9l.\",\"publisher\":{\"@id\":\"https:\\\/\\\/herbalkincsei.hu\\\/#organization\"},\"potentialAction\":[{\"@type\":\"SearchAction\",\"target\":{\"@type\":\"EntryPoint\",\"urlTemplate\":\"https:\\\/\\\/herbalkincsei.hu\\\/?s={search_term_string}\"},\"query-input\":{\"@type\":\"PropertyValueSpecification\",\"valueRequired\":true,\"valueName\":\"search_term_string\"}}],\"inLanguage\":\"hu\"},{\"@type\":\"Organization\",\"@id\":\"https:\\\/\\\/herbalkincsei.hu\\\/#organization\",\"name\":\"Herb\u00e1lkincsei\",\"url\":\"https:\\\/\\\/herbalkincsei.hu\\\/\",\"logo\":{\"@type\":\"ImageObject\",\"inLanguage\":\"hu\",\"@id\":\"https:\\\/\\\/herbalkincsei.hu\\\/#\\\/schema\\\/logo\\\/image\\\/\",\"url\":\"https:\\\/\\\/herbalkincsei.hu\\\/wp-content\\\/uploads\\\/2024\\\/02\\\/cropped-Green-Leaf-Aromatherapy-Logo-400-\u00d7-135-keppont.png?wsr\",\"contentUrl\":\"https:\\\/\\\/herbalkincsei.hu\\\/wp-content\\\/uploads\\\/2024\\\/02\\\/cropped-Green-Leaf-Aromatherapy-Logo-400-\u00d7-135-keppont.png?wsr\",\"width\":400,\"height\":135,\"caption\":\"Herb\u00e1lkincsei\"},\"image\":{\"@id\":\"https:\\\/\\\/herbalkincsei.hu\\\/#\\\/schema\\\/logo\\\/image\\\/\"}}]}<\/script>\n<!-- \/ Yoast SEO plugin. -->","yoast_head_json":{"title":"T\u00f6kmagolaj \u2013 100% kuns\u00e1gi sz\u0171z 500 ml - Herb\u00e1lkincsei","description":"t\u00f6kmag olaj","robots":{"index":"index","follow":"follow","max-snippet":"max-snippet:-1","max-image-preview":"max-image-preview:large","max-video-preview":"max-video-preview:-1"},"canonical":"https:\/\/herbalkincsei.hu\/index.php\/termek\/tokmagolaj-100-kunsagi-szuz-500-ml\/","og_locale":"hu_HU","og_type":"article","og_title":"T\u00f6kmagolaj \u2013 100% kuns\u00e1gi sz\u0171z 500 ml - Herb\u00e1lkincsei","og_description":"t\u00f6kmag olaj","og_url":"https:\/\/herbalkincsei.hu\/index.php\/termek\/tokmagolaj-100-kunsagi-szuz-500-ml\/","og_site_name":"Herb\u00e1lkincsei","article_modified_time":"2025-09-19T15:38:27+00:00","og_image":[{"width":800,"height":960,"url":"https:\/\/herbalkincsei.hu\/wp-content\/uploads\/2025\/09\/0209202568b6cd43580ee.jpeg?wsr","type":"image\/jpeg"}],"twitter_card":"summary_large_image","twitter_misc":{"Becs\u00fclt olvas\u00e1si id\u0151":"4 perc"},"schema":{"@context":"https:\/\/schema.org","@graph":[{"@type":"WebPage","@id":"https:\/\/herbalkincsei.hu\/index.php\/termek\/tokmagolaj-100-kunsagi-szuz-500-ml\/","url":"https:\/\/herbalkincsei.hu\/index.php\/termek\/tokmagolaj-100-kunsagi-szuz-500-ml\/","name":"T\u00f6kmagolaj \u2013 100% kuns\u00e1gi sz\u0171z 500 ml - Herb\u00e1lkincsei","isPartOf":{"@id":"https:\/\/herbalkincsei.hu\/#website"},"primaryImageOfPage":{"@id":"https:\/\/herbalkincsei.hu\/index.php\/termek\/tokmagolaj-100-kunsagi-szuz-500-ml\/#primaryimage"},"image":{"@id":"https:\/\/herbalkincsei.hu\/index.php\/termek\/tokmagolaj-100-kunsagi-szuz-500-ml\/#primaryimage"},"thumbnailUrl":"https:\/\/herbalkincsei.hu\/wp-content\/uploads\/2025\/09\/0209202568b6cd43580ee.jpeg?wsr","datePublished":"2025-09-02T10:56:03+00:00","dateModified":"2025-09-19T15:38:27+00:00","description":"t\u00f6kmag olaj","breadcrumb":{"@id":"https:\/\/herbalkincsei.hu\/index.php\/termek\/tokmagolaj-100-kunsagi-szuz-500-ml\/#breadcrumb"},"inLanguage":"hu","potentialAction":[{"@type":"ReadAction","target":["https:\/\/herbalkincsei.hu\/index.php\/termek\/tokmagolaj-100-kunsagi-szuz-500-ml\/"]}]},{"@type":"ImageObject","inLanguage":"hu","@id":"https:\/\/herbalkincsei.hu\/index.php\/termek\/tokmagolaj-100-kunsagi-szuz-500-ml\/#primaryimage","url":"https:\/\/herbalkincsei.hu\/wp-content\/uploads\/2025\/09\/0209202568b6cd43580ee.jpeg?wsr","contentUrl":"https:\/\/herbalkincsei.hu\/wp-content\/uploads\/2025\/09\/0209202568b6cd43580ee.jpeg?wsr","width":800,"height":960},{"@type":"BreadcrumbList","@id":"https:\/\/herbalkincsei.hu\/index.php\/termek\/tokmagolaj-100-kunsagi-szuz-500-ml\/#breadcrumb","itemListElement":[{"@type":"ListItem","position":1,"name":"Kezd\u0151lap","item":"https:\/\/herbalkincsei.hu\/"},{"@type":"ListItem","position":2,"name":"\u00dczlet","item":"https:\/\/herbalkincsei.hu\/index.php\/uzlet\/"},{"@type":"ListItem","position":3,"name":"T\u00f6kmagolaj \u2013 100% kuns\u00e1gi sz\u0171z 500 ml"}]},{"@type":"WebSite","@id":"https:\/\/herbalkincsei.hu\/#website","url":"https:\/\/herbalkincsei.hu\/","name":"herbalkincsei.hu","description":"Ahol az eg\u00e9szs\u00e9g a c\u00e9l.","publisher":{"@id":"https:\/\/herbalkincsei.hu\/#organization"},"potentialAction":[{"@type":"SearchAction","target":{"@type":"EntryPoint","urlTemplate":"https:\/\/herbalkincsei.hu\/?s={search_term_string}"},"query-input":{"@type":"PropertyValueSpecification","valueRequired":true,"valueName":"search_term_string"}}],"inLanguage":"hu"},{"@type":"Organization","@id":"https:\/\/herbalkincsei.hu\/#organization","name":"Herb\u00e1lkincsei","url":"https:\/\/herbalkincsei.hu\/","logo":{"@type":"ImageObject","inLanguage":"hu","@id":"https:\/\/herbalkincsei.hu\/#\/schema\/logo\/image\/","url":"https:\/\/herbalkincsei.hu\/wp-content\/uploads\/2024\/02\/cropped-Green-Leaf-Aromatherapy-Logo-400-\u00d7-135-keppont.png?wsr","contentUrl":"https:\/\/herbalkincsei.hu\/wp-content\/uploads\/2024\/02\/cropped-Green-Leaf-Aromatherapy-Logo-400-\u00d7-135-keppont.png?wsr","width":400,"height":135,"caption":"Herb\u00e1lkincsei"},"image":{"@id":"https:\/\/herbalkincsei.hu\/#\/schema\/logo\/image\/"}}]}},"_links":{"self":[{"href":"https:\/\/herbalkincsei.hu\/index.php\/wp-json\/wp\/v2\/product\/1585","targetHints":{"allow":["GET"]}}],"collection":[{"href":"https:\/\/herbalkincsei.hu\/index.php\/wp-json\/wp\/v2\/product"}],"about":[{"href":"https:\/\/herbalkincsei.hu\/index.php\/wp-json\/wp\/v2\/types\/product"}],"replies":[{"embeddable":true,"href":"https:\/\/herbalkincsei.hu\/index.php\/wp-json\/wp\/v2\/comments?post=1585"}],"wp:featuredmedia":[{"embeddable":true,"href":"https:\/\/herbalkincsei.hu\/index.php\/wp-json\/wp\/v2\/media\/1584"}],"wp:attachment":[{"href":"https:\/\/herbalkincsei.hu\/index.php\/wp-json\/wp\/v2\/media?parent=1585"}],"wp:term":[{"taxonomy":"product_brand","embeddable":true,"href":"https:\/\/herbalkincsei.hu\/index.php\/wp-json\/wp\/v2\/product_brand?post=1585"},{"taxonomy":"product_cat","embeddable":true,"href":"https:\/\/herbalkincsei.hu\/index.php\/wp-json\/wp\/v2\/product_cat?post=1585"},{"taxonomy":"product_tag","embeddable":true,"href":"https:\/\/herbalkincsei.hu\/index.php\/wp-json\/wp\/v2\/product_tag?post=1585"}],"curies":[{"name":"wp","href":"https:\/\/api.w.org\/{rel}","templated":true}]}}