{"id":9,"date":"2024-02-05T17:05:33","date_gmt":"2024-02-05T16:05:33","guid":{"rendered":"https:\/\/herbalkincsei.hu\/index.php\/kosar\/"},"modified":"2024-02-05T17:05:33","modified_gmt":"2024-02-05T16:05:33","slug":"kosar","status":"publish","type":"page","link":"https:\/\/herbalkincsei.hu\/index.php\/kosar\/","title":{"rendered":"Kos\u00e1r"},"content":{"rendered":"\n<div data-block-name=\"woocommerce\/cart\" class=\"wp-block-woocommerce-cart alignwide is-loading\">\n<div data-block-name=\"woocommerce\/filled-cart-block\" class=\"wp-block-woocommerce-filled-cart-block\">\n<div data-block-name=\"woocommerce\/cart-items-block\" class=\"wp-block-woocommerce-cart-items-block\">\n<div data-block-name=\"woocommerce\/cart-line-items-block\" class=\"wp-block-woocommerce-cart-line-items-block\"><\/div>\n\n\n\n<div data-block-name=\"woocommerce\/cart-cross-sells-block\" class=\"wp-block-woocommerce-cart-cross-sells-block\">\n<h2 class=\"wp-block-heading has-large-font-size\">Tal\u00e1n \u00e9rdekelhetnek ezek&#8230;<\/h2>\n\n\n\n<div data-block-name=\"woocommerce\/cart-cross-sells-products-block\" class=\"wp-block-woocommerce-cart-cross-sells-products-block\"><\/div>\n<\/div>\n<\/div>\n\n\n\n<div data-block-name=\"woocommerce\/cart-totals-block\" class=\"wp-block-woocommerce-cart-totals-block\">\n<div data-block-name=\"woocommerce\/cart-order-summary-block\" class=\"wp-block-woocommerce-cart-order-summary-block\">\n<div data-block-name=\"woocommerce\/cart-order-summary-heading-block\" class=\"wp-block-woocommerce-cart-order-summary-heading-block\"><\/div><div data-block-name=\"woocommerce\/cart-order-summary-coupon-form-block\" class=\"wp-block-woocommerce-cart-order-summary-coupon-form-block\"><\/div><div data-block-name=\"woocommerce\/cart-order-summary-totals-block\" class=\"wp-block-woocommerce-cart-order-summary-totals-block\">\n<div data-block-name=\"woocommerce\/cart-order-summary-subtotal-block\" class=\"wp-block-woocommerce-cart-order-summary-subtotal-block\"><\/div>\n<div data-block-name=\"woocommerce\/cart-order-summary-discount-block\" class=\"wp-block-woocommerce-cart-order-summary-discount-block\"><\/div>\n<div data-block-name=\"woocommerce\/cart-order-summary-fee-block\" class=\"wp-block-woocommerce-cart-order-summary-fee-block\"><\/div>\n<div data-block-name=\"woocommerce\/cart-order-summary-shipping-block\" class=\"wp-block-woocommerce-cart-order-summary-shipping-block\"><\/div>\n<div data-block-name=\"woocommerce\/cart-order-summary-taxes-block\" class=\"wp-block-woocommerce-cart-order-summary-taxes-block\"><\/div><\/div>\n<\/div>\n\n\n\n<div data-block-name=\"woocommerce\/cart-express-payment-block\" class=\"wp-block-woocommerce-cart-express-payment-block\"><\/div>\n\n\n\n<div data-block-name=\"woocommerce\/proceed-to-checkout-block\" class=\"wp-block-woocommerce-proceed-to-checkout-block\"><\/div>\n\n\n\n<div data-block-name=\"woocommerce\/cart-accepted-payment-methods-block\" class=\"wp-block-woocommerce-cart-accepted-payment-methods-block\"><\/div>\n<\/div>\n<\/div>\n\n\n\n<div data-block-name=\"woocommerce\/empty-cart-block\" class=\"wp-block-woocommerce-empty-cart-block\">\n<h2 class=\"wp-block-heading has-text-align-center with-empty-cart-icon wc-block-cart__empty-cart__title\">Jelenleg \u00fcres a kosarad.<\/h2>\n\n\n\n<hr class=\"wp-block-separator has-alpha-channel-opacity is-style-dots\"\/>\n\n\n\n<h2 class=\"wp-block-heading has-text-align-center\">\u00dajdons\u00e1gok<\/h2>\n\n\n<div data-block-name=\"woocommerce\/product-new\" data-columns=\"4\" data-rows=\"1\" class=\"wc-block-grid wp-block-product-new wp-block-woocommerce-product-new wc-block-product-new has-4-columns\"><ul class=\"wc-block-grid__products\"><li class=\"wc-block-grid__product add-to-wishlist-before_image\">\n<div\n\tclass=\"yith-wcwl-add-to-wishlist add-to-wishlist-1786 yith-wcwl-add-to-wishlist--link-style wishlist-fragment on-first-load\"\n\tdata-fragment-ref=\"1786\"\n\tdata-fragment-options=\"{&quot;base_url&quot;:&quot;&quot;,&quot;product_id&quot;:1786,&quot;parent_product_id&quot;:0,&quot;product_type&quot;:&quot;simple&quot;,&quot;is_single&quot;:false,&quot;in_default_wishlist&quot;:false,&quot;show_view&quot;:false,&quot;browse_wishlist_text&quot;:&quot;Kedvencek megtekint\\u00e9se&quot;,&quot;already_in_wishslist_text&quot;:&quot;A term\\u00e9k m\\u00e1r hozz\\u00e1 lett adva!&quot;,&quot;product_added_text&quot;:&quot;Term\\u00e9k hozz\\u00e1adva a kedvenceimhez!&quot;,&quot;available_multi_wishlist&quot;:false,&quot;disable_wishlist&quot;:false,&quot;show_count&quot;:false,&quot;ajax_loading&quot;:false,&quot;loop_position&quot;:&quot;before_image&quot;,&quot;item&quot;:&quot;add_to_wishlist&quot;}\"\n>\n\t<\/div>\n<a href=\"https:\/\/herbalkincsei.hu\/index.php\/termek\/c-vitamin-1000-mg-retard-kapszula-60-db\/\" class=\"wc-block-grid__product-link\">\n\t\t\t\t\t\n\t\t\t\t\t<div class=\"wc-block-grid__product-image\"><img loading=\"lazy\" decoding=\"async\" width=\"300\" height=\"300\" src=\"https:\/\/herbalkincsei.hu\/wp-content\/uploads\/2025\/11\/C-vitamin_RETARD_2025.10.03-300x300.jpg?wsr\" class=\"attachment-woocommerce_thumbnail size-woocommerce_thumbnail\" alt=\"C-vitamin 1000 mg Retard kapszula 60 db\" srcset=\"https:\/\/herbalkincsei.hu\/wp-content\/uploads\/2025\/11\/C-vitamin_RETARD_2025.10.03-300x300.jpg 300w, https:\/\/herbalkincsei.hu\/wp-content\/uploads\/2025\/11\/C-vitamin_RETARD_2025.10.03-150x150.jpg 150w, https:\/\/herbalkincsei.hu\/wp-content\/uploads\/2025\/11\/C-vitamin_RETARD_2025.10.03-100x100.jpg 100w\" sizes=\"auto, (max-width: 300px) 100vw, 300px\" \/><\/div>\n\t\t\t\t\t<div class=\"wc-block-grid__product-title\">C-vitamin 1000 mg Retard kapszula 60 db<\/div>\n\t\t\t\t<\/a>\n\t\t\t\t<div class=\"wc-block-grid__product-price price\"><span class=\"woocommerce-Price-amount amount\">5 500&nbsp;<span class=\"woocommerce-Price-currencySymbol\">&#070;&#116;<\/span><\/span><\/div>\n\t\t\t\t\n\t\t\t\t<div class=\"wp-block-button wc-block-grid__product-add-to-cart\"><a href=\"\/index.php\/wp-json\/wp\/v2\/pages\/9?add-to-cart=1786\" aria-label=\"Kos\u00e1rba: &ldquo;C-vitamin 1000 mg Retard kapszula 60 db&rdquo;\" data-quantity=\"1\" data-product_id=\"1786\" data-product_sku=\"\" data-price=\"5500\" rel=\"nofollow\" class=\"wp-block-button__link  add_to_cart_button ajax_add_to_cart\">Kos\u00e1rba teszem<\/a><\/div>\n\t\t\t<i class='fupi_prod_data fupi_woo_block_teasers' style='display:none !important;' data-id='1786' data-data='{&quot;id&quot;:1786,&quot;parent_id&quot;:false,&quot;sku&quot;:&quot;&quot;,&quot;parent_sku&quot;:false,&quot;name&quot;:&quot;C-vitamin 1000 mg Retard kapszula 60 db&quot;,&quot;parent_name&quot;:false,&quot;type&quot;:&quot;simple&quot;,&quot;price&quot;:5500,&quot;categories&quot;:[&quot;\\u00c9trend kieg\\u00e9sz\\u00edt\\u0151k&quot;,&quot;USAMedical&quot;,&quot;Vitaminok \\u00e9s \\u00e1sv\\u00e1nyi anyagok&quot;],&quot;brand&quot;:[&quot;USA Medical&quot;]}'><\/i><\/li><li class=\"wc-block-grid__product add-to-wishlist-before_image\">\n<div\n\tclass=\"yith-wcwl-add-to-wishlist add-to-wishlist-627 yith-wcwl-add-to-wishlist--link-style wishlist-fragment on-first-load\"\n\tdata-fragment-ref=\"627\"\n\tdata-fragment-options=\"{&quot;base_url&quot;:&quot;&quot;,&quot;product_id&quot;:627,&quot;parent_product_id&quot;:0,&quot;product_type&quot;:&quot;simple&quot;,&quot;is_single&quot;:false,&quot;in_default_wishlist&quot;:false,&quot;show_view&quot;:false,&quot;browse_wishlist_text&quot;:&quot;Kedvencek megtekint\\u00e9se&quot;,&quot;already_in_wishslist_text&quot;:&quot;A term\\u00e9k m\\u00e1r hozz\\u00e1 lett adva!&quot;,&quot;product_added_text&quot;:&quot;Term\\u00e9k hozz\\u00e1adva a kedvenceimhez!&quot;,&quot;available_multi_wishlist&quot;:false,&quot;disable_wishlist&quot;:false,&quot;show_count&quot;:false,&quot;ajax_loading&quot;:false,&quot;loop_position&quot;:&quot;before_image&quot;,&quot;item&quot;:&quot;add_to_wishlist&quot;}\"\n>\n\t<\/div>\n<a href=\"https:\/\/herbalkincsei.hu\/index.php\/termek\/import-placeholder-for-865\/\" class=\"wc-block-grid__product-link\">\n\t\t\t\t\t\n\t\t\t\t\t<div class=\"wc-block-grid__product-image\"><img loading=\"lazy\" decoding=\"async\" width=\"300\" height=\"300\" src=\"https:\/\/herbalkincsei.hu\/wp-content\/uploads\/2024\/03\/KSM-66_Ashwagandha_350mg_glicin_USAmedical_20231-300x300.jpg?wsr\" class=\"attachment-woocommerce_thumbnail size-woocommerce_thumbnail\" alt=\"Ashwagandha\u00ae KSM66 kapszula glicinnel 60 db\" srcset=\"https:\/\/herbalkincsei.hu\/wp-content\/uploads\/2024\/03\/KSM-66_Ashwagandha_350mg_glicin_USAmedical_20231-300x300.jpg 300w, https:\/\/herbalkincsei.hu\/wp-content\/uploads\/2024\/03\/KSM-66_Ashwagandha_350mg_glicin_USAmedical_20231-100x100.jpg 100w, https:\/\/herbalkincsei.hu\/wp-content\/uploads\/2024\/03\/KSM-66_Ashwagandha_350mg_glicin_USAmedical_20231-150x150.jpg 150w\" sizes=\"auto, (max-width: 300px) 100vw, 300px\" \/><\/div>\n\t\t\t\t\t<div class=\"wc-block-grid__product-title\">Ashwagandha\u00ae KSM66 kapszula glicinnel 60 db<\/div>\n\t\t\t\t<\/a>\n\t\t\t\t<div class=\"wc-block-grid__product-price price\"><span class=\"woocommerce-Price-amount amount\">5 900&nbsp;<span class=\"woocommerce-Price-currencySymbol\">&#070;&#116;<\/span><\/span><\/div>\n\t\t\t\t\n\t\t\t\t<div class=\"wp-block-button wc-block-grid__product-add-to-cart\"><a href=\"\/index.php\/wp-json\/wp\/v2\/pages\/9?add-to-cart=627\" aria-label=\"Kos\u00e1rba: &ldquo;Ashwagandha\u00ae KSM66 kapszula glicinnel 60 db&rdquo;\" data-quantity=\"1\" data-product_id=\"627\" data-product_sku=\"27886\" data-price=\"5900\" rel=\"nofollow\" class=\"wp-block-button__link  add_to_cart_button ajax_add_to_cart\">Kos\u00e1rba teszem<\/a><\/div>\n\t\t\t<i class='fupi_prod_data fupi_woo_block_teasers' style='display:none !important;' data-id='627' data-data='{&quot;id&quot;:627,&quot;parent_id&quot;:false,&quot;sku&quot;:&quot;27886&quot;,&quot;parent_sku&quot;:false,&quot;name&quot;:&quot;Ashwagandha\\u00ae KSM66 kapszula glicinnel 60 db&quot;,&quot;parent_name&quot;:false,&quot;type&quot;:&quot;simple&quot;,&quot;price&quot;:5900,&quot;categories&quot;:[&quot;\\u00c9trend kieg\\u00e9sz\\u00edt\\u0151k&quot;,&quot;Idegrendszer&quot;,&quot;Minden term\\u00e9k&quot;,&quot;N\\u00f6v\\u00e9nyi kivonatok&quot;,&quot;USAMedical&quot;],&quot;brand&quot;:[&quot;USA Medical&quot;]}'><\/i><\/li><li class=\"wc-block-grid__product add-to-wishlist-before_image\">\n<div\n\tclass=\"yith-wcwl-add-to-wishlist add-to-wishlist-604 yith-wcwl-add-to-wishlist--link-style wishlist-fragment on-first-load\"\n\tdata-fragment-ref=\"604\"\n\tdata-fragment-options=\"{&quot;base_url&quot;:&quot;&quot;,&quot;product_id&quot;:604,&quot;parent_product_id&quot;:0,&quot;product_type&quot;:&quot;simple&quot;,&quot;is_single&quot;:false,&quot;in_default_wishlist&quot;:false,&quot;show_view&quot;:false,&quot;browse_wishlist_text&quot;:&quot;Kedvencek megtekint\\u00e9se&quot;,&quot;already_in_wishslist_text&quot;:&quot;A term\\u00e9k m\\u00e1r hozz\\u00e1 lett adva!&quot;,&quot;product_added_text&quot;:&quot;Term\\u00e9k hozz\\u00e1adva a kedvenceimhez!&quot;,&quot;available_multi_wishlist&quot;:false,&quot;disable_wishlist&quot;:false,&quot;show_count&quot;:false,&quot;ajax_loading&quot;:false,&quot;loop_position&quot;:&quot;before_image&quot;,&quot;item&quot;:&quot;add_to_wishlist&quot;}\"\n>\n\t<\/div>\n<a href=\"https:\/\/herbalkincsei.hu\/index.php\/termek\/import-placeholder-for-822\/\" class=\"wc-block-grid__product-link\">\n\t\t\t\t\t\n\t\t\t\t\t<div class=\"wc-block-grid__product-image\"><img loading=\"lazy\" decoding=\"async\" width=\"300\" height=\"300\" src=\"https:\/\/herbalkincsei.hu\/wp-content\/uploads\/2024\/03\/2023_800x960_72_dpi_weboldalra_optimalizalt_b-12_vitaminolaj1-300x300.jpg?wsr\" class=\"attachment-woocommerce_thumbnail size-woocommerce_thumbnail\" alt=\"B-12 Komplex B-vitamin cseppek 30 ml\" srcset=\"https:\/\/herbalkincsei.hu\/wp-content\/uploads\/2024\/03\/2023_800x960_72_dpi_weboldalra_optimalizalt_b-12_vitaminolaj1-300x300.jpg 300w, https:\/\/herbalkincsei.hu\/wp-content\/uploads\/2024\/03\/2023_800x960_72_dpi_weboldalra_optimalizalt_b-12_vitaminolaj1-100x100.jpg 100w, https:\/\/herbalkincsei.hu\/wp-content\/uploads\/2024\/03\/2023_800x960_72_dpi_weboldalra_optimalizalt_b-12_vitaminolaj1-150x150.jpg 150w\" sizes=\"auto, (max-width: 300px) 100vw, 300px\" \/><\/div>\n\t\t\t\t\t<div class=\"wc-block-grid__product-title\">B-12 Komplex B-vitamin cseppek 30 ml<\/div>\n\t\t\t\t<\/a>\n\t\t\t\t<div class=\"wc-block-grid__product-price price\"><span class=\"woocommerce-Price-amount amount\">6 900&nbsp;<span class=\"woocommerce-Price-currencySymbol\">&#070;&#116;<\/span><\/span><\/div>\n\t\t\t\t\n\t\t\t\t<div class=\"wp-block-button wc-block-grid__product-add-to-cart\"><a href=\"\/index.php\/wp-json\/wp\/v2\/pages\/9?add-to-cart=604\" aria-label=\"Kos\u00e1rba: &ldquo;B-12 Komplex B-vitamin cseppek 30 ml&rdquo;\" data-quantity=\"1\" data-product_id=\"604\" data-product_sku=\"47569\" data-price=\"6900\" rel=\"nofollow\" class=\"wp-block-button__link  add_to_cart_button ajax_add_to_cart\">Kos\u00e1rba teszem<\/a><\/div>\n\t\t\t<i class='fupi_prod_data fupi_woo_block_teasers' style='display:none !important;' data-id='604' data-data='{&quot;id&quot;:604,&quot;parent_id&quot;:false,&quot;sku&quot;:&quot;47569&quot;,&quot;parent_sku&quot;:false,&quot;name&quot;:&quot;B-12 Komplex B-vitamin cseppek 30 ml&quot;,&quot;parent_name&quot;:false,&quot;type&quot;:&quot;simple&quot;,&quot;price&quot;:6900,&quot;categories&quot;:[&quot;\\u00c9trend kieg\\u00e9sz\\u00edt\\u0151k&quot;,&quot;Idegrendszer&quot;,&quot;Minden term\\u00e9k&quot;,&quot;Multivitaminok&quot;,&quot;USAMedical&quot;,&quot;Vitaminok \\u00e9s \\u00e1sv\\u00e1nyi anyagok&quot;],&quot;brand&quot;:[&quot;USA Medical&quot;]}'><\/i><\/li><li class=\"wc-block-grid__product add-to-wishlist-before_image\">\n<div\n\tclass=\"yith-wcwl-add-to-wishlist add-to-wishlist-1737 yith-wcwl-add-to-wishlist--link-style wishlist-fragment on-first-load\"\n\tdata-fragment-ref=\"1737\"\n\tdata-fragment-options=\"{&quot;base_url&quot;:&quot;&quot;,&quot;product_id&quot;:1737,&quot;parent_product_id&quot;:0,&quot;product_type&quot;:&quot;simple&quot;,&quot;is_single&quot;:false,&quot;in_default_wishlist&quot;:false,&quot;show_view&quot;:false,&quot;browse_wishlist_text&quot;:&quot;Kedvencek megtekint\\u00e9se&quot;,&quot;already_in_wishslist_text&quot;:&quot;A term\\u00e9k m\\u00e1r hozz\\u00e1 lett adva!&quot;,&quot;product_added_text&quot;:&quot;Term\\u00e9k hozz\\u00e1adva a kedvenceimhez!&quot;,&quot;available_multi_wishlist&quot;:false,&quot;disable_wishlist&quot;:false,&quot;show_count&quot;:false,&quot;ajax_loading&quot;:false,&quot;loop_position&quot;:&quot;before_image&quot;,&quot;item&quot;:&quot;add_to_wishlist&quot;}\"\n>\n\t<\/div>\n<a href=\"https:\/\/herbalkincsei.hu\/index.php\/termek\/extra-szuz-bio-olivaolaj-500-ml\/\" class=\"wc-block-grid__product-link\">\n\t\t\t\t\t\n\t\t\t\t\t<div class=\"wc-block-grid__product-image\"><img loading=\"lazy\" decoding=\"async\" width=\"300\" height=\"300\" src=\"https:\/\/herbalkincsei.hu\/wp-content\/uploads\/2025\/09\/0909202568c00d23e0a6e-300x300.jpeg?wsr\" class=\"attachment-woocommerce_thumbnail size-woocommerce_thumbnail\" alt=\"Extra sz\u0171z bio ol\u00edvaolaj 500 ml\" srcset=\"https:\/\/herbalkincsei.hu\/wp-content\/uploads\/2025\/09\/0909202568c00d23e0a6e-300x300.jpeg 300w, https:\/\/herbalkincsei.hu\/wp-content\/uploads\/2025\/09\/0909202568c00d23e0a6e-150x150.jpeg 150w, https:\/\/herbalkincsei.hu\/wp-content\/uploads\/2025\/09\/0909202568c00d23e0a6e-100x100.jpeg 100w\" sizes=\"auto, (max-width: 300px) 100vw, 300px\" \/><\/div>\n\t\t\t\t\t<div class=\"wc-block-grid__product-title\">Extra sz\u0171z bio ol\u00edvaolaj 500 ml<\/div>\n\t\t\t\t<\/a>\n\t\t\t\t<div class=\"wc-block-grid__product-price price\"><span class=\"woocommerce-Price-amount amount\">5 900&nbsp;<span class=\"woocommerce-Price-currencySymbol\">&#070;&#116;<\/span><\/span><\/div>\n\t\t\t\t\n\t\t\t\t<div class=\"wp-block-button wc-block-grid__product-add-to-cart\"><a href=\"\/index.php\/wp-json\/wp\/v2\/pages\/9?add-to-cart=1737\" aria-label=\"Kos\u00e1rba: &ldquo;Extra sz\u0171z bio ol\u00edvaolaj 500 ml&rdquo;\" data-quantity=\"1\" data-product_id=\"1737\" data-product_sku=\"245396\" data-price=\"5900\" rel=\"nofollow\" class=\"wp-block-button__link  add_to_cart_button ajax_add_to_cart\">Kos\u00e1rba teszem<\/a><\/div>\n\t\t\t<i class='fupi_prod_data fupi_woo_block_teasers' style='display:none !important;' data-id='1737' data-data='{&quot;id&quot;:1737,&quot;parent_id&quot;:false,&quot;sku&quot;:&quot;245396&quot;,&quot;parent_sku&quot;:false,&quot;name&quot;:&quot;Extra sz\\u0171z bio ol\\u00edvaolaj 500 ml&quot;,&quot;parent_name&quot;:false,&quot;type&quot;:&quot;simple&quot;,&quot;price&quot;:5900,&quot;categories&quot;:[&quot;Egy\\u00e9b&quot;,&quot;Minden term\\u00e9k&quot;,&quot;USAMedical&quot;],&quot;brand&quot;:[&quot;USA Medical&quot;]}'><\/i><\/li><\/ul><\/div><\/div>\n<\/div>\n","protected":false},"excerpt":{"rendered":"","protected":false},"author":1,"featured_media":0,"parent":0,"menu_order":0,"comment_status":"closed","ping_status":"closed","template":"","meta":{"footnotes":""},"class_list":["post-9","page","type-page","status-publish","hentry"],"yoast_head":"<!-- This site is optimized with the Yoast SEO plugin v27.4 - https:\/\/yoast.com\/product\/yoast-seo-wordpress\/ -->\n<title>Kos\u00e1r - Herb\u00e1lkincsei<\/title>\n<meta name=\"robots\" content=\"index, follow, max-snippet:-1, max-image-preview:large, max-video-preview:-1\" \/>\n<link rel=\"canonical\" href=\"https:\/\/herbalkincsei.hu\/index.php\/kosar\/\" \/>\n<meta property=\"og:locale\" content=\"hu_HU\" \/>\n<meta property=\"og:type\" content=\"article\" \/>\n<meta property=\"og:title\" content=\"Kos\u00e1r - Herb\u00e1lkincsei\" \/>\n<meta property=\"og:url\" content=\"https:\/\/herbalkincsei.hu\/index.php\/kosar\/\" \/>\n<meta property=\"og:site_name\" content=\"Herb\u00e1lkincsei\" \/>\n<meta name=\"twitter:card\" content=\"summary_large_image\" \/>\n<script type=\"application\/ld+json\" class=\"yoast-schema-graph\">{\"@context\":\"https:\\\/\\\/schema.org\",\"@graph\":[{\"@type\":\"WebPage\",\"@id\":\"https:\\\/\\\/herbalkincsei.hu\\\/index.php\\\/kosar\\\/\",\"url\":\"https:\\\/\\\/herbalkincsei.hu\\\/index.php\\\/kosar\\\/\",\"name\":\"Kos\u00e1r - Herb\u00e1lkincsei\",\"isPartOf\":{\"@id\":\"https:\\\/\\\/herbalkincsei.hu\\\/#website\"},\"datePublished\":\"2024-02-05T16:05:33+00:00\",\"breadcrumb\":{\"@id\":\"https:\\\/\\\/herbalkincsei.hu\\\/index.php\\\/kosar\\\/#breadcrumb\"},\"inLanguage\":\"hu\",\"potentialAction\":[{\"@type\":\"ReadAction\",\"target\":[\"https:\\\/\\\/herbalkincsei.hu\\\/index.php\\\/kosar\\\/\"]}]},{\"@type\":\"BreadcrumbList\",\"@id\":\"https:\\\/\\\/herbalkincsei.hu\\\/index.php\\\/kosar\\\/#breadcrumb\",\"itemListElement\":[{\"@type\":\"ListItem\",\"position\":1,\"name\":\"Kezd\u0151lap\",\"item\":\"https:\\\/\\\/herbalkincsei.hu\\\/\"},{\"@type\":\"ListItem\",\"position\":2,\"name\":\"Kos\u00e1r\"}]},{\"@type\":\"WebSite\",\"@id\":\"https:\\\/\\\/herbalkincsei.hu\\\/#website\",\"url\":\"https:\\\/\\\/herbalkincsei.hu\\\/\",\"name\":\"herbalkincsei.hu\",\"description\":\"Ahol az eg\u00e9szs\u00e9g a c\u00e9l.\",\"publisher\":{\"@id\":\"https:\\\/\\\/herbalkincsei.hu\\\/#organization\"},\"potentialAction\":[{\"@type\":\"SearchAction\",\"target\":{\"@type\":\"EntryPoint\",\"urlTemplate\":\"https:\\\/\\\/herbalkincsei.hu\\\/?s={search_term_string}\"},\"query-input\":{\"@type\":\"PropertyValueSpecification\",\"valueRequired\":true,\"valueName\":\"search_term_string\"}}],\"inLanguage\":\"hu\"},{\"@type\":\"Organization\",\"@id\":\"https:\\\/\\\/herbalkincsei.hu\\\/#organization\",\"name\":\"Herb\u00e1lkincsei\",\"url\":\"https:\\\/\\\/herbalkincsei.hu\\\/\",\"logo\":{\"@type\":\"ImageObject\",\"inLanguage\":\"hu\",\"@id\":\"https:\\\/\\\/herbalkincsei.hu\\\/#\\\/schema\\\/logo\\\/image\\\/\",\"url\":\"https:\\\/\\\/herbalkincsei.hu\\\/wp-content\\\/uploads\\\/2024\\\/02\\\/cropped-Green-Leaf-Aromatherapy-Logo-400-\u00d7-135-keppont.png?wsr\",\"contentUrl\":\"https:\\\/\\\/herbalkincsei.hu\\\/wp-content\\\/uploads\\\/2024\\\/02\\\/cropped-Green-Leaf-Aromatherapy-Logo-400-\u00d7-135-keppont.png?wsr\",\"width\":400,\"height\":135,\"caption\":\"Herb\u00e1lkincsei\"},\"image\":{\"@id\":\"https:\\\/\\\/herbalkincsei.hu\\\/#\\\/schema\\\/logo\\\/image\\\/\"}}]}<\/script>\n<!-- \/ Yoast SEO plugin. -->","yoast_head_json":{"title":"Kos\u00e1r - Herb\u00e1lkincsei","robots":{"index":"index","follow":"follow","max-snippet":"max-snippet:-1","max-image-preview":"max-image-preview:large","max-video-preview":"max-video-preview:-1"},"canonical":"https:\/\/herbalkincsei.hu\/index.php\/kosar\/","og_locale":"hu_HU","og_type":"article","og_title":"Kos\u00e1r - Herb\u00e1lkincsei","og_url":"https:\/\/herbalkincsei.hu\/index.php\/kosar\/","og_site_name":"Herb\u00e1lkincsei","twitter_card":"summary_large_image","schema":{"@context":"https:\/\/schema.org","@graph":[{"@type":"WebPage","@id":"https:\/\/herbalkincsei.hu\/index.php\/kosar\/","url":"https:\/\/herbalkincsei.hu\/index.php\/kosar\/","name":"Kos\u00e1r - Herb\u00e1lkincsei","isPartOf":{"@id":"https:\/\/herbalkincsei.hu\/#website"},"datePublished":"2024-02-05T16:05:33+00:00","breadcrumb":{"@id":"https:\/\/herbalkincsei.hu\/index.php\/kosar\/#breadcrumb"},"inLanguage":"hu","potentialAction":[{"@type":"ReadAction","target":["https:\/\/herbalkincsei.hu\/index.php\/kosar\/"]}]},{"@type":"BreadcrumbList","@id":"https:\/\/herbalkincsei.hu\/index.php\/kosar\/#breadcrumb","itemListElement":[{"@type":"ListItem","position":1,"name":"Kezd\u0151lap","item":"https:\/\/herbalkincsei.hu\/"},{"@type":"ListItem","position":2,"name":"Kos\u00e1r"}]},{"@type":"WebSite","@id":"https:\/\/herbalkincsei.hu\/#website","url":"https:\/\/herbalkincsei.hu\/","name":"herbalkincsei.hu","description":"Ahol az eg\u00e9szs\u00e9g a c\u00e9l.","publisher":{"@id":"https:\/\/herbalkincsei.hu\/#organization"},"potentialAction":[{"@type":"SearchAction","target":{"@type":"EntryPoint","urlTemplate":"https:\/\/herbalkincsei.hu\/?s={search_term_string}"},"query-input":{"@type":"PropertyValueSpecification","valueRequired":true,"valueName":"search_term_string"}}],"inLanguage":"hu"},{"@type":"Organization","@id":"https:\/\/herbalkincsei.hu\/#organization","name":"Herb\u00e1lkincsei","url":"https:\/\/herbalkincsei.hu\/","logo":{"@type":"ImageObject","inLanguage":"hu","@id":"https:\/\/herbalkincsei.hu\/#\/schema\/logo\/image\/","url":"https:\/\/herbalkincsei.hu\/wp-content\/uploads\/2024\/02\/cropped-Green-Leaf-Aromatherapy-Logo-400-\u00d7-135-keppont.png?wsr","contentUrl":"https:\/\/herbalkincsei.hu\/wp-content\/uploads\/2024\/02\/cropped-Green-Leaf-Aromatherapy-Logo-400-\u00d7-135-keppont.png?wsr","width":400,"height":135,"caption":"Herb\u00e1lkincsei"},"image":{"@id":"https:\/\/herbalkincsei.hu\/#\/schema\/logo\/image\/"}}]}},"_links":{"self":[{"href":"https:\/\/herbalkincsei.hu\/index.php\/wp-json\/wp\/v2\/pages\/9","targetHints":{"allow":["GET"]}}],"collection":[{"href":"https:\/\/herbalkincsei.hu\/index.php\/wp-json\/wp\/v2\/pages"}],"about":[{"href":"https:\/\/herbalkincsei.hu\/index.php\/wp-json\/wp\/v2\/types\/page"}],"author":[{"embeddable":true,"href":"https:\/\/herbalkincsei.hu\/index.php\/wp-json\/wp\/v2\/users\/1"}],"replies":[{"embeddable":true,"href":"https:\/\/herbalkincsei.hu\/index.php\/wp-json\/wp\/v2\/comments?post=9"}],"version-history":[{"count":0,"href":"https:\/\/herbalkincsei.hu\/index.php\/wp-json\/wp\/v2\/pages\/9\/revisions"}],"wp:attachment":[{"href":"https:\/\/herbalkincsei.hu\/index.php\/wp-json\/wp\/v2\/media?parent=9"}],"curies":[{"name":"wp","href":"https:\/\/api.w.org\/{rel}","templated":true}]}}