{"id":809,"date":"2024-03-22T14:19:25","date_gmt":"2024-03-22T13:19:25","guid":{"rendered":"https:\/\/herbalkincsei.hu\/?page_id=809"},"modified":"2025-02-20T09:27:59","modified_gmt":"2025-02-20T08:27:59","slug":"altalanos-szerzodesi-feltetelek-aszf","status":"publish","type":"page","link":"https:\/\/herbalkincsei.hu\/index.php\/altalanos-szerzodesi-feltetelek-aszf\/","title":{"rendered":"\u00c1ltal\u00e1nos Szerz\u0151d\u00e9si Felt\u00e9telek (\u00c1SZF)"},"content":{"rendered":"<p><script id=\"barat_script\">var st = document.createElement(\"script\");st.src = \"\/\/admin.fogyasztobarat.hu\/e-api.js\";st.type = \"text\/javascript\";st.setAttribute(\"data-id\", \"3AA5LRJ8\");st.setAttribute(\"id\", \"fbarat-embed\");st.setAttribute(\"data-type\", \"aszf\");var s = document.getElementById(\"barat_script\");s.parentNode.insertBefore(st, s);<\/script><\/p>\n","protected":false},"excerpt":{"rendered":"","protected":false},"author":4,"featured_media":0,"parent":0,"menu_order":0,"comment_status":"closed","ping_status":"closed","template":"","meta":{"footnotes":""},"class_list":["post-809","page","type-page","status-publish","hentry"],"yoast_head":"<!-- This site is optimized with the Yoast SEO plugin v27.4 - https:\/\/yoast.com\/product\/yoast-seo-wordpress\/ -->\n<title>\u00c1ltal\u00e1nos Szerz\u0151d\u00e9si Felt\u00e9telek (\u00c1SZF) - Herb\u00e1lkincsei<\/title>\n<meta name=\"description\" content=\"\u00c1ltal\u00e1nos szerz\u0151d\u00e9si felt\u00e9telek. Webshop, szolg\u00e1ltat\u00f3, \u00e1rak, rendel\u00e9s, kisz\u00e1ll\u00edt\u00e1s \u00e9s fizet\u00e9si m\u00f3dok.\" \/>\n<meta name=\"robots\" content=\"index, follow, max-snippet:-1, max-image-preview:large, max-video-preview:-1\" \/>\n<link rel=\"canonical\" href=\"https:\/\/herbalkincsei.hu\/index.php\/altalanos-szerzodesi-feltetelek-aszf\/\" \/>\n<meta property=\"og:locale\" content=\"hu_HU\" \/>\n<meta property=\"og:type\" content=\"article\" \/>\n<meta property=\"og:title\" content=\"\u00c1ltal\u00e1nos Szerz\u0151d\u00e9si Felt\u00e9telek (\u00c1SZF) - Herb\u00e1lkincsei\" \/>\n<meta property=\"og:description\" content=\"\u00c1ltal\u00e1nos szerz\u0151d\u00e9si felt\u00e9telek. Webshop, szolg\u00e1ltat\u00f3, \u00e1rak, rendel\u00e9s, kisz\u00e1ll\u00edt\u00e1s \u00e9s fizet\u00e9si m\u00f3dok.\" \/>\n<meta property=\"og:url\" content=\"https:\/\/herbalkincsei.hu\/index.php\/altalanos-szerzodesi-feltetelek-aszf\/\" \/>\n<meta property=\"og:site_name\" content=\"Herb\u00e1lkincsei\" \/>\n<meta property=\"article:modified_time\" content=\"2025-02-20T08:27:59+00:00\" \/>\n<meta name=\"twitter:card\" content=\"summary_large_image\" \/>\n<script type=\"application\/ld+json\" class=\"yoast-schema-graph\">{\"@context\":\"https:\\\/\\\/schema.org\",\"@graph\":[{\"@type\":\"WebPage\",\"@id\":\"https:\\\/\\\/herbalkincsei.hu\\\/index.php\\\/altalanos-szerzodesi-feltetelek-aszf\\\/\",\"url\":\"https:\\\/\\\/herbalkincsei.hu\\\/index.php\\\/altalanos-szerzodesi-feltetelek-aszf\\\/\",\"name\":\"\u00c1ltal\u00e1nos Szerz\u0151d\u00e9si Felt\u00e9telek (\u00c1SZF) - Herb\u00e1lkincsei\",\"isPartOf\":{\"@id\":\"https:\\\/\\\/herbalkincsei.hu\\\/#website\"},\"datePublished\":\"2024-03-22T13:19:25+00:00\",\"dateModified\":\"2025-02-20T08:27:59+00:00\",\"description\":\"\u00c1ltal\u00e1nos szerz\u0151d\u00e9si felt\u00e9telek. Webshop, szolg\u00e1ltat\u00f3, \u00e1rak, rendel\u00e9s, kisz\u00e1ll\u00edt\u00e1s \u00e9s fizet\u00e9si m\u00f3dok.\",\"breadcrumb\":{\"@id\":\"https:\\\/\\\/herbalkincsei.hu\\\/index.php\\\/altalanos-szerzodesi-feltetelek-aszf\\\/#breadcrumb\"},\"inLanguage\":\"hu\",\"potentialAction\":[{\"@type\":\"ReadAction\",\"target\":[\"https:\\\/\\\/herbalkincsei.hu\\\/index.php\\\/altalanos-szerzodesi-feltetelek-aszf\\\/\"]}]},{\"@type\":\"BreadcrumbList\",\"@id\":\"https:\\\/\\\/herbalkincsei.hu\\\/index.php\\\/altalanos-szerzodesi-feltetelek-aszf\\\/#breadcrumb\",\"itemListElement\":[{\"@type\":\"ListItem\",\"position\":1,\"name\":\"Kezd\u0151lap\",\"item\":\"https:\\\/\\\/herbalkincsei.hu\\\/\"},{\"@type\":\"ListItem\",\"position\":2,\"name\":\"\u00c1ltal\u00e1nos Szerz\u0151d\u00e9si Felt\u00e9telek (\u00c1SZF)\"}]},{\"@type\":\"WebSite\",\"@id\":\"https:\\\/\\\/herbalkincsei.hu\\\/#website\",\"url\":\"https:\\\/\\\/herbalkincsei.hu\\\/\",\"name\":\"herbalkincsei.hu\",\"description\":\"Ahol az eg\u00e9szs\u00e9g a c\u00e9l.\",\"publisher\":{\"@id\":\"https:\\\/\\\/herbalkincsei.hu\\\/#organization\"},\"potentialAction\":[{\"@type\":\"SearchAction\",\"target\":{\"@type\":\"EntryPoint\",\"urlTemplate\":\"https:\\\/\\\/herbalkincsei.hu\\\/?s={search_term_string}\"},\"query-input\":{\"@type\":\"PropertyValueSpecification\",\"valueRequired\":true,\"valueName\":\"search_term_string\"}}],\"inLanguage\":\"hu\"},{\"@type\":\"Organization\",\"@id\":\"https:\\\/\\\/herbalkincsei.hu\\\/#organization\",\"name\":\"Herb\u00e1lkincsei\",\"url\":\"https:\\\/\\\/herbalkincsei.hu\\\/\",\"logo\":{\"@type\":\"ImageObject\",\"inLanguage\":\"hu\",\"@id\":\"https:\\\/\\\/herbalkincsei.hu\\\/#\\\/schema\\\/logo\\\/image\\\/\",\"url\":\"https:\\\/\\\/herbalkincsei.hu\\\/wp-content\\\/uploads\\\/2024\\\/02\\\/cropped-Green-Leaf-Aromatherapy-Logo-400-\u00d7-135-keppont.png?wsr\",\"contentUrl\":\"https:\\\/\\\/herbalkincsei.hu\\\/wp-content\\\/uploads\\\/2024\\\/02\\\/cropped-Green-Leaf-Aromatherapy-Logo-400-\u00d7-135-keppont.png?wsr\",\"width\":400,\"height\":135,\"caption\":\"Herb\u00e1lkincsei\"},\"image\":{\"@id\":\"https:\\\/\\\/herbalkincsei.hu\\\/#\\\/schema\\\/logo\\\/image\\\/\"}}]}<\/script>\n<!-- \/ Yoast SEO plugin. -->","yoast_head_json":{"title":"\u00c1ltal\u00e1nos Szerz\u0151d\u00e9si Felt\u00e9telek (\u00c1SZF) - Herb\u00e1lkincsei","description":"\u00c1ltal\u00e1nos szerz\u0151d\u00e9si felt\u00e9telek. Webshop, szolg\u00e1ltat\u00f3, \u00e1rak, rendel\u00e9s, kisz\u00e1ll\u00edt\u00e1s \u00e9s fizet\u00e9si m\u00f3dok.","robots":{"index":"index","follow":"follow","max-snippet":"max-snippet:-1","max-image-preview":"max-image-preview:large","max-video-preview":"max-video-preview:-1"},"canonical":"https:\/\/herbalkincsei.hu\/index.php\/altalanos-szerzodesi-feltetelek-aszf\/","og_locale":"hu_HU","og_type":"article","og_title":"\u00c1ltal\u00e1nos Szerz\u0151d\u00e9si Felt\u00e9telek (\u00c1SZF) - Herb\u00e1lkincsei","og_description":"\u00c1ltal\u00e1nos szerz\u0151d\u00e9si felt\u00e9telek. Webshop, szolg\u00e1ltat\u00f3, \u00e1rak, rendel\u00e9s, kisz\u00e1ll\u00edt\u00e1s \u00e9s fizet\u00e9si m\u00f3dok.","og_url":"https:\/\/herbalkincsei.hu\/index.php\/altalanos-szerzodesi-feltetelek-aszf\/","og_site_name":"Herb\u00e1lkincsei","article_modified_time":"2025-02-20T08:27:59+00:00","twitter_card":"summary_large_image","schema":{"@context":"https:\/\/schema.org","@graph":[{"@type":"WebPage","@id":"https:\/\/herbalkincsei.hu\/index.php\/altalanos-szerzodesi-feltetelek-aszf\/","url":"https:\/\/herbalkincsei.hu\/index.php\/altalanos-szerzodesi-feltetelek-aszf\/","name":"\u00c1ltal\u00e1nos Szerz\u0151d\u00e9si Felt\u00e9telek (\u00c1SZF) - Herb\u00e1lkincsei","isPartOf":{"@id":"https:\/\/herbalkincsei.hu\/#website"},"datePublished":"2024-03-22T13:19:25+00:00","dateModified":"2025-02-20T08:27:59+00:00","description":"\u00c1ltal\u00e1nos szerz\u0151d\u00e9si felt\u00e9telek. Webshop, szolg\u00e1ltat\u00f3, \u00e1rak, rendel\u00e9s, kisz\u00e1ll\u00edt\u00e1s \u00e9s fizet\u00e9si m\u00f3dok.","breadcrumb":{"@id":"https:\/\/herbalkincsei.hu\/index.php\/altalanos-szerzodesi-feltetelek-aszf\/#breadcrumb"},"inLanguage":"hu","potentialAction":[{"@type":"ReadAction","target":["https:\/\/herbalkincsei.hu\/index.php\/altalanos-szerzodesi-feltetelek-aszf\/"]}]},{"@type":"BreadcrumbList","@id":"https:\/\/herbalkincsei.hu\/index.php\/altalanos-szerzodesi-feltetelek-aszf\/#breadcrumb","itemListElement":[{"@type":"ListItem","position":1,"name":"Kezd\u0151lap","item":"https:\/\/herbalkincsei.hu\/"},{"@type":"ListItem","position":2,"name":"\u00c1ltal\u00e1nos Szerz\u0151d\u00e9si Felt\u00e9telek (\u00c1SZF)"}]},{"@type":"WebSite","@id":"https:\/\/herbalkincsei.hu\/#website","url":"https:\/\/herbalkincsei.hu\/","name":"herbalkincsei.hu","description":"Ahol az eg\u00e9szs\u00e9g a c\u00e9l.","publisher":{"@id":"https:\/\/herbalkincsei.hu\/#organization"},"potentialAction":[{"@type":"SearchAction","target":{"@type":"EntryPoint","urlTemplate":"https:\/\/herbalkincsei.hu\/?s={search_term_string}"},"query-input":{"@type":"PropertyValueSpecification","valueRequired":true,"valueName":"search_term_string"}}],"inLanguage":"hu"},{"@type":"Organization","@id":"https:\/\/herbalkincsei.hu\/#organization","name":"Herb\u00e1lkincsei","url":"https:\/\/herbalkincsei.hu\/","logo":{"@type":"ImageObject","inLanguage":"hu","@id":"https:\/\/herbalkincsei.hu\/#\/schema\/logo\/image\/","url":"https:\/\/herbalkincsei.hu\/wp-content\/uploads\/2024\/02\/cropped-Green-Leaf-Aromatherapy-Logo-400-\u00d7-135-keppont.png?wsr","contentUrl":"https:\/\/herbalkincsei.hu\/wp-content\/uploads\/2024\/02\/cropped-Green-Leaf-Aromatherapy-Logo-400-\u00d7-135-keppont.png?wsr","width":400,"height":135,"caption":"Herb\u00e1lkincsei"},"image":{"@id":"https:\/\/herbalkincsei.hu\/#\/schema\/logo\/image\/"}}]}},"_links":{"self":[{"href":"https:\/\/herbalkincsei.hu\/index.php\/wp-json\/wp\/v2\/pages\/809","targetHints":{"allow":["GET"]}}],"collection":[{"href":"https:\/\/herbalkincsei.hu\/index.php\/wp-json\/wp\/v2\/pages"}],"about":[{"href":"https:\/\/herbalkincsei.hu\/index.php\/wp-json\/wp\/v2\/types\/page"}],"author":[{"embeddable":true,"href":"https:\/\/herbalkincsei.hu\/index.php\/wp-json\/wp\/v2\/users\/4"}],"replies":[{"embeddable":true,"href":"https:\/\/herbalkincsei.hu\/index.php\/wp-json\/wp\/v2\/comments?post=809"}],"version-history":[{"count":2,"href":"https:\/\/herbalkincsei.hu\/index.php\/wp-json\/wp\/v2\/pages\/809\/revisions"}],"predecessor-version":[{"id":1277,"href":"https:\/\/herbalkincsei.hu\/index.php\/wp-json\/wp\/v2\/pages\/809\/revisions\/1277"}],"wp:attachment":[{"href":"https:\/\/herbalkincsei.hu\/index.php\/wp-json\/wp\/v2\/media?parent=809"}],"curies":[{"name":"wp","href":"https:\/\/api.w.org\/{rel}","templated":true}]}}