{"id":1345,"date":"2025-03-31T13:11:37","date_gmt":"2025-03-31T12:11:37","guid":{"rendered":"https:\/\/herbalkincsei.hu\/?page_id=1345"},"modified":"2025-04-14T14:08:33","modified_gmt":"2025-04-14T13:08:33","slug":"fizetes","status":"publish","type":"page","link":"https:\/\/herbalkincsei.hu\/index.php\/fizetes\/","title":{"rendered":"Fizet\u00e9s"},"content":{"rendered":"\n<div class=\"wp-block-media-text is-stacked-on-mobile\" style=\"grid-template-columns:15% auto\"><figure class=\"wp-block-media-text__media\"><img loading=\"lazy\" decoding=\"async\" width=\"256\" height=\"256\" src=\"https:\/\/herbalkincsei.hu\/wp-content\/uploads\/2025\/04\/large_black-and-white-credit-cards.webp\" alt=\"\" class=\"wp-image-1361 size-full\" srcset=\"https:\/\/herbalkincsei.hu\/wp-content\/uploads\/2025\/04\/large_black-and-white-credit-cards.webp 256w, https:\/\/herbalkincsei.hu\/wp-content\/uploads\/2025\/04\/large_black-and-white-credit-cards-60x60.webp 60w, https:\/\/herbalkincsei.hu\/wp-content\/uploads\/2025\/04\/large_black-and-white-credit-cards-100x100.webp 100w, https:\/\/herbalkincsei.hu\/wp-content\/uploads\/2025\/04\/large_black-and-white-credit-cards-150x150.webp 150w\" sizes=\"auto, (max-width: 256px) 100vw, 256px\" \/><\/figure><div class=\"wp-block-media-text__content\">\n<p class=\"has-black-color has-text-color has-link-color wp-elements-eb5f1aa7349e5bf6eb56f3ca7dcc5800\"><strong>Bankk\u00e1rty\u00e1s fizet\u00e9s<\/strong><br>\u00d6n fizethet online az interneten a Woopayments \u00e1ltal ny\u00fajtott biztons\u00e1gos bankk\u00e1rty\u00e1s fizet\u00e9si m\u00f3dszerrel. <br>A biztons\u00e1g az adatok elv\u00e1laszt\u00e1s\u00e1ra alapoz\u00f3dik. <br>A rendszer haszn\u00e1lata \u00e1ltal a \u00fczlet csak a megrendelt \u00e1ru mennyis\u00e9g\u00e9t \u00e9s a rendel\u0151 kisz\u00e1ll\u00edt\u00e1si c\u00edm\u00e9t kapja, m\u00edg a bank a k\u00e1rtya adat 128-bit SSL biztons\u00e1ggal. <br>A web\u00fczlet nem kap inform\u00e1ci\u00f3t a fizet\u00e9s-oldal adat tartalommal kapcsolatban, ezek csak a bank \u00e1ltal \u00e9rhet\u0151ek el. A bank inform\u00e1lja a web\u00fczletet hogy a tranzakci\u00f3 sikeresen v\u00e9gz\u0151d\u00f6tt vagy sem. Ahhoz hogy a bank k\u00e1rty\u00e1s fizet\u00e9si megold\u00e1st ig\u00e9nybe tudja venni az \u00d6n internet b\u00f6ng\u00e9sz\u0151j\u00e9nek t\u00e1mogatnia kell az SSL titkos\u00edt\u00e1st.<\/p>\n<\/div><\/div>\n\n\n\n<hr class=\"wp-block-separator has-alpha-channel-opacity\"\/>\n\n\n\n<div class=\"wp-block-media-text is-stacked-on-mobile\" style=\"grid-template-columns:15% auto\"><figure class=\"wp-block-media-text__media\"><img loading=\"lazy\" decoding=\"async\" width=\"288\" height=\"182\" src=\"https:\/\/herbalkincsei.hu\/wp-content\/uploads\/2025\/04\/utanvet01.jpg\" alt=\"\" class=\"wp-image-1419 size-full\" srcset=\"https:\/\/herbalkincsei.hu\/wp-content\/uploads\/2025\/04\/utanvet01.jpg 288w, https:\/\/herbalkincsei.hu\/wp-content\/uploads\/2025\/04\/utanvet01-60x38.jpg 60w\" sizes=\"auto, (max-width: 288px) 100vw, 288px\" \/><\/figure><div class=\"wp-block-media-text__content\">\n<p class=\"has-black-color has-text-color has-link-color wp-elements-5f563bf64baad9779649907288631b40\"><strong>Ut\u00e1nv\u00e9t<\/strong><br>Ha szeretn\u00e9 haszn\u00e1lni az ut\u00e1nv\u00e9t fizet\u00e9si m\u00f3dszert, a megrendelt term\u00e9kek teljes \u00e9rt\u00e9k\u00e9t k\u00e9szp\u00e9nzben vagy k\u00e1rty\u00e1val kell kifizetni amikor megkapja ezeket. <br>Ha a megrendel\u00e9st egy fut\u00e1r sz\u00e1ll\u00edtja akkor neki kell kifizetni a rendel\u00e9s \u00e9rt\u00e9k\u00e9t k\u00e1rty\u00e1val, vagy k\u00e9szp\u00e9nzben.<\/p>\n\n\n\n<details class=\"wp-block-details has-black-color has-text-color has-link-color wp-elements-4b093656e41f8a310f0869bd379713e5 is-layout-flow wp-block-details-is-layout-flow\"><summary>Foxpost ut\u00e1nv\u00e9t:<\/summary>\n<figure class=\"wp-block-table is-style-stripes\"><table class=\"has-black-color has-text-color has-background has-link-color\" style=\"background-color:#afe494\"><thead><tr><th><strong>\u00c9rt\u00e9khat\u00e1r<\/strong><\/th><th><strong>Ut\u00e1nv\u00e9t<\/strong> (brutt\u00f3)<\/th><\/tr><\/thead><tbody><tr><td>10 000 Ft-ig<\/td><td>150 Ft<\/td><\/tr><tr><td>10 000 Ft felett<\/td><td>1,2 %<\/td><\/tr><\/tbody><\/table><\/figure>\n<\/details>\n\n\n\n<p class=\"has-black-color has-text-color has-link-color wp-elements-9dd40a0bc5b7560819a7aba1154bb743\">A beszedett ut\u00e1nv\u00e9tek utal\u00e1sa ut\u00e1n tranzakci\u00f3s d\u00edjat sz\u00e1m\u00edthatunk fel, aminek a m\u00e9rt\u00e9ke megegyezik a tranzakci\u00f3s illet\u00e9k m\u00e9rt\u00e9k\u00e9vel, ami 0,45%, melynek fels\u0151 hat\u00e1ra 20 000 Ft.<\/p>\n\n\n\n<details class=\"wp-block-details has-black-color has-text-color has-background has-link-color wp-elements-d0c6b5794242680f77c196ede29e4718 is-layout-flow wp-block-details-is-layout-flow\" style=\"background-color:#afe494\"><summary>MPL ut\u00e1nv\u00e9t:<\/summary>\n<figure class=\"wp-block-table is-style-stripes\"><table class=\"has-black-color has-text-color has-background has-link-color\" style=\"background-color:#afe494\"><thead><tr><th><strong>\u00c9rt\u00e9khat\u00e1r<\/strong><\/th><th><strong>Ut\u00e1nv\u00e9t (brutt\u00f3)<\/strong><\/th><\/tr><\/thead><tbody><tr><td>50 000 Ft-ig<\/td><td>920 Ft<\/td><\/tr><tr><td>100 000 Ft-ig<\/td><td>1 310 Ft<\/td><\/tr><tr><td>200 000 Ft-ig<\/td><td>2 000 Ft<\/td><\/tr><tr><td>500 000 Ft-ig<\/td><td>2 910 Ft<\/td><\/tr><tr><td>1 000 000 Ft-ig<\/td><td>4 450 Ft<\/td><\/tr><tr><td>2 000 000 Ft-ig<\/td><td>8 620 Ft<\/td><\/tr><\/tbody><\/table><\/figure>\n<\/details>\n<\/div><\/div>\n\n\n\n<hr class=\"wp-block-separator has-alpha-channel-opacity is-style-default\"\/>\n\n\n\n<div class=\"wp-block-media-text is-stacked-on-mobile\" style=\"grid-template-columns:15% auto\"><figure class=\"wp-block-media-text__media\"><img loading=\"lazy\" decoding=\"async\" width=\"256\" height=\"256\" src=\"https:\/\/herbalkincsei.hu\/wp-content\/uploads\/2025\/04\/large_online-payment-method.webp\" alt=\"\" class=\"wp-image-1362 size-full\" srcset=\"https:\/\/herbalkincsei.hu\/wp-content\/uploads\/2025\/04\/large_online-payment-method.webp 256w, https:\/\/herbalkincsei.hu\/wp-content\/uploads\/2025\/04\/large_online-payment-method-60x60.webp 60w, https:\/\/herbalkincsei.hu\/wp-content\/uploads\/2025\/04\/large_online-payment-method-100x100.webp 100w, https:\/\/herbalkincsei.hu\/wp-content\/uploads\/2025\/04\/large_online-payment-method-150x150.webp 150w\" sizes=\"auto, (max-width: 256px) 100vw, 256px\" \/><\/figure><div class=\"wp-block-media-text__content\">\n<p class=\"has-black-color has-text-color has-link-color wp-elements-d498aa5f9a85379ddf159e6e4e80a317\"><strong>\u00c1tutal\u00e1s<\/strong><br>Fizet\u00e9s k\u00f6zvetlen\u00fcl a banksz\u00e1ml\u00e1nkra.<br>A megjegyz\u00e9s rovatban t\u00fcntess\u00fck fel a rendel\u00e9ssz\u00e1mot.<br>A kisz\u00e1ll\u00edt\u00e1s az \u00f6sszeg be\u00e9rkez\u00e9s\u00e9t k\u00f6vet\u0151en t\u00f6rt\u00e9nik.<\/p>\n<\/div><\/div>\n","protected":false},"excerpt":{"rendered":"<p>Bankk\u00e1rty\u00e1s fizet\u00e9s\u00d6n fizethet online az interneten a Woopayments \u00e1ltal ny\u00fajtott biztons\u00e1gos bankk\u00e1rty\u00e1s fizet\u00e9si m\u00f3dszerrel. A biztons\u00e1g az adatok elv\u00e1laszt\u00e1s\u00e1ra alapoz\u00f3dik. A rendszer haszn\u00e1lata \u00e1ltal a&hellip;<\/p>\n","protected":false},"author":1,"featured_media":0,"parent":0,"menu_order":0,"comment_status":"closed","ping_status":"closed","template":"","meta":{"footnotes":""},"class_list":["post-1345","page","type-page","status-publish","hentry"],"yoast_head":"<!-- This site is optimized with the Yoast SEO plugin v27.4 - https:\/\/yoast.com\/product\/yoast-seo-wordpress\/ -->\n<title>Fizet\u00e9s - Herb\u00e1lkincsei<\/title>\n<meta name=\"robots\" content=\"index, follow, max-snippet:-1, max-image-preview:large, max-video-preview:-1\" \/>\n<link rel=\"canonical\" href=\"https:\/\/herbalkincsei.hu\/index.php\/fizetes\/\" \/>\n<meta property=\"og:locale\" content=\"hu_HU\" \/>\n<meta property=\"og:type\" content=\"article\" \/>\n<meta property=\"og:title\" content=\"Fizet\u00e9s - Herb\u00e1lkincsei\" \/>\n<meta property=\"og:description\" content=\"Bankk\u00e1rty\u00e1s fizet\u00e9s\u00d6n fizethet online az interneten a Woopayments \u00e1ltal ny\u00fajtott biztons\u00e1gos bankk\u00e1rty\u00e1s fizet\u00e9si m\u00f3dszerrel. A biztons\u00e1g az adatok elv\u00e1laszt\u00e1s\u00e1ra alapoz\u00f3dik. A rendszer haszn\u00e1lata \u00e1ltal a&hellip;\" \/>\n<meta property=\"og:url\" content=\"https:\/\/herbalkincsei.hu\/index.php\/fizetes\/\" \/>\n<meta property=\"og:site_name\" content=\"Herb\u00e1lkincsei\" \/>\n<meta property=\"article:modified_time\" content=\"2025-04-14T13:08:33+00:00\" \/>\n<meta property=\"og:image\" content=\"https:\/\/herbalkincsei.hu\/wp-content\/uploads\/2025\/04\/large_black-and-white-credit-cards.webp?wsr\" \/>\n\t<meta property=\"og:image:width\" content=\"256\" \/>\n\t<meta property=\"og:image:height\" content=\"256\" \/>\n\t<meta property=\"og:image:type\" content=\"image\/webp\" \/>\n<meta name=\"twitter:card\" content=\"summary_large_image\" \/>\n<meta name=\"twitter:label1\" content=\"Becs\u00fclt olvas\u00e1si id\u0151\" \/>\n\t<meta name=\"twitter:data1\" content=\"2 perc\" \/>\n<script type=\"application\/ld+json\" class=\"yoast-schema-graph\">{\"@context\":\"https:\\\/\\\/schema.org\",\"@graph\":[{\"@type\":\"WebPage\",\"@id\":\"https:\\\/\\\/herbalkincsei.hu\\\/index.php\\\/fizetes\\\/\",\"url\":\"https:\\\/\\\/herbalkincsei.hu\\\/index.php\\\/fizetes\\\/\",\"name\":\"Fizet\u00e9s - Herb\u00e1lkincsei\",\"isPartOf\":{\"@id\":\"https:\\\/\\\/herbalkincsei.hu\\\/#website\"},\"primaryImageOfPage\":{\"@id\":\"https:\\\/\\\/herbalkincsei.hu\\\/index.php\\\/fizetes\\\/#primaryimage\"},\"image\":{\"@id\":\"https:\\\/\\\/herbalkincsei.hu\\\/index.php\\\/fizetes\\\/#primaryimage\"},\"thumbnailUrl\":\"https:\\\/\\\/herbalkincsei.hu\\\/wp-content\\\/uploads\\\/2025\\\/04\\\/large_black-and-white-credit-cards.webp\",\"datePublished\":\"2025-03-31T12:11:37+00:00\",\"dateModified\":\"2025-04-14T13:08:33+00:00\",\"breadcrumb\":{\"@id\":\"https:\\\/\\\/herbalkincsei.hu\\\/index.php\\\/fizetes\\\/#breadcrumb\"},\"inLanguage\":\"hu\",\"potentialAction\":[{\"@type\":\"ReadAction\",\"target\":[\"https:\\\/\\\/herbalkincsei.hu\\\/index.php\\\/fizetes\\\/\"]}]},{\"@type\":\"ImageObject\",\"inLanguage\":\"hu\",\"@id\":\"https:\\\/\\\/herbalkincsei.hu\\\/index.php\\\/fizetes\\\/#primaryimage\",\"url\":\"https:\\\/\\\/herbalkincsei.hu\\\/wp-content\\\/uploads\\\/2025\\\/04\\\/large_black-and-white-credit-cards.webp?wsr\",\"contentUrl\":\"https:\\\/\\\/herbalkincsei.hu\\\/wp-content\\\/uploads\\\/2025\\\/04\\\/large_black-and-white-credit-cards.webp?wsr\",\"width\":256,\"height\":256},{\"@type\":\"BreadcrumbList\",\"@id\":\"https:\\\/\\\/herbalkincsei.hu\\\/index.php\\\/fizetes\\\/#breadcrumb\",\"itemListElement\":[{\"@type\":\"ListItem\",\"position\":1,\"name\":\"Kezd\u0151lap\",\"item\":\"https:\\\/\\\/herbalkincsei.hu\\\/\"},{\"@type\":\"ListItem\",\"position\":2,\"name\":\"Fizet\u00e9s\"}]},{\"@type\":\"WebSite\",\"@id\":\"https:\\\/\\\/herbalkincsei.hu\\\/#website\",\"url\":\"https:\\\/\\\/herbalkincsei.hu\\\/\",\"name\":\"herbalkincsei.hu\",\"description\":\"Ahol az eg\u00e9szs\u00e9g a c\u00e9l.\",\"publisher\":{\"@id\":\"https:\\\/\\\/herbalkincsei.hu\\\/#organization\"},\"potentialAction\":[{\"@type\":\"SearchAction\",\"target\":{\"@type\":\"EntryPoint\",\"urlTemplate\":\"https:\\\/\\\/herbalkincsei.hu\\\/?s={search_term_string}\"},\"query-input\":{\"@type\":\"PropertyValueSpecification\",\"valueRequired\":true,\"valueName\":\"search_term_string\"}}],\"inLanguage\":\"hu\"},{\"@type\":\"Organization\",\"@id\":\"https:\\\/\\\/herbalkincsei.hu\\\/#organization\",\"name\":\"Herb\u00e1lkincsei\",\"url\":\"https:\\\/\\\/herbalkincsei.hu\\\/\",\"logo\":{\"@type\":\"ImageObject\",\"inLanguage\":\"hu\",\"@id\":\"https:\\\/\\\/herbalkincsei.hu\\\/#\\\/schema\\\/logo\\\/image\\\/\",\"url\":\"https:\\\/\\\/herbalkincsei.hu\\\/wp-content\\\/uploads\\\/2024\\\/02\\\/cropped-Green-Leaf-Aromatherapy-Logo-400-\u00d7-135-keppont.png?wsr\",\"contentUrl\":\"https:\\\/\\\/herbalkincsei.hu\\\/wp-content\\\/uploads\\\/2024\\\/02\\\/cropped-Green-Leaf-Aromatherapy-Logo-400-\u00d7-135-keppont.png?wsr\",\"width\":400,\"height\":135,\"caption\":\"Herb\u00e1lkincsei\"},\"image\":{\"@id\":\"https:\\\/\\\/herbalkincsei.hu\\\/#\\\/schema\\\/logo\\\/image\\\/\"}}]}<\/script>\n<!-- \/ Yoast SEO plugin. -->","yoast_head_json":{"title":"Fizet\u00e9s - Herb\u00e1lkincsei","robots":{"index":"index","follow":"follow","max-snippet":"max-snippet:-1","max-image-preview":"max-image-preview:large","max-video-preview":"max-video-preview:-1"},"canonical":"https:\/\/herbalkincsei.hu\/index.php\/fizetes\/","og_locale":"hu_HU","og_type":"article","og_title":"Fizet\u00e9s - Herb\u00e1lkincsei","og_description":"Bankk\u00e1rty\u00e1s fizet\u00e9s\u00d6n fizethet online az interneten a Woopayments \u00e1ltal ny\u00fajtott biztons\u00e1gos bankk\u00e1rty\u00e1s fizet\u00e9si m\u00f3dszerrel. A biztons\u00e1g az adatok elv\u00e1laszt\u00e1s\u00e1ra alapoz\u00f3dik. A rendszer haszn\u00e1lata \u00e1ltal a&hellip;","og_url":"https:\/\/herbalkincsei.hu\/index.php\/fizetes\/","og_site_name":"Herb\u00e1lkincsei","article_modified_time":"2025-04-14T13:08:33+00:00","og_image":[{"width":256,"height":256,"url":"https:\/\/herbalkincsei.hu\/wp-content\/uploads\/2025\/04\/large_black-and-white-credit-cards.webp?wsr","type":"image\/webp"}],"twitter_card":"summary_large_image","twitter_misc":{"Becs\u00fclt olvas\u00e1si id\u0151":"2 perc"},"schema":{"@context":"https:\/\/schema.org","@graph":[{"@type":"WebPage","@id":"https:\/\/herbalkincsei.hu\/index.php\/fizetes\/","url":"https:\/\/herbalkincsei.hu\/index.php\/fizetes\/","name":"Fizet\u00e9s - Herb\u00e1lkincsei","isPartOf":{"@id":"https:\/\/herbalkincsei.hu\/#website"},"primaryImageOfPage":{"@id":"https:\/\/herbalkincsei.hu\/index.php\/fizetes\/#primaryimage"},"image":{"@id":"https:\/\/herbalkincsei.hu\/index.php\/fizetes\/#primaryimage"},"thumbnailUrl":"https:\/\/herbalkincsei.hu\/wp-content\/uploads\/2025\/04\/large_black-and-white-credit-cards.webp","datePublished":"2025-03-31T12:11:37+00:00","dateModified":"2025-04-14T13:08:33+00:00","breadcrumb":{"@id":"https:\/\/herbalkincsei.hu\/index.php\/fizetes\/#breadcrumb"},"inLanguage":"hu","potentialAction":[{"@type":"ReadAction","target":["https:\/\/herbalkincsei.hu\/index.php\/fizetes\/"]}]},{"@type":"ImageObject","inLanguage":"hu","@id":"https:\/\/herbalkincsei.hu\/index.php\/fizetes\/#primaryimage","url":"https:\/\/herbalkincsei.hu\/wp-content\/uploads\/2025\/04\/large_black-and-white-credit-cards.webp?wsr","contentUrl":"https:\/\/herbalkincsei.hu\/wp-content\/uploads\/2025\/04\/large_black-and-white-credit-cards.webp?wsr","width":256,"height":256},{"@type":"BreadcrumbList","@id":"https:\/\/herbalkincsei.hu\/index.php\/fizetes\/#breadcrumb","itemListElement":[{"@type":"ListItem","position":1,"name":"Kezd\u0151lap","item":"https:\/\/herbalkincsei.hu\/"},{"@type":"ListItem","position":2,"name":"Fizet\u00e9s"}]},{"@type":"WebSite","@id":"https:\/\/herbalkincsei.hu\/#website","url":"https:\/\/herbalkincsei.hu\/","name":"herbalkincsei.hu","description":"Ahol az eg\u00e9szs\u00e9g a c\u00e9l.","publisher":{"@id":"https:\/\/herbalkincsei.hu\/#organization"},"potentialAction":[{"@type":"SearchAction","target":{"@type":"EntryPoint","urlTemplate":"https:\/\/herbalkincsei.hu\/?s={search_term_string}"},"query-input":{"@type":"PropertyValueSpecification","valueRequired":true,"valueName":"search_term_string"}}],"inLanguage":"hu"},{"@type":"Organization","@id":"https:\/\/herbalkincsei.hu\/#organization","name":"Herb\u00e1lkincsei","url":"https:\/\/herbalkincsei.hu\/","logo":{"@type":"ImageObject","inLanguage":"hu","@id":"https:\/\/herbalkincsei.hu\/#\/schema\/logo\/image\/","url":"https:\/\/herbalkincsei.hu\/wp-content\/uploads\/2024\/02\/cropped-Green-Leaf-Aromatherapy-Logo-400-\u00d7-135-keppont.png?wsr","contentUrl":"https:\/\/herbalkincsei.hu\/wp-content\/uploads\/2024\/02\/cropped-Green-Leaf-Aromatherapy-Logo-400-\u00d7-135-keppont.png?wsr","width":400,"height":135,"caption":"Herb\u00e1lkincsei"},"image":{"@id":"https:\/\/herbalkincsei.hu\/#\/schema\/logo\/image\/"}}]}},"_links":{"self":[{"href":"https:\/\/herbalkincsei.hu\/index.php\/wp-json\/wp\/v2\/pages\/1345","targetHints":{"allow":["GET"]}}],"collection":[{"href":"https:\/\/herbalkincsei.hu\/index.php\/wp-json\/wp\/v2\/pages"}],"about":[{"href":"https:\/\/herbalkincsei.hu\/index.php\/wp-json\/wp\/v2\/types\/page"}],"author":[{"embeddable":true,"href":"https:\/\/herbalkincsei.hu\/index.php\/wp-json\/wp\/v2\/users\/1"}],"replies":[{"embeddable":true,"href":"https:\/\/herbalkincsei.hu\/index.php\/wp-json\/wp\/v2\/comments?post=1345"}],"version-history":[{"count":26,"href":"https:\/\/herbalkincsei.hu\/index.php\/wp-json\/wp\/v2\/pages\/1345\/revisions"}],"predecessor-version":[{"id":1459,"href":"https:\/\/herbalkincsei.hu\/index.php\/wp-json\/wp\/v2\/pages\/1345\/revisions\/1459"}],"wp:attachment":[{"href":"https:\/\/herbalkincsei.hu\/index.php\/wp-json\/wp\/v2\/media?parent=1345"}],"curies":[{"name":"wp","href":"https:\/\/api.w.org\/{rel}","templated":true}]}}